{"id":18064,"date":"2018-09-23T11:38:46","date_gmt":"2018-09-23T09:38:46","guid":{"rendered":"http:\/\/profert.dz\/fr\/?post_type=product&#038;p=18064"},"modified":"2025-03-11T11:51:27","modified_gmt":"2025-03-11T10:51:27","slug":"startsol-npk-13-42-10-2-so3-2-mgo","status":"publish","type":"product","link":"https:\/\/profert.dz\/fr\/index.php\/produit\/startsol-npk-13-42-10-2-so3-2-mgo\/","title":{"rendered":"Startsol <sup>\u00ae<\/sup>"},"content":{"rendered":"","protected":false},"excerpt":{"rendered":"<p><strong>Formulation :<\/strong> cristaux.<br \/>\n<strong>Composition :<\/strong><br \/>\n<strong>\u2022 Azote total (N) :<\/strong> 13%.<br \/>\n<strong>\u2022 Anhydride phosphorique (P<sub>2<\/sub>O<sub>5<\/sub>) :<\/strong> 42 %.<br \/>\n<strong>\u2022 Oxyde de potassium (K2O) :<\/strong> 10 %.<br \/>\n<strong>\u2022 Anhydride sulfurique (SO<sub>3<\/sub>) :<\/strong> 2 %.<br \/>\n<strong>\u2022 Oxyde de magn\u00e9sium (MgO) :<\/strong> 1 %.<\/p>\n<p style=\"text-align: justify;\"><strong>Caract\u00e9ristiques techniques et avantages :<\/strong><br \/>\n<strong>Startsol<sup>\u00ae<\/sup><\/strong> est un engrais ternaire (N.P.K) hydrosoluble adapt\u00e9 aux stades installation et d\u00e9marrage des cultures.<br \/>\n<strong>Startsol<sup>\u00ae<\/sup> <\/strong>est riche en phosphore qui favorise le d\u00e9veloppement des racines et une bonne installation de la culture.<br \/>\n<strong>Startsol<sup>\u00ae<\/sup><\/strong> fournit de l\u2019azote sous trois formes (ur\u00e9ique, ammoniacale et nitrique). Gr\u00e2ce \u00e0 cette formulation l\u2019alimentation en azote est r\u00e9guli\u00e8re et soutenue dans le temps.<br \/>\n<strong>Startsol<sup>\u00ae<\/sup> <\/strong>ne provoque pas l\u2019obstruction des goutteurs et les gaines d\u2019irrigation.<br \/>\n<strong>Startsol<sup>\u00ae<\/sup><\/strong> ne contient pas de chlore ni de calcium avec un faible indice de salinit\u00e9.<\/p>\n<p><strong>Doses recommand\u00e9es :<\/strong> en fertigation et apport au sol.<br \/>\n<img decoding=\"async\" class=\"alignnone size-full wp-image-27219\" src=\"https:\/\/profert.dz\/fr\/wp-content\/uploads\/2018\/09\/Tab-Startsol-Fr.jpg\" alt=\"\" width=\"800\" height=\"260\" srcset=\"https:\/\/profert.dz\/fr\/wp-content\/uploads\/2018\/09\/Tab-Startsol-Fr-200x65.jpg 200w, https:\/\/profert.dz\/fr\/wp-content\/uploads\/2018\/09\/Tab-Startsol-Fr-300x98.jpg 300w, https:\/\/profert.dz\/fr\/wp-content\/uploads\/2018\/09\/Tab-Startsol-Fr-400x130.jpg 400w, https:\/\/profert.dz\/fr\/wp-content\/uploads\/2018\/09\/Tab-Startsol-Fr-500x163.jpg 500w, https:\/\/profert.dz\/fr\/wp-content\/uploads\/2018\/09\/Tab-Startsol-Fr-600x195.jpg 600w, https:\/\/profert.dz\/fr\/wp-content\/uploads\/2018\/09\/Tab-Startsol-Fr-700x228.jpg 700w, https:\/\/profert.dz\/fr\/wp-content\/uploads\/2018\/09\/Tab-Startsol-Fr-768x250.jpg 768w, https:\/\/profert.dz\/fr\/wp-content\/uploads\/2018\/09\/Tab-Startsol-Fr.jpg 800w\" sizes=\"(max-width: 800px) 100vw, 800px\" \/><br \/>\nNous recommandons d\u2019augmenter la dose de 20 % dans les conditions de sols l\u00e9gers ou sableux.<br \/>\nPour la fertigation : m\u00e9langer 10 kg de produit dans 100 L d\u2019eau.<\/p>\n<p style=\"text-align: justify;\"><strong>Compatibilit\u00e9 :<\/strong><br \/>\n<strong>Startsol<sup>\u00ae<\/sup><\/strong> peut \u00eatre m\u00e9lang\u00e9 avec la plupart des produits phytosanitaires. Il est recommand\u00e9, toutefois, d\u2019effectuer un test<br \/>\nde compatibilit\u00e9 avant traitement.<\/p>\n[wpdm_package id='27220']\n","protected":false},"featured_media":31985,"template":"","meta":[],"product_brand":[],"product_cat":[131],"product_tag":[],"class_list":{"0":"post-18064","1":"product","2":"type-product","3":"status-publish","4":"has-post-thumbnail","6":"product_cat-formulesdedemarrage","8":"first","9":"instock","10":"shipping-taxable","11":"product-type-simple"},"yoast_head":"<!-- This site is optimized with the Yoast SEO plugin v25.6 - https:\/\/yoast.com\/wordpress\/plugins\/seo\/ -->\n<title>Startsol \u00ae - Profert<\/title>\n<meta name=\"robots\" content=\"index, follow, max-snippet:-1, max-image-preview:large, max-video-preview:-1\" \/>\n<link rel=\"canonical\" href=\"https:\/\/profert.dz\/fr\/index.php\/produit\/startsol-npk-13-42-10-2-so3-2-mgo\/\" \/>\n<meta property=\"og:locale\" content=\"fr_FR\" \/>\n<meta property=\"og:type\" content=\"article\" \/>\n<meta property=\"og:title\" content=\"Startsol \u00ae - Profert\" \/>\n<meta property=\"og:description\" content=\"Formulation : cristaux. Composition : \u2022 Azote total (N) : 13%. \u2022 Anhydride phosphorique (P2O5) : 42 %. \u2022 Oxyde de potassium (K2O) : 10 %. \u2022 Anhydride sulfurique (SO3) : 2 %. \u2022 Oxyde de magn\u00e9sium (MgO) : 1 %. Caract\u00e9ristiques techniques et avantages : Startsol\u00ae est un engrais ternaire (N.P.K) hydrosoluble adapt\u00e9 aux stades installation et d\u00e9marrage des cultures. Startsol\u00ae est riche en phosphore qui favorise le d\u00e9veloppement des racines et une bonne installation de la culture. Startsol\u00ae fournit de l\u2019azote sous trois formes (ur\u00e9ique, ammoniacale et nitrique). Gr\u00e2ce \u00e0 cette formulation l\u2019alimentation en azote est r\u00e9guli\u00e8re et soutenue dans le temps. Startsol\u00ae ne provoque pas l\u2019obstruction des goutteurs et les gaines d\u2019irrigation. Startsol\u00ae ne contient pas de chlore ni de calcium avec un faible indice de salinit\u00e9. Doses recommand\u00e9es : en fertigation et apport au sol.  Nous recommandons d\u2019augmenter la dose de 20 % dans les conditions de sols l\u00e9gers ou sableux. Pour la fertigation : m\u00e9langer 10 kg de produit dans 100 L d\u2019eau. Compatibilit\u00e9 : Startsol\u00ae peut \u00eatre m\u00e9lang\u00e9 avec la plupart des produits phytosanitaires. Il est recommand\u00e9, toutefois, d\u2019effectuer un test de compatibilit\u00e9 avant traitement.\" \/>\n<meta property=\"og:url\" content=\"https:\/\/profert.dz\/fr\/index.php\/produit\/startsol-npk-13-42-10-2-so3-2-mgo\/\" \/>\n<meta property=\"og:site_name\" content=\"Profert\" \/>\n<meta property=\"article:modified_time\" content=\"2025-03-11T10:51:27+00:00\" \/>\n<meta property=\"og:image\" content=\"https:\/\/profert.dz\/fr\/wp-content\/uploads\/2025\/03\/Startsol-1024x1024.png\" \/>\n\t<meta property=\"og:image:width\" content=\"1024\" \/>\n\t<meta property=\"og:image:height\" content=\"1024\" \/>\n\t<meta property=\"og:image:type\" content=\"image\/png\" \/>\n<meta name=\"twitter:card\" content=\"summary_large_image\" \/>\n<meta name=\"twitter:label1\" content=\"Dur\u00e9e de lecture estim\u00e9e\" \/>\n\t<meta name=\"twitter:data1\" content=\"1 minute\" \/>\n<script type=\"application\/ld+json\" class=\"yoast-schema-graph\">{\"@context\":\"https:\/\/schema.org\",\"@graph\":[{\"@type\":\"WebPage\",\"@id\":\"https:\/\/profert.dz\/fr\/index.php\/produit\/startsol-npk-13-42-10-2-so3-2-mgo\/\",\"url\":\"https:\/\/profert.dz\/fr\/index.php\/produit\/startsol-npk-13-42-10-2-so3-2-mgo\/\",\"name\":\"Startsol \u00ae - Profert\",\"isPartOf\":{\"@id\":\"https:\/\/profert.dz\/fr\/#website\"},\"primaryImageOfPage\":{\"@id\":\"https:\/\/profert.dz\/fr\/index.php\/produit\/startsol-npk-13-42-10-2-so3-2-mgo\/#primaryimage\"},\"image\":{\"@id\":\"https:\/\/profert.dz\/fr\/index.php\/produit\/startsol-npk-13-42-10-2-so3-2-mgo\/#primaryimage\"},\"thumbnailUrl\":\"https:\/\/profert.dz\/fr\/wp-content\/uploads\/2025\/03\/Startsol.png\",\"datePublished\":\"2018-09-23T09:38:46+00:00\",\"dateModified\":\"2025-03-11T10:51:27+00:00\",\"breadcrumb\":{\"@id\":\"https:\/\/profert.dz\/fr\/index.php\/produit\/startsol-npk-13-42-10-2-so3-2-mgo\/#breadcrumb\"},\"inLanguage\":\"fr-FR\",\"potentialAction\":[{\"@type\":\"ReadAction\",\"target\":[\"https:\/\/profert.dz\/fr\/index.php\/produit\/startsol-npk-13-42-10-2-so3-2-mgo\/\"]}]},{\"@type\":\"ImageObject\",\"inLanguage\":\"fr-FR\",\"@id\":\"https:\/\/profert.dz\/fr\/index.php\/produit\/startsol-npk-13-42-10-2-so3-2-mgo\/#primaryimage\",\"url\":\"https:\/\/profert.dz\/fr\/wp-content\/uploads\/2025\/03\/Startsol.png\",\"contentUrl\":\"https:\/\/profert.dz\/fr\/wp-content\/uploads\/2025\/03\/Startsol.png\",\"width\":4000,\"height\":4000},{\"@type\":\"BreadcrumbList\",\"@id\":\"https:\/\/profert.dz\/fr\/index.php\/produit\/startsol-npk-13-42-10-2-so3-2-mgo\/#breadcrumb\",\"itemListElement\":[{\"@type\":\"ListItem\",\"position\":1,\"name\":\"Accueil\",\"item\":\"https:\/\/profert.dz\/fr\/\"},{\"@type\":\"ListItem\",\"position\":2,\"name\":\"Produits\",\"item\":\"https:\/\/profert.dz\/fr\/index.php\/boutique\/\"},{\"@type\":\"ListItem\",\"position\":3,\"name\":\"Startsol \u00ae\"}]},{\"@type\":\"WebSite\",\"@id\":\"https:\/\/profert.dz\/fr\/#website\",\"url\":\"https:\/\/profert.dz\/fr\/\",\"name\":\"Profert.dz\",\"description\":\"Agriculture Alg\u00e9rie\",\"potentialAction\":[{\"@type\":\"SearchAction\",\"target\":{\"@type\":\"EntryPoint\",\"urlTemplate\":\"https:\/\/profert.dz\/fr\/?s={search_term_string}\"},\"query-input\":{\"@type\":\"PropertyValueSpecification\",\"valueRequired\":true,\"valueName\":\"search_term_string\"}}],\"inLanguage\":\"fr-FR\"}]}<\/script>\n<!-- \/ Yoast SEO plugin. -->","yoast_head_json":{"title":"Startsol \u00ae - Profert","robots":{"index":"index","follow":"follow","max-snippet":"max-snippet:-1","max-image-preview":"max-image-preview:large","max-video-preview":"max-video-preview:-1"},"canonical":"https:\/\/profert.dz\/fr\/index.php\/produit\/startsol-npk-13-42-10-2-so3-2-mgo\/","og_locale":"fr_FR","og_type":"article","og_title":"Startsol \u00ae - Profert","og_description":"Formulation : cristaux. Composition : \u2022 Azote total (N) : 13%. \u2022 Anhydride phosphorique (P2O5) : 42 %. \u2022 Oxyde de potassium (K2O) : 10 %. \u2022 Anhydride sulfurique (SO3) : 2 %. \u2022 Oxyde de magn\u00e9sium (MgO) : 1 %. Caract\u00e9ristiques techniques et avantages : Startsol\u00ae est un engrais ternaire (N.P.K) hydrosoluble adapt\u00e9 aux stades installation et d\u00e9marrage des cultures. Startsol\u00ae est riche en phosphore qui favorise le d\u00e9veloppement des racines et une bonne installation de la culture. Startsol\u00ae fournit de l\u2019azote sous trois formes (ur\u00e9ique, ammoniacale et nitrique). Gr\u00e2ce \u00e0 cette formulation l\u2019alimentation en azote est r\u00e9guli\u00e8re et soutenue dans le temps. Startsol\u00ae ne provoque pas l\u2019obstruction des goutteurs et les gaines d\u2019irrigation. Startsol\u00ae ne contient pas de chlore ni de calcium avec un faible indice de salinit\u00e9. Doses recommand\u00e9es : en fertigation et apport au sol.  Nous recommandons d\u2019augmenter la dose de 20 % dans les conditions de sols l\u00e9gers ou sableux. Pour la fertigation : m\u00e9langer 10 kg de produit dans 100 L d\u2019eau. Compatibilit\u00e9 : Startsol\u00ae peut \u00eatre m\u00e9lang\u00e9 avec la plupart des produits phytosanitaires. Il est recommand\u00e9, toutefois, d\u2019effectuer un test de compatibilit\u00e9 avant traitement.","og_url":"https:\/\/profert.dz\/fr\/index.php\/produit\/startsol-npk-13-42-10-2-so3-2-mgo\/","og_site_name":"Profert","article_modified_time":"2025-03-11T10:51:27+00:00","og_image":[{"width":1024,"height":1024,"url":"https:\/\/profert.dz\/fr\/wp-content\/uploads\/2025\/03\/Startsol-1024x1024.png","type":"image\/png"}],"twitter_card":"summary_large_image","twitter_misc":{"Dur\u00e9e de lecture estim\u00e9e":"1 minute"},"schema":{"@context":"https:\/\/schema.org","@graph":[{"@type":"WebPage","@id":"https:\/\/profert.dz\/fr\/index.php\/produit\/startsol-npk-13-42-10-2-so3-2-mgo\/","url":"https:\/\/profert.dz\/fr\/index.php\/produit\/startsol-npk-13-42-10-2-so3-2-mgo\/","name":"Startsol \u00ae - Profert","isPartOf":{"@id":"https:\/\/profert.dz\/fr\/#website"},"primaryImageOfPage":{"@id":"https:\/\/profert.dz\/fr\/index.php\/produit\/startsol-npk-13-42-10-2-so3-2-mgo\/#primaryimage"},"image":{"@id":"https:\/\/profert.dz\/fr\/index.php\/produit\/startsol-npk-13-42-10-2-so3-2-mgo\/#primaryimage"},"thumbnailUrl":"https:\/\/profert.dz\/fr\/wp-content\/uploads\/2025\/03\/Startsol.png","datePublished":"2018-09-23T09:38:46+00:00","dateModified":"2025-03-11T10:51:27+00:00","breadcrumb":{"@id":"https:\/\/profert.dz\/fr\/index.php\/produit\/startsol-npk-13-42-10-2-so3-2-mgo\/#breadcrumb"},"inLanguage":"fr-FR","potentialAction":[{"@type":"ReadAction","target":["https:\/\/profert.dz\/fr\/index.php\/produit\/startsol-npk-13-42-10-2-so3-2-mgo\/"]}]},{"@type":"ImageObject","inLanguage":"fr-FR","@id":"https:\/\/profert.dz\/fr\/index.php\/produit\/startsol-npk-13-42-10-2-so3-2-mgo\/#primaryimage","url":"https:\/\/profert.dz\/fr\/wp-content\/uploads\/2025\/03\/Startsol.png","contentUrl":"https:\/\/profert.dz\/fr\/wp-content\/uploads\/2025\/03\/Startsol.png","width":4000,"height":4000},{"@type":"BreadcrumbList","@id":"https:\/\/profert.dz\/fr\/index.php\/produit\/startsol-npk-13-42-10-2-so3-2-mgo\/#breadcrumb","itemListElement":[{"@type":"ListItem","position":1,"name":"Accueil","item":"https:\/\/profert.dz\/fr\/"},{"@type":"ListItem","position":2,"name":"Produits","item":"https:\/\/profert.dz\/fr\/index.php\/boutique\/"},{"@type":"ListItem","position":3,"name":"Startsol \u00ae"}]},{"@type":"WebSite","@id":"https:\/\/profert.dz\/fr\/#website","url":"https:\/\/profert.dz\/fr\/","name":"Profert.dz","description":"Agriculture Alg\u00e9rie","potentialAction":[{"@type":"SearchAction","target":{"@type":"EntryPoint","urlTemplate":"https:\/\/profert.dz\/fr\/?s={search_term_string}"},"query-input":{"@type":"PropertyValueSpecification","valueRequired":true,"valueName":"search_term_string"}}],"inLanguage":"fr-FR"}]}},"_links":{"self":[{"href":"https:\/\/profert.dz\/fr\/index.php\/wp-json\/wp\/v2\/product\/18064"}],"collection":[{"href":"https:\/\/profert.dz\/fr\/index.php\/wp-json\/wp\/v2\/product"}],"about":[{"href":"https:\/\/profert.dz\/fr\/index.php\/wp-json\/wp\/v2\/types\/product"}],"wp:featuredmedia":[{"embeddable":true,"href":"https:\/\/profert.dz\/fr\/index.php\/wp-json\/wp\/v2\/media\/31985"}],"wp:attachment":[{"href":"https:\/\/profert.dz\/fr\/index.php\/wp-json\/wp\/v2\/media?parent=18064"}],"wp:term":[{"taxonomy":"product_brand","embeddable":true,"href":"https:\/\/profert.dz\/fr\/index.php\/wp-json\/wp\/v2\/product_brand?post=18064"},{"taxonomy":"product_cat","embeddable":true,"href":"https:\/\/profert.dz\/fr\/index.php\/wp-json\/wp\/v2\/product_cat?post=18064"},{"taxonomy":"product_tag","embeddable":true,"href":"https:\/\/profert.dz\/fr\/index.php\/wp-json\/wp\/v2\/product_tag?post=18064"}],"curies":[{"name":"wp","href":"https:\/\/api.w.org\/{rel}","templated":true}]}}