{"id":18050,"date":"2018-09-19T16:45:51","date_gmt":"2018-09-19T14:45:51","guid":{"rendered":"http:\/\/profert.dz\/fr\/?post_type=product&#038;p=18050"},"modified":"2025-03-11T11:16:23","modified_gmt":"2025-03-11T10:16:23","slug":"calnisol-n-15-0-0-25-cao","status":"publish","type":"product","link":"https:\/\/profert.dz\/fr\/index.php\/produit\/calnisol-n-15-0-0-25-cao\/","title":{"rendered":"Calnisol <sup>\u00ae<\/sup>"},"content":{"rendered":"","protected":false},"excerpt":{"rendered":"<p style=\"text-align: justify;\"><strong>Formulation :<\/strong> cristaux.<br \/>\n<strong>Nitrates de calcium<\/strong><br \/>\n<strong>Composition :<\/strong><br \/>\n<strong>\u2022 Azote total (N) :<\/strong> 15 %.<br \/>\n<strong>\u2022 Oxyde de calcium (CaO) :<\/strong> 26 %.<\/p>\n<p style=\"text-align: justify;\"><strong>Caract\u00e9ristiques techniques et avantages :<\/strong><br \/>\n<strong>Calnisol<sup>\u00ae<\/sup><\/strong> est un engrais calcique hydrosoluble qui contient de l\u2019azote nitrique. Il est adapt\u00e9 \u00e0 toutes les cultures exigeantes en calcium.<br \/>\n<strong>Calnisol<sup>\u00ae<\/sup><\/strong> est formul\u00e9 sp\u00e9cialement pour pr\u00e9venir et corriger les carences en calcium et en azote qui surviennent tout au long du cycle de toutes les cultures.<br \/>\nLe calcium joue un r\u00f4le dans la division cellulaire et l\u2019allongement des cellules. C\u2019est un \u00e9l\u00e9ment majeur de la qualit\u00e9 des fruits et permet aussi un gain du potentiel de conservation.<br \/>\n<strong>Calnisol<sup>\u00ae<\/sup><\/strong> est recommand\u00e9 en application foliaire pour corriger les n\u00e9croses apicales sur tomate et past\u00e8que, bitter pit des fruits, fruits li\u00e9geux, taches creuses des tomates, pourriture des tomates, et au moment o\u00f9 la transpiration de la culture est tr\u00e8s r\u00e9duite et donc une migration plus faible en calcium : p\u00e9riode de froid intense et de grosses chaleurs.<\/p>\n<p><strong>Doses recommand\u00e9es :<\/strong> en fertigation et apport au sol.<br \/>\n<img decoding=\"async\" class=\"alignnone wp-image-18052 size-full\" src=\"http:\/\/profert.dz\/fr\/wp-content\/uploads\/2018\/09\/Tab-Calnisol.jpg\" alt=\"\" width=\"886\" height=\"295\" srcset=\"https:\/\/profert.dz\/fr\/wp-content\/uploads\/2018\/09\/Tab-Calnisol-120x40.jpg 120w, https:\/\/profert.dz\/fr\/wp-content\/uploads\/2018\/09\/Tab-Calnisol-200x67.jpg 200w, https:\/\/profert.dz\/fr\/wp-content\/uploads\/2018\/09\/Tab-Calnisol-300x100.jpg 300w, https:\/\/profert.dz\/fr\/wp-content\/uploads\/2018\/09\/Tab-Calnisol-400x133.jpg 400w, https:\/\/profert.dz\/fr\/wp-content\/uploads\/2018\/09\/Tab-Calnisol-500x166.jpg 500w, https:\/\/profert.dz\/fr\/wp-content\/uploads\/2018\/09\/Tab-Calnisol-600x200.jpg 600w, https:\/\/profert.dz\/fr\/wp-content\/uploads\/2018\/09\/Tab-Calnisol-700x233.jpg 700w, https:\/\/profert.dz\/fr\/wp-content\/uploads\/2018\/09\/Tab-Calnisol-768x256.jpg 768w, https:\/\/profert.dz\/fr\/wp-content\/uploads\/2018\/09\/Tab-Calnisol-800x266.jpg 800w, https:\/\/profert.dz\/fr\/wp-content\/uploads\/2018\/09\/Tab-Calnisol.jpg 886w\" sizes=\"(max-width: 886px) 100vw, 886px\" \/><br \/>\nPour les applications foliaires : appliquer 300 \u00e0 400 g \/ 100 L d\u2019eau.<\/p>\n<p style=\"text-align: justify;\"><strong>Compatibilit\u00e9 :<\/strong><br \/>\n<strong>Calnisol<sup>\u00ae<\/sup><\/strong> peut \u00eatre m\u00e9lang\u00e9 avec tous les engrais solubles connus \u00e0 l&rsquo;exception de ceux contenant une forte teneur en phosphates ou de sulfates.<br \/>\n<strong>Calnisol<sup>\u00ae<\/sup><\/strong> est tr\u00e8s hygroscopique, il commence \u00e0 se solidifier d\u00e8s que l\u2019humidit\u00e9 de l\u2019air atteint 50%, il est conseill\u00e9 de ne pas laisser le produit \u00e0 l\u2019air libre.<br \/>\n<strong>Calnisol<sup>\u00ae<\/sup><\/strong> ne contient pas de chlore ou de sodium.<\/p>\n[wpdm_package id='27232']\n","protected":false},"featured_media":31977,"template":"","meta":[],"product_brand":[],"product_cat":[135],"product_tag":[],"class_list":{"0":"post-18050","1":"product","2":"type-product","3":"status-publish","4":"has-post-thumbnail","6":"product_cat-formulesacalcium","8":"first","9":"instock","10":"shipping-taxable","11":"product-type-simple"},"yoast_head":"<!-- This site is optimized with the Yoast SEO plugin v25.6 - https:\/\/yoast.com\/wordpress\/plugins\/seo\/ -->\n<title>Calnisol \u00ae - Profert<\/title>\n<meta name=\"robots\" content=\"index, follow, max-snippet:-1, max-image-preview:large, max-video-preview:-1\" \/>\n<link rel=\"canonical\" href=\"https:\/\/profert.dz\/fr\/index.php\/produit\/calnisol-n-15-0-0-25-cao\/\" \/>\n<meta property=\"og:locale\" content=\"fr_FR\" \/>\n<meta property=\"og:type\" content=\"article\" \/>\n<meta property=\"og:title\" content=\"Calnisol \u00ae - Profert\" \/>\n<meta property=\"og:description\" content=\"Formulation : cristaux. Nitrates de calcium Composition : \u2022 Azote total (N) : 15 %. \u2022 Oxyde de calcium (CaO) : 26 %. Caract\u00e9ristiques techniques et avantages : Calnisol\u00ae est un engrais calcique hydrosoluble qui contient de l\u2019azote nitrique. Il est adapt\u00e9 \u00e0 toutes les cultures exigeantes en calcium. Calnisol\u00ae est formul\u00e9 sp\u00e9cialement pour pr\u00e9venir et corriger les carences en calcium et en azote qui surviennent tout au long du cycle de toutes les cultures. Le calcium joue un r\u00f4le dans la division cellulaire et l\u2019allongement des cellules. C\u2019est un \u00e9l\u00e9ment majeur de la qualit\u00e9 des fruits et permet aussi un gain du potentiel de conservation. Calnisol\u00ae est recommand\u00e9 en application foliaire pour corriger les n\u00e9croses apicales sur tomate et past\u00e8que, bitter pit des fruits, fruits li\u00e9geux, taches creuses des tomates, pourriture des tomates, et au moment o\u00f9 la transpiration de la culture est tr\u00e8s r\u00e9duite et donc une migration plus faible en calcium : p\u00e9riode de froid intense et de grosses chaleurs. Doses recommand\u00e9es : en fertigation et apport au sol.  Pour les applications foliaires : appliquer 300 \u00e0 400 g \/ 100 L d\u2019eau. Compatibilit\u00e9 : Calnisol\u00ae peut \u00eatre m\u00e9lang\u00e9 avec tous les engrais solubles connus \u00e0 l&#039;exception de ceux contenant une forte teneur en phosphates ou de sulfates. Calnisol\u00ae est tr\u00e8s hygroscopique, il commence \u00e0 se solidifier d\u00e8s que l\u2019humidit\u00e9 de l\u2019air atteint 50%, il est conseill\u00e9 de ne pas laisser le produit \u00e0 l\u2019air libre. Calnisol\u00ae ne contient pas de chlore ou de sodium.\" \/>\n<meta property=\"og:url\" content=\"https:\/\/profert.dz\/fr\/index.php\/produit\/calnisol-n-15-0-0-25-cao\/\" \/>\n<meta property=\"og:site_name\" content=\"Profert\" \/>\n<meta property=\"article:modified_time\" content=\"2025-03-11T10:16:23+00:00\" \/>\n<meta property=\"og:image\" content=\"https:\/\/profert.dz\/fr\/wp-content\/uploads\/2018\/09\/Calnisol-1024x1024.png\" \/>\n\t<meta property=\"og:image:width\" content=\"1024\" \/>\n\t<meta property=\"og:image:height\" content=\"1024\" \/>\n\t<meta property=\"og:image:type\" content=\"image\/png\" \/>\n<meta name=\"twitter:card\" content=\"summary_large_image\" \/>\n<meta name=\"twitter:label1\" content=\"Dur\u00e9e de lecture estim\u00e9e\" \/>\n\t<meta name=\"twitter:data1\" content=\"1 minute\" \/>\n<script type=\"application\/ld+json\" class=\"yoast-schema-graph\">{\"@context\":\"https:\/\/schema.org\",\"@graph\":[{\"@type\":\"WebPage\",\"@id\":\"https:\/\/profert.dz\/fr\/index.php\/produit\/calnisol-n-15-0-0-25-cao\/\",\"url\":\"https:\/\/profert.dz\/fr\/index.php\/produit\/calnisol-n-15-0-0-25-cao\/\",\"name\":\"Calnisol \u00ae - Profert\",\"isPartOf\":{\"@id\":\"https:\/\/profert.dz\/fr\/#website\"},\"primaryImageOfPage\":{\"@id\":\"https:\/\/profert.dz\/fr\/index.php\/produit\/calnisol-n-15-0-0-25-cao\/#primaryimage\"},\"image\":{\"@id\":\"https:\/\/profert.dz\/fr\/index.php\/produit\/calnisol-n-15-0-0-25-cao\/#primaryimage\"},\"thumbnailUrl\":\"https:\/\/profert.dz\/fr\/wp-content\/uploads\/2018\/09\/Calnisol.png\",\"datePublished\":\"2018-09-19T14:45:51+00:00\",\"dateModified\":\"2025-03-11T10:16:23+00:00\",\"breadcrumb\":{\"@id\":\"https:\/\/profert.dz\/fr\/index.php\/produit\/calnisol-n-15-0-0-25-cao\/#breadcrumb\"},\"inLanguage\":\"fr-FR\",\"potentialAction\":[{\"@type\":\"ReadAction\",\"target\":[\"https:\/\/profert.dz\/fr\/index.php\/produit\/calnisol-n-15-0-0-25-cao\/\"]}]},{\"@type\":\"ImageObject\",\"inLanguage\":\"fr-FR\",\"@id\":\"https:\/\/profert.dz\/fr\/index.php\/produit\/calnisol-n-15-0-0-25-cao\/#primaryimage\",\"url\":\"https:\/\/profert.dz\/fr\/wp-content\/uploads\/2018\/09\/Calnisol.png\",\"contentUrl\":\"https:\/\/profert.dz\/fr\/wp-content\/uploads\/2018\/09\/Calnisol.png\",\"width\":4000,\"height\":4000},{\"@type\":\"BreadcrumbList\",\"@id\":\"https:\/\/profert.dz\/fr\/index.php\/produit\/calnisol-n-15-0-0-25-cao\/#breadcrumb\",\"itemListElement\":[{\"@type\":\"ListItem\",\"position\":1,\"name\":\"Accueil\",\"item\":\"https:\/\/profert.dz\/fr\/\"},{\"@type\":\"ListItem\",\"position\":2,\"name\":\"Produits\",\"item\":\"https:\/\/profert.dz\/fr\/index.php\/boutique\/\"},{\"@type\":\"ListItem\",\"position\":3,\"name\":\"Calnisol \u00ae\"}]},{\"@type\":\"WebSite\",\"@id\":\"https:\/\/profert.dz\/fr\/#website\",\"url\":\"https:\/\/profert.dz\/fr\/\",\"name\":\"Profert.dz\",\"description\":\"Agriculture Alg\u00e9rie\",\"potentialAction\":[{\"@type\":\"SearchAction\",\"target\":{\"@type\":\"EntryPoint\",\"urlTemplate\":\"https:\/\/profert.dz\/fr\/?s={search_term_string}\"},\"query-input\":{\"@type\":\"PropertyValueSpecification\",\"valueRequired\":true,\"valueName\":\"search_term_string\"}}],\"inLanguage\":\"fr-FR\"}]}<\/script>\n<!-- \/ Yoast SEO plugin. -->","yoast_head_json":{"title":"Calnisol \u00ae - Profert","robots":{"index":"index","follow":"follow","max-snippet":"max-snippet:-1","max-image-preview":"max-image-preview:large","max-video-preview":"max-video-preview:-1"},"canonical":"https:\/\/profert.dz\/fr\/index.php\/produit\/calnisol-n-15-0-0-25-cao\/","og_locale":"fr_FR","og_type":"article","og_title":"Calnisol \u00ae - Profert","og_description":"Formulation : cristaux. Nitrates de calcium Composition : \u2022 Azote total (N) : 15 %. \u2022 Oxyde de calcium (CaO) : 26 %. Caract\u00e9ristiques techniques et avantages : Calnisol\u00ae est un engrais calcique hydrosoluble qui contient de l\u2019azote nitrique. Il est adapt\u00e9 \u00e0 toutes les cultures exigeantes en calcium. Calnisol\u00ae est formul\u00e9 sp\u00e9cialement pour pr\u00e9venir et corriger les carences en calcium et en azote qui surviennent tout au long du cycle de toutes les cultures. Le calcium joue un r\u00f4le dans la division cellulaire et l\u2019allongement des cellules. C\u2019est un \u00e9l\u00e9ment majeur de la qualit\u00e9 des fruits et permet aussi un gain du potentiel de conservation. Calnisol\u00ae est recommand\u00e9 en application foliaire pour corriger les n\u00e9croses apicales sur tomate et past\u00e8que, bitter pit des fruits, fruits li\u00e9geux, taches creuses des tomates, pourriture des tomates, et au moment o\u00f9 la transpiration de la culture est tr\u00e8s r\u00e9duite et donc une migration plus faible en calcium : p\u00e9riode de froid intense et de grosses chaleurs. Doses recommand\u00e9es : en fertigation et apport au sol.  Pour les applications foliaires : appliquer 300 \u00e0 400 g \/ 100 L d\u2019eau. Compatibilit\u00e9 : Calnisol\u00ae peut \u00eatre m\u00e9lang\u00e9 avec tous les engrais solubles connus \u00e0 l'exception de ceux contenant une forte teneur en phosphates ou de sulfates. Calnisol\u00ae est tr\u00e8s hygroscopique, il commence \u00e0 se solidifier d\u00e8s que l\u2019humidit\u00e9 de l\u2019air atteint 50%, il est conseill\u00e9 de ne pas laisser le produit \u00e0 l\u2019air libre. Calnisol\u00ae ne contient pas de chlore ou de sodium.","og_url":"https:\/\/profert.dz\/fr\/index.php\/produit\/calnisol-n-15-0-0-25-cao\/","og_site_name":"Profert","article_modified_time":"2025-03-11T10:16:23+00:00","og_image":[{"width":1024,"height":1024,"url":"https:\/\/profert.dz\/fr\/wp-content\/uploads\/2018\/09\/Calnisol-1024x1024.png","type":"image\/png"}],"twitter_card":"summary_large_image","twitter_misc":{"Dur\u00e9e de lecture estim\u00e9e":"1 minute"},"schema":{"@context":"https:\/\/schema.org","@graph":[{"@type":"WebPage","@id":"https:\/\/profert.dz\/fr\/index.php\/produit\/calnisol-n-15-0-0-25-cao\/","url":"https:\/\/profert.dz\/fr\/index.php\/produit\/calnisol-n-15-0-0-25-cao\/","name":"Calnisol \u00ae - Profert","isPartOf":{"@id":"https:\/\/profert.dz\/fr\/#website"},"primaryImageOfPage":{"@id":"https:\/\/profert.dz\/fr\/index.php\/produit\/calnisol-n-15-0-0-25-cao\/#primaryimage"},"image":{"@id":"https:\/\/profert.dz\/fr\/index.php\/produit\/calnisol-n-15-0-0-25-cao\/#primaryimage"},"thumbnailUrl":"https:\/\/profert.dz\/fr\/wp-content\/uploads\/2018\/09\/Calnisol.png","datePublished":"2018-09-19T14:45:51+00:00","dateModified":"2025-03-11T10:16:23+00:00","breadcrumb":{"@id":"https:\/\/profert.dz\/fr\/index.php\/produit\/calnisol-n-15-0-0-25-cao\/#breadcrumb"},"inLanguage":"fr-FR","potentialAction":[{"@type":"ReadAction","target":["https:\/\/profert.dz\/fr\/index.php\/produit\/calnisol-n-15-0-0-25-cao\/"]}]},{"@type":"ImageObject","inLanguage":"fr-FR","@id":"https:\/\/profert.dz\/fr\/index.php\/produit\/calnisol-n-15-0-0-25-cao\/#primaryimage","url":"https:\/\/profert.dz\/fr\/wp-content\/uploads\/2018\/09\/Calnisol.png","contentUrl":"https:\/\/profert.dz\/fr\/wp-content\/uploads\/2018\/09\/Calnisol.png","width":4000,"height":4000},{"@type":"BreadcrumbList","@id":"https:\/\/profert.dz\/fr\/index.php\/produit\/calnisol-n-15-0-0-25-cao\/#breadcrumb","itemListElement":[{"@type":"ListItem","position":1,"name":"Accueil","item":"https:\/\/profert.dz\/fr\/"},{"@type":"ListItem","position":2,"name":"Produits","item":"https:\/\/profert.dz\/fr\/index.php\/boutique\/"},{"@type":"ListItem","position":3,"name":"Calnisol \u00ae"}]},{"@type":"WebSite","@id":"https:\/\/profert.dz\/fr\/#website","url":"https:\/\/profert.dz\/fr\/","name":"Profert.dz","description":"Agriculture Alg\u00e9rie","potentialAction":[{"@type":"SearchAction","target":{"@type":"EntryPoint","urlTemplate":"https:\/\/profert.dz\/fr\/?s={search_term_string}"},"query-input":{"@type":"PropertyValueSpecification","valueRequired":true,"valueName":"search_term_string"}}],"inLanguage":"fr-FR"}]}},"_links":{"self":[{"href":"https:\/\/profert.dz\/fr\/index.php\/wp-json\/wp\/v2\/product\/18050"}],"collection":[{"href":"https:\/\/profert.dz\/fr\/index.php\/wp-json\/wp\/v2\/product"}],"about":[{"href":"https:\/\/profert.dz\/fr\/index.php\/wp-json\/wp\/v2\/types\/product"}],"wp:featuredmedia":[{"embeddable":true,"href":"https:\/\/profert.dz\/fr\/index.php\/wp-json\/wp\/v2\/media\/31977"}],"wp:attachment":[{"href":"https:\/\/profert.dz\/fr\/index.php\/wp-json\/wp\/v2\/media?parent=18050"}],"wp:term":[{"taxonomy":"product_brand","embeddable":true,"href":"https:\/\/profert.dz\/fr\/index.php\/wp-json\/wp\/v2\/product_brand?post=18050"},{"taxonomy":"product_cat","embeddable":true,"href":"https:\/\/profert.dz\/fr\/index.php\/wp-json\/wp\/v2\/product_cat?post=18050"},{"taxonomy":"product_tag","embeddable":true,"href":"https:\/\/profert.dz\/fr\/index.php\/wp-json\/wp\/v2\/product_tag?post=18050"}],"curies":[{"name":"wp","href":"https:\/\/api.w.org\/{rel}","templated":true}]}}