{"id":18047,"date":"2018-09-19T16:39:29","date_gmt":"2018-09-19T14:39:29","guid":{"rendered":"http:\/\/profert.dz\/fr\/?post_type=product&#038;p=18047"},"modified":"2025-03-11T11:10:02","modified_gmt":"2025-03-11T10:10:02","slug":"magnesol","status":"publish","type":"product","link":"https:\/\/profert.dz\/fr\/index.php\/produit\/magnesol\/","title":{"rendered":"Magnesol <sup>\u00ae<\/sup>"},"content":{"rendered":"","protected":false},"excerpt":{"rendered":"<p><strong>Formulation :<\/strong> cristaux.<br \/>\n<strong>Composition :<\/strong><br \/>\n<strong>Sulfates de magn\u00e9sium :<\/strong><br \/>\n<strong>\u2022 Anhydride sulfurique (SO<sub>3<\/sub>) :<\/strong> 32 %.<br \/>\n<strong>\u2022 Oxyde de magn\u00e9sium (MgO) :<\/strong> 16 % sous forme de sulfate de magn\u00e9sium.<\/p>\n<p style=\"text-align: justify;\"><strong>Caract\u00e9ristiques techniques et avantages :<\/strong><br \/>\n<strong>Magnesol<sup>\u00ae<\/sup><\/strong> est un engrais magn\u00e9sien compl\u00e8tement hydrosoluble et totalement assimilable.<br \/>\n<strong>Magnesol<sup>\u00ae<\/sup> <\/strong>est recommand\u00e9 pour pr\u00e9venir et corriger les carences en magn\u00e9sium qui surviennent tout au long du cycle de toutes les cultures.<br \/>\nLe magn\u00e9sium est un \u00e9l\u00e9ment nutritif important. Il joue un r\u00f4le majeur dans la constitution de la chlorophylle, base de la photosynth\u00e8se.<br \/>\n<strong>Magnesol<sup>\u00ae<\/sup><\/strong> a une teneur \u00e9lev\u00e9e en soufre sous forme assimilable (SO<sub>3<\/sub>) qui concourt \u00e0 l\u2019acidification de la rhizosph\u00e8re et lib\u00e9rant moyennement les \u00e9l\u00e9ments fix\u00e9s par le sol. Le soufre r\u00e9pond aux besoins des plantes les plus exigeantes.<\/p>\n<p><strong>Doses recommand\u00e9es :<\/strong> en fertigation et apport au sol.<br \/>\n<img decoding=\"async\" class=\"alignnone size-full wp-image-27230\" src=\"https:\/\/profert.dz\/fr\/wp-content\/uploads\/2018\/09\/Tab-Magnesol-Fr.jpg\" alt=\"\" width=\"800\" height=\"291\" srcset=\"https:\/\/profert.dz\/fr\/wp-content\/uploads\/2018\/09\/Tab-Magnesol-Fr-200x73.jpg 200w, https:\/\/profert.dz\/fr\/wp-content\/uploads\/2018\/09\/Tab-Magnesol-Fr-300x109.jpg 300w, https:\/\/profert.dz\/fr\/wp-content\/uploads\/2018\/09\/Tab-Magnesol-Fr-400x146.jpg 400w, https:\/\/profert.dz\/fr\/wp-content\/uploads\/2018\/09\/Tab-Magnesol-Fr-500x182.jpg 500w, https:\/\/profert.dz\/fr\/wp-content\/uploads\/2018\/09\/Tab-Magnesol-Fr-600x218.jpg 600w, https:\/\/profert.dz\/fr\/wp-content\/uploads\/2018\/09\/Tab-Magnesol-Fr-700x255.jpg 700w, https:\/\/profert.dz\/fr\/wp-content\/uploads\/2018\/09\/Tab-Magnesol-Fr-768x279.jpg 768w, https:\/\/profert.dz\/fr\/wp-content\/uploads\/2018\/09\/Tab-Magnesol-Fr.jpg 800w\" sizes=\"(max-width: 800px) 100vw, 800px\" \/><br \/>\n<strong>Magnesol<sup>\u00ae<\/sup><\/strong> peut \u00eatre \u00e9galement utilis\u00e9 en pulv\u00e9risation foliaire pour nourrir la plante ou corriger des carences.<\/p>\n<p style=\"text-align: justify;\"><strong>Compatibilit\u00e9 :<\/strong><br \/>\n<strong>Magnesol<sup>\u00ae<\/sup><\/strong> peut \u00eatre m\u00e9lang\u00e9 avec la plupart des produits phytosanitaires. Il est recommand\u00e9 d\u2019effectuer mal-gr\u00e9 tout un test de compatibilit\u00e9 avant traitement.<\/p>\n[wpdm_package id='27229']\n","protected":false},"featured_media":31975,"template":"","meta":[],"product_brand":[],"product_cat":[134],"product_tag":[],"class_list":{"0":"post-18047","1":"product","2":"type-product","3":"status-publish","4":"has-post-thumbnail","6":"product_cat-formulesamagnesium","8":"first","9":"instock","10":"shipping-taxable","11":"product-type-simple"},"yoast_head":"<!-- This site is optimized with the Yoast SEO plugin v25.6 - https:\/\/yoast.com\/wordpress\/plugins\/seo\/ -->\n<title>Magnesol \u00ae - Profert<\/title>\n<meta name=\"robots\" content=\"index, follow, max-snippet:-1, max-image-preview:large, max-video-preview:-1\" \/>\n<link rel=\"canonical\" href=\"https:\/\/profert.dz\/fr\/index.php\/produit\/magnesol\/\" \/>\n<meta property=\"og:locale\" content=\"fr_FR\" \/>\n<meta property=\"og:type\" content=\"article\" \/>\n<meta property=\"og:title\" content=\"Magnesol \u00ae - Profert\" \/>\n<meta property=\"og:description\" content=\"Formulation : cristaux. Composition : Sulfates de magn\u00e9sium : \u2022 Anhydride sulfurique (SO3) : 32 %. \u2022 Oxyde de magn\u00e9sium (MgO) : 16 % sous forme de sulfate de magn\u00e9sium. Caract\u00e9ristiques techniques et avantages : Magnesol\u00ae est un engrais magn\u00e9sien compl\u00e8tement hydrosoluble et totalement assimilable. Magnesol\u00ae est recommand\u00e9 pour pr\u00e9venir et corriger les carences en magn\u00e9sium qui surviennent tout au long du cycle de toutes les cultures. Le magn\u00e9sium est un \u00e9l\u00e9ment nutritif important. Il joue un r\u00f4le majeur dans la constitution de la chlorophylle, base de la photosynth\u00e8se. Magnesol\u00ae a une teneur \u00e9lev\u00e9e en soufre sous forme assimilable (SO3) qui concourt \u00e0 l\u2019acidification de la rhizosph\u00e8re et lib\u00e9rant moyennement les \u00e9l\u00e9ments fix\u00e9s par le sol. Le soufre r\u00e9pond aux besoins des plantes les plus exigeantes. Doses recommand\u00e9es : en fertigation et apport au sol.  Magnesol\u00ae peut \u00eatre \u00e9galement utilis\u00e9 en pulv\u00e9risation foliaire pour nourrir la plante ou corriger des carences. Compatibilit\u00e9 : Magnesol\u00ae peut \u00eatre m\u00e9lang\u00e9 avec la plupart des produits phytosanitaires. Il est recommand\u00e9 d\u2019effectuer mal-gr\u00e9 tout un test de compatibilit\u00e9 avant traitement.\" \/>\n<meta property=\"og:url\" content=\"https:\/\/profert.dz\/fr\/index.php\/produit\/magnesol\/\" \/>\n<meta property=\"og:site_name\" content=\"Profert\" \/>\n<meta property=\"article:modified_time\" content=\"2025-03-11T10:10:02+00:00\" \/>\n<meta property=\"og:image\" content=\"https:\/\/profert.dz\/fr\/wp-content\/uploads\/2025\/03\/Magnesol-1024x1024.png\" \/>\n\t<meta property=\"og:image:width\" content=\"1024\" \/>\n\t<meta property=\"og:image:height\" content=\"1024\" \/>\n\t<meta property=\"og:image:type\" content=\"image\/png\" \/>\n<meta name=\"twitter:card\" content=\"summary_large_image\" \/>\n<meta name=\"twitter:label1\" content=\"Dur\u00e9e de lecture estim\u00e9e\" \/>\n\t<meta name=\"twitter:data1\" content=\"1 minute\" \/>\n<script type=\"application\/ld+json\" class=\"yoast-schema-graph\">{\"@context\":\"https:\/\/schema.org\",\"@graph\":[{\"@type\":\"WebPage\",\"@id\":\"https:\/\/profert.dz\/fr\/index.php\/produit\/magnesol\/\",\"url\":\"https:\/\/profert.dz\/fr\/index.php\/produit\/magnesol\/\",\"name\":\"Magnesol \u00ae - Profert\",\"isPartOf\":{\"@id\":\"https:\/\/profert.dz\/fr\/#website\"},\"primaryImageOfPage\":{\"@id\":\"https:\/\/profert.dz\/fr\/index.php\/produit\/magnesol\/#primaryimage\"},\"image\":{\"@id\":\"https:\/\/profert.dz\/fr\/index.php\/produit\/magnesol\/#primaryimage\"},\"thumbnailUrl\":\"https:\/\/profert.dz\/fr\/wp-content\/uploads\/2025\/03\/Magnesol.png\",\"datePublished\":\"2018-09-19T14:39:29+00:00\",\"dateModified\":\"2025-03-11T10:10:02+00:00\",\"breadcrumb\":{\"@id\":\"https:\/\/profert.dz\/fr\/index.php\/produit\/magnesol\/#breadcrumb\"},\"inLanguage\":\"fr-FR\",\"potentialAction\":[{\"@type\":\"ReadAction\",\"target\":[\"https:\/\/profert.dz\/fr\/index.php\/produit\/magnesol\/\"]}]},{\"@type\":\"ImageObject\",\"inLanguage\":\"fr-FR\",\"@id\":\"https:\/\/profert.dz\/fr\/index.php\/produit\/magnesol\/#primaryimage\",\"url\":\"https:\/\/profert.dz\/fr\/wp-content\/uploads\/2025\/03\/Magnesol.png\",\"contentUrl\":\"https:\/\/profert.dz\/fr\/wp-content\/uploads\/2025\/03\/Magnesol.png\",\"width\":4000,\"height\":4000},{\"@type\":\"BreadcrumbList\",\"@id\":\"https:\/\/profert.dz\/fr\/index.php\/produit\/magnesol\/#breadcrumb\",\"itemListElement\":[{\"@type\":\"ListItem\",\"position\":1,\"name\":\"Accueil\",\"item\":\"https:\/\/profert.dz\/fr\/\"},{\"@type\":\"ListItem\",\"position\":2,\"name\":\"Produits\",\"item\":\"https:\/\/profert.dz\/fr\/index.php\/boutique\/\"},{\"@type\":\"ListItem\",\"position\":3,\"name\":\"Magnesol \u00ae\"}]},{\"@type\":\"WebSite\",\"@id\":\"https:\/\/profert.dz\/fr\/#website\",\"url\":\"https:\/\/profert.dz\/fr\/\",\"name\":\"Profert.dz\",\"description\":\"Agriculture Alg\u00e9rie\",\"potentialAction\":[{\"@type\":\"SearchAction\",\"target\":{\"@type\":\"EntryPoint\",\"urlTemplate\":\"https:\/\/profert.dz\/fr\/?s={search_term_string}\"},\"query-input\":{\"@type\":\"PropertyValueSpecification\",\"valueRequired\":true,\"valueName\":\"search_term_string\"}}],\"inLanguage\":\"fr-FR\"}]}<\/script>\n<!-- \/ Yoast SEO plugin. -->","yoast_head_json":{"title":"Magnesol \u00ae - Profert","robots":{"index":"index","follow":"follow","max-snippet":"max-snippet:-1","max-image-preview":"max-image-preview:large","max-video-preview":"max-video-preview:-1"},"canonical":"https:\/\/profert.dz\/fr\/index.php\/produit\/magnesol\/","og_locale":"fr_FR","og_type":"article","og_title":"Magnesol \u00ae - Profert","og_description":"Formulation : cristaux. Composition : Sulfates de magn\u00e9sium : \u2022 Anhydride sulfurique (SO3) : 32 %. \u2022 Oxyde de magn\u00e9sium (MgO) : 16 % sous forme de sulfate de magn\u00e9sium. Caract\u00e9ristiques techniques et avantages : Magnesol\u00ae est un engrais magn\u00e9sien compl\u00e8tement hydrosoluble et totalement assimilable. Magnesol\u00ae est recommand\u00e9 pour pr\u00e9venir et corriger les carences en magn\u00e9sium qui surviennent tout au long du cycle de toutes les cultures. Le magn\u00e9sium est un \u00e9l\u00e9ment nutritif important. Il joue un r\u00f4le majeur dans la constitution de la chlorophylle, base de la photosynth\u00e8se. Magnesol\u00ae a une teneur \u00e9lev\u00e9e en soufre sous forme assimilable (SO3) qui concourt \u00e0 l\u2019acidification de la rhizosph\u00e8re et lib\u00e9rant moyennement les \u00e9l\u00e9ments fix\u00e9s par le sol. Le soufre r\u00e9pond aux besoins des plantes les plus exigeantes. Doses recommand\u00e9es : en fertigation et apport au sol.  Magnesol\u00ae peut \u00eatre \u00e9galement utilis\u00e9 en pulv\u00e9risation foliaire pour nourrir la plante ou corriger des carences. Compatibilit\u00e9 : Magnesol\u00ae peut \u00eatre m\u00e9lang\u00e9 avec la plupart des produits phytosanitaires. Il est recommand\u00e9 d\u2019effectuer mal-gr\u00e9 tout un test de compatibilit\u00e9 avant traitement.","og_url":"https:\/\/profert.dz\/fr\/index.php\/produit\/magnesol\/","og_site_name":"Profert","article_modified_time":"2025-03-11T10:10:02+00:00","og_image":[{"width":1024,"height":1024,"url":"https:\/\/profert.dz\/fr\/wp-content\/uploads\/2025\/03\/Magnesol-1024x1024.png","type":"image\/png"}],"twitter_card":"summary_large_image","twitter_misc":{"Dur\u00e9e de lecture estim\u00e9e":"1 minute"},"schema":{"@context":"https:\/\/schema.org","@graph":[{"@type":"WebPage","@id":"https:\/\/profert.dz\/fr\/index.php\/produit\/magnesol\/","url":"https:\/\/profert.dz\/fr\/index.php\/produit\/magnesol\/","name":"Magnesol \u00ae - Profert","isPartOf":{"@id":"https:\/\/profert.dz\/fr\/#website"},"primaryImageOfPage":{"@id":"https:\/\/profert.dz\/fr\/index.php\/produit\/magnesol\/#primaryimage"},"image":{"@id":"https:\/\/profert.dz\/fr\/index.php\/produit\/magnesol\/#primaryimage"},"thumbnailUrl":"https:\/\/profert.dz\/fr\/wp-content\/uploads\/2025\/03\/Magnesol.png","datePublished":"2018-09-19T14:39:29+00:00","dateModified":"2025-03-11T10:10:02+00:00","breadcrumb":{"@id":"https:\/\/profert.dz\/fr\/index.php\/produit\/magnesol\/#breadcrumb"},"inLanguage":"fr-FR","potentialAction":[{"@type":"ReadAction","target":["https:\/\/profert.dz\/fr\/index.php\/produit\/magnesol\/"]}]},{"@type":"ImageObject","inLanguage":"fr-FR","@id":"https:\/\/profert.dz\/fr\/index.php\/produit\/magnesol\/#primaryimage","url":"https:\/\/profert.dz\/fr\/wp-content\/uploads\/2025\/03\/Magnesol.png","contentUrl":"https:\/\/profert.dz\/fr\/wp-content\/uploads\/2025\/03\/Magnesol.png","width":4000,"height":4000},{"@type":"BreadcrumbList","@id":"https:\/\/profert.dz\/fr\/index.php\/produit\/magnesol\/#breadcrumb","itemListElement":[{"@type":"ListItem","position":1,"name":"Accueil","item":"https:\/\/profert.dz\/fr\/"},{"@type":"ListItem","position":2,"name":"Produits","item":"https:\/\/profert.dz\/fr\/index.php\/boutique\/"},{"@type":"ListItem","position":3,"name":"Magnesol \u00ae"}]},{"@type":"WebSite","@id":"https:\/\/profert.dz\/fr\/#website","url":"https:\/\/profert.dz\/fr\/","name":"Profert.dz","description":"Agriculture Alg\u00e9rie","potentialAction":[{"@type":"SearchAction","target":{"@type":"EntryPoint","urlTemplate":"https:\/\/profert.dz\/fr\/?s={search_term_string}"},"query-input":{"@type":"PropertyValueSpecification","valueRequired":true,"valueName":"search_term_string"}}],"inLanguage":"fr-FR"}]}},"_links":{"self":[{"href":"https:\/\/profert.dz\/fr\/index.php\/wp-json\/wp\/v2\/product\/18047"}],"collection":[{"href":"https:\/\/profert.dz\/fr\/index.php\/wp-json\/wp\/v2\/product"}],"about":[{"href":"https:\/\/profert.dz\/fr\/index.php\/wp-json\/wp\/v2\/types\/product"}],"wp:featuredmedia":[{"embeddable":true,"href":"https:\/\/profert.dz\/fr\/index.php\/wp-json\/wp\/v2\/media\/31975"}],"wp:attachment":[{"href":"https:\/\/profert.dz\/fr\/index.php\/wp-json\/wp\/v2\/media?parent=18047"}],"wp:term":[{"taxonomy":"product_brand","embeddable":true,"href":"https:\/\/profert.dz\/fr\/index.php\/wp-json\/wp\/v2\/product_brand?post=18047"},{"taxonomy":"product_cat","embeddable":true,"href":"https:\/\/profert.dz\/fr\/index.php\/wp-json\/wp\/v2\/product_cat?post=18047"},{"taxonomy":"product_tag","embeddable":true,"href":"https:\/\/profert.dz\/fr\/index.php\/wp-json\/wp\/v2\/product_tag?post=18047"}],"curies":[{"name":"wp","href":"https:\/\/api.w.org\/{rel}","templated":true}]}}