{"id":18044,"date":"2018-09-19T16:21:37","date_gmt":"2018-09-19T14:21:37","guid":{"rendered":"http:\/\/profert.dz\/fr\/?post_type=product&#038;p=18044"},"modified":"2025-03-11T12:04:50","modified_gmt":"2025-03-11T11:04:50","slug":"fatsol-npk-12-12-34-2-so3-2-mgo","status":"publish","type":"product","link":"https:\/\/profert.dz\/fr\/index.php\/produit\/fatsol-npk-12-12-34-2-so3-2-mgo\/","title":{"rendered":"Fatsol <sup>\u00ae<\/sup>"},"content":{"rendered":"","protected":false},"excerpt":{"rendered":"<p><strong>Formulation :<\/strong> cristaux.<br \/>\n<strong>Composition :<\/strong><br \/>\n<strong>\u2022 Azote total (N) :<\/strong> 12 %.<br \/>\n<strong>\u2022 Anhydride phosphorique (P<sub>2<\/sub>O<sub>5<\/sub>) : <\/strong>12 %.<br \/>\n<strong>\u2022 Oxyde de potassium (K<sub>2<\/sub>O) :<\/strong> 34 %.<br \/>\n<strong>\u2022 Anhydride sulfurique (SO<sub>3<\/sub>) :<\/strong> 4 %.<br \/>\n<strong>\u2022 Oxyde de magn\u00e9sium (MgO) :<\/strong> 1 %.<\/p>\n<p style=\"text-align: justify;\"><strong>Caract\u00e9ristiques techniques et avantages :<\/strong><br \/>\n<strong>Fatsol<sup>\u00ae<\/sup><\/strong> est un engrais ternaire (N.P.K) hydrosoluble riche en potassium adapt\u00e9 aux stades nouaison, grossissement et maturit\u00e9.<br \/>\n<strong>Fatsol<sup>\u00ae<\/sup><\/strong> permet une alimentation optimale en potassium qui favorise :<br \/>\n\u2022 La r\u00e9sistance naturelle des cultures contre les risques de gel.<br \/>\n\u2022 L\u2019augmentation du calibre et la fermet\u00e9 des fruits.<\/p>\n<p><strong>Doses recommand\u00e9es :<\/strong> en fertigation et apport au sol.<br \/>\n<img decoding=\"async\" class=\"alignnone size-full wp-image-27149\" src=\"https:\/\/profert.dz\/fr\/wp-content\/uploads\/2018\/09\/Fatsol-Tableau-Fr.png\" alt=\"\" width=\"800\" height=\"258\" srcset=\"https:\/\/profert.dz\/fr\/wp-content\/uploads\/2018\/09\/Fatsol-Tableau-Fr-200x65.png 200w, https:\/\/profert.dz\/fr\/wp-content\/uploads\/2018\/09\/Fatsol-Tableau-Fr-300x97.png 300w, https:\/\/profert.dz\/fr\/wp-content\/uploads\/2018\/09\/Fatsol-Tableau-Fr-400x129.png 400w, https:\/\/profert.dz\/fr\/wp-content\/uploads\/2018\/09\/Fatsol-Tableau-Fr-500x161.png 500w, https:\/\/profert.dz\/fr\/wp-content\/uploads\/2018\/09\/Fatsol-Tableau-Fr-600x194.png 600w, https:\/\/profert.dz\/fr\/wp-content\/uploads\/2018\/09\/Fatsol-Tableau-Fr-700x226.png 700w, https:\/\/profert.dz\/fr\/wp-content\/uploads\/2018\/09\/Fatsol-Tableau-Fr-768x248.png 768w, https:\/\/profert.dz\/fr\/wp-content\/uploads\/2018\/09\/Fatsol-Tableau-Fr.png 800w\" sizes=\"(max-width: 800px) 100vw, 800px\" \/><br \/>\nNous recommandons d\u2019augmenter la dose de 20 % dans les conditions de sols l\u00e9gers ou sableux.<br \/>\nPour la fertigation : m\u00e9langer 10 kg de produit dans 100 L d\u2019eau.<\/p>\n<p style=\"text-align: justify;\"><strong>Compatibilit\u00e9 :<\/strong><br \/>\n<strong>Fatsol<sup>\u00ae<\/sup><\/strong> peut \u00eatre m\u00e9lang\u00e9 avec la plupart des produits phytosanitaires. Il est recommand\u00e9, toutefois, d\u2019effectuer un test de compatibilit\u00e9 avant traitement.<\/p>\n[wpdm_package id='27150']\n","protected":false},"featured_media":31987,"template":"","meta":[],"product_brand":[],"product_cat":[133],"product_tag":[],"class_list":{"0":"post-18044","1":"product","2":"type-product","3":"status-publish","4":"has-post-thumbnail","6":"product_cat-formulesdefinition","8":"first","9":"instock","10":"shipping-taxable","11":"product-type-simple"},"yoast_head":"<!-- This site is optimized with the Yoast SEO plugin v25.6 - https:\/\/yoast.com\/wordpress\/plugins\/seo\/ -->\n<title>Fatsol \u00ae - Profert<\/title>\n<meta name=\"robots\" content=\"index, follow, max-snippet:-1, max-image-preview:large, max-video-preview:-1\" \/>\n<link rel=\"canonical\" href=\"https:\/\/profert.dz\/fr\/index.php\/produit\/fatsol-npk-12-12-34-2-so3-2-mgo\/\" \/>\n<meta property=\"og:locale\" content=\"fr_FR\" \/>\n<meta property=\"og:type\" content=\"article\" \/>\n<meta property=\"og:title\" content=\"Fatsol \u00ae - Profert\" \/>\n<meta property=\"og:description\" content=\"Formulation : cristaux. Composition : \u2022 Azote total (N) : 12 %. \u2022 Anhydride phosphorique (P2O5) : 12 %. \u2022 Oxyde de potassium (K2O) : 34 %. \u2022 Anhydride sulfurique (SO3) : 4 %. \u2022 Oxyde de magn\u00e9sium (MgO) : 1 %. Caract\u00e9ristiques techniques et avantages : Fatsol\u00ae est un engrais ternaire (N.P.K) hydrosoluble riche en potassium adapt\u00e9 aux stades nouaison, grossissement et maturit\u00e9. Fatsol\u00ae permet une alimentation optimale en potassium qui favorise : \u2022 La r\u00e9sistance naturelle des cultures contre les risques de gel. \u2022 L\u2019augmentation du calibre et la fermet\u00e9 des fruits. Doses recommand\u00e9es : en fertigation et apport au sol.  Nous recommandons d\u2019augmenter la dose de 20 % dans les conditions de sols l\u00e9gers ou sableux. Pour la fertigation : m\u00e9langer 10 kg de produit dans 100 L d\u2019eau. Compatibilit\u00e9 : Fatsol\u00ae peut \u00eatre m\u00e9lang\u00e9 avec la plupart des produits phytosanitaires. Il est recommand\u00e9, toutefois, d\u2019effectuer un test de compatibilit\u00e9 avant traitement.\" \/>\n<meta property=\"og:url\" content=\"https:\/\/profert.dz\/fr\/index.php\/produit\/fatsol-npk-12-12-34-2-so3-2-mgo\/\" \/>\n<meta property=\"og:site_name\" content=\"Profert\" \/>\n<meta property=\"article:modified_time\" content=\"2025-03-11T11:04:50+00:00\" \/>\n<meta property=\"og:image\" content=\"https:\/\/profert.dz\/fr\/wp-content\/uploads\/2025\/03\/Fatsol-1024x1024.png\" \/>\n\t<meta property=\"og:image:width\" content=\"1024\" \/>\n\t<meta property=\"og:image:height\" content=\"1024\" \/>\n\t<meta property=\"og:image:type\" content=\"image\/png\" \/>\n<meta name=\"twitter:card\" content=\"summary_large_image\" \/>\n<meta name=\"twitter:label1\" content=\"Dur\u00e9e de lecture estim\u00e9e\" \/>\n\t<meta name=\"twitter:data1\" content=\"1 minute\" \/>\n<script type=\"application\/ld+json\" class=\"yoast-schema-graph\">{\"@context\":\"https:\/\/schema.org\",\"@graph\":[{\"@type\":\"WebPage\",\"@id\":\"https:\/\/profert.dz\/fr\/index.php\/produit\/fatsol-npk-12-12-34-2-so3-2-mgo\/\",\"url\":\"https:\/\/profert.dz\/fr\/index.php\/produit\/fatsol-npk-12-12-34-2-so3-2-mgo\/\",\"name\":\"Fatsol \u00ae - Profert\",\"isPartOf\":{\"@id\":\"https:\/\/profert.dz\/fr\/#website\"},\"primaryImageOfPage\":{\"@id\":\"https:\/\/profert.dz\/fr\/index.php\/produit\/fatsol-npk-12-12-34-2-so3-2-mgo\/#primaryimage\"},\"image\":{\"@id\":\"https:\/\/profert.dz\/fr\/index.php\/produit\/fatsol-npk-12-12-34-2-so3-2-mgo\/#primaryimage\"},\"thumbnailUrl\":\"https:\/\/profert.dz\/fr\/wp-content\/uploads\/2025\/03\/Fatsol.png\",\"datePublished\":\"2018-09-19T14:21:37+00:00\",\"dateModified\":\"2025-03-11T11:04:50+00:00\",\"breadcrumb\":{\"@id\":\"https:\/\/profert.dz\/fr\/index.php\/produit\/fatsol-npk-12-12-34-2-so3-2-mgo\/#breadcrumb\"},\"inLanguage\":\"fr-FR\",\"potentialAction\":[{\"@type\":\"ReadAction\",\"target\":[\"https:\/\/profert.dz\/fr\/index.php\/produit\/fatsol-npk-12-12-34-2-so3-2-mgo\/\"]}]},{\"@type\":\"ImageObject\",\"inLanguage\":\"fr-FR\",\"@id\":\"https:\/\/profert.dz\/fr\/index.php\/produit\/fatsol-npk-12-12-34-2-so3-2-mgo\/#primaryimage\",\"url\":\"https:\/\/profert.dz\/fr\/wp-content\/uploads\/2025\/03\/Fatsol.png\",\"contentUrl\":\"https:\/\/profert.dz\/fr\/wp-content\/uploads\/2025\/03\/Fatsol.png\",\"width\":4000,\"height\":4000},{\"@type\":\"BreadcrumbList\",\"@id\":\"https:\/\/profert.dz\/fr\/index.php\/produit\/fatsol-npk-12-12-34-2-so3-2-mgo\/#breadcrumb\",\"itemListElement\":[{\"@type\":\"ListItem\",\"position\":1,\"name\":\"Accueil\",\"item\":\"https:\/\/profert.dz\/fr\/\"},{\"@type\":\"ListItem\",\"position\":2,\"name\":\"Produits\",\"item\":\"https:\/\/profert.dz\/fr\/index.php\/boutique\/\"},{\"@type\":\"ListItem\",\"position\":3,\"name\":\"Fatsol \u00ae\"}]},{\"@type\":\"WebSite\",\"@id\":\"https:\/\/profert.dz\/fr\/#website\",\"url\":\"https:\/\/profert.dz\/fr\/\",\"name\":\"Profert.dz\",\"description\":\"Agriculture Alg\u00e9rie\",\"potentialAction\":[{\"@type\":\"SearchAction\",\"target\":{\"@type\":\"EntryPoint\",\"urlTemplate\":\"https:\/\/profert.dz\/fr\/?s={search_term_string}\"},\"query-input\":{\"@type\":\"PropertyValueSpecification\",\"valueRequired\":true,\"valueName\":\"search_term_string\"}}],\"inLanguage\":\"fr-FR\"}]}<\/script>\n<!-- \/ Yoast SEO plugin. -->","yoast_head_json":{"title":"Fatsol \u00ae - Profert","robots":{"index":"index","follow":"follow","max-snippet":"max-snippet:-1","max-image-preview":"max-image-preview:large","max-video-preview":"max-video-preview:-1"},"canonical":"https:\/\/profert.dz\/fr\/index.php\/produit\/fatsol-npk-12-12-34-2-so3-2-mgo\/","og_locale":"fr_FR","og_type":"article","og_title":"Fatsol \u00ae - Profert","og_description":"Formulation : cristaux. Composition : \u2022 Azote total (N) : 12 %. \u2022 Anhydride phosphorique (P2O5) : 12 %. \u2022 Oxyde de potassium (K2O) : 34 %. \u2022 Anhydride sulfurique (SO3) : 4 %. \u2022 Oxyde de magn\u00e9sium (MgO) : 1 %. Caract\u00e9ristiques techniques et avantages : Fatsol\u00ae est un engrais ternaire (N.P.K) hydrosoluble riche en potassium adapt\u00e9 aux stades nouaison, grossissement et maturit\u00e9. Fatsol\u00ae permet une alimentation optimale en potassium qui favorise : \u2022 La r\u00e9sistance naturelle des cultures contre les risques de gel. \u2022 L\u2019augmentation du calibre et la fermet\u00e9 des fruits. Doses recommand\u00e9es : en fertigation et apport au sol.  Nous recommandons d\u2019augmenter la dose de 20 % dans les conditions de sols l\u00e9gers ou sableux. Pour la fertigation : m\u00e9langer 10 kg de produit dans 100 L d\u2019eau. Compatibilit\u00e9 : Fatsol\u00ae peut \u00eatre m\u00e9lang\u00e9 avec la plupart des produits phytosanitaires. Il est recommand\u00e9, toutefois, d\u2019effectuer un test de compatibilit\u00e9 avant traitement.","og_url":"https:\/\/profert.dz\/fr\/index.php\/produit\/fatsol-npk-12-12-34-2-so3-2-mgo\/","og_site_name":"Profert","article_modified_time":"2025-03-11T11:04:50+00:00","og_image":[{"width":1024,"height":1024,"url":"https:\/\/profert.dz\/fr\/wp-content\/uploads\/2025\/03\/Fatsol-1024x1024.png","type":"image\/png"}],"twitter_card":"summary_large_image","twitter_misc":{"Dur\u00e9e de lecture estim\u00e9e":"1 minute"},"schema":{"@context":"https:\/\/schema.org","@graph":[{"@type":"WebPage","@id":"https:\/\/profert.dz\/fr\/index.php\/produit\/fatsol-npk-12-12-34-2-so3-2-mgo\/","url":"https:\/\/profert.dz\/fr\/index.php\/produit\/fatsol-npk-12-12-34-2-so3-2-mgo\/","name":"Fatsol \u00ae - Profert","isPartOf":{"@id":"https:\/\/profert.dz\/fr\/#website"},"primaryImageOfPage":{"@id":"https:\/\/profert.dz\/fr\/index.php\/produit\/fatsol-npk-12-12-34-2-so3-2-mgo\/#primaryimage"},"image":{"@id":"https:\/\/profert.dz\/fr\/index.php\/produit\/fatsol-npk-12-12-34-2-so3-2-mgo\/#primaryimage"},"thumbnailUrl":"https:\/\/profert.dz\/fr\/wp-content\/uploads\/2025\/03\/Fatsol.png","datePublished":"2018-09-19T14:21:37+00:00","dateModified":"2025-03-11T11:04:50+00:00","breadcrumb":{"@id":"https:\/\/profert.dz\/fr\/index.php\/produit\/fatsol-npk-12-12-34-2-so3-2-mgo\/#breadcrumb"},"inLanguage":"fr-FR","potentialAction":[{"@type":"ReadAction","target":["https:\/\/profert.dz\/fr\/index.php\/produit\/fatsol-npk-12-12-34-2-so3-2-mgo\/"]}]},{"@type":"ImageObject","inLanguage":"fr-FR","@id":"https:\/\/profert.dz\/fr\/index.php\/produit\/fatsol-npk-12-12-34-2-so3-2-mgo\/#primaryimage","url":"https:\/\/profert.dz\/fr\/wp-content\/uploads\/2025\/03\/Fatsol.png","contentUrl":"https:\/\/profert.dz\/fr\/wp-content\/uploads\/2025\/03\/Fatsol.png","width":4000,"height":4000},{"@type":"BreadcrumbList","@id":"https:\/\/profert.dz\/fr\/index.php\/produit\/fatsol-npk-12-12-34-2-so3-2-mgo\/#breadcrumb","itemListElement":[{"@type":"ListItem","position":1,"name":"Accueil","item":"https:\/\/profert.dz\/fr\/"},{"@type":"ListItem","position":2,"name":"Produits","item":"https:\/\/profert.dz\/fr\/index.php\/boutique\/"},{"@type":"ListItem","position":3,"name":"Fatsol \u00ae"}]},{"@type":"WebSite","@id":"https:\/\/profert.dz\/fr\/#website","url":"https:\/\/profert.dz\/fr\/","name":"Profert.dz","description":"Agriculture Alg\u00e9rie","potentialAction":[{"@type":"SearchAction","target":{"@type":"EntryPoint","urlTemplate":"https:\/\/profert.dz\/fr\/?s={search_term_string}"},"query-input":{"@type":"PropertyValueSpecification","valueRequired":true,"valueName":"search_term_string"}}],"inLanguage":"fr-FR"}]}},"_links":{"self":[{"href":"https:\/\/profert.dz\/fr\/index.php\/wp-json\/wp\/v2\/product\/18044"}],"collection":[{"href":"https:\/\/profert.dz\/fr\/index.php\/wp-json\/wp\/v2\/product"}],"about":[{"href":"https:\/\/profert.dz\/fr\/index.php\/wp-json\/wp\/v2\/types\/product"}],"wp:featuredmedia":[{"embeddable":true,"href":"https:\/\/profert.dz\/fr\/index.php\/wp-json\/wp\/v2\/media\/31987"}],"wp:attachment":[{"href":"https:\/\/profert.dz\/fr\/index.php\/wp-json\/wp\/v2\/media?parent=18044"}],"wp:term":[{"taxonomy":"product_brand","embeddable":true,"href":"https:\/\/profert.dz\/fr\/index.php\/wp-json\/wp\/v2\/product_brand?post=18044"},{"taxonomy":"product_cat","embeddable":true,"href":"https:\/\/profert.dz\/fr\/index.php\/wp-json\/wp\/v2\/product_cat?post=18044"},{"taxonomy":"product_tag","embeddable":true,"href":"https:\/\/profert.dz\/fr\/index.php\/wp-json\/wp\/v2\/product_tag?post=18044"}],"curies":[{"name":"wp","href":"https:\/\/api.w.org\/{rel}","templated":true}]}}