{"id":18042,"date":"2018-09-19T16:11:14","date_gmt":"2018-09-19T14:11:14","guid":{"rendered":"http:\/\/profert.dz\/fr\/?post_type=product&#038;p=18042"},"modified":"2025-03-11T11:40:42","modified_gmt":"2025-03-11T10:40:42","slug":"growsol-npk-30-10-10-2-so3-2-mgo","status":"publish","type":"product","link":"https:\/\/profert.dz\/fr\/index.php\/produit\/growsol-npk-30-10-10-2-so3-2-mgo\/","title":{"rendered":"Growsol <sup>\u00ae<\/sup>"},"content":{"rendered":"","protected":false},"excerpt":{"rendered":"<p><strong>Formulation :<\/strong> cristaux.<br \/>\n<strong>Composition :<\/strong><br \/>\n<strong>\u2022 Azote total (N) :<\/strong> 30%.<br \/>\n<strong>\u2022 Anhydride phosphorique (P<sub>2<\/sub>O<sub>5<\/sub>) :<\/strong> 10 %.<br \/>\n<strong>\u2022 Oxyde de potassium (K<sub>2<\/sub>O) :<\/strong> 10 %.<br \/>\n<strong>\u2022 Anhydride sulfurique (SO<sub>3<\/sub>):<\/strong> 7 %.<br \/>\n<strong>\u2022 Oxyde de magn\u00e9sium (MgO) :<\/strong> 1 %.<\/p>\n<p style=\"text-align: justify;\"><strong>Caract\u00e9ristiques techniques et avantages :<\/strong><br \/>\n<strong>Growsol<sup>\u00ae<\/sup><\/strong> est un engrais ternaire (N.P.K) hydrosoluble qui r\u00e9pond aux besoins en azote au stade croissance v\u00e9g\u00e9tative de toutes les cultures.<br \/>\n<strong>Growsol<sup>\u00ae<\/sup><\/strong> contient trois formes d\u2019azote (ur\u00e9ique, ammoniacale et nitrique) qui permet une alimentation soutenue dans le temps.<br \/>\n<strong>Growsol<\/strong><sup><strong>\u00ae<\/strong>\u00a0<\/sup>compl\u00e8te aussi une alimentation phospho-potassique de la culture.<br \/>\n<strong>Growsol<sup>\u00ae<\/sup><\/strong> ne contient pas de chlore ni de calcium.<\/p>\n<p><strong>Doses recommand\u00e9es :<\/strong> en fertigation et apport au sol.<br \/>\n<img decoding=\"async\" class=\"alignnone size-full wp-image-27152\" src=\"https:\/\/profert.dz\/fr\/wp-content\/uploads\/2018\/09\/Tableau-Growsol-Fr-2.jpg\" alt=\"\" width=\"800\" height=\"258\" srcset=\"https:\/\/profert.dz\/fr\/wp-content\/uploads\/2018\/09\/Tableau-Growsol-Fr-2-200x65.jpg 200w, https:\/\/profert.dz\/fr\/wp-content\/uploads\/2018\/09\/Tableau-Growsol-Fr-2-300x97.jpg 300w, https:\/\/profert.dz\/fr\/wp-content\/uploads\/2018\/09\/Tableau-Growsol-Fr-2-400x129.jpg 400w, https:\/\/profert.dz\/fr\/wp-content\/uploads\/2018\/09\/Tableau-Growsol-Fr-2-500x161.jpg 500w, https:\/\/profert.dz\/fr\/wp-content\/uploads\/2018\/09\/Tableau-Growsol-Fr-2-600x194.jpg 600w, https:\/\/profert.dz\/fr\/wp-content\/uploads\/2018\/09\/Tableau-Growsol-Fr-2-700x226.jpg 700w, https:\/\/profert.dz\/fr\/wp-content\/uploads\/2018\/09\/Tableau-Growsol-Fr-2-768x248.jpg 768w, https:\/\/profert.dz\/fr\/wp-content\/uploads\/2018\/09\/Tableau-Growsol-Fr-2.jpg 800w\" sizes=\"(max-width: 800px) 100vw, 800px\" \/><br \/>\nNous recommandons d\u2019augmenter la dose de 20 % dans les conditions de sols l\u00e9gers ou sableux.<br \/>\nPour la fertigation : m\u00e9langer 10 kg de produit dans 100 L d\u2019eau.<\/p>\n<p style=\"text-align: justify;\"><strong>Compatibilit\u00e9<\/strong><br \/>\n<strong>Growsol<sup>\u00ae<\/sup><\/strong> peut \u00eatre m\u00e9lang\u00e9 avec la plupart des produits phytosanitaires. Il est recommand\u00e9, toutefois, d\u2019effectuer un test de compatibilit\u00e9 avant traitement.<\/p>\n[wpdm_package id='27153']\n","protected":false},"featured_media":31982,"template":"","meta":[],"product_brand":[],"product_cat":[132],"product_tag":[],"class_list":{"0":"post-18042","1":"product","2":"type-product","3":"status-publish","4":"has-post-thumbnail","6":"product_cat-formulesdecroissance","8":"first","9":"instock","10":"shipping-taxable","11":"product-type-simple"},"yoast_head":"<!-- This site is optimized with the Yoast SEO plugin v25.6 - https:\/\/yoast.com\/wordpress\/plugins\/seo\/ -->\n<title>Growsol \u00ae - Profert<\/title>\n<meta name=\"robots\" content=\"index, follow, max-snippet:-1, max-image-preview:large, max-video-preview:-1\" \/>\n<link rel=\"canonical\" href=\"https:\/\/profert.dz\/fr\/index.php\/produit\/growsol-npk-30-10-10-2-so3-2-mgo\/\" \/>\n<meta property=\"og:locale\" content=\"fr_FR\" \/>\n<meta property=\"og:type\" content=\"article\" \/>\n<meta property=\"og:title\" content=\"Growsol \u00ae - Profert\" \/>\n<meta property=\"og:description\" content=\"Formulation : cristaux. Composition : \u2022 Azote total (N) : 30%. \u2022 Anhydride phosphorique (P2O5) : 10 %. \u2022 Oxyde de potassium (K2O) : 10 %. \u2022 Anhydride sulfurique (SO3): 7 %. \u2022 Oxyde de magn\u00e9sium (MgO) : 1 %. Caract\u00e9ristiques techniques et avantages : Growsol\u00ae est un engrais ternaire (N.P.K) hydrosoluble qui r\u00e9pond aux besoins en azote au stade croissance v\u00e9g\u00e9tative de toutes les cultures. Growsol\u00ae contient trois formes d\u2019azote (ur\u00e9ique, ammoniacale et nitrique) qui permet une alimentation soutenue dans le temps. Growsol\u00ae\u00a0compl\u00e8te aussi une alimentation phospho-potassique de la culture. Growsol\u00ae ne contient pas de chlore ni de calcium. Doses recommand\u00e9es : en fertigation et apport au sol.  Nous recommandons d\u2019augmenter la dose de 20 % dans les conditions de sols l\u00e9gers ou sableux. Pour la fertigation : m\u00e9langer 10 kg de produit dans 100 L d\u2019eau. Compatibilit\u00e9 Growsol\u00ae peut \u00eatre m\u00e9lang\u00e9 avec la plupart des produits phytosanitaires. Il est recommand\u00e9, toutefois, d\u2019effectuer un test de compatibilit\u00e9 avant traitement.\" \/>\n<meta property=\"og:url\" content=\"https:\/\/profert.dz\/fr\/index.php\/produit\/growsol-npk-30-10-10-2-so3-2-mgo\/\" \/>\n<meta property=\"og:site_name\" content=\"Profert\" \/>\n<meta property=\"article:modified_time\" content=\"2025-03-11T10:40:42+00:00\" \/>\n<meta property=\"og:image\" content=\"https:\/\/profert.dz\/fr\/wp-content\/uploads\/2025\/03\/Growsol-1024x1024.png\" \/>\n\t<meta property=\"og:image:width\" content=\"1024\" \/>\n\t<meta property=\"og:image:height\" content=\"1024\" \/>\n\t<meta property=\"og:image:type\" content=\"image\/png\" \/>\n<meta name=\"twitter:card\" content=\"summary_large_image\" \/>\n<meta name=\"twitter:label1\" content=\"Dur\u00e9e de lecture estim\u00e9e\" \/>\n\t<meta name=\"twitter:data1\" content=\"1 minute\" \/>\n<script type=\"application\/ld+json\" class=\"yoast-schema-graph\">{\"@context\":\"https:\/\/schema.org\",\"@graph\":[{\"@type\":\"WebPage\",\"@id\":\"https:\/\/profert.dz\/fr\/index.php\/produit\/growsol-npk-30-10-10-2-so3-2-mgo\/\",\"url\":\"https:\/\/profert.dz\/fr\/index.php\/produit\/growsol-npk-30-10-10-2-so3-2-mgo\/\",\"name\":\"Growsol \u00ae - Profert\",\"isPartOf\":{\"@id\":\"https:\/\/profert.dz\/fr\/#website\"},\"primaryImageOfPage\":{\"@id\":\"https:\/\/profert.dz\/fr\/index.php\/produit\/growsol-npk-30-10-10-2-so3-2-mgo\/#primaryimage\"},\"image\":{\"@id\":\"https:\/\/profert.dz\/fr\/index.php\/produit\/growsol-npk-30-10-10-2-so3-2-mgo\/#primaryimage\"},\"thumbnailUrl\":\"https:\/\/profert.dz\/fr\/wp-content\/uploads\/2025\/03\/Growsol.png\",\"datePublished\":\"2018-09-19T14:11:14+00:00\",\"dateModified\":\"2025-03-11T10:40:42+00:00\",\"breadcrumb\":{\"@id\":\"https:\/\/profert.dz\/fr\/index.php\/produit\/growsol-npk-30-10-10-2-so3-2-mgo\/#breadcrumb\"},\"inLanguage\":\"fr-FR\",\"potentialAction\":[{\"@type\":\"ReadAction\",\"target\":[\"https:\/\/profert.dz\/fr\/index.php\/produit\/growsol-npk-30-10-10-2-so3-2-mgo\/\"]}]},{\"@type\":\"ImageObject\",\"inLanguage\":\"fr-FR\",\"@id\":\"https:\/\/profert.dz\/fr\/index.php\/produit\/growsol-npk-30-10-10-2-so3-2-mgo\/#primaryimage\",\"url\":\"https:\/\/profert.dz\/fr\/wp-content\/uploads\/2025\/03\/Growsol.png\",\"contentUrl\":\"https:\/\/profert.dz\/fr\/wp-content\/uploads\/2025\/03\/Growsol.png\",\"width\":4000,\"height\":4000},{\"@type\":\"BreadcrumbList\",\"@id\":\"https:\/\/profert.dz\/fr\/index.php\/produit\/growsol-npk-30-10-10-2-so3-2-mgo\/#breadcrumb\",\"itemListElement\":[{\"@type\":\"ListItem\",\"position\":1,\"name\":\"Accueil\",\"item\":\"https:\/\/profert.dz\/fr\/\"},{\"@type\":\"ListItem\",\"position\":2,\"name\":\"Produits\",\"item\":\"https:\/\/profert.dz\/fr\/index.php\/boutique\/\"},{\"@type\":\"ListItem\",\"position\":3,\"name\":\"Growsol \u00ae\"}]},{\"@type\":\"WebSite\",\"@id\":\"https:\/\/profert.dz\/fr\/#website\",\"url\":\"https:\/\/profert.dz\/fr\/\",\"name\":\"Profert.dz\",\"description\":\"Agriculture Alg\u00e9rie\",\"potentialAction\":[{\"@type\":\"SearchAction\",\"target\":{\"@type\":\"EntryPoint\",\"urlTemplate\":\"https:\/\/profert.dz\/fr\/?s={search_term_string}\"},\"query-input\":{\"@type\":\"PropertyValueSpecification\",\"valueRequired\":true,\"valueName\":\"search_term_string\"}}],\"inLanguage\":\"fr-FR\"}]}<\/script>\n<!-- \/ Yoast SEO plugin. -->","yoast_head_json":{"title":"Growsol \u00ae - Profert","robots":{"index":"index","follow":"follow","max-snippet":"max-snippet:-1","max-image-preview":"max-image-preview:large","max-video-preview":"max-video-preview:-1"},"canonical":"https:\/\/profert.dz\/fr\/index.php\/produit\/growsol-npk-30-10-10-2-so3-2-mgo\/","og_locale":"fr_FR","og_type":"article","og_title":"Growsol \u00ae - Profert","og_description":"Formulation : cristaux. Composition : \u2022 Azote total (N) : 30%. \u2022 Anhydride phosphorique (P2O5) : 10 %. \u2022 Oxyde de potassium (K2O) : 10 %. \u2022 Anhydride sulfurique (SO3): 7 %. \u2022 Oxyde de magn\u00e9sium (MgO) : 1 %. Caract\u00e9ristiques techniques et avantages : Growsol\u00ae est un engrais ternaire (N.P.K) hydrosoluble qui r\u00e9pond aux besoins en azote au stade croissance v\u00e9g\u00e9tative de toutes les cultures. Growsol\u00ae contient trois formes d\u2019azote (ur\u00e9ique, ammoniacale et nitrique) qui permet une alimentation soutenue dans le temps. Growsol\u00ae\u00a0compl\u00e8te aussi une alimentation phospho-potassique de la culture. Growsol\u00ae ne contient pas de chlore ni de calcium. Doses recommand\u00e9es : en fertigation et apport au sol.  Nous recommandons d\u2019augmenter la dose de 20 % dans les conditions de sols l\u00e9gers ou sableux. Pour la fertigation : m\u00e9langer 10 kg de produit dans 100 L d\u2019eau. Compatibilit\u00e9 Growsol\u00ae peut \u00eatre m\u00e9lang\u00e9 avec la plupart des produits phytosanitaires. Il est recommand\u00e9, toutefois, d\u2019effectuer un test de compatibilit\u00e9 avant traitement.","og_url":"https:\/\/profert.dz\/fr\/index.php\/produit\/growsol-npk-30-10-10-2-so3-2-mgo\/","og_site_name":"Profert","article_modified_time":"2025-03-11T10:40:42+00:00","og_image":[{"width":1024,"height":1024,"url":"https:\/\/profert.dz\/fr\/wp-content\/uploads\/2025\/03\/Growsol-1024x1024.png","type":"image\/png"}],"twitter_card":"summary_large_image","twitter_misc":{"Dur\u00e9e de lecture estim\u00e9e":"1 minute"},"schema":{"@context":"https:\/\/schema.org","@graph":[{"@type":"WebPage","@id":"https:\/\/profert.dz\/fr\/index.php\/produit\/growsol-npk-30-10-10-2-so3-2-mgo\/","url":"https:\/\/profert.dz\/fr\/index.php\/produit\/growsol-npk-30-10-10-2-so3-2-mgo\/","name":"Growsol \u00ae - Profert","isPartOf":{"@id":"https:\/\/profert.dz\/fr\/#website"},"primaryImageOfPage":{"@id":"https:\/\/profert.dz\/fr\/index.php\/produit\/growsol-npk-30-10-10-2-so3-2-mgo\/#primaryimage"},"image":{"@id":"https:\/\/profert.dz\/fr\/index.php\/produit\/growsol-npk-30-10-10-2-so3-2-mgo\/#primaryimage"},"thumbnailUrl":"https:\/\/profert.dz\/fr\/wp-content\/uploads\/2025\/03\/Growsol.png","datePublished":"2018-09-19T14:11:14+00:00","dateModified":"2025-03-11T10:40:42+00:00","breadcrumb":{"@id":"https:\/\/profert.dz\/fr\/index.php\/produit\/growsol-npk-30-10-10-2-so3-2-mgo\/#breadcrumb"},"inLanguage":"fr-FR","potentialAction":[{"@type":"ReadAction","target":["https:\/\/profert.dz\/fr\/index.php\/produit\/growsol-npk-30-10-10-2-so3-2-mgo\/"]}]},{"@type":"ImageObject","inLanguage":"fr-FR","@id":"https:\/\/profert.dz\/fr\/index.php\/produit\/growsol-npk-30-10-10-2-so3-2-mgo\/#primaryimage","url":"https:\/\/profert.dz\/fr\/wp-content\/uploads\/2025\/03\/Growsol.png","contentUrl":"https:\/\/profert.dz\/fr\/wp-content\/uploads\/2025\/03\/Growsol.png","width":4000,"height":4000},{"@type":"BreadcrumbList","@id":"https:\/\/profert.dz\/fr\/index.php\/produit\/growsol-npk-30-10-10-2-so3-2-mgo\/#breadcrumb","itemListElement":[{"@type":"ListItem","position":1,"name":"Accueil","item":"https:\/\/profert.dz\/fr\/"},{"@type":"ListItem","position":2,"name":"Produits","item":"https:\/\/profert.dz\/fr\/index.php\/boutique\/"},{"@type":"ListItem","position":3,"name":"Growsol \u00ae"}]},{"@type":"WebSite","@id":"https:\/\/profert.dz\/fr\/#website","url":"https:\/\/profert.dz\/fr\/","name":"Profert.dz","description":"Agriculture Alg\u00e9rie","potentialAction":[{"@type":"SearchAction","target":{"@type":"EntryPoint","urlTemplate":"https:\/\/profert.dz\/fr\/?s={search_term_string}"},"query-input":{"@type":"PropertyValueSpecification","valueRequired":true,"valueName":"search_term_string"}}],"inLanguage":"fr-FR"}]}},"_links":{"self":[{"href":"https:\/\/profert.dz\/fr\/index.php\/wp-json\/wp\/v2\/product\/18042"}],"collection":[{"href":"https:\/\/profert.dz\/fr\/index.php\/wp-json\/wp\/v2\/product"}],"about":[{"href":"https:\/\/profert.dz\/fr\/index.php\/wp-json\/wp\/v2\/types\/product"}],"wp:featuredmedia":[{"embeddable":true,"href":"https:\/\/profert.dz\/fr\/index.php\/wp-json\/wp\/v2\/media\/31982"}],"wp:attachment":[{"href":"https:\/\/profert.dz\/fr\/index.php\/wp-json\/wp\/v2\/media?parent=18042"}],"wp:term":[{"taxonomy":"product_brand","embeddable":true,"href":"https:\/\/profert.dz\/fr\/index.php\/wp-json\/wp\/v2\/product_brand?post=18042"},{"taxonomy":"product_cat","embeddable":true,"href":"https:\/\/profert.dz\/fr\/index.php\/wp-json\/wp\/v2\/product_cat?post=18042"},{"taxonomy":"product_tag","embeddable":true,"href":"https:\/\/profert.dz\/fr\/index.php\/wp-json\/wp\/v2\/product_tag?post=18042"}],"curies":[{"name":"wp","href":"https:\/\/api.w.org\/{rel}","templated":true}]}}