{"id":18040,"date":"2018-09-19T16:03:09","date_gmt":"2018-09-19T14:03:09","guid":{"rendered":"http:\/\/profert.dz\/fr\/?post_type=product&#038;p=18040"},"modified":"2025-03-11T11:47:20","modified_gmt":"2025-03-11T10:47:20","slug":"phosasol-m-a-p-12-61-00","status":"publish","type":"product","link":"https:\/\/profert.dz\/fr\/index.php\/produit\/phosasol-m-a-p-12-61-00\/","title":{"rendered":"Phosasol <sup>\u00ae<\/sup>"},"content":{"rendered":"","protected":false},"excerpt":{"rendered":"<p><strong>Formulation :<\/strong> cristaux.<br \/>\n<strong>Composition :<\/strong><br \/>\n<strong>\u2022 Azote total (N) :<\/strong> 12 %.<br \/>\n<strong>\u2022 Anhydride phosphorique (P<sub>2<\/sub>O<sub>5<\/sub>) :<\/strong> 61 %.<\/p>\n<p style=\"text-align: justify;\"><strong>Caract\u00e9ristiques techniques et avantages :<\/strong><br \/>\n<strong>Phosasol<sup>\u00ae<\/sup><\/strong> est un engrais binaire hydrosoluble adapt\u00e9 aux stades installation et d\u00e9marrage des cultures. L\u2019\u00e9quilibre de la formule permet un tr\u00e8s bon d\u00e9veloppement racinaire.<br \/>\n<strong>Phosasol<sup>\u00ae<\/sup><\/strong> est l\u2019engrais le plus concentr\u00e9 en P<sub>2<\/sub>O<sub>5<\/sub>. Il est con\u00e7u pour r\u00e9pondre aux besoins des cultures au stade d\u00e9marrage.<br \/>\n<strong>Phosasol<sup>\u00ae<\/sup><\/strong> est un engrais adapt\u00e9 aux sols complexes et alcalins, tels que les sols Alg\u00e9riens (calcaire, taux de Mo faible, pH \u00e9lev\u00e9 et teneurs faibles en \u00e9l\u00e9ment nutritifs).<br \/>\n<strong>Phosasol<sup>\u00ae<\/sup> <\/strong>est dot\u00e9 d\u2019un pouvoir acidifiant important gr\u00e2ce aux \u00e9l\u00e9ments qui le composent (acide phosphorique, azote ammoniacal), un pH tr\u00e8s bas (pH=4,5). Ils participent \u00e0 l\u2019acidification de la rhizosph\u00e8re ce qui engendre ensuite une lib\u00e9ration des \u00e9l\u00e9ments min\u00e9raux bloqu\u00e9s ou r\u00e9trograd\u00e9s.<br \/>\n<strong>Phosasol<sup>\u00ae<\/sup><\/strong> contient de l\u2019azote sous forme ammoniacale (NH<sub>4<\/sub>) qui se fixe sur le complexe adsorbant du sol ce qui limite son entrainement en profondeur et assure une disponibilit\u00e9 dans le temps.<br \/>\n<strong>Phosasol<sup>\u00ae<\/sup><\/strong> poss\u00e8de d\u2019excellentes propri\u00e9t\u00e9s physiques, tr\u00e8s soluble, il se pr\u00e9sente sous forme de cristaux blancs non hygroscopiques. Il se dissout facilement et rapidement dans l\u2019eau. Il ne laisse pas de r\u00e9sidus nocifs dans la solution ou le sol et ne cause pas l\u2019obstruction des goutteurs et des tuyaux d\u2019irrigation.<\/p>\n<p><strong>Doses recommand\u00e9es :<\/strong> en fertigation et apport au sol.<br \/>\n<img decoding=\"async\" class=\"alignnone size-full wp-image-27217\" src=\"https:\/\/profert.dz\/fr\/wp-content\/uploads\/2018\/09\/Tab-Phosasol-Fr.jpg\" alt=\"\" width=\"800\" height=\"258\" srcset=\"https:\/\/profert.dz\/fr\/wp-content\/uploads\/2018\/09\/Tab-Phosasol-Fr-200x65.jpg 200w, https:\/\/profert.dz\/fr\/wp-content\/uploads\/2018\/09\/Tab-Phosasol-Fr-300x97.jpg 300w, https:\/\/profert.dz\/fr\/wp-content\/uploads\/2018\/09\/Tab-Phosasol-Fr-400x129.jpg 400w, https:\/\/profert.dz\/fr\/wp-content\/uploads\/2018\/09\/Tab-Phosasol-Fr-500x161.jpg 500w, https:\/\/profert.dz\/fr\/wp-content\/uploads\/2018\/09\/Tab-Phosasol-Fr-600x194.jpg 600w, https:\/\/profert.dz\/fr\/wp-content\/uploads\/2018\/09\/Tab-Phosasol-Fr-700x226.jpg 700w, https:\/\/profert.dz\/fr\/wp-content\/uploads\/2018\/09\/Tab-Phosasol-Fr-768x248.jpg 768w, https:\/\/profert.dz\/fr\/wp-content\/uploads\/2018\/09\/Tab-Phosasol-Fr.jpg 800w\" sizes=\"(max-width: 800px) 100vw, 800px\" \/><br \/>\nNous recommandons d\u2019augmenter la dose de 20 % dans les conditions de sols l\u00e9gers ou sableux.<br \/>\nPour la fertigation : m\u00e9langer 10 kg de produit dans 100 L d\u2019eau.<\/p>\n<p style=\"text-align: justify;\"><strong>Compatibilit\u00e9 :<\/strong><br \/>\n<strong>Phosasol<sup>\u00ae<\/sup><\/strong> peut \u00eatre m\u00e9lang\u00e9 avec la plupart des produits phytosanitaires. Il est recommand\u00e9, toutefois, d\u2019effectuer un test de compatibilit\u00e9 avant traitement.<\/p>\n[wpdm_package id='27218']\n","protected":false},"featured_media":31984,"template":"","meta":[],"product_brand":[],"product_cat":[131],"product_tag":[],"class_list":{"0":"post-18040","1":"product","2":"type-product","3":"status-publish","4":"has-post-thumbnail","6":"product_cat-formulesdedemarrage","8":"first","9":"instock","10":"shipping-taxable","11":"product-type-simple"},"yoast_head":"<!-- This site is optimized with the Yoast SEO plugin v25.6 - https:\/\/yoast.com\/wordpress\/plugins\/seo\/ -->\n<title>Phosasol \u00ae - Profert<\/title>\n<meta name=\"robots\" content=\"index, follow, max-snippet:-1, max-image-preview:large, max-video-preview:-1\" \/>\n<link rel=\"canonical\" href=\"https:\/\/profert.dz\/fr\/index.php\/produit\/phosasol-m-a-p-12-61-00\/\" \/>\n<meta property=\"og:locale\" content=\"fr_FR\" \/>\n<meta property=\"og:type\" content=\"article\" \/>\n<meta property=\"og:title\" content=\"Phosasol \u00ae - Profert\" \/>\n<meta property=\"og:description\" content=\"Formulation : cristaux. Composition : \u2022 Azote total (N) : 12 %. \u2022 Anhydride phosphorique (P2O5) : 61 %. Caract\u00e9ristiques techniques et avantages : Phosasol\u00ae est un engrais binaire hydrosoluble adapt\u00e9 aux stades installation et d\u00e9marrage des cultures. L\u2019\u00e9quilibre de la formule permet un tr\u00e8s bon d\u00e9veloppement racinaire. Phosasol\u00ae est l\u2019engrais le plus concentr\u00e9 en P2O5. Il est con\u00e7u pour r\u00e9pondre aux besoins des cultures au stade d\u00e9marrage. Phosasol\u00ae est un engrais adapt\u00e9 aux sols complexes et alcalins, tels que les sols Alg\u00e9riens (calcaire, taux de Mo faible, pH \u00e9lev\u00e9 et teneurs faibles en \u00e9l\u00e9ment nutritifs). Phosasol\u00ae est dot\u00e9 d\u2019un pouvoir acidifiant important gr\u00e2ce aux \u00e9l\u00e9ments qui le composent (acide phosphorique, azote ammoniacal), un pH tr\u00e8s bas (pH=4,5). Ils participent \u00e0 l\u2019acidification de la rhizosph\u00e8re ce qui engendre ensuite une lib\u00e9ration des \u00e9l\u00e9ments min\u00e9raux bloqu\u00e9s ou r\u00e9trograd\u00e9s. Phosasol\u00ae contient de l\u2019azote sous forme ammoniacale (NH4) qui se fixe sur le complexe adsorbant du sol ce qui limite son entrainement en profondeur et assure une disponibilit\u00e9 dans le temps. Phosasol\u00ae poss\u00e8de d\u2019excellentes propri\u00e9t\u00e9s physiques, tr\u00e8s soluble, il se pr\u00e9sente sous forme de cristaux blancs non hygroscopiques. Il se dissout facilement et rapidement dans l\u2019eau. Il ne laisse pas de r\u00e9sidus nocifs dans la solution ou le sol et ne cause pas l\u2019obstruction des goutteurs et des tuyaux d\u2019irrigation. Doses recommand\u00e9es : en fertigation et apport au sol.  Nous recommandons d\u2019augmenter la dose de 20 % dans les conditions de sols l\u00e9gers ou sableux. Pour la fertigation : m\u00e9langer 10 kg de produit dans 100 L d\u2019eau. Compatibilit\u00e9 : Phosasol\u00ae peut \u00eatre m\u00e9lang\u00e9 avec la plupart des produits phytosanitaires. Il est recommand\u00e9, toutefois, d\u2019effectuer un test de compatibilit\u00e9 avant traitement.\" \/>\n<meta property=\"og:url\" content=\"https:\/\/profert.dz\/fr\/index.php\/produit\/phosasol-m-a-p-12-61-00\/\" \/>\n<meta property=\"og:site_name\" content=\"Profert\" \/>\n<meta property=\"article:modified_time\" content=\"2025-03-11T10:47:20+00:00\" \/>\n<meta property=\"og:image\" content=\"https:\/\/profert.dz\/fr\/wp-content\/uploads\/2025\/03\/phosasol-1024x1024.png\" \/>\n\t<meta property=\"og:image:width\" content=\"1024\" \/>\n\t<meta property=\"og:image:height\" content=\"1024\" \/>\n\t<meta property=\"og:image:type\" content=\"image\/png\" \/>\n<meta name=\"twitter:card\" content=\"summary_large_image\" \/>\n<meta name=\"twitter:label1\" content=\"Dur\u00e9e de lecture estim\u00e9e\" \/>\n\t<meta name=\"twitter:data1\" content=\"1 minute\" \/>\n<script type=\"application\/ld+json\" class=\"yoast-schema-graph\">{\"@context\":\"https:\/\/schema.org\",\"@graph\":[{\"@type\":\"WebPage\",\"@id\":\"https:\/\/profert.dz\/fr\/index.php\/produit\/phosasol-m-a-p-12-61-00\/\",\"url\":\"https:\/\/profert.dz\/fr\/index.php\/produit\/phosasol-m-a-p-12-61-00\/\",\"name\":\"Phosasol \u00ae - Profert\",\"isPartOf\":{\"@id\":\"https:\/\/profert.dz\/fr\/#website\"},\"primaryImageOfPage\":{\"@id\":\"https:\/\/profert.dz\/fr\/index.php\/produit\/phosasol-m-a-p-12-61-00\/#primaryimage\"},\"image\":{\"@id\":\"https:\/\/profert.dz\/fr\/index.php\/produit\/phosasol-m-a-p-12-61-00\/#primaryimage\"},\"thumbnailUrl\":\"https:\/\/profert.dz\/fr\/wp-content\/uploads\/2025\/03\/phosasol.png\",\"datePublished\":\"2018-09-19T14:03:09+00:00\",\"dateModified\":\"2025-03-11T10:47:20+00:00\",\"breadcrumb\":{\"@id\":\"https:\/\/profert.dz\/fr\/index.php\/produit\/phosasol-m-a-p-12-61-00\/#breadcrumb\"},\"inLanguage\":\"fr-FR\",\"potentialAction\":[{\"@type\":\"ReadAction\",\"target\":[\"https:\/\/profert.dz\/fr\/index.php\/produit\/phosasol-m-a-p-12-61-00\/\"]}]},{\"@type\":\"ImageObject\",\"inLanguage\":\"fr-FR\",\"@id\":\"https:\/\/profert.dz\/fr\/index.php\/produit\/phosasol-m-a-p-12-61-00\/#primaryimage\",\"url\":\"https:\/\/profert.dz\/fr\/wp-content\/uploads\/2025\/03\/phosasol.png\",\"contentUrl\":\"https:\/\/profert.dz\/fr\/wp-content\/uploads\/2025\/03\/phosasol.png\",\"width\":4000,\"height\":4000},{\"@type\":\"BreadcrumbList\",\"@id\":\"https:\/\/profert.dz\/fr\/index.php\/produit\/phosasol-m-a-p-12-61-00\/#breadcrumb\",\"itemListElement\":[{\"@type\":\"ListItem\",\"position\":1,\"name\":\"Accueil\",\"item\":\"https:\/\/profert.dz\/fr\/\"},{\"@type\":\"ListItem\",\"position\":2,\"name\":\"Produits\",\"item\":\"https:\/\/profert.dz\/fr\/index.php\/boutique\/\"},{\"@type\":\"ListItem\",\"position\":3,\"name\":\"Phosasol \u00ae\"}]},{\"@type\":\"WebSite\",\"@id\":\"https:\/\/profert.dz\/fr\/#website\",\"url\":\"https:\/\/profert.dz\/fr\/\",\"name\":\"Profert.dz\",\"description\":\"Agriculture Alg\u00e9rie\",\"potentialAction\":[{\"@type\":\"SearchAction\",\"target\":{\"@type\":\"EntryPoint\",\"urlTemplate\":\"https:\/\/profert.dz\/fr\/?s={search_term_string}\"},\"query-input\":{\"@type\":\"PropertyValueSpecification\",\"valueRequired\":true,\"valueName\":\"search_term_string\"}}],\"inLanguage\":\"fr-FR\"}]}<\/script>\n<!-- \/ Yoast SEO plugin. -->","yoast_head_json":{"title":"Phosasol \u00ae - Profert","robots":{"index":"index","follow":"follow","max-snippet":"max-snippet:-1","max-image-preview":"max-image-preview:large","max-video-preview":"max-video-preview:-1"},"canonical":"https:\/\/profert.dz\/fr\/index.php\/produit\/phosasol-m-a-p-12-61-00\/","og_locale":"fr_FR","og_type":"article","og_title":"Phosasol \u00ae - Profert","og_description":"Formulation : cristaux. Composition : \u2022 Azote total (N) : 12 %. \u2022 Anhydride phosphorique (P2O5) : 61 %. Caract\u00e9ristiques techniques et avantages : Phosasol\u00ae est un engrais binaire hydrosoluble adapt\u00e9 aux stades installation et d\u00e9marrage des cultures. L\u2019\u00e9quilibre de la formule permet un tr\u00e8s bon d\u00e9veloppement racinaire. Phosasol\u00ae est l\u2019engrais le plus concentr\u00e9 en P2O5. Il est con\u00e7u pour r\u00e9pondre aux besoins des cultures au stade d\u00e9marrage. Phosasol\u00ae est un engrais adapt\u00e9 aux sols complexes et alcalins, tels que les sols Alg\u00e9riens (calcaire, taux de Mo faible, pH \u00e9lev\u00e9 et teneurs faibles en \u00e9l\u00e9ment nutritifs). Phosasol\u00ae est dot\u00e9 d\u2019un pouvoir acidifiant important gr\u00e2ce aux \u00e9l\u00e9ments qui le composent (acide phosphorique, azote ammoniacal), un pH tr\u00e8s bas (pH=4,5). Ils participent \u00e0 l\u2019acidification de la rhizosph\u00e8re ce qui engendre ensuite une lib\u00e9ration des \u00e9l\u00e9ments min\u00e9raux bloqu\u00e9s ou r\u00e9trograd\u00e9s. Phosasol\u00ae contient de l\u2019azote sous forme ammoniacale (NH4) qui se fixe sur le complexe adsorbant du sol ce qui limite son entrainement en profondeur et assure une disponibilit\u00e9 dans le temps. Phosasol\u00ae poss\u00e8de d\u2019excellentes propri\u00e9t\u00e9s physiques, tr\u00e8s soluble, il se pr\u00e9sente sous forme de cristaux blancs non hygroscopiques. Il se dissout facilement et rapidement dans l\u2019eau. Il ne laisse pas de r\u00e9sidus nocifs dans la solution ou le sol et ne cause pas l\u2019obstruction des goutteurs et des tuyaux d\u2019irrigation. Doses recommand\u00e9es : en fertigation et apport au sol.  Nous recommandons d\u2019augmenter la dose de 20 % dans les conditions de sols l\u00e9gers ou sableux. Pour la fertigation : m\u00e9langer 10 kg de produit dans 100 L d\u2019eau. Compatibilit\u00e9 : Phosasol\u00ae peut \u00eatre m\u00e9lang\u00e9 avec la plupart des produits phytosanitaires. Il est recommand\u00e9, toutefois, d\u2019effectuer un test de compatibilit\u00e9 avant traitement.","og_url":"https:\/\/profert.dz\/fr\/index.php\/produit\/phosasol-m-a-p-12-61-00\/","og_site_name":"Profert","article_modified_time":"2025-03-11T10:47:20+00:00","og_image":[{"width":1024,"height":1024,"url":"https:\/\/profert.dz\/fr\/wp-content\/uploads\/2025\/03\/phosasol-1024x1024.png","type":"image\/png"}],"twitter_card":"summary_large_image","twitter_misc":{"Dur\u00e9e de lecture estim\u00e9e":"1 minute"},"schema":{"@context":"https:\/\/schema.org","@graph":[{"@type":"WebPage","@id":"https:\/\/profert.dz\/fr\/index.php\/produit\/phosasol-m-a-p-12-61-00\/","url":"https:\/\/profert.dz\/fr\/index.php\/produit\/phosasol-m-a-p-12-61-00\/","name":"Phosasol \u00ae - Profert","isPartOf":{"@id":"https:\/\/profert.dz\/fr\/#website"},"primaryImageOfPage":{"@id":"https:\/\/profert.dz\/fr\/index.php\/produit\/phosasol-m-a-p-12-61-00\/#primaryimage"},"image":{"@id":"https:\/\/profert.dz\/fr\/index.php\/produit\/phosasol-m-a-p-12-61-00\/#primaryimage"},"thumbnailUrl":"https:\/\/profert.dz\/fr\/wp-content\/uploads\/2025\/03\/phosasol.png","datePublished":"2018-09-19T14:03:09+00:00","dateModified":"2025-03-11T10:47:20+00:00","breadcrumb":{"@id":"https:\/\/profert.dz\/fr\/index.php\/produit\/phosasol-m-a-p-12-61-00\/#breadcrumb"},"inLanguage":"fr-FR","potentialAction":[{"@type":"ReadAction","target":["https:\/\/profert.dz\/fr\/index.php\/produit\/phosasol-m-a-p-12-61-00\/"]}]},{"@type":"ImageObject","inLanguage":"fr-FR","@id":"https:\/\/profert.dz\/fr\/index.php\/produit\/phosasol-m-a-p-12-61-00\/#primaryimage","url":"https:\/\/profert.dz\/fr\/wp-content\/uploads\/2025\/03\/phosasol.png","contentUrl":"https:\/\/profert.dz\/fr\/wp-content\/uploads\/2025\/03\/phosasol.png","width":4000,"height":4000},{"@type":"BreadcrumbList","@id":"https:\/\/profert.dz\/fr\/index.php\/produit\/phosasol-m-a-p-12-61-00\/#breadcrumb","itemListElement":[{"@type":"ListItem","position":1,"name":"Accueil","item":"https:\/\/profert.dz\/fr\/"},{"@type":"ListItem","position":2,"name":"Produits","item":"https:\/\/profert.dz\/fr\/index.php\/boutique\/"},{"@type":"ListItem","position":3,"name":"Phosasol \u00ae"}]},{"@type":"WebSite","@id":"https:\/\/profert.dz\/fr\/#website","url":"https:\/\/profert.dz\/fr\/","name":"Profert.dz","description":"Agriculture Alg\u00e9rie","potentialAction":[{"@type":"SearchAction","target":{"@type":"EntryPoint","urlTemplate":"https:\/\/profert.dz\/fr\/?s={search_term_string}"},"query-input":{"@type":"PropertyValueSpecification","valueRequired":true,"valueName":"search_term_string"}}],"inLanguage":"fr-FR"}]}},"_links":{"self":[{"href":"https:\/\/profert.dz\/fr\/index.php\/wp-json\/wp\/v2\/product\/18040"}],"collection":[{"href":"https:\/\/profert.dz\/fr\/index.php\/wp-json\/wp\/v2\/product"}],"about":[{"href":"https:\/\/profert.dz\/fr\/index.php\/wp-json\/wp\/v2\/types\/product"}],"wp:featuredmedia":[{"embeddable":true,"href":"https:\/\/profert.dz\/fr\/index.php\/wp-json\/wp\/v2\/media\/31984"}],"wp:attachment":[{"href":"https:\/\/profert.dz\/fr\/index.php\/wp-json\/wp\/v2\/media?parent=18040"}],"wp:term":[{"taxonomy":"product_brand","embeddable":true,"href":"https:\/\/profert.dz\/fr\/index.php\/wp-json\/wp\/v2\/product_brand?post=18040"},{"taxonomy":"product_cat","embeddable":true,"href":"https:\/\/profert.dz\/fr\/index.php\/wp-json\/wp\/v2\/product_cat?post=18040"},{"taxonomy":"product_tag","embeddable":true,"href":"https:\/\/profert.dz\/fr\/index.php\/wp-json\/wp\/v2\/product_tag?post=18040"}],"curies":[{"name":"wp","href":"https:\/\/api.w.org\/{rel}","templated":true}]}}