{"id":17941,"date":"2018-09-03T11:23:54","date_gmt":"2018-09-03T09:23:54","guid":{"rendered":"http:\/\/profert.dz\/fr\/?post_type=product&#038;p=17941"},"modified":"2023-08-22T15:04:48","modified_gmt":"2023-08-22T13:04:48","slug":"topik-080-ec","status":"publish","type":"product","link":"https:\/\/profert.dz\/fr\/index.php\/produit\/topik-080-ec\/","title":{"rendered":"Topik<sup>\u00ae<\/sup> 080 EC"},"content":{"rendered":"","protected":false},"excerpt":{"rendered":"<p style=\"text-align: justify;\"><strong>Composition :<\/strong> 80 g\/l de Clodinafop-propargyl.<br \/>\n<strong>Formulation :<\/strong> Concentr\u00e9 \u00e9mulsionnable (EC).<br \/>\n<strong>Dose d\u2019utilisation :<\/strong><br \/>\n\u2022 0,75 L\/Ha ; bl\u00e9 dur et bl\u00e9 tendre.<br \/>\n\u2022 0,9 L\/Ha ; Seigle\/Triticale.<\/p>\n<p style=\"text-align: justify;\"><strong>Topik<sup>\u00ae<\/sup> <\/strong>est un herbicide s\u00e9lectif bl\u00e9 dur et bl\u00e9 tendre dont l\u2019application doit se faire en post-lev\u00e9e pr\u00e9coce, d\u00e8s que les adventices atteignent 2-4 feuilles.<br \/>\n<strong>Topik<sup>\u00ae<\/sup><\/strong> contr\u00f4le la plupart des gramin\u00e9es adventices des c\u00e9r\u00e9ales, \u00e0 savoir, le Phalaris et la folle avoine.<br \/>\n<strong>Topik<sup>\u00ae<\/sup> <\/strong>est absorb\u00e9 par les feuilles des gramin\u00e9es adventices et la croissance active cesse dans les 48 heures suivantes.<br \/>\n<strong>Topik<sup>\u00ae<\/sup> <\/strong>peut \u00eatre associ\u00e9 avec le <strong>Zoom<sup>\u00ae<\/sup> <\/strong>ou le <strong>Mustang<sup>\u00ae<\/sup> 360<\/strong> SE pour en faire un produit double action afin d\u2019assurer le d\u00e9sherbage en un seul passage des gramin\u00e9es et des dicotyledones.\n<\/p>\n[wpdm_package id='26438']\n","protected":false},"featured_media":17943,"template":"","meta":[],"product_brand":[],"product_cat":[86],"product_tag":[],"class_list":{"0":"post-17941","1":"product","2":"type-product","3":"status-publish","4":"has-post-thumbnail","6":"product_cat-herbicides-00","8":"first","9":"instock","10":"shipping-taxable","11":"product-type-simple"},"yoast_head":"<!-- This site is optimized with the Yoast SEO plugin v25.6 - https:\/\/yoast.com\/wordpress\/plugins\/seo\/ -->\n<title>Topik\u00ae 080 EC - Profert<\/title>\n<meta name=\"robots\" content=\"index, follow, max-snippet:-1, max-image-preview:large, max-video-preview:-1\" \/>\n<link rel=\"canonical\" href=\"https:\/\/profert.dz\/fr\/index.php\/produit\/topik-080-ec\/\" \/>\n<meta property=\"og:locale\" content=\"fr_FR\" \/>\n<meta property=\"og:type\" content=\"article\" \/>\n<meta property=\"og:title\" content=\"Topik\u00ae 080 EC - Profert\" \/>\n<meta property=\"og:description\" content=\"Composition : 80 g\/l de Clodinafop-propargyl. Formulation : Concentr\u00e9 \u00e9mulsionnable (EC). Dose d\u2019utilisation : \u2022 0,75 L\/Ha ; bl\u00e9 dur et bl\u00e9 tendre. \u2022 0,9 L\/Ha ; Seigle\/Triticale. Topik\u00ae est un herbicide s\u00e9lectif bl\u00e9 dur et bl\u00e9 tendre dont l\u2019application doit se faire en post-lev\u00e9e pr\u00e9coce, d\u00e8s que les adventices atteignent 2-4 feuilles. Topik\u00ae contr\u00f4le la plupart des gramin\u00e9es adventices des c\u00e9r\u00e9ales, \u00e0 savoir, le Phalaris et la folle avoine. Topik\u00ae est absorb\u00e9 par les feuilles des gramin\u00e9es adventices et la croissance active cesse dans les 48 heures suivantes. Topik\u00ae peut \u00eatre associ\u00e9 avec le Zoom\u00ae ou le Mustang\u00ae 360 SE pour en faire un produit double action afin d\u2019assurer le d\u00e9sherbage en un seul passage des gramin\u00e9es et des dicotyledones.\" \/>\n<meta property=\"og:url\" content=\"https:\/\/profert.dz\/fr\/index.php\/produit\/topik-080-ec\/\" \/>\n<meta property=\"og:site_name\" content=\"Profert\" \/>\n<meta property=\"article:modified_time\" content=\"2023-08-22T13:04:48+00:00\" \/>\n<meta property=\"og:image\" content=\"https:\/\/profert.dz\/fr\/wp-content\/uploads\/2018\/09\/Profert-Topik.jpg\" \/>\n\t<meta property=\"og:image:width\" content=\"720\" \/>\n\t<meta property=\"og:image:height\" content=\"658\" \/>\n\t<meta property=\"og:image:type\" content=\"image\/jpeg\" \/>\n<meta name=\"twitter:card\" content=\"summary_large_image\" \/>\n<script type=\"application\/ld+json\" class=\"yoast-schema-graph\">{\"@context\":\"https:\/\/schema.org\",\"@graph\":[{\"@type\":\"WebPage\",\"@id\":\"https:\/\/profert.dz\/fr\/index.php\/produit\/topik-080-ec\/\",\"url\":\"https:\/\/profert.dz\/fr\/index.php\/produit\/topik-080-ec\/\",\"name\":\"Topik\u00ae 080 EC - Profert\",\"isPartOf\":{\"@id\":\"https:\/\/profert.dz\/fr\/#website\"},\"primaryImageOfPage\":{\"@id\":\"https:\/\/profert.dz\/fr\/index.php\/produit\/topik-080-ec\/#primaryimage\"},\"image\":{\"@id\":\"https:\/\/profert.dz\/fr\/index.php\/produit\/topik-080-ec\/#primaryimage\"},\"thumbnailUrl\":\"https:\/\/profert.dz\/fr\/wp-content\/uploads\/2018\/09\/Profert-Topik.jpg\",\"datePublished\":\"2018-09-03T09:23:54+00:00\",\"dateModified\":\"2023-08-22T13:04:48+00:00\",\"breadcrumb\":{\"@id\":\"https:\/\/profert.dz\/fr\/index.php\/produit\/topik-080-ec\/#breadcrumb\"},\"inLanguage\":\"fr-FR\",\"potentialAction\":[{\"@type\":\"ReadAction\",\"target\":[\"https:\/\/profert.dz\/fr\/index.php\/produit\/topik-080-ec\/\"]}]},{\"@type\":\"ImageObject\",\"inLanguage\":\"fr-FR\",\"@id\":\"https:\/\/profert.dz\/fr\/index.php\/produit\/topik-080-ec\/#primaryimage\",\"url\":\"https:\/\/profert.dz\/fr\/wp-content\/uploads\/2018\/09\/Profert-Topik.jpg\",\"contentUrl\":\"https:\/\/profert.dz\/fr\/wp-content\/uploads\/2018\/09\/Profert-Topik.jpg\",\"width\":720,\"height\":658},{\"@type\":\"BreadcrumbList\",\"@id\":\"https:\/\/profert.dz\/fr\/index.php\/produit\/topik-080-ec\/#breadcrumb\",\"itemListElement\":[{\"@type\":\"ListItem\",\"position\":1,\"name\":\"Accueil\",\"item\":\"https:\/\/profert.dz\/fr\/\"},{\"@type\":\"ListItem\",\"position\":2,\"name\":\"Produits\",\"item\":\"https:\/\/profert.dz\/fr\/index.php\/boutique\/\"},{\"@type\":\"ListItem\",\"position\":3,\"name\":\"Topik\u00ae 080 EC\"}]},{\"@type\":\"WebSite\",\"@id\":\"https:\/\/profert.dz\/fr\/#website\",\"url\":\"https:\/\/profert.dz\/fr\/\",\"name\":\"Profert.dz\",\"description\":\"Agriculture Alg\u00e9rie\",\"potentialAction\":[{\"@type\":\"SearchAction\",\"target\":{\"@type\":\"EntryPoint\",\"urlTemplate\":\"https:\/\/profert.dz\/fr\/?s={search_term_string}\"},\"query-input\":{\"@type\":\"PropertyValueSpecification\",\"valueRequired\":true,\"valueName\":\"search_term_string\"}}],\"inLanguage\":\"fr-FR\"}]}<\/script>\n<!-- \/ Yoast SEO plugin. -->","yoast_head_json":{"title":"Topik\u00ae 080 EC - Profert","robots":{"index":"index","follow":"follow","max-snippet":"max-snippet:-1","max-image-preview":"max-image-preview:large","max-video-preview":"max-video-preview:-1"},"canonical":"https:\/\/profert.dz\/fr\/index.php\/produit\/topik-080-ec\/","og_locale":"fr_FR","og_type":"article","og_title":"Topik\u00ae 080 EC - Profert","og_description":"Composition : 80 g\/l de Clodinafop-propargyl. Formulation : Concentr\u00e9 \u00e9mulsionnable (EC). Dose d\u2019utilisation : \u2022 0,75 L\/Ha ; bl\u00e9 dur et bl\u00e9 tendre. \u2022 0,9 L\/Ha ; Seigle\/Triticale. Topik\u00ae est un herbicide s\u00e9lectif bl\u00e9 dur et bl\u00e9 tendre dont l\u2019application doit se faire en post-lev\u00e9e pr\u00e9coce, d\u00e8s que les adventices atteignent 2-4 feuilles. Topik\u00ae contr\u00f4le la plupart des gramin\u00e9es adventices des c\u00e9r\u00e9ales, \u00e0 savoir, le Phalaris et la folle avoine. Topik\u00ae est absorb\u00e9 par les feuilles des gramin\u00e9es adventices et la croissance active cesse dans les 48 heures suivantes. Topik\u00ae peut \u00eatre associ\u00e9 avec le Zoom\u00ae ou le Mustang\u00ae 360 SE pour en faire un produit double action afin d\u2019assurer le d\u00e9sherbage en un seul passage des gramin\u00e9es et des dicotyledones.","og_url":"https:\/\/profert.dz\/fr\/index.php\/produit\/topik-080-ec\/","og_site_name":"Profert","article_modified_time":"2023-08-22T13:04:48+00:00","og_image":[{"width":720,"height":658,"url":"https:\/\/profert.dz\/fr\/wp-content\/uploads\/2018\/09\/Profert-Topik.jpg","type":"image\/jpeg"}],"twitter_card":"summary_large_image","schema":{"@context":"https:\/\/schema.org","@graph":[{"@type":"WebPage","@id":"https:\/\/profert.dz\/fr\/index.php\/produit\/topik-080-ec\/","url":"https:\/\/profert.dz\/fr\/index.php\/produit\/topik-080-ec\/","name":"Topik\u00ae 080 EC - Profert","isPartOf":{"@id":"https:\/\/profert.dz\/fr\/#website"},"primaryImageOfPage":{"@id":"https:\/\/profert.dz\/fr\/index.php\/produit\/topik-080-ec\/#primaryimage"},"image":{"@id":"https:\/\/profert.dz\/fr\/index.php\/produit\/topik-080-ec\/#primaryimage"},"thumbnailUrl":"https:\/\/profert.dz\/fr\/wp-content\/uploads\/2018\/09\/Profert-Topik.jpg","datePublished":"2018-09-03T09:23:54+00:00","dateModified":"2023-08-22T13:04:48+00:00","breadcrumb":{"@id":"https:\/\/profert.dz\/fr\/index.php\/produit\/topik-080-ec\/#breadcrumb"},"inLanguage":"fr-FR","potentialAction":[{"@type":"ReadAction","target":["https:\/\/profert.dz\/fr\/index.php\/produit\/topik-080-ec\/"]}]},{"@type":"ImageObject","inLanguage":"fr-FR","@id":"https:\/\/profert.dz\/fr\/index.php\/produit\/topik-080-ec\/#primaryimage","url":"https:\/\/profert.dz\/fr\/wp-content\/uploads\/2018\/09\/Profert-Topik.jpg","contentUrl":"https:\/\/profert.dz\/fr\/wp-content\/uploads\/2018\/09\/Profert-Topik.jpg","width":720,"height":658},{"@type":"BreadcrumbList","@id":"https:\/\/profert.dz\/fr\/index.php\/produit\/topik-080-ec\/#breadcrumb","itemListElement":[{"@type":"ListItem","position":1,"name":"Accueil","item":"https:\/\/profert.dz\/fr\/"},{"@type":"ListItem","position":2,"name":"Produits","item":"https:\/\/profert.dz\/fr\/index.php\/boutique\/"},{"@type":"ListItem","position":3,"name":"Topik\u00ae 080 EC"}]},{"@type":"WebSite","@id":"https:\/\/profert.dz\/fr\/#website","url":"https:\/\/profert.dz\/fr\/","name":"Profert.dz","description":"Agriculture Alg\u00e9rie","potentialAction":[{"@type":"SearchAction","target":{"@type":"EntryPoint","urlTemplate":"https:\/\/profert.dz\/fr\/?s={search_term_string}"},"query-input":{"@type":"PropertyValueSpecification","valueRequired":true,"valueName":"search_term_string"}}],"inLanguage":"fr-FR"}]}},"_links":{"self":[{"href":"https:\/\/profert.dz\/fr\/index.php\/wp-json\/wp\/v2\/product\/17941"}],"collection":[{"href":"https:\/\/profert.dz\/fr\/index.php\/wp-json\/wp\/v2\/product"}],"about":[{"href":"https:\/\/profert.dz\/fr\/index.php\/wp-json\/wp\/v2\/types\/product"}],"wp:featuredmedia":[{"embeddable":true,"href":"https:\/\/profert.dz\/fr\/index.php\/wp-json\/wp\/v2\/media\/17943"}],"wp:attachment":[{"href":"https:\/\/profert.dz\/fr\/index.php\/wp-json\/wp\/v2\/media?parent=17941"}],"wp:term":[{"taxonomy":"product_brand","embeddable":true,"href":"https:\/\/profert.dz\/fr\/index.php\/wp-json\/wp\/v2\/product_brand?post=17941"},{"taxonomy":"product_cat","embeddable":true,"href":"https:\/\/profert.dz\/fr\/index.php\/wp-json\/wp\/v2\/product_cat?post=17941"},{"taxonomy":"product_tag","embeddable":true,"href":"https:\/\/profert.dz\/fr\/index.php\/wp-json\/wp\/v2\/product_tag?post=17941"}],"curies":[{"name":"wp","href":"https:\/\/api.w.org\/{rel}","templated":true}]}}