{"id":17931,"date":"2018-08-29T15:07:25","date_gmt":"2018-08-29T13:07:25","guid":{"rendered":"http:\/\/profert.dz\/fr\/?post_type=product&#038;p=17931"},"modified":"2023-08-29T12:23:55","modified_gmt":"2023-08-29T10:23:55","slug":"patroot","status":"publish","type":"product","link":"https:\/\/profert.dz\/fr\/index.php\/produit\/patroot\/","title":{"rendered":"Patroot<sup>\u00ae<\/sup>"},"content":{"rendered":"","protected":false},"excerpt":{"rendered":"<h3>Patroot<sup>\u00ae<\/sup> est un engrais solide adapt\u00e9 \u00e0 la culture de la pomme de terre. Il est recommand\u00e9, \u00e0 la plantation, pour les r\u00e9gions du sud de l\u2019Alg\u00e9rie.<\/h3>\n<p><strong>Formulation :<\/strong> granul\u00e9.<br \/>\n<strong>Composition :<\/strong><br \/>\n<strong>\u2022 Azote total (N):<\/strong> 11%.<br \/>\n&gt; Azote ur\u00e9ique CO(NH<sub>2<\/sub>)<sub>2<\/sub> : 5.5 %.<br \/>\n&gt; Azote ammoniacal (NH<sub>4<\/sub>) : 5.5 %.<br \/>\n<strong>\u2022 Anhydride phosphorique (P<sub>2<\/sub>O<sub>5<\/sub>) :<\/strong> 25 % assimilables.<br \/>\n<strong>\u2022 Oxyde de potassium (K<sub>2<\/sub>O) :<\/strong> 20 % sous forme sulfate de potassium.<br \/>\n<strong>\u2022 Anhydride sulfurique (SO<sub>3<\/sub>) :<\/strong> 18 %.<\/p>\n<p style=\"text-align: justify;\"><strong>Avantages :<\/strong><br \/>\n<strong>Patroot<sup>\u00ae<\/sup><\/strong> est un engrais ternaire formul\u00e9 sp\u00e9cifiquement pour \u00eatre utilis\u00e9 pour la culture de la pomme de terre dans<br \/>\nles r\u00e9gions du sud de l\u2019Alg\u00e9rie. Il est utilisable \u00e0 la plantation. L\u2019\u00e9quilibre de cette formule est adapt\u00e9 \u00e0 la culture de pomme de terre.<br \/>\n<strong>Patroot<sup>\u00ae<\/sup><\/strong> permet une bonne installation de la culture, un bon d\u00e9veloppement racinaire et une bonne initiation de la tub\u00e9risation.<br \/>\nTous les \u00e9l\u00e9ments nutritifs contenus dans Patroot\u00ae sont assimilables, ils se dissolvent facilement et rapidement dans l\u2019eau offrant une disponibilit\u00e9 imm\u00e9diate.<br \/>\n<strong>Patroot<sup>\u00ae<\/sup><\/strong> est dot\u00e9 d\u2019un pouvoir acidifiant important gr\u00e2ce aux \u00e9l\u00e9ments qui le composent (acide phosphorique, azote ammoniacal et sulfate de potasse). Tous ces \u00e9l\u00e9ments ont un pH tr\u00e8s bas, ils concourent \u00e0 acidifier fortement la rhizosph\u00e8re, \u00e0 lib\u00e9rer et \u00e0 faciliter l\u2019assimilation des \u00e9l\u00e9ments nutritifs.<br \/>\n<strong>Patroot<sup>\u00ae<\/sup><\/strong> ne contient pas de chlore ni de calcium.<\/p>\n<p style=\"text-align: justify;\"><strong>Dose g\u00e9n\u00e9ralement recommand\u00e9e :<\/strong><br \/>\nAppliquer <strong>Patroot<sup>\u00ae<\/sup><\/strong> \u00e0 la plantation, \u00e0 la dose de 5 qx\/ha.<\/p>\n[wpdm_package id='26553']\n","protected":false},"featured_media":24850,"template":"","meta":[],"product_brand":[],"product_cat":[120],"product_tag":[],"class_list":{"0":"post-17931","1":"product","2":"type-product","3":"status-publish","4":"has-post-thumbnail","6":"product_cat-engraisnpk","8":"first","9":"instock","10":"shipping-taxable","11":"product-type-simple"},"yoast_head":"<!-- This site is optimized with the Yoast SEO plugin v25.6 - https:\/\/yoast.com\/wordpress\/plugins\/seo\/ -->\n<title>Patroot\u00ae - Profert<\/title>\n<meta name=\"robots\" content=\"index, follow, max-snippet:-1, max-image-preview:large, max-video-preview:-1\" \/>\n<link rel=\"canonical\" href=\"https:\/\/profert.dz\/fr\/index.php\/produit\/patroot\/\" \/>\n<meta property=\"og:locale\" content=\"fr_FR\" \/>\n<meta property=\"og:type\" content=\"article\" \/>\n<meta property=\"og:title\" content=\"Patroot\u00ae - Profert\" \/>\n<meta property=\"og:description\" content=\"Patroot\u00ae est un engrais solide adapt\u00e9 \u00e0 la culture de la pomme de terre. Il est recommand\u00e9, \u00e0 la plantation, pour les r\u00e9gions du sud de l\u2019Alg\u00e9rie. Formulation : granul\u00e9. Composition : \u2022 Azote total (N): 11%. &gt; Azote ur\u00e9ique CO(NH2)2 : 5.5 %. &gt; Azote ammoniacal (NH4) : 5.5 %. \u2022 Anhydride phosphorique (P2O5) : 25 % assimilables. \u2022 Oxyde de potassium (K2O) : 20 % sous forme sulfate de potassium. \u2022 Anhydride sulfurique (SO3) : 18 %. Avantages : Patroot\u00ae est un engrais ternaire formul\u00e9 sp\u00e9cifiquement pour \u00eatre utilis\u00e9 pour la culture de la pomme de terre dans les r\u00e9gions du sud de l\u2019Alg\u00e9rie. Il est utilisable \u00e0 la plantation. L\u2019\u00e9quilibre de cette formule est adapt\u00e9 \u00e0 la culture de pomme de terre. Patroot\u00ae permet une bonne installation de la culture, un bon d\u00e9veloppement racinaire et une bonne initiation de la tub\u00e9risation. Tous les \u00e9l\u00e9ments nutritifs contenus dans Patroot\u00ae sont assimilables, ils se dissolvent facilement et rapidement dans l\u2019eau offrant une disponibilit\u00e9 imm\u00e9diate. Patroot\u00ae est dot\u00e9 d\u2019un pouvoir acidifiant important gr\u00e2ce aux \u00e9l\u00e9ments qui le composent (acide phosphorique, azote ammoniacal et sulfate de potasse). Tous ces \u00e9l\u00e9ments ont un pH tr\u00e8s bas, ils concourent \u00e0 acidifier fortement la rhizosph\u00e8re, \u00e0 lib\u00e9rer et \u00e0 faciliter l\u2019assimilation des \u00e9l\u00e9ments nutritifs. Patroot\u00ae ne contient pas de chlore ni de calcium. Dose g\u00e9n\u00e9ralement recommand\u00e9e : Appliquer Patroot\u00ae \u00e0 la plantation, \u00e0 la dose de 5 qx\/ha.\" \/>\n<meta property=\"og:url\" content=\"https:\/\/profert.dz\/fr\/index.php\/produit\/patroot\/\" \/>\n<meta property=\"og:site_name\" content=\"Profert\" \/>\n<meta property=\"article:modified_time\" content=\"2023-08-29T10:23:55+00:00\" \/>\n<meta property=\"og:image\" content=\"https:\/\/profert.dz\/fr\/wp-content\/uploads\/2018\/08\/Patroot.png\" \/>\n\t<meta property=\"og:image:width\" content=\"720\" \/>\n\t<meta property=\"og:image:height\" content=\"658\" \/>\n\t<meta property=\"og:image:type\" content=\"image\/png\" \/>\n<meta name=\"twitter:card\" content=\"summary_large_image\" \/>\n<script type=\"application\/ld+json\" class=\"yoast-schema-graph\">{\"@context\":\"https:\/\/schema.org\",\"@graph\":[{\"@type\":\"WebPage\",\"@id\":\"https:\/\/profert.dz\/fr\/index.php\/produit\/patroot\/\",\"url\":\"https:\/\/profert.dz\/fr\/index.php\/produit\/patroot\/\",\"name\":\"Patroot\u00ae - Profert\",\"isPartOf\":{\"@id\":\"https:\/\/profert.dz\/fr\/#website\"},\"primaryImageOfPage\":{\"@id\":\"https:\/\/profert.dz\/fr\/index.php\/produit\/patroot\/#primaryimage\"},\"image\":{\"@id\":\"https:\/\/profert.dz\/fr\/index.php\/produit\/patroot\/#primaryimage\"},\"thumbnailUrl\":\"https:\/\/profert.dz\/fr\/wp-content\/uploads\/2018\/08\/Patroot.png\",\"datePublished\":\"2018-08-29T13:07:25+00:00\",\"dateModified\":\"2023-08-29T10:23:55+00:00\",\"breadcrumb\":{\"@id\":\"https:\/\/profert.dz\/fr\/index.php\/produit\/patroot\/#breadcrumb\"},\"inLanguage\":\"fr-FR\",\"potentialAction\":[{\"@type\":\"ReadAction\",\"target\":[\"https:\/\/profert.dz\/fr\/index.php\/produit\/patroot\/\"]}]},{\"@type\":\"ImageObject\",\"inLanguage\":\"fr-FR\",\"@id\":\"https:\/\/profert.dz\/fr\/index.php\/produit\/patroot\/#primaryimage\",\"url\":\"https:\/\/profert.dz\/fr\/wp-content\/uploads\/2018\/08\/Patroot.png\",\"contentUrl\":\"https:\/\/profert.dz\/fr\/wp-content\/uploads\/2018\/08\/Patroot.png\",\"width\":720,\"height\":658},{\"@type\":\"BreadcrumbList\",\"@id\":\"https:\/\/profert.dz\/fr\/index.php\/produit\/patroot\/#breadcrumb\",\"itemListElement\":[{\"@type\":\"ListItem\",\"position\":1,\"name\":\"Accueil\",\"item\":\"https:\/\/profert.dz\/fr\/\"},{\"@type\":\"ListItem\",\"position\":2,\"name\":\"Produits\",\"item\":\"https:\/\/profert.dz\/fr\/index.php\/boutique\/\"},{\"@type\":\"ListItem\",\"position\":3,\"name\":\"Patroot\u00ae\"}]},{\"@type\":\"WebSite\",\"@id\":\"https:\/\/profert.dz\/fr\/#website\",\"url\":\"https:\/\/profert.dz\/fr\/\",\"name\":\"Profert.dz\",\"description\":\"Agriculture Alg\u00e9rie\",\"potentialAction\":[{\"@type\":\"SearchAction\",\"target\":{\"@type\":\"EntryPoint\",\"urlTemplate\":\"https:\/\/profert.dz\/fr\/?s={search_term_string}\"},\"query-input\":{\"@type\":\"PropertyValueSpecification\",\"valueRequired\":true,\"valueName\":\"search_term_string\"}}],\"inLanguage\":\"fr-FR\"}]}<\/script>\n<!-- \/ Yoast SEO plugin. -->","yoast_head_json":{"title":"Patroot\u00ae - Profert","robots":{"index":"index","follow":"follow","max-snippet":"max-snippet:-1","max-image-preview":"max-image-preview:large","max-video-preview":"max-video-preview:-1"},"canonical":"https:\/\/profert.dz\/fr\/index.php\/produit\/patroot\/","og_locale":"fr_FR","og_type":"article","og_title":"Patroot\u00ae - Profert","og_description":"Patroot\u00ae est un engrais solide adapt\u00e9 \u00e0 la culture de la pomme de terre. Il est recommand\u00e9, \u00e0 la plantation, pour les r\u00e9gions du sud de l\u2019Alg\u00e9rie. Formulation : granul\u00e9. Composition : \u2022 Azote total (N): 11%. &gt; Azote ur\u00e9ique CO(NH2)2 : 5.5 %. &gt; Azote ammoniacal (NH4) : 5.5 %. \u2022 Anhydride phosphorique (P2O5) : 25 % assimilables. \u2022 Oxyde de potassium (K2O) : 20 % sous forme sulfate de potassium. \u2022 Anhydride sulfurique (SO3) : 18 %. Avantages : Patroot\u00ae est un engrais ternaire formul\u00e9 sp\u00e9cifiquement pour \u00eatre utilis\u00e9 pour la culture de la pomme de terre dans les r\u00e9gions du sud de l\u2019Alg\u00e9rie. Il est utilisable \u00e0 la plantation. L\u2019\u00e9quilibre de cette formule est adapt\u00e9 \u00e0 la culture de pomme de terre. Patroot\u00ae permet une bonne installation de la culture, un bon d\u00e9veloppement racinaire et une bonne initiation de la tub\u00e9risation. Tous les \u00e9l\u00e9ments nutritifs contenus dans Patroot\u00ae sont assimilables, ils se dissolvent facilement et rapidement dans l\u2019eau offrant une disponibilit\u00e9 imm\u00e9diate. Patroot\u00ae est dot\u00e9 d\u2019un pouvoir acidifiant important gr\u00e2ce aux \u00e9l\u00e9ments qui le composent (acide phosphorique, azote ammoniacal et sulfate de potasse). Tous ces \u00e9l\u00e9ments ont un pH tr\u00e8s bas, ils concourent \u00e0 acidifier fortement la rhizosph\u00e8re, \u00e0 lib\u00e9rer et \u00e0 faciliter l\u2019assimilation des \u00e9l\u00e9ments nutritifs. Patroot\u00ae ne contient pas de chlore ni de calcium. Dose g\u00e9n\u00e9ralement recommand\u00e9e : Appliquer Patroot\u00ae \u00e0 la plantation, \u00e0 la dose de 5 qx\/ha.","og_url":"https:\/\/profert.dz\/fr\/index.php\/produit\/patroot\/","og_site_name":"Profert","article_modified_time":"2023-08-29T10:23:55+00:00","og_image":[{"width":720,"height":658,"url":"https:\/\/profert.dz\/fr\/wp-content\/uploads\/2018\/08\/Patroot.png","type":"image\/png"}],"twitter_card":"summary_large_image","schema":{"@context":"https:\/\/schema.org","@graph":[{"@type":"WebPage","@id":"https:\/\/profert.dz\/fr\/index.php\/produit\/patroot\/","url":"https:\/\/profert.dz\/fr\/index.php\/produit\/patroot\/","name":"Patroot\u00ae - Profert","isPartOf":{"@id":"https:\/\/profert.dz\/fr\/#website"},"primaryImageOfPage":{"@id":"https:\/\/profert.dz\/fr\/index.php\/produit\/patroot\/#primaryimage"},"image":{"@id":"https:\/\/profert.dz\/fr\/index.php\/produit\/patroot\/#primaryimage"},"thumbnailUrl":"https:\/\/profert.dz\/fr\/wp-content\/uploads\/2018\/08\/Patroot.png","datePublished":"2018-08-29T13:07:25+00:00","dateModified":"2023-08-29T10:23:55+00:00","breadcrumb":{"@id":"https:\/\/profert.dz\/fr\/index.php\/produit\/patroot\/#breadcrumb"},"inLanguage":"fr-FR","potentialAction":[{"@type":"ReadAction","target":["https:\/\/profert.dz\/fr\/index.php\/produit\/patroot\/"]}]},{"@type":"ImageObject","inLanguage":"fr-FR","@id":"https:\/\/profert.dz\/fr\/index.php\/produit\/patroot\/#primaryimage","url":"https:\/\/profert.dz\/fr\/wp-content\/uploads\/2018\/08\/Patroot.png","contentUrl":"https:\/\/profert.dz\/fr\/wp-content\/uploads\/2018\/08\/Patroot.png","width":720,"height":658},{"@type":"BreadcrumbList","@id":"https:\/\/profert.dz\/fr\/index.php\/produit\/patroot\/#breadcrumb","itemListElement":[{"@type":"ListItem","position":1,"name":"Accueil","item":"https:\/\/profert.dz\/fr\/"},{"@type":"ListItem","position":2,"name":"Produits","item":"https:\/\/profert.dz\/fr\/index.php\/boutique\/"},{"@type":"ListItem","position":3,"name":"Patroot\u00ae"}]},{"@type":"WebSite","@id":"https:\/\/profert.dz\/fr\/#website","url":"https:\/\/profert.dz\/fr\/","name":"Profert.dz","description":"Agriculture Alg\u00e9rie","potentialAction":[{"@type":"SearchAction","target":{"@type":"EntryPoint","urlTemplate":"https:\/\/profert.dz\/fr\/?s={search_term_string}"},"query-input":{"@type":"PropertyValueSpecification","valueRequired":true,"valueName":"search_term_string"}}],"inLanguage":"fr-FR"}]}},"_links":{"self":[{"href":"https:\/\/profert.dz\/fr\/index.php\/wp-json\/wp\/v2\/product\/17931"}],"collection":[{"href":"https:\/\/profert.dz\/fr\/index.php\/wp-json\/wp\/v2\/product"}],"about":[{"href":"https:\/\/profert.dz\/fr\/index.php\/wp-json\/wp\/v2\/types\/product"}],"wp:featuredmedia":[{"embeddable":true,"href":"https:\/\/profert.dz\/fr\/index.php\/wp-json\/wp\/v2\/media\/24850"}],"wp:attachment":[{"href":"https:\/\/profert.dz\/fr\/index.php\/wp-json\/wp\/v2\/media?parent=17931"}],"wp:term":[{"taxonomy":"product_brand","embeddable":true,"href":"https:\/\/profert.dz\/fr\/index.php\/wp-json\/wp\/v2\/product_brand?post=17931"},{"taxonomy":"product_cat","embeddable":true,"href":"https:\/\/profert.dz\/fr\/index.php\/wp-json\/wp\/v2\/product_cat?post=17931"},{"taxonomy":"product_tag","embeddable":true,"href":"https:\/\/profert.dz\/fr\/index.php\/wp-json\/wp\/v2\/product_tag?post=17931"}],"curies":[{"name":"wp","href":"https:\/\/api.w.org\/{rel}","templated":true}]}}