{"id":17924,"date":"2018-08-23T15:10:34","date_gmt":"2018-08-23T13:10:34","guid":{"rendered":"http:\/\/profert.dz\/fr\/?post_type=product&#038;p=17924"},"modified":"2023-08-29T12:23:02","modified_gmt":"2023-08-29T10:23:02","slug":"patgreen","status":"publish","type":"product","link":"https:\/\/profert.dz\/fr\/index.php\/produit\/patgreen\/","title":{"rendered":"Patgreen<sup>\u00ae<\/sup>"},"content":{"rendered":"","protected":false},"excerpt":{"rendered":"<h3>Patgreen<sup>\u00ae<\/sup> est un engrais solide adapt\u00e9 \u00e0 la culture de la pomme de terre. Il est recommand\u00e9 pour les r\u00e9gions du sud, au stade lev\u00e9e.<\/h3>\n<p><strong>Avantages :<\/strong><br \/>\n<strong>Patgreen<sup>\u00ae<\/sup><\/strong> est un engrais ternaire formul\u00e9 sp\u00e9cifiquement pour la culture de la pomme de terre dans les r\u00e9gions du sud de l\u2019Alg\u00e9rie. Il est utilisable \u00e0 la lev\u00e9e.<br \/>\n<strong>Patgreen<sup>\u00ae<\/sup><\/strong> permet d\u2019am\u00e9liorer la croissance et l\u2019homog\u00e9n\u00e9it\u00e9 des tubercules ainsi que leurs caract\u00e9ristiques de conservation.<br \/>\nTous les \u00e9l\u00e9ments nutritifs contenus dans <strong>Patgreen<sup>\u00ae<\/sup><\/strong> sont assimilables, ils se dissolvent facilement et rapidement dans l\u2019eau offrant une disponibilit\u00e9 imm\u00e9diate.<br \/>\n<strong>Patgreen<sup>\u00ae<\/sup><\/strong> est dot\u00e9 d\u2019un pouvoir acidifiant important gr\u00e2ce aux \u00e9l\u00e9ments qui le composent. Tous ces \u00e9l\u00e9ments ont un pH tr\u00e8s bas, ils concourent \u00e0 acidifier fortement la rhizosph\u00e8re, lib\u00e9rer et faciliter l\u2019assimilation des \u00e9l\u00e9ments nutritifs.<br \/>\n<strong>Patgreen<sup>\u00ae<\/sup><\/strong> ne contient pas de chlore ni de calcium.<\/p>\n<p><strong>Dose g\u00e9n\u00e9ralement recommand\u00e9e :<\/strong><br \/>\nAppliquer <strong>Patgreen<sup>\u00ae<\/sup><\/strong> \u00e0 la lev\u00e9e, \u00e0 la dose de 6 qx\/ha.<br \/>\n[wpdm_package id='26554']<\/p>\n","protected":false},"featured_media":24894,"template":"","meta":[],"product_brand":[],"product_cat":[120],"product_tag":[],"class_list":{"0":"post-17924","1":"product","2":"type-product","3":"status-publish","4":"has-post-thumbnail","6":"product_cat-engraisnpk","8":"first","9":"instock","10":"shipping-taxable","11":"product-type-simple"},"yoast_head":"<!-- This site is optimized with the Yoast SEO plugin v25.6 - https:\/\/yoast.com\/wordpress\/plugins\/seo\/ -->\n<title>Patgreen\u00ae - Profert<\/title>\n<meta name=\"robots\" content=\"index, follow, max-snippet:-1, max-image-preview:large, max-video-preview:-1\" \/>\n<link rel=\"canonical\" href=\"https:\/\/profert.dz\/fr\/index.php\/produit\/patgreen\/\" \/>\n<meta property=\"og:locale\" content=\"fr_FR\" \/>\n<meta property=\"og:type\" content=\"article\" \/>\n<meta property=\"og:title\" content=\"Patgreen\u00ae - Profert\" \/>\n<meta property=\"og:description\" content=\"Patgreen\u00ae est un engrais solide adapt\u00e9 \u00e0 la culture de la pomme de terre. Il est recommand\u00e9 pour les r\u00e9gions du sud, au stade lev\u00e9e. Avantages : Patgreen\u00ae est un engrais ternaire formul\u00e9 sp\u00e9cifiquement pour la culture de la pomme de terre dans les r\u00e9gions du sud de l\u2019Alg\u00e9rie. Il est utilisable \u00e0 la lev\u00e9e. Patgreen\u00ae permet d\u2019am\u00e9liorer la croissance et l\u2019homog\u00e9n\u00e9it\u00e9 des tubercules ainsi que leurs caract\u00e9ristiques de conservation. Tous les \u00e9l\u00e9ments nutritifs contenus dans Patgreen\u00ae sont assimilables, ils se dissolvent facilement et rapidement dans l\u2019eau offrant une disponibilit\u00e9 imm\u00e9diate. Patgreen\u00ae est dot\u00e9 d\u2019un pouvoir acidifiant important gr\u00e2ce aux \u00e9l\u00e9ments qui le composent. Tous ces \u00e9l\u00e9ments ont un pH tr\u00e8s bas, ils concourent \u00e0 acidifier fortement la rhizosph\u00e8re, lib\u00e9rer et faciliter l\u2019assimilation des \u00e9l\u00e9ments nutritifs. Patgreen\u00ae ne contient pas de chlore ni de calcium.  Dose g\u00e9n\u00e9ralement recommand\u00e9e : Appliquer Patgreen\u00ae \u00e0 la lev\u00e9e, \u00e0 la dose de 6 qx\/ha.\" \/>\n<meta property=\"og:url\" content=\"https:\/\/profert.dz\/fr\/index.php\/produit\/patgreen\/\" \/>\n<meta property=\"og:site_name\" content=\"Profert\" \/>\n<meta property=\"article:modified_time\" content=\"2023-08-29T10:23:02+00:00\" \/>\n<meta property=\"og:image\" content=\"https:\/\/profert.dz\/fr\/wp-content\/uploads\/2018\/08\/Sac-Patgreen.png\" \/>\n\t<meta property=\"og:image:width\" content=\"720\" \/>\n\t<meta property=\"og:image:height\" content=\"658\" \/>\n\t<meta property=\"og:image:type\" content=\"image\/png\" \/>\n<meta name=\"twitter:card\" content=\"summary_large_image\" \/>\n<script type=\"application\/ld+json\" class=\"yoast-schema-graph\">{\"@context\":\"https:\/\/schema.org\",\"@graph\":[{\"@type\":\"WebPage\",\"@id\":\"https:\/\/profert.dz\/fr\/index.php\/produit\/patgreen\/\",\"url\":\"https:\/\/profert.dz\/fr\/index.php\/produit\/patgreen\/\",\"name\":\"Patgreen\u00ae - Profert\",\"isPartOf\":{\"@id\":\"https:\/\/profert.dz\/fr\/#website\"},\"primaryImageOfPage\":{\"@id\":\"https:\/\/profert.dz\/fr\/index.php\/produit\/patgreen\/#primaryimage\"},\"image\":{\"@id\":\"https:\/\/profert.dz\/fr\/index.php\/produit\/patgreen\/#primaryimage\"},\"thumbnailUrl\":\"https:\/\/profert.dz\/fr\/wp-content\/uploads\/2018\/08\/Sac-Patgreen.png\",\"datePublished\":\"2018-08-23T13:10:34+00:00\",\"dateModified\":\"2023-08-29T10:23:02+00:00\",\"breadcrumb\":{\"@id\":\"https:\/\/profert.dz\/fr\/index.php\/produit\/patgreen\/#breadcrumb\"},\"inLanguage\":\"fr-FR\",\"potentialAction\":[{\"@type\":\"ReadAction\",\"target\":[\"https:\/\/profert.dz\/fr\/index.php\/produit\/patgreen\/\"]}]},{\"@type\":\"ImageObject\",\"inLanguage\":\"fr-FR\",\"@id\":\"https:\/\/profert.dz\/fr\/index.php\/produit\/patgreen\/#primaryimage\",\"url\":\"https:\/\/profert.dz\/fr\/wp-content\/uploads\/2018\/08\/Sac-Patgreen.png\",\"contentUrl\":\"https:\/\/profert.dz\/fr\/wp-content\/uploads\/2018\/08\/Sac-Patgreen.png\",\"width\":720,\"height\":658},{\"@type\":\"BreadcrumbList\",\"@id\":\"https:\/\/profert.dz\/fr\/index.php\/produit\/patgreen\/#breadcrumb\",\"itemListElement\":[{\"@type\":\"ListItem\",\"position\":1,\"name\":\"Accueil\",\"item\":\"https:\/\/profert.dz\/fr\/\"},{\"@type\":\"ListItem\",\"position\":2,\"name\":\"Produits\",\"item\":\"https:\/\/profert.dz\/fr\/index.php\/boutique\/\"},{\"@type\":\"ListItem\",\"position\":3,\"name\":\"Patgreen\u00ae\"}]},{\"@type\":\"WebSite\",\"@id\":\"https:\/\/profert.dz\/fr\/#website\",\"url\":\"https:\/\/profert.dz\/fr\/\",\"name\":\"Profert.dz\",\"description\":\"Agriculture Alg\u00e9rie\",\"potentialAction\":[{\"@type\":\"SearchAction\",\"target\":{\"@type\":\"EntryPoint\",\"urlTemplate\":\"https:\/\/profert.dz\/fr\/?s={search_term_string}\"},\"query-input\":{\"@type\":\"PropertyValueSpecification\",\"valueRequired\":true,\"valueName\":\"search_term_string\"}}],\"inLanguage\":\"fr-FR\"}]}<\/script>\n<!-- \/ Yoast SEO plugin. -->","yoast_head_json":{"title":"Patgreen\u00ae - Profert","robots":{"index":"index","follow":"follow","max-snippet":"max-snippet:-1","max-image-preview":"max-image-preview:large","max-video-preview":"max-video-preview:-1"},"canonical":"https:\/\/profert.dz\/fr\/index.php\/produit\/patgreen\/","og_locale":"fr_FR","og_type":"article","og_title":"Patgreen\u00ae - Profert","og_description":"Patgreen\u00ae est un engrais solide adapt\u00e9 \u00e0 la culture de la pomme de terre. Il est recommand\u00e9 pour les r\u00e9gions du sud, au stade lev\u00e9e. Avantages : Patgreen\u00ae est un engrais ternaire formul\u00e9 sp\u00e9cifiquement pour la culture de la pomme de terre dans les r\u00e9gions du sud de l\u2019Alg\u00e9rie. Il est utilisable \u00e0 la lev\u00e9e. Patgreen\u00ae permet d\u2019am\u00e9liorer la croissance et l\u2019homog\u00e9n\u00e9it\u00e9 des tubercules ainsi que leurs caract\u00e9ristiques de conservation. Tous les \u00e9l\u00e9ments nutritifs contenus dans Patgreen\u00ae sont assimilables, ils se dissolvent facilement et rapidement dans l\u2019eau offrant une disponibilit\u00e9 imm\u00e9diate. Patgreen\u00ae est dot\u00e9 d\u2019un pouvoir acidifiant important gr\u00e2ce aux \u00e9l\u00e9ments qui le composent. Tous ces \u00e9l\u00e9ments ont un pH tr\u00e8s bas, ils concourent \u00e0 acidifier fortement la rhizosph\u00e8re, lib\u00e9rer et faciliter l\u2019assimilation des \u00e9l\u00e9ments nutritifs. Patgreen\u00ae ne contient pas de chlore ni de calcium.  Dose g\u00e9n\u00e9ralement recommand\u00e9e : Appliquer Patgreen\u00ae \u00e0 la lev\u00e9e, \u00e0 la dose de 6 qx\/ha.","og_url":"https:\/\/profert.dz\/fr\/index.php\/produit\/patgreen\/","og_site_name":"Profert","article_modified_time":"2023-08-29T10:23:02+00:00","og_image":[{"width":720,"height":658,"url":"https:\/\/profert.dz\/fr\/wp-content\/uploads\/2018\/08\/Sac-Patgreen.png","type":"image\/png"}],"twitter_card":"summary_large_image","schema":{"@context":"https:\/\/schema.org","@graph":[{"@type":"WebPage","@id":"https:\/\/profert.dz\/fr\/index.php\/produit\/patgreen\/","url":"https:\/\/profert.dz\/fr\/index.php\/produit\/patgreen\/","name":"Patgreen\u00ae - Profert","isPartOf":{"@id":"https:\/\/profert.dz\/fr\/#website"},"primaryImageOfPage":{"@id":"https:\/\/profert.dz\/fr\/index.php\/produit\/patgreen\/#primaryimage"},"image":{"@id":"https:\/\/profert.dz\/fr\/index.php\/produit\/patgreen\/#primaryimage"},"thumbnailUrl":"https:\/\/profert.dz\/fr\/wp-content\/uploads\/2018\/08\/Sac-Patgreen.png","datePublished":"2018-08-23T13:10:34+00:00","dateModified":"2023-08-29T10:23:02+00:00","breadcrumb":{"@id":"https:\/\/profert.dz\/fr\/index.php\/produit\/patgreen\/#breadcrumb"},"inLanguage":"fr-FR","potentialAction":[{"@type":"ReadAction","target":["https:\/\/profert.dz\/fr\/index.php\/produit\/patgreen\/"]}]},{"@type":"ImageObject","inLanguage":"fr-FR","@id":"https:\/\/profert.dz\/fr\/index.php\/produit\/patgreen\/#primaryimage","url":"https:\/\/profert.dz\/fr\/wp-content\/uploads\/2018\/08\/Sac-Patgreen.png","contentUrl":"https:\/\/profert.dz\/fr\/wp-content\/uploads\/2018\/08\/Sac-Patgreen.png","width":720,"height":658},{"@type":"BreadcrumbList","@id":"https:\/\/profert.dz\/fr\/index.php\/produit\/patgreen\/#breadcrumb","itemListElement":[{"@type":"ListItem","position":1,"name":"Accueil","item":"https:\/\/profert.dz\/fr\/"},{"@type":"ListItem","position":2,"name":"Produits","item":"https:\/\/profert.dz\/fr\/index.php\/boutique\/"},{"@type":"ListItem","position":3,"name":"Patgreen\u00ae"}]},{"@type":"WebSite","@id":"https:\/\/profert.dz\/fr\/#website","url":"https:\/\/profert.dz\/fr\/","name":"Profert.dz","description":"Agriculture Alg\u00e9rie","potentialAction":[{"@type":"SearchAction","target":{"@type":"EntryPoint","urlTemplate":"https:\/\/profert.dz\/fr\/?s={search_term_string}"},"query-input":{"@type":"PropertyValueSpecification","valueRequired":true,"valueName":"search_term_string"}}],"inLanguage":"fr-FR"}]}},"_links":{"self":[{"href":"https:\/\/profert.dz\/fr\/index.php\/wp-json\/wp\/v2\/product\/17924"}],"collection":[{"href":"https:\/\/profert.dz\/fr\/index.php\/wp-json\/wp\/v2\/product"}],"about":[{"href":"https:\/\/profert.dz\/fr\/index.php\/wp-json\/wp\/v2\/types\/product"}],"wp:featuredmedia":[{"embeddable":true,"href":"https:\/\/profert.dz\/fr\/index.php\/wp-json\/wp\/v2\/media\/24894"}],"wp:attachment":[{"href":"https:\/\/profert.dz\/fr\/index.php\/wp-json\/wp\/v2\/media?parent=17924"}],"wp:term":[{"taxonomy":"product_brand","embeddable":true,"href":"https:\/\/profert.dz\/fr\/index.php\/wp-json\/wp\/v2\/product_brand?post=17924"},{"taxonomy":"product_cat","embeddable":true,"href":"https:\/\/profert.dz\/fr\/index.php\/wp-json\/wp\/v2\/product_cat?post=17924"},{"taxonomy":"product_tag","embeddable":true,"href":"https:\/\/profert.dz\/fr\/index.php\/wp-json\/wp\/v2\/product_tag?post=17924"}],"curies":[{"name":"wp","href":"https:\/\/api.w.org\/{rel}","templated":true}]}}