{"id":17495,"date":"2018-09-15T16:59:22","date_gmt":"2018-09-15T14:59:22","guid":{"rendered":"http:\/\/profert.dz\/fr\/?post_type=product&#038;p=17495"},"modified":"2025-03-16T13:18:39","modified_gmt":"2025-03-16T12:18:39","slug":"arbofert","status":"publish","type":"product","link":"https:\/\/profert.dz\/fr\/index.php\/produit\/arbofert\/","title":{"rendered":"Arbofert<sup>\u00ae<\/sup>"},"content":{"rendered":"","protected":false},"excerpt":{"rendered":"<h3 style=\"text-align: justify;\">Arbofert<sup>\u00ae<\/sup> l\u2019engrais de fond des arbres fruitiers et de la vigne.<\/h3>\n<p style=\"text-align: justify;\"><strong>Formulation :<\/strong> granul\u00e9.<br \/>\n<strong>Composition :<\/strong><br \/>\n<strong>\u2022 Azote ammoniacal (NH<sub>4<\/sub>) :<\/strong> 5 %.<br \/>\n<strong>\u2022 Anhydride phosphorique (P<sub>2<\/sub>O<sub>5<\/sub>) :<\/strong> 21 %.<br \/>\n<strong>\u2022 Potasse sous forme sulfate (K<sub>2<\/sub>O) :<\/strong> 30 %.<br \/>\n<strong>\u2022 Soufre sous forme sulfate (SO<sub>3<\/sub>) :<\/strong> 26 %<\/p>\n<p style=\"text-align: justify;\"><strong>Avantages :<\/strong><br \/>\n<strong>Arbofert<sup>\u00ae<\/sup><\/strong> est un engrais NPK complet et tr\u00e8s concentr\u00e9 (82 unit\u00e9s fertilisantes).<br \/>\n<strong>Arbofert<sup>\u00ae<\/sup><\/strong> a \u00e9t\u00e9 sp\u00e9cifiquement con\u00e7u pour la fumure de fond des arbres fruitiers et de la vigne.<br \/>\n<strong>Arbofert<sup>\u00ae<\/sup><\/strong> contient de l\u2019azote ammoniacal qui se nitrifie lentement pour \u00eatre disponible au d\u00e9bourrement et accompagner les premiers d\u00e9veloppements v\u00e9g\u00e9tatifs, du phosphore assimilable pour le d\u00e9veloppement racinaire, la f\u00e9condation et la division cellulaire et d\u2019autres fonctions physiologiques, de la potasse en grande quantit\u00e9 pour remplir les r\u00e9serves, soutenir la demande en cet \u00e9l\u00e9ment et produire des fruits homog\u00e8nes et de grande qualit\u00e9.<br \/>\n<strong>Arbofert<sup>\u00ae<\/sup><\/strong> est dot\u00e9 d\u2019un pouvoir acidifiant important gr\u00e2ce aux \u00e9l\u00e9ments qui le composent (acide phosphorique, azote ammoniacal et sulfate de potasse).<br \/>\nTous ces \u00e9l\u00e9ments concourent \u00e0 acidifier fortement la rhizosph\u00e8re.<br \/>\nL\u2019\u00e9quilibre de la formule est bien adapt\u00e9 aux exigences des arbres fruitiers, agrumes, vigne et olivier.<\/p>\n<p style=\"text-align: justify;\"><strong>Utilisations :<\/strong><br \/>\nIl est recommand\u00e9 d\u2019apporter <strong>Arbofert<sup>\u00ae<\/sup><\/strong> en fumure de fond \u00e0 la sortie de l\u2019hiver, avant le d\u00e9bourrement.<\/p>\n<p><strong>Dose g\u00e9n\u00e9ralement recommand\u00e9e :<\/strong><br \/>\n<img decoding=\"async\" class=\"alignnone wp-image-17498\" src=\"http:\/\/profert.dz\/fr\/wp-content\/uploads\/2018\/07\/FT.-Arbofert-1.jpg\" alt=\"\" width=\"370\" height=\"193\" srcset=\"https:\/\/profert.dz\/fr\/wp-content\/uploads\/2018\/07\/FT.-Arbofert-1-120x63.jpg 120w, https:\/\/profert.dz\/fr\/wp-content\/uploads\/2018\/07\/FT.-Arbofert-1-200x104.jpg 200w, https:\/\/profert.dz\/fr\/wp-content\/uploads\/2018\/07\/FT.-Arbofert-1-300x157.jpg 300w, https:\/\/profert.dz\/fr\/wp-content\/uploads\/2018\/07\/FT.-Arbofert-1-400x209.jpg 400w, https:\/\/profert.dz\/fr\/wp-content\/uploads\/2018\/07\/FT.-Arbofert-1.jpg 500w\" sizes=\"(max-width: 370px) 100vw, 370px\" \/><br \/>\n[wpdm_package id='26549']<\/p>\n","protected":false},"featured_media":31996,"template":"","meta":[],"product_brand":[],"product_cat":[120],"product_tag":[],"class_list":{"0":"post-17495","1":"product","2":"type-product","3":"status-publish","4":"has-post-thumbnail","6":"product_cat-engraisnpk","8":"first","9":"instock","10":"shipping-taxable","11":"product-type-simple"},"yoast_head":"<!-- This site is optimized with the Yoast SEO plugin v25.6 - https:\/\/yoast.com\/wordpress\/plugins\/seo\/ -->\n<title>Arbofert\u00ae - Profert<\/title>\n<meta name=\"robots\" content=\"index, follow, max-snippet:-1, max-image-preview:large, max-video-preview:-1\" \/>\n<link rel=\"canonical\" href=\"https:\/\/profert.dz\/fr\/index.php\/produit\/arbofert\/\" \/>\n<meta property=\"og:locale\" content=\"fr_FR\" \/>\n<meta property=\"og:type\" content=\"article\" \/>\n<meta property=\"og:title\" content=\"Arbofert\u00ae - Profert\" \/>\n<meta property=\"og:description\" content=\"Arbofert\u00ae l\u2019engrais de fond des arbres fruitiers et de la vigne. Formulation : granul\u00e9. Composition : \u2022 Azote ammoniacal (NH4) : 5 %. \u2022 Anhydride phosphorique (P2O5) : 21 %. \u2022 Potasse sous forme sulfate (K2O) : 30 %. \u2022 Soufre sous forme sulfate (SO3) : 26 % Avantages : Arbofert\u00ae est un engrais NPK complet et tr\u00e8s concentr\u00e9 (82 unit\u00e9s fertilisantes). Arbofert\u00ae a \u00e9t\u00e9 sp\u00e9cifiquement con\u00e7u pour la fumure de fond des arbres fruitiers et de la vigne. Arbofert\u00ae contient de l\u2019azote ammoniacal qui se nitrifie lentement pour \u00eatre disponible au d\u00e9bourrement et accompagner les premiers d\u00e9veloppements v\u00e9g\u00e9tatifs, du phosphore assimilable pour le d\u00e9veloppement racinaire, la f\u00e9condation et la division cellulaire et d\u2019autres fonctions physiologiques, de la potasse en grande quantit\u00e9 pour remplir les r\u00e9serves, soutenir la demande en cet \u00e9l\u00e9ment et produire des fruits homog\u00e8nes et de grande qualit\u00e9. Arbofert\u00ae est dot\u00e9 d\u2019un pouvoir acidifiant important gr\u00e2ce aux \u00e9l\u00e9ments qui le composent (acide phosphorique, azote ammoniacal et sulfate de potasse). Tous ces \u00e9l\u00e9ments concourent \u00e0 acidifier fortement la rhizosph\u00e8re. L\u2019\u00e9quilibre de la formule est bien adapt\u00e9 aux exigences des arbres fruitiers, agrumes, vigne et olivier. Utilisations : Il est recommand\u00e9 d\u2019apporter Arbofert\u00ae en fumure de fond \u00e0 la sortie de l\u2019hiver, avant le d\u00e9bourrement. Dose g\u00e9n\u00e9ralement recommand\u00e9e :\" \/>\n<meta property=\"og:url\" content=\"https:\/\/profert.dz\/fr\/index.php\/produit\/arbofert\/\" \/>\n<meta property=\"og:site_name\" content=\"Profert\" \/>\n<meta property=\"article:modified_time\" content=\"2025-03-16T12:18:39+00:00\" \/>\n<meta property=\"og:image\" content=\"https:\/\/profert.dz\/fr\/wp-content\/uploads\/2018\/09\/arbofert2.jpg\" \/>\n\t<meta property=\"og:image:width\" content=\"942\" \/>\n\t<meta property=\"og:image:height\" content=\"859\" \/>\n\t<meta property=\"og:image:type\" content=\"image\/jpeg\" \/>\n<meta name=\"twitter:card\" content=\"summary_large_image\" \/>\n<meta name=\"twitter:label1\" content=\"Dur\u00e9e de lecture estim\u00e9e\" \/>\n\t<meta name=\"twitter:data1\" content=\"1 minute\" \/>\n<script type=\"application\/ld+json\" class=\"yoast-schema-graph\">{\"@context\":\"https:\/\/schema.org\",\"@graph\":[{\"@type\":\"WebPage\",\"@id\":\"https:\/\/profert.dz\/fr\/index.php\/produit\/arbofert\/\",\"url\":\"https:\/\/profert.dz\/fr\/index.php\/produit\/arbofert\/\",\"name\":\"Arbofert\u00ae - Profert\",\"isPartOf\":{\"@id\":\"https:\/\/profert.dz\/fr\/#website\"},\"primaryImageOfPage\":{\"@id\":\"https:\/\/profert.dz\/fr\/index.php\/produit\/arbofert\/#primaryimage\"},\"image\":{\"@id\":\"https:\/\/profert.dz\/fr\/index.php\/produit\/arbofert\/#primaryimage\"},\"thumbnailUrl\":\"https:\/\/profert.dz\/fr\/wp-content\/uploads\/2018\/09\/arbofert2.jpg\",\"datePublished\":\"2018-09-15T14:59:22+00:00\",\"dateModified\":\"2025-03-16T12:18:39+00:00\",\"breadcrumb\":{\"@id\":\"https:\/\/profert.dz\/fr\/index.php\/produit\/arbofert\/#breadcrumb\"},\"inLanguage\":\"fr-FR\",\"potentialAction\":[{\"@type\":\"ReadAction\",\"target\":[\"https:\/\/profert.dz\/fr\/index.php\/produit\/arbofert\/\"]}]},{\"@type\":\"ImageObject\",\"inLanguage\":\"fr-FR\",\"@id\":\"https:\/\/profert.dz\/fr\/index.php\/produit\/arbofert\/#primaryimage\",\"url\":\"https:\/\/profert.dz\/fr\/wp-content\/uploads\/2018\/09\/arbofert2.jpg\",\"contentUrl\":\"https:\/\/profert.dz\/fr\/wp-content\/uploads\/2018\/09\/arbofert2.jpg\",\"width\":942,\"height\":859},{\"@type\":\"BreadcrumbList\",\"@id\":\"https:\/\/profert.dz\/fr\/index.php\/produit\/arbofert\/#breadcrumb\",\"itemListElement\":[{\"@type\":\"ListItem\",\"position\":1,\"name\":\"Accueil\",\"item\":\"https:\/\/profert.dz\/fr\/\"},{\"@type\":\"ListItem\",\"position\":2,\"name\":\"Produits\",\"item\":\"https:\/\/profert.dz\/fr\/index.php\/boutique\/\"},{\"@type\":\"ListItem\",\"position\":3,\"name\":\"Arbofert\u00ae\"}]},{\"@type\":\"WebSite\",\"@id\":\"https:\/\/profert.dz\/fr\/#website\",\"url\":\"https:\/\/profert.dz\/fr\/\",\"name\":\"Profert.dz\",\"description\":\"Agriculture Alg\u00e9rie\",\"potentialAction\":[{\"@type\":\"SearchAction\",\"target\":{\"@type\":\"EntryPoint\",\"urlTemplate\":\"https:\/\/profert.dz\/fr\/?s={search_term_string}\"},\"query-input\":{\"@type\":\"PropertyValueSpecification\",\"valueRequired\":true,\"valueName\":\"search_term_string\"}}],\"inLanguage\":\"fr-FR\"}]}<\/script>\n<!-- \/ Yoast SEO plugin. -->","yoast_head_json":{"title":"Arbofert\u00ae - Profert","robots":{"index":"index","follow":"follow","max-snippet":"max-snippet:-1","max-image-preview":"max-image-preview:large","max-video-preview":"max-video-preview:-1"},"canonical":"https:\/\/profert.dz\/fr\/index.php\/produit\/arbofert\/","og_locale":"fr_FR","og_type":"article","og_title":"Arbofert\u00ae - Profert","og_description":"Arbofert\u00ae l\u2019engrais de fond des arbres fruitiers et de la vigne. Formulation : granul\u00e9. Composition : \u2022 Azote ammoniacal (NH4) : 5 %. \u2022 Anhydride phosphorique (P2O5) : 21 %. \u2022 Potasse sous forme sulfate (K2O) : 30 %. \u2022 Soufre sous forme sulfate (SO3) : 26 % Avantages : Arbofert\u00ae est un engrais NPK complet et tr\u00e8s concentr\u00e9 (82 unit\u00e9s fertilisantes). Arbofert\u00ae a \u00e9t\u00e9 sp\u00e9cifiquement con\u00e7u pour la fumure de fond des arbres fruitiers et de la vigne. Arbofert\u00ae contient de l\u2019azote ammoniacal qui se nitrifie lentement pour \u00eatre disponible au d\u00e9bourrement et accompagner les premiers d\u00e9veloppements v\u00e9g\u00e9tatifs, du phosphore assimilable pour le d\u00e9veloppement racinaire, la f\u00e9condation et la division cellulaire et d\u2019autres fonctions physiologiques, de la potasse en grande quantit\u00e9 pour remplir les r\u00e9serves, soutenir la demande en cet \u00e9l\u00e9ment et produire des fruits homog\u00e8nes et de grande qualit\u00e9. Arbofert\u00ae est dot\u00e9 d\u2019un pouvoir acidifiant important gr\u00e2ce aux \u00e9l\u00e9ments qui le composent (acide phosphorique, azote ammoniacal et sulfate de potasse). Tous ces \u00e9l\u00e9ments concourent \u00e0 acidifier fortement la rhizosph\u00e8re. L\u2019\u00e9quilibre de la formule est bien adapt\u00e9 aux exigences des arbres fruitiers, agrumes, vigne et olivier. Utilisations : Il est recommand\u00e9 d\u2019apporter Arbofert\u00ae en fumure de fond \u00e0 la sortie de l\u2019hiver, avant le d\u00e9bourrement. Dose g\u00e9n\u00e9ralement recommand\u00e9e :","og_url":"https:\/\/profert.dz\/fr\/index.php\/produit\/arbofert\/","og_site_name":"Profert","article_modified_time":"2025-03-16T12:18:39+00:00","og_image":[{"width":942,"height":859,"url":"https:\/\/profert.dz\/fr\/wp-content\/uploads\/2018\/09\/arbofert2.jpg","type":"image\/jpeg"}],"twitter_card":"summary_large_image","twitter_misc":{"Dur\u00e9e de lecture estim\u00e9e":"1 minute"},"schema":{"@context":"https:\/\/schema.org","@graph":[{"@type":"WebPage","@id":"https:\/\/profert.dz\/fr\/index.php\/produit\/arbofert\/","url":"https:\/\/profert.dz\/fr\/index.php\/produit\/arbofert\/","name":"Arbofert\u00ae - Profert","isPartOf":{"@id":"https:\/\/profert.dz\/fr\/#website"},"primaryImageOfPage":{"@id":"https:\/\/profert.dz\/fr\/index.php\/produit\/arbofert\/#primaryimage"},"image":{"@id":"https:\/\/profert.dz\/fr\/index.php\/produit\/arbofert\/#primaryimage"},"thumbnailUrl":"https:\/\/profert.dz\/fr\/wp-content\/uploads\/2018\/09\/arbofert2.jpg","datePublished":"2018-09-15T14:59:22+00:00","dateModified":"2025-03-16T12:18:39+00:00","breadcrumb":{"@id":"https:\/\/profert.dz\/fr\/index.php\/produit\/arbofert\/#breadcrumb"},"inLanguage":"fr-FR","potentialAction":[{"@type":"ReadAction","target":["https:\/\/profert.dz\/fr\/index.php\/produit\/arbofert\/"]}]},{"@type":"ImageObject","inLanguage":"fr-FR","@id":"https:\/\/profert.dz\/fr\/index.php\/produit\/arbofert\/#primaryimage","url":"https:\/\/profert.dz\/fr\/wp-content\/uploads\/2018\/09\/arbofert2.jpg","contentUrl":"https:\/\/profert.dz\/fr\/wp-content\/uploads\/2018\/09\/arbofert2.jpg","width":942,"height":859},{"@type":"BreadcrumbList","@id":"https:\/\/profert.dz\/fr\/index.php\/produit\/arbofert\/#breadcrumb","itemListElement":[{"@type":"ListItem","position":1,"name":"Accueil","item":"https:\/\/profert.dz\/fr\/"},{"@type":"ListItem","position":2,"name":"Produits","item":"https:\/\/profert.dz\/fr\/index.php\/boutique\/"},{"@type":"ListItem","position":3,"name":"Arbofert\u00ae"}]},{"@type":"WebSite","@id":"https:\/\/profert.dz\/fr\/#website","url":"https:\/\/profert.dz\/fr\/","name":"Profert.dz","description":"Agriculture Alg\u00e9rie","potentialAction":[{"@type":"SearchAction","target":{"@type":"EntryPoint","urlTemplate":"https:\/\/profert.dz\/fr\/?s={search_term_string}"},"query-input":{"@type":"PropertyValueSpecification","valueRequired":true,"valueName":"search_term_string"}}],"inLanguage":"fr-FR"}]}},"_links":{"self":[{"href":"https:\/\/profert.dz\/fr\/index.php\/wp-json\/wp\/v2\/product\/17495"}],"collection":[{"href":"https:\/\/profert.dz\/fr\/index.php\/wp-json\/wp\/v2\/product"}],"about":[{"href":"https:\/\/profert.dz\/fr\/index.php\/wp-json\/wp\/v2\/types\/product"}],"wp:featuredmedia":[{"embeddable":true,"href":"https:\/\/profert.dz\/fr\/index.php\/wp-json\/wp\/v2\/media\/31996"}],"wp:attachment":[{"href":"https:\/\/profert.dz\/fr\/index.php\/wp-json\/wp\/v2\/media?parent=17495"}],"wp:term":[{"taxonomy":"product_brand","embeddable":true,"href":"https:\/\/profert.dz\/fr\/index.php\/wp-json\/wp\/v2\/product_brand?post=17495"},{"taxonomy":"product_cat","embeddable":true,"href":"https:\/\/profert.dz\/fr\/index.php\/wp-json\/wp\/v2\/product_cat?post=17495"},{"taxonomy":"product_tag","embeddable":true,"href":"https:\/\/profert.dz\/fr\/index.php\/wp-json\/wp\/v2\/product_tag?post=17495"}],"curies":[{"name":"wp","href":"https:\/\/api.w.org\/{rel}","templated":true}]}}