{"id":17492,"date":"2018-07-30T11:30:36","date_gmt":"2018-07-30T09:30:36","guid":{"rendered":"http:\/\/profert.dz\/fr\/?post_type=product&#038;p=17492"},"modified":"2025-09-25T11:36:04","modified_gmt":"2025-09-25T09:36:04","slug":"npk-11-15-15","status":"publish","type":"product","link":"https:\/\/profert.dz\/fr\/index.php\/produit\/npk-11-15-15\/","title":{"rendered":"NPK 11.15.15"},"content":{"rendered":"","protected":false},"excerpt":{"rendered":"<h3>Le NPK 11 15 15 est un engrais solide complet, riche en soufre.<\/h3>\n<p style=\"text-align: justify;\"><strong>Formulation :<\/strong> granul\u00e9.<br \/>\n<strong>Composition :<\/strong><br \/>\n<strong>\u2022 Azote total (N) :<\/strong> 11 %.<br \/>\n<strong>\u2022 Anhydride phosphorique (P<sub>2<\/sub>O<sub>5<\/sub>) :<\/strong> 15 %.<br \/>\n<strong>\u2022 Oxyde de potassium (K<sub>2<\/sub>O) :<\/strong> 15 % sous forme sulfate de potassium.<br \/>\n<strong>\u2022 Anhydride sulfurique (SO<sub>3<\/sub>) :<\/strong> 15 %.<\/p>\n<p style=\"text-align: justify;\"><strong>Avantages :<\/strong><br \/>\nLe <strong>NPK 11 15 15<\/strong> est dot\u00e9 d\u2019un pouvoir acidifiant important gr\u00e2ce aux \u00e9l\u00e9ments qui le composent (acide phosphorique, azote ammoniacal et sulfate de potasse). Tous ces \u00e9l\u00e9ments ont un pH tr\u00e8s bas, ils concourent \u00e0 acidifier fortement la rhizosph\u00e8re, \u00e0 lib\u00e9rer et \u00e0 faciliter l\u2019assimilation des \u00e9l\u00e9ments nutritifs.<br \/>\nL\u2019\u00e9quilibre de la formule est bien adapt\u00e9 aux exigences de toutes les cultures mara\u00eech\u00e8res (pomme de terre, past\u00e8que, tomate, poivron, melon&#8230;).<\/p>\n<p style=\"text-align: justify;\"><strong>Utilisations :<\/strong><br \/>\nLe <strong>NPK 11 15 15<\/strong> peut \u00eatre utilis\u00e9 sur toutes cultures, au moment de la plantation, au semis et en couverture.<\/p>\n<p><strong>Dose g\u00e9n\u00e9ralement recommand\u00e9e :<\/strong><br \/>\n<img decoding=\"async\" class=\"alignnone wp-image-17494\" src=\"http:\/\/profert.dz\/fr\/wp-content\/uploads\/2018\/07\/FT.-NPK-11.15.15-1.jpg\" alt=\"\" width=\"370\" height=\"183\" srcset=\"https:\/\/profert.dz\/fr\/wp-content\/uploads\/2018\/07\/FT.-NPK-11.15.15-1-120x59.jpg 120w, https:\/\/profert.dz\/fr\/wp-content\/uploads\/2018\/07\/FT.-NPK-11.15.15-1-200x99.jpg 200w, https:\/\/profert.dz\/fr\/wp-content\/uploads\/2018\/07\/FT.-NPK-11.15.15-1-300x148.jpg 300w, https:\/\/profert.dz\/fr\/wp-content\/uploads\/2018\/07\/FT.-NPK-11.15.15-1-400x198.jpg 400w, https:\/\/profert.dz\/fr\/wp-content\/uploads\/2018\/07\/FT.-NPK-11.15.15-1.jpg 500w\" sizes=\"(max-width: 370px) 100vw, 370px\" \/><br \/>\n[wpdm_package id='26556']<\/p>\n","protected":false},"featured_media":33153,"template":"","meta":[],"product_brand":[],"product_cat":[120],"product_tag":[],"class_list":{"0":"post-17492","1":"product","2":"type-product","3":"status-publish","4":"has-post-thumbnail","6":"product_cat-engraisnpk","8":"first","9":"instock","10":"shipping-taxable","11":"product-type-simple"},"yoast_head":"<!-- This site is optimized with the Yoast SEO plugin v25.6 - https:\/\/yoast.com\/wordpress\/plugins\/seo\/ -->\n<title>NPK 11.15.15 - Profert<\/title>\n<meta name=\"robots\" content=\"index, follow, max-snippet:-1, max-image-preview:large, max-video-preview:-1\" \/>\n<link rel=\"canonical\" href=\"https:\/\/profert.dz\/fr\/index.php\/produit\/npk-11-15-15\/\" \/>\n<meta property=\"og:locale\" content=\"fr_FR\" \/>\n<meta property=\"og:type\" content=\"article\" \/>\n<meta property=\"og:title\" content=\"NPK 11.15.15 - Profert\" \/>\n<meta property=\"og:description\" content=\"Le NPK 11 15 15 est un engrais solide complet, riche en soufre. Formulation : granul\u00e9. Composition : \u2022 Azote total (N) : 11 %. \u2022 Anhydride phosphorique (P2O5) : 15 %. \u2022 Oxyde de potassium (K2O) : 15 % sous forme sulfate de potassium. \u2022 Anhydride sulfurique (SO3) : 15 %. Avantages : Le NPK 11 15 15 est dot\u00e9 d\u2019un pouvoir acidifiant important gr\u00e2ce aux \u00e9l\u00e9ments qui le composent (acide phosphorique, azote ammoniacal et sulfate de potasse). Tous ces \u00e9l\u00e9ments ont un pH tr\u00e8s bas, ils concourent \u00e0 acidifier fortement la rhizosph\u00e8re, \u00e0 lib\u00e9rer et \u00e0 faciliter l\u2019assimilation des \u00e9l\u00e9ments nutritifs. L\u2019\u00e9quilibre de la formule est bien adapt\u00e9 aux exigences de toutes les cultures mara\u00eech\u00e8res (pomme de terre, past\u00e8que, tomate, poivron, melon...). Utilisations : Le NPK 11 15 15 peut \u00eatre utilis\u00e9 sur toutes cultures, au moment de la plantation, au semis et en couverture. Dose g\u00e9n\u00e9ralement recommand\u00e9e :\" \/>\n<meta property=\"og:url\" content=\"https:\/\/profert.dz\/fr\/index.php\/produit\/npk-11-15-15\/\" \/>\n<meta property=\"og:site_name\" content=\"Profert\" \/>\n<meta property=\"article:modified_time\" content=\"2025-09-25T09:36:04+00:00\" \/>\n<meta property=\"og:image\" content=\"https:\/\/profert.dz\/fr\/wp-content\/uploads\/2018\/07\/NPK-11.15.15-edite-1.jpg\" \/>\n\t<meta property=\"og:image:width\" content=\"1667\" \/>\n\t<meta property=\"og:image:height\" content=\"1553\" \/>\n\t<meta property=\"og:image:type\" content=\"image\/jpeg\" \/>\n<meta name=\"twitter:card\" content=\"summary_large_image\" \/>\n<meta name=\"twitter:label1\" content=\"Dur\u00e9e de lecture estim\u00e9e\" \/>\n\t<meta name=\"twitter:data1\" content=\"1 minute\" \/>\n<script type=\"application\/ld+json\" class=\"yoast-schema-graph\">{\"@context\":\"https:\/\/schema.org\",\"@graph\":[{\"@type\":\"WebPage\",\"@id\":\"https:\/\/profert.dz\/fr\/index.php\/produit\/npk-11-15-15\/\",\"url\":\"https:\/\/profert.dz\/fr\/index.php\/produit\/npk-11-15-15\/\",\"name\":\"NPK 11.15.15 - Profert\",\"isPartOf\":{\"@id\":\"https:\/\/profert.dz\/fr\/#website\"},\"primaryImageOfPage\":{\"@id\":\"https:\/\/profert.dz\/fr\/index.php\/produit\/npk-11-15-15\/#primaryimage\"},\"image\":{\"@id\":\"https:\/\/profert.dz\/fr\/index.php\/produit\/npk-11-15-15\/#primaryimage\"},\"thumbnailUrl\":\"https:\/\/profert.dz\/fr\/wp-content\/uploads\/2018\/07\/NPK-11.15.15-edite-1.jpg\",\"datePublished\":\"2018-07-30T09:30:36+00:00\",\"dateModified\":\"2025-09-25T09:36:04+00:00\",\"breadcrumb\":{\"@id\":\"https:\/\/profert.dz\/fr\/index.php\/produit\/npk-11-15-15\/#breadcrumb\"},\"inLanguage\":\"fr-FR\",\"potentialAction\":[{\"@type\":\"ReadAction\",\"target\":[\"https:\/\/profert.dz\/fr\/index.php\/produit\/npk-11-15-15\/\"]}]},{\"@type\":\"ImageObject\",\"inLanguage\":\"fr-FR\",\"@id\":\"https:\/\/profert.dz\/fr\/index.php\/produit\/npk-11-15-15\/#primaryimage\",\"url\":\"https:\/\/profert.dz\/fr\/wp-content\/uploads\/2018\/07\/NPK-11.15.15-edite-1.jpg\",\"contentUrl\":\"https:\/\/profert.dz\/fr\/wp-content\/uploads\/2018\/07\/NPK-11.15.15-edite-1.jpg\",\"width\":1667,\"height\":1553},{\"@type\":\"BreadcrumbList\",\"@id\":\"https:\/\/profert.dz\/fr\/index.php\/produit\/npk-11-15-15\/#breadcrumb\",\"itemListElement\":[{\"@type\":\"ListItem\",\"position\":1,\"name\":\"Accueil\",\"item\":\"https:\/\/profert.dz\/fr\/\"},{\"@type\":\"ListItem\",\"position\":2,\"name\":\"Produits\",\"item\":\"https:\/\/profert.dz\/fr\/index.php\/boutique\/\"},{\"@type\":\"ListItem\",\"position\":3,\"name\":\"NPK 11.15.15\"}]},{\"@type\":\"WebSite\",\"@id\":\"https:\/\/profert.dz\/fr\/#website\",\"url\":\"https:\/\/profert.dz\/fr\/\",\"name\":\"Profert.dz\",\"description\":\"Agriculture Alg\u00e9rie\",\"potentialAction\":[{\"@type\":\"SearchAction\",\"target\":{\"@type\":\"EntryPoint\",\"urlTemplate\":\"https:\/\/profert.dz\/fr\/?s={search_term_string}\"},\"query-input\":{\"@type\":\"PropertyValueSpecification\",\"valueRequired\":true,\"valueName\":\"search_term_string\"}}],\"inLanguage\":\"fr-FR\"}]}<\/script>\n<!-- \/ Yoast SEO plugin. -->","yoast_head_json":{"title":"NPK 11.15.15 - Profert","robots":{"index":"index","follow":"follow","max-snippet":"max-snippet:-1","max-image-preview":"max-image-preview:large","max-video-preview":"max-video-preview:-1"},"canonical":"https:\/\/profert.dz\/fr\/index.php\/produit\/npk-11-15-15\/","og_locale":"fr_FR","og_type":"article","og_title":"NPK 11.15.15 - Profert","og_description":"Le NPK 11 15 15 est un engrais solide complet, riche en soufre. Formulation : granul\u00e9. Composition : \u2022 Azote total (N) : 11 %. \u2022 Anhydride phosphorique (P2O5) : 15 %. \u2022 Oxyde de potassium (K2O) : 15 % sous forme sulfate de potassium. \u2022 Anhydride sulfurique (SO3) : 15 %. Avantages : Le NPK 11 15 15 est dot\u00e9 d\u2019un pouvoir acidifiant important gr\u00e2ce aux \u00e9l\u00e9ments qui le composent (acide phosphorique, azote ammoniacal et sulfate de potasse). Tous ces \u00e9l\u00e9ments ont un pH tr\u00e8s bas, ils concourent \u00e0 acidifier fortement la rhizosph\u00e8re, \u00e0 lib\u00e9rer et \u00e0 faciliter l\u2019assimilation des \u00e9l\u00e9ments nutritifs. L\u2019\u00e9quilibre de la formule est bien adapt\u00e9 aux exigences de toutes les cultures mara\u00eech\u00e8res (pomme de terre, past\u00e8que, tomate, poivron, melon...). Utilisations : Le NPK 11 15 15 peut \u00eatre utilis\u00e9 sur toutes cultures, au moment de la plantation, au semis et en couverture. Dose g\u00e9n\u00e9ralement recommand\u00e9e :","og_url":"https:\/\/profert.dz\/fr\/index.php\/produit\/npk-11-15-15\/","og_site_name":"Profert","article_modified_time":"2025-09-25T09:36:04+00:00","og_image":[{"width":1667,"height":1553,"url":"https:\/\/profert.dz\/fr\/wp-content\/uploads\/2018\/07\/NPK-11.15.15-edite-1.jpg","type":"image\/jpeg"}],"twitter_card":"summary_large_image","twitter_misc":{"Dur\u00e9e de lecture estim\u00e9e":"1 minute"},"schema":{"@context":"https:\/\/schema.org","@graph":[{"@type":"WebPage","@id":"https:\/\/profert.dz\/fr\/index.php\/produit\/npk-11-15-15\/","url":"https:\/\/profert.dz\/fr\/index.php\/produit\/npk-11-15-15\/","name":"NPK 11.15.15 - Profert","isPartOf":{"@id":"https:\/\/profert.dz\/fr\/#website"},"primaryImageOfPage":{"@id":"https:\/\/profert.dz\/fr\/index.php\/produit\/npk-11-15-15\/#primaryimage"},"image":{"@id":"https:\/\/profert.dz\/fr\/index.php\/produit\/npk-11-15-15\/#primaryimage"},"thumbnailUrl":"https:\/\/profert.dz\/fr\/wp-content\/uploads\/2018\/07\/NPK-11.15.15-edite-1.jpg","datePublished":"2018-07-30T09:30:36+00:00","dateModified":"2025-09-25T09:36:04+00:00","breadcrumb":{"@id":"https:\/\/profert.dz\/fr\/index.php\/produit\/npk-11-15-15\/#breadcrumb"},"inLanguage":"fr-FR","potentialAction":[{"@type":"ReadAction","target":["https:\/\/profert.dz\/fr\/index.php\/produit\/npk-11-15-15\/"]}]},{"@type":"ImageObject","inLanguage":"fr-FR","@id":"https:\/\/profert.dz\/fr\/index.php\/produit\/npk-11-15-15\/#primaryimage","url":"https:\/\/profert.dz\/fr\/wp-content\/uploads\/2018\/07\/NPK-11.15.15-edite-1.jpg","contentUrl":"https:\/\/profert.dz\/fr\/wp-content\/uploads\/2018\/07\/NPK-11.15.15-edite-1.jpg","width":1667,"height":1553},{"@type":"BreadcrumbList","@id":"https:\/\/profert.dz\/fr\/index.php\/produit\/npk-11-15-15\/#breadcrumb","itemListElement":[{"@type":"ListItem","position":1,"name":"Accueil","item":"https:\/\/profert.dz\/fr\/"},{"@type":"ListItem","position":2,"name":"Produits","item":"https:\/\/profert.dz\/fr\/index.php\/boutique\/"},{"@type":"ListItem","position":3,"name":"NPK 11.15.15"}]},{"@type":"WebSite","@id":"https:\/\/profert.dz\/fr\/#website","url":"https:\/\/profert.dz\/fr\/","name":"Profert.dz","description":"Agriculture Alg\u00e9rie","potentialAction":[{"@type":"SearchAction","target":{"@type":"EntryPoint","urlTemplate":"https:\/\/profert.dz\/fr\/?s={search_term_string}"},"query-input":{"@type":"PropertyValueSpecification","valueRequired":true,"valueName":"search_term_string"}}],"inLanguage":"fr-FR"}]}},"_links":{"self":[{"href":"https:\/\/profert.dz\/fr\/index.php\/wp-json\/wp\/v2\/product\/17492"}],"collection":[{"href":"https:\/\/profert.dz\/fr\/index.php\/wp-json\/wp\/v2\/product"}],"about":[{"href":"https:\/\/profert.dz\/fr\/index.php\/wp-json\/wp\/v2\/types\/product"}],"wp:featuredmedia":[{"embeddable":true,"href":"https:\/\/profert.dz\/fr\/index.php\/wp-json\/wp\/v2\/media\/33153"}],"wp:attachment":[{"href":"https:\/\/profert.dz\/fr\/index.php\/wp-json\/wp\/v2\/media?parent=17492"}],"wp:term":[{"taxonomy":"product_brand","embeddable":true,"href":"https:\/\/profert.dz\/fr\/index.php\/wp-json\/wp\/v2\/product_brand?post=17492"},{"taxonomy":"product_cat","embeddable":true,"href":"https:\/\/profert.dz\/fr\/index.php\/wp-json\/wp\/v2\/product_cat?post=17492"},{"taxonomy":"product_tag","embeddable":true,"href":"https:\/\/profert.dz\/fr\/index.php\/wp-json\/wp\/v2\/product_tag?post=17492"}],"curies":[{"name":"wp","href":"https:\/\/api.w.org\/{rel}","templated":true}]}}