{"id":17484,"date":"2018-07-29T15:02:14","date_gmt":"2018-07-29T13:02:14","guid":{"rendered":"http:\/\/profert.dz\/fr\/?post_type=product&#038;p=17484"},"modified":"2023-08-29T11:36:18","modified_gmt":"2023-08-29T09:36:18","slug":"sulfate-dammoniaque-21","status":"publish","type":"product","link":"https:\/\/profert.dz\/fr\/index.php\/produit\/sulfate-dammoniaque-21\/","title":{"rendered":"Sulfate d&rsquo;ammoniaque 21%"},"content":{"rendered":"","protected":false},"excerpt":{"rendered":"<h3 style=\"text-align: justify;\">Le sulfate d\u2019ammoniaque est un engrais qui contient 21% d\u2019azote ammoniacal et 60% de SO<sub>3.<\/sub><\/h3>\n<p style=\"text-align: justify;\"><strong>Formulation :<\/strong> cristaux.<br \/>\n<strong>Composition :<\/strong><br \/>\n\u2022 <strong>Azote total :<\/strong> 21 %.<br \/>\n\u2022 <strong>Anhydride sulfurique (SO<sub>3<\/sub>) :<\/strong> 60 %.<\/p>\n<p style=\"text-align: justify;\"><strong>Avantages :<\/strong><br \/>\nLe sulfate d\u2019ammoniaque a une action soutenue qui assure une disponibilit\u00e9 graduelle de l\u2019azote limitant les pertes par lessivage et \u00e9vitant la survenance des carences en azote.<br \/>\nLe sulfate d\u2019ammoniaque contient une quantit\u00e9 importante de SO<sub>3<\/sub> , ce qui permet :<br \/>\n\u2022 De nourrir les plantes exigeantes en soufre (c\u00e9r\u00e9ales, crucif\u00e8res, pomme de terre &#8230;).<br \/>\n\u2022 De pr\u00e9venir des carences en soufre.<br \/>\n\u2022 De participer activement \u00e0 l\u2019acidification de la rhizosph\u00e8re.<br \/>\n\u2022 L\u2019association de l\u2019azote ammoniacal et du soufre, pr\u00e9sente un pouvoir acidifiant important permettant la lib\u00e9ration des \u00e9l\u00e9ments bloqu\u00e9s dans le sol (P, K, Fe, Mn, Zn).<br \/>\nLe sulfate d\u2019ammoniaque est recommand\u00e9 sur toutes cultures et tous sols, particuli\u00e8rement les sols \u00e0 pH \u00e9lev\u00e9.<\/p>\n<p style=\"text-align: justify;\"><strong>Dose g\u00e9n\u00e9ralement recommand\u00e9e :<\/strong><br \/>\n<img decoding=\"async\" class=\"alignnone wp-image-17485\" src=\"http:\/\/profert.dz\/fr\/wp-content\/uploads\/2018\/07\/FT.-Sulfate-Ammoniaque-1.jpg\" alt=\"\" width=\"370\" height=\"235\" srcset=\"https:\/\/profert.dz\/fr\/wp-content\/uploads\/2018\/07\/FT.-Sulfate-Ammoniaque-1-120x76.jpg 120w, https:\/\/profert.dz\/fr\/wp-content\/uploads\/2018\/07\/FT.-Sulfate-Ammoniaque-1-200x127.jpg 200w, https:\/\/profert.dz\/fr\/wp-content\/uploads\/2018\/07\/FT.-Sulfate-Ammoniaque-1-300x191.jpg 300w, https:\/\/profert.dz\/fr\/wp-content\/uploads\/2018\/07\/FT.-Sulfate-Ammoniaque-1-320x202.jpg 320w, https:\/\/profert.dz\/fr\/wp-content\/uploads\/2018\/07\/FT.-Sulfate-Ammoniaque-1-400x254.jpg 400w, https:\/\/profert.dz\/fr\/wp-content\/uploads\/2018\/07\/FT.-Sulfate-Ammoniaque-1.jpg 500w\" sizes=\"(max-width: 370px) 100vw, 370px\" \/><\/p>\n[wpdm_package id='26539']\n","protected":false},"featured_media":24859,"template":"","meta":[],"product_brand":[],"product_cat":[119],"product_tag":[],"class_list":{"0":"post-17484","1":"product","2":"type-product","3":"status-publish","4":"has-post-thumbnail","6":"product_cat-engraisazote","8":"first","9":"instock","10":"shipping-taxable","11":"product-type-simple"},"yoast_head":"<!-- This site is optimized with the Yoast SEO plugin v25.6 - https:\/\/yoast.com\/wordpress\/plugins\/seo\/ -->\n<title>Sulfate d&#039;ammoniaque 21% - Profert<\/title>\n<meta name=\"robots\" content=\"index, follow, max-snippet:-1, max-image-preview:large, max-video-preview:-1\" \/>\n<link rel=\"canonical\" href=\"https:\/\/profert.dz\/fr\/index.php\/produit\/sulfate-dammoniaque-21\/\" \/>\n<meta property=\"og:locale\" content=\"fr_FR\" \/>\n<meta property=\"og:type\" content=\"article\" \/>\n<meta property=\"og:title\" content=\"Sulfate d&#039;ammoniaque 21% - Profert\" \/>\n<meta property=\"og:description\" content=\"Le sulfate d\u2019ammoniaque est un engrais qui contient 21% d\u2019azote ammoniacal et 60% de SO3. Formulation : cristaux. Composition : \u2022 Azote total : 21 %. \u2022 Anhydride sulfurique (SO3) : 60 %. Avantages : Le sulfate d\u2019ammoniaque a une action soutenue qui assure une disponibilit\u00e9 graduelle de l\u2019azote limitant les pertes par lessivage et \u00e9vitant la survenance des carences en azote. Le sulfate d\u2019ammoniaque contient une quantit\u00e9 importante de SO3 , ce qui permet : \u2022 De nourrir les plantes exigeantes en soufre (c\u00e9r\u00e9ales, crucif\u00e8res, pomme de terre ...). \u2022 De pr\u00e9venir des carences en soufre. \u2022 De participer activement \u00e0 l\u2019acidification de la rhizosph\u00e8re. \u2022 L\u2019association de l\u2019azote ammoniacal et du soufre, pr\u00e9sente un pouvoir acidifiant important permettant la lib\u00e9ration des \u00e9l\u00e9ments bloqu\u00e9s dans le sol (P, K, Fe, Mn, Zn). Le sulfate d\u2019ammoniaque est recommand\u00e9 sur toutes cultures et tous sols, particuli\u00e8rement les sols \u00e0 pH \u00e9lev\u00e9. Dose g\u00e9n\u00e9ralement recommand\u00e9e :\" \/>\n<meta property=\"og:url\" content=\"https:\/\/profert.dz\/fr\/index.php\/produit\/sulfate-dammoniaque-21\/\" \/>\n<meta property=\"og:site_name\" content=\"Profert\" \/>\n<meta property=\"article:modified_time\" content=\"2023-08-29T09:36:18+00:00\" \/>\n<meta property=\"og:image\" content=\"https:\/\/profert.dz\/fr\/wp-content\/uploads\/2018\/07\/Sulfate.png\" \/>\n\t<meta property=\"og:image:width\" content=\"720\" \/>\n\t<meta property=\"og:image:height\" content=\"658\" \/>\n\t<meta property=\"og:image:type\" content=\"image\/png\" \/>\n<meta name=\"twitter:card\" content=\"summary_large_image\" \/>\n<script type=\"application\/ld+json\" class=\"yoast-schema-graph\">{\"@context\":\"https:\/\/schema.org\",\"@graph\":[{\"@type\":\"WebPage\",\"@id\":\"https:\/\/profert.dz\/fr\/index.php\/produit\/sulfate-dammoniaque-21\/\",\"url\":\"https:\/\/profert.dz\/fr\/index.php\/produit\/sulfate-dammoniaque-21\/\",\"name\":\"Sulfate d'ammoniaque 21% - Profert\",\"isPartOf\":{\"@id\":\"https:\/\/profert.dz\/fr\/#website\"},\"primaryImageOfPage\":{\"@id\":\"https:\/\/profert.dz\/fr\/index.php\/produit\/sulfate-dammoniaque-21\/#primaryimage\"},\"image\":{\"@id\":\"https:\/\/profert.dz\/fr\/index.php\/produit\/sulfate-dammoniaque-21\/#primaryimage\"},\"thumbnailUrl\":\"https:\/\/profert.dz\/fr\/wp-content\/uploads\/2018\/07\/Sulfate.png\",\"datePublished\":\"2018-07-29T13:02:14+00:00\",\"dateModified\":\"2023-08-29T09:36:18+00:00\",\"breadcrumb\":{\"@id\":\"https:\/\/profert.dz\/fr\/index.php\/produit\/sulfate-dammoniaque-21\/#breadcrumb\"},\"inLanguage\":\"fr-FR\",\"potentialAction\":[{\"@type\":\"ReadAction\",\"target\":[\"https:\/\/profert.dz\/fr\/index.php\/produit\/sulfate-dammoniaque-21\/\"]}]},{\"@type\":\"ImageObject\",\"inLanguage\":\"fr-FR\",\"@id\":\"https:\/\/profert.dz\/fr\/index.php\/produit\/sulfate-dammoniaque-21\/#primaryimage\",\"url\":\"https:\/\/profert.dz\/fr\/wp-content\/uploads\/2018\/07\/Sulfate.png\",\"contentUrl\":\"https:\/\/profert.dz\/fr\/wp-content\/uploads\/2018\/07\/Sulfate.png\",\"width\":720,\"height\":658},{\"@type\":\"BreadcrumbList\",\"@id\":\"https:\/\/profert.dz\/fr\/index.php\/produit\/sulfate-dammoniaque-21\/#breadcrumb\",\"itemListElement\":[{\"@type\":\"ListItem\",\"position\":1,\"name\":\"Accueil\",\"item\":\"https:\/\/profert.dz\/fr\/\"},{\"@type\":\"ListItem\",\"position\":2,\"name\":\"Produits\",\"item\":\"https:\/\/profert.dz\/fr\/index.php\/boutique\/\"},{\"@type\":\"ListItem\",\"position\":3,\"name\":\"Sulfate d&rsquo;ammoniaque 21%\"}]},{\"@type\":\"WebSite\",\"@id\":\"https:\/\/profert.dz\/fr\/#website\",\"url\":\"https:\/\/profert.dz\/fr\/\",\"name\":\"Profert.dz\",\"description\":\"Agriculture Alg\u00e9rie\",\"potentialAction\":[{\"@type\":\"SearchAction\",\"target\":{\"@type\":\"EntryPoint\",\"urlTemplate\":\"https:\/\/profert.dz\/fr\/?s={search_term_string}\"},\"query-input\":{\"@type\":\"PropertyValueSpecification\",\"valueRequired\":true,\"valueName\":\"search_term_string\"}}],\"inLanguage\":\"fr-FR\"}]}<\/script>\n<!-- \/ Yoast SEO plugin. -->","yoast_head_json":{"title":"Sulfate d'ammoniaque 21% - Profert","robots":{"index":"index","follow":"follow","max-snippet":"max-snippet:-1","max-image-preview":"max-image-preview:large","max-video-preview":"max-video-preview:-1"},"canonical":"https:\/\/profert.dz\/fr\/index.php\/produit\/sulfate-dammoniaque-21\/","og_locale":"fr_FR","og_type":"article","og_title":"Sulfate d'ammoniaque 21% - Profert","og_description":"Le sulfate d\u2019ammoniaque est un engrais qui contient 21% d\u2019azote ammoniacal et 60% de SO3. Formulation : cristaux. Composition : \u2022 Azote total : 21 %. \u2022 Anhydride sulfurique (SO3) : 60 %. Avantages : Le sulfate d\u2019ammoniaque a une action soutenue qui assure une disponibilit\u00e9 graduelle de l\u2019azote limitant les pertes par lessivage et \u00e9vitant la survenance des carences en azote. Le sulfate d\u2019ammoniaque contient une quantit\u00e9 importante de SO3 , ce qui permet : \u2022 De nourrir les plantes exigeantes en soufre (c\u00e9r\u00e9ales, crucif\u00e8res, pomme de terre ...). \u2022 De pr\u00e9venir des carences en soufre. \u2022 De participer activement \u00e0 l\u2019acidification de la rhizosph\u00e8re. \u2022 L\u2019association de l\u2019azote ammoniacal et du soufre, pr\u00e9sente un pouvoir acidifiant important permettant la lib\u00e9ration des \u00e9l\u00e9ments bloqu\u00e9s dans le sol (P, K, Fe, Mn, Zn). Le sulfate d\u2019ammoniaque est recommand\u00e9 sur toutes cultures et tous sols, particuli\u00e8rement les sols \u00e0 pH \u00e9lev\u00e9. Dose g\u00e9n\u00e9ralement recommand\u00e9e :","og_url":"https:\/\/profert.dz\/fr\/index.php\/produit\/sulfate-dammoniaque-21\/","og_site_name":"Profert","article_modified_time":"2023-08-29T09:36:18+00:00","og_image":[{"width":720,"height":658,"url":"https:\/\/profert.dz\/fr\/wp-content\/uploads\/2018\/07\/Sulfate.png","type":"image\/png"}],"twitter_card":"summary_large_image","schema":{"@context":"https:\/\/schema.org","@graph":[{"@type":"WebPage","@id":"https:\/\/profert.dz\/fr\/index.php\/produit\/sulfate-dammoniaque-21\/","url":"https:\/\/profert.dz\/fr\/index.php\/produit\/sulfate-dammoniaque-21\/","name":"Sulfate d'ammoniaque 21% - Profert","isPartOf":{"@id":"https:\/\/profert.dz\/fr\/#website"},"primaryImageOfPage":{"@id":"https:\/\/profert.dz\/fr\/index.php\/produit\/sulfate-dammoniaque-21\/#primaryimage"},"image":{"@id":"https:\/\/profert.dz\/fr\/index.php\/produit\/sulfate-dammoniaque-21\/#primaryimage"},"thumbnailUrl":"https:\/\/profert.dz\/fr\/wp-content\/uploads\/2018\/07\/Sulfate.png","datePublished":"2018-07-29T13:02:14+00:00","dateModified":"2023-08-29T09:36:18+00:00","breadcrumb":{"@id":"https:\/\/profert.dz\/fr\/index.php\/produit\/sulfate-dammoniaque-21\/#breadcrumb"},"inLanguage":"fr-FR","potentialAction":[{"@type":"ReadAction","target":["https:\/\/profert.dz\/fr\/index.php\/produit\/sulfate-dammoniaque-21\/"]}]},{"@type":"ImageObject","inLanguage":"fr-FR","@id":"https:\/\/profert.dz\/fr\/index.php\/produit\/sulfate-dammoniaque-21\/#primaryimage","url":"https:\/\/profert.dz\/fr\/wp-content\/uploads\/2018\/07\/Sulfate.png","contentUrl":"https:\/\/profert.dz\/fr\/wp-content\/uploads\/2018\/07\/Sulfate.png","width":720,"height":658},{"@type":"BreadcrumbList","@id":"https:\/\/profert.dz\/fr\/index.php\/produit\/sulfate-dammoniaque-21\/#breadcrumb","itemListElement":[{"@type":"ListItem","position":1,"name":"Accueil","item":"https:\/\/profert.dz\/fr\/"},{"@type":"ListItem","position":2,"name":"Produits","item":"https:\/\/profert.dz\/fr\/index.php\/boutique\/"},{"@type":"ListItem","position":3,"name":"Sulfate d&rsquo;ammoniaque 21%"}]},{"@type":"WebSite","@id":"https:\/\/profert.dz\/fr\/#website","url":"https:\/\/profert.dz\/fr\/","name":"Profert.dz","description":"Agriculture Alg\u00e9rie","potentialAction":[{"@type":"SearchAction","target":{"@type":"EntryPoint","urlTemplate":"https:\/\/profert.dz\/fr\/?s={search_term_string}"},"query-input":{"@type":"PropertyValueSpecification","valueRequired":true,"valueName":"search_term_string"}}],"inLanguage":"fr-FR"}]}},"_links":{"self":[{"href":"https:\/\/profert.dz\/fr\/index.php\/wp-json\/wp\/v2\/product\/17484"}],"collection":[{"href":"https:\/\/profert.dz\/fr\/index.php\/wp-json\/wp\/v2\/product"}],"about":[{"href":"https:\/\/profert.dz\/fr\/index.php\/wp-json\/wp\/v2\/types\/product"}],"wp:featuredmedia":[{"embeddable":true,"href":"https:\/\/profert.dz\/fr\/index.php\/wp-json\/wp\/v2\/media\/24859"}],"wp:attachment":[{"href":"https:\/\/profert.dz\/fr\/index.php\/wp-json\/wp\/v2\/media?parent=17484"}],"wp:term":[{"taxonomy":"product_brand","embeddable":true,"href":"https:\/\/profert.dz\/fr\/index.php\/wp-json\/wp\/v2\/product_brand?post=17484"},{"taxonomy":"product_cat","embeddable":true,"href":"https:\/\/profert.dz\/fr\/index.php\/wp-json\/wp\/v2\/product_cat?post=17484"},{"taxonomy":"product_tag","embeddable":true,"href":"https:\/\/profert.dz\/fr\/index.php\/wp-json\/wp\/v2\/product_tag?post=17484"}],"curies":[{"name":"wp","href":"https:\/\/api.w.org\/{rel}","templated":true}]}}