{"id":16218,"date":"2018-04-03T15:52:18","date_gmt":"2018-04-03T13:52:18","guid":{"rendered":"http:\/\/profert.dz\/fr\/?post_type=product&#038;p=16218"},"modified":"2026-01-13T16:13:16","modified_gmt":"2026-01-13T15:13:16","slug":"vertimec","status":"publish","type":"product","link":"https:\/\/profert.dz\/fr\/index.php\/produit\/vertimec\/","title":{"rendered":"Vertimec<sup>\u00ae<\/sup>"},"content":{"rendered":"","protected":false},"excerpt":{"rendered":"<p style=\"text-align: justify;\"><strong>Formulation :<\/strong> EC (\u00e9mulsion concentr\u00e9e).<br \/>\n<strong>Mati\u00e8re active :<\/strong> Abamectine.<br \/>\n<strong>Famille chimique :<\/strong> Avermectine.<br \/>\n<strong>Concentration :<\/strong> 18 g\/L.<\/p>\n<p style=\"text-align: justify;\"><strong>Vertimec<sup>\u00ae<\/sup><\/strong> est un insecticide\/acaricide qui contient de l\u2019Abamectine.<br \/>\n<strong>Vertimec<sup>\u00ae<\/sup><\/strong> est efficace contre un nombre important d\u2019insectes et d\u2019acariens.<br \/>\n<strong>Vertimec<sup>\u00ae<\/sup><\/strong> agit par contact et ingestion. Il a une action lente mais une forte mortalit\u00e9 des insectes est observ\u00e9e entre 3 \u00e0 5 jours apr\u00e8s application. Il poss\u00e8de une efficacit\u00e9 plus durable.<br \/>\n<strong>Vertimec<sup>\u00ae<\/sup><\/strong> est assimil\u00e9 rapidement par les feuilles. Ayant une activit\u00e9 translaminaire il les prot\u00e8ge des deux faces.<\/p>\n<p style=\"text-align: justify;\"><strong>Utilisations et doses d\u2019emploi :<\/strong><br \/>\n<img decoding=\"async\" class=\"alignnone size-full wp-image-16219\" src=\"http:\/\/profert.dz\/fr\/wp-content\/uploads\/2018\/04\/Vertimec\u00ae.jpg\" alt=\"\" width=\"500\" height=\"210\" srcset=\"https:\/\/profert.dz\/fr\/wp-content\/uploads\/2018\/04\/Vertimec\u00ae-120x50.jpg 120w, https:\/\/profert.dz\/fr\/wp-content\/uploads\/2018\/04\/Vertimec\u00ae-200x84.jpg 200w, https:\/\/profert.dz\/fr\/wp-content\/uploads\/2018\/04\/Vertimec\u00ae-300x126.jpg 300w, https:\/\/profert.dz\/fr\/wp-content\/uploads\/2018\/04\/Vertimec\u00ae-400x168.jpg 400w, https:\/\/profert.dz\/fr\/wp-content\/uploads\/2018\/04\/Vertimec\u00ae.jpg 500w\" sizes=\"(max-width: 500px) 100vw, 500px\" \/><\/p>\n[wpdm_package id='26458']\n","protected":false},"featured_media":33776,"template":"","meta":[],"product_brand":[],"product_cat":[88],"product_tag":[],"class_list":{"0":"post-16218","1":"product","2":"type-product","3":"status-publish","4":"has-post-thumbnail","6":"product_cat-insecticides-00","8":"first","9":"instock","10":"shipping-taxable","11":"product-type-simple"},"yoast_head":"<!-- This site is optimized with the Yoast SEO plugin v25.6 - https:\/\/yoast.com\/wordpress\/plugins\/seo\/ -->\n<title>Vertimec\u00ae - Profert<\/title>\n<meta name=\"robots\" content=\"index, follow, max-snippet:-1, max-image-preview:large, max-video-preview:-1\" \/>\n<link rel=\"canonical\" href=\"https:\/\/profert.dz\/fr\/index.php\/produit\/vertimec\/\" \/>\n<meta property=\"og:locale\" content=\"fr_FR\" \/>\n<meta property=\"og:type\" content=\"article\" \/>\n<meta property=\"og:title\" content=\"Vertimec\u00ae - Profert\" \/>\n<meta property=\"og:description\" content=\"Formulation : EC (\u00e9mulsion concentr\u00e9e). Mati\u00e8re active : Abamectine. Famille chimique : Avermectine. Concentration : 18 g\/L. Vertimec\u00ae est un insecticide\/acaricide qui contient de l\u2019Abamectine. Vertimec\u00ae est efficace contre un nombre important d\u2019insectes et d\u2019acariens. Vertimec\u00ae agit par contact et ingestion. Il a une action lente mais une forte mortalit\u00e9 des insectes est observ\u00e9e entre 3 \u00e0 5 jours apr\u00e8s application. Il poss\u00e8de une efficacit\u00e9 plus durable. Vertimec\u00ae est assimil\u00e9 rapidement par les feuilles. Ayant une activit\u00e9 translaminaire il les prot\u00e8ge des deux faces. Utilisations et doses d\u2019emploi :\" \/>\n<meta property=\"og:url\" content=\"https:\/\/profert.dz\/fr\/index.php\/produit\/vertimec\/\" \/>\n<meta property=\"og:site_name\" content=\"Profert\" \/>\n<meta property=\"article:modified_time\" content=\"2026-01-13T15:13:16+00:00\" \/>\n<meta property=\"og:image\" content=\"https:\/\/profert.dz\/fr\/wp-content\/uploads\/2018\/04\/vertimec-torsion.png\" \/>\n\t<meta property=\"og:image:width\" content=\"940\" \/>\n\t<meta property=\"og:image:height\" content=\"788\" \/>\n\t<meta property=\"og:image:type\" content=\"image\/png\" \/>\n<meta name=\"twitter:card\" content=\"summary_large_image\" \/>\n<meta name=\"twitter:label1\" content=\"Dur\u00e9e de lecture estim\u00e9e\" \/>\n\t<meta name=\"twitter:data1\" content=\"1 minute\" \/>\n<script type=\"application\/ld+json\" class=\"yoast-schema-graph\">{\"@context\":\"https:\/\/schema.org\",\"@graph\":[{\"@type\":\"WebPage\",\"@id\":\"https:\/\/profert.dz\/fr\/index.php\/produit\/vertimec\/\",\"url\":\"https:\/\/profert.dz\/fr\/index.php\/produit\/vertimec\/\",\"name\":\"Vertimec\u00ae - Profert\",\"isPartOf\":{\"@id\":\"https:\/\/profert.dz\/fr\/#website\"},\"primaryImageOfPage\":{\"@id\":\"https:\/\/profert.dz\/fr\/index.php\/produit\/vertimec\/#primaryimage\"},\"image\":{\"@id\":\"https:\/\/profert.dz\/fr\/index.php\/produit\/vertimec\/#primaryimage\"},\"thumbnailUrl\":\"https:\/\/profert.dz\/fr\/wp-content\/uploads\/2018\/04\/vertimec-torsion.png\",\"datePublished\":\"2018-04-03T13:52:18+00:00\",\"dateModified\":\"2026-01-13T15:13:16+00:00\",\"breadcrumb\":{\"@id\":\"https:\/\/profert.dz\/fr\/index.php\/produit\/vertimec\/#breadcrumb\"},\"inLanguage\":\"fr-FR\",\"potentialAction\":[{\"@type\":\"ReadAction\",\"target\":[\"https:\/\/profert.dz\/fr\/index.php\/produit\/vertimec\/\"]}]},{\"@type\":\"ImageObject\",\"inLanguage\":\"fr-FR\",\"@id\":\"https:\/\/profert.dz\/fr\/index.php\/produit\/vertimec\/#primaryimage\",\"url\":\"https:\/\/profert.dz\/fr\/wp-content\/uploads\/2018\/04\/vertimec-torsion.png\",\"contentUrl\":\"https:\/\/profert.dz\/fr\/wp-content\/uploads\/2018\/04\/vertimec-torsion.png\",\"width\":940,\"height\":788},{\"@type\":\"BreadcrumbList\",\"@id\":\"https:\/\/profert.dz\/fr\/index.php\/produit\/vertimec\/#breadcrumb\",\"itemListElement\":[{\"@type\":\"ListItem\",\"position\":1,\"name\":\"Accueil\",\"item\":\"https:\/\/profert.dz\/fr\/\"},{\"@type\":\"ListItem\",\"position\":2,\"name\":\"Produits\",\"item\":\"https:\/\/profert.dz\/fr\/index.php\/boutique\/\"},{\"@type\":\"ListItem\",\"position\":3,\"name\":\"Vertimec\u00ae\"}]},{\"@type\":\"WebSite\",\"@id\":\"https:\/\/profert.dz\/fr\/#website\",\"url\":\"https:\/\/profert.dz\/fr\/\",\"name\":\"Profert.dz\",\"description\":\"Agriculture Alg\u00e9rie\",\"potentialAction\":[{\"@type\":\"SearchAction\",\"target\":{\"@type\":\"EntryPoint\",\"urlTemplate\":\"https:\/\/profert.dz\/fr\/?s={search_term_string}\"},\"query-input\":{\"@type\":\"PropertyValueSpecification\",\"valueRequired\":true,\"valueName\":\"search_term_string\"}}],\"inLanguage\":\"fr-FR\"}]}<\/script>\n<!-- \/ Yoast SEO plugin. -->","yoast_head_json":{"title":"Vertimec\u00ae - Profert","robots":{"index":"index","follow":"follow","max-snippet":"max-snippet:-1","max-image-preview":"max-image-preview:large","max-video-preview":"max-video-preview:-1"},"canonical":"https:\/\/profert.dz\/fr\/index.php\/produit\/vertimec\/","og_locale":"fr_FR","og_type":"article","og_title":"Vertimec\u00ae - Profert","og_description":"Formulation : EC (\u00e9mulsion concentr\u00e9e). Mati\u00e8re active : Abamectine. Famille chimique : Avermectine. Concentration : 18 g\/L. Vertimec\u00ae est un insecticide\/acaricide qui contient de l\u2019Abamectine. Vertimec\u00ae est efficace contre un nombre important d\u2019insectes et d\u2019acariens. Vertimec\u00ae agit par contact et ingestion. Il a une action lente mais une forte mortalit\u00e9 des insectes est observ\u00e9e entre 3 \u00e0 5 jours apr\u00e8s application. Il poss\u00e8de une efficacit\u00e9 plus durable. Vertimec\u00ae est assimil\u00e9 rapidement par les feuilles. Ayant une activit\u00e9 translaminaire il les prot\u00e8ge des deux faces. Utilisations et doses d\u2019emploi :","og_url":"https:\/\/profert.dz\/fr\/index.php\/produit\/vertimec\/","og_site_name":"Profert","article_modified_time":"2026-01-13T15:13:16+00:00","og_image":[{"width":940,"height":788,"url":"https:\/\/profert.dz\/fr\/wp-content\/uploads\/2018\/04\/vertimec-torsion.png","type":"image\/png"}],"twitter_card":"summary_large_image","twitter_misc":{"Dur\u00e9e de lecture estim\u00e9e":"1 minute"},"schema":{"@context":"https:\/\/schema.org","@graph":[{"@type":"WebPage","@id":"https:\/\/profert.dz\/fr\/index.php\/produit\/vertimec\/","url":"https:\/\/profert.dz\/fr\/index.php\/produit\/vertimec\/","name":"Vertimec\u00ae - Profert","isPartOf":{"@id":"https:\/\/profert.dz\/fr\/#website"},"primaryImageOfPage":{"@id":"https:\/\/profert.dz\/fr\/index.php\/produit\/vertimec\/#primaryimage"},"image":{"@id":"https:\/\/profert.dz\/fr\/index.php\/produit\/vertimec\/#primaryimage"},"thumbnailUrl":"https:\/\/profert.dz\/fr\/wp-content\/uploads\/2018\/04\/vertimec-torsion.png","datePublished":"2018-04-03T13:52:18+00:00","dateModified":"2026-01-13T15:13:16+00:00","breadcrumb":{"@id":"https:\/\/profert.dz\/fr\/index.php\/produit\/vertimec\/#breadcrumb"},"inLanguage":"fr-FR","potentialAction":[{"@type":"ReadAction","target":["https:\/\/profert.dz\/fr\/index.php\/produit\/vertimec\/"]}]},{"@type":"ImageObject","inLanguage":"fr-FR","@id":"https:\/\/profert.dz\/fr\/index.php\/produit\/vertimec\/#primaryimage","url":"https:\/\/profert.dz\/fr\/wp-content\/uploads\/2018\/04\/vertimec-torsion.png","contentUrl":"https:\/\/profert.dz\/fr\/wp-content\/uploads\/2018\/04\/vertimec-torsion.png","width":940,"height":788},{"@type":"BreadcrumbList","@id":"https:\/\/profert.dz\/fr\/index.php\/produit\/vertimec\/#breadcrumb","itemListElement":[{"@type":"ListItem","position":1,"name":"Accueil","item":"https:\/\/profert.dz\/fr\/"},{"@type":"ListItem","position":2,"name":"Produits","item":"https:\/\/profert.dz\/fr\/index.php\/boutique\/"},{"@type":"ListItem","position":3,"name":"Vertimec\u00ae"}]},{"@type":"WebSite","@id":"https:\/\/profert.dz\/fr\/#website","url":"https:\/\/profert.dz\/fr\/","name":"Profert.dz","description":"Agriculture Alg\u00e9rie","potentialAction":[{"@type":"SearchAction","target":{"@type":"EntryPoint","urlTemplate":"https:\/\/profert.dz\/fr\/?s={search_term_string}"},"query-input":{"@type":"PropertyValueSpecification","valueRequired":true,"valueName":"search_term_string"}}],"inLanguage":"fr-FR"}]}},"_links":{"self":[{"href":"https:\/\/profert.dz\/fr\/index.php\/wp-json\/wp\/v2\/product\/16218"}],"collection":[{"href":"https:\/\/profert.dz\/fr\/index.php\/wp-json\/wp\/v2\/product"}],"about":[{"href":"https:\/\/profert.dz\/fr\/index.php\/wp-json\/wp\/v2\/types\/product"}],"wp:featuredmedia":[{"embeddable":true,"href":"https:\/\/profert.dz\/fr\/index.php\/wp-json\/wp\/v2\/media\/33776"}],"wp:attachment":[{"href":"https:\/\/profert.dz\/fr\/index.php\/wp-json\/wp\/v2\/media?parent=16218"}],"wp:term":[{"taxonomy":"product_brand","embeddable":true,"href":"https:\/\/profert.dz\/fr\/index.php\/wp-json\/wp\/v2\/product_brand?post=16218"},{"taxonomy":"product_cat","embeddable":true,"href":"https:\/\/profert.dz\/fr\/index.php\/wp-json\/wp\/v2\/product_cat?post=16218"},{"taxonomy":"product_tag","embeddable":true,"href":"https:\/\/profert.dz\/fr\/index.php\/wp-json\/wp\/v2\/product_tag?post=16218"}],"curies":[{"name":"wp","href":"https:\/\/api.w.org\/{rel}","templated":true}]}}