{"id":16210,"date":"2018-04-03T15:31:43","date_gmt":"2018-04-03T13:31:43","guid":{"rendered":"http:\/\/profert.dz\/fr\/?post_type=product&#038;p=16210"},"modified":"2023-08-21T12:50:07","modified_gmt":"2023-08-21T10:50:07","slug":"insegar","status":"publish","type":"product","link":"https:\/\/profert.dz\/fr\/index.php\/produit\/insegar\/","title":{"rendered":"Insegar<sup>\u00ae<\/sup>"},"content":{"rendered":"","protected":false},"excerpt":{"rendered":"<p style=\"text-align: justify;\"><strong>Formulation :<\/strong> WG (granul\u00e9s dispersibles).<br \/>\n<strong>Mati\u00e8re active :<\/strong> F\u00e9noxycarbe.<br \/>\n<strong>Famille chimique :<\/strong> Pyridine-carboxamides.<br \/>\n<strong>Concentration :<\/strong> 25%.<\/p>\n<p style=\"text-align: justify;\"><strong>Insegar<sup>\u00ae<\/sup><\/strong> est un insecticide qui contient du F\u00e9noxycarbe.<br \/>\n<strong>Insegar<sup>\u00ae<\/sup><\/strong> perturbe le cycle biologique des insectes. Il bloque le d\u00e9veloppement embryonnaire et emp\u00eache la transformation des oeufs en larves.<br \/>\n<strong>Insegar<sup>\u00ae<\/sup><\/strong> agit par contact sur les oeufs et par ingestion sur les jeunes larves.<br \/>\n<strong>Insegar<sup>\u00ae<\/sup><\/strong> n\u2019est pas syst\u00e9mique mais il a une activit\u00e9 translaminaire.<\/p>\n<p style=\"text-align: justify;\"><strong>Utilisations et doses d\u2019emploi :<\/strong><br \/>\n<img decoding=\"async\" class=\"alignnone size-full wp-image-16211\" src=\"http:\/\/profert.dz\/fr\/wp-content\/uploads\/2018\/04\/Insegar\u00ae.jpg\" alt=\"\" width=\"500\" height=\"155\" srcset=\"https:\/\/profert.dz\/fr\/wp-content\/uploads\/2018\/04\/Insegar\u00ae-120x37.jpg 120w, https:\/\/profert.dz\/fr\/wp-content\/uploads\/2018\/04\/Insegar\u00ae-200x62.jpg 200w, https:\/\/profert.dz\/fr\/wp-content\/uploads\/2018\/04\/Insegar\u00ae-300x93.jpg 300w, https:\/\/profert.dz\/fr\/wp-content\/uploads\/2018\/04\/Insegar\u00ae-400x124.jpg 400w, https:\/\/profert.dz\/fr\/wp-content\/uploads\/2018\/04\/Insegar\u00ae.jpg 500w\" sizes=\"(max-width: 500px) 100vw, 500px\" \/><\/p>\n[wpdm_package id='26462']\n","protected":false},"featured_media":16453,"template":"","meta":[],"product_brand":[],"product_cat":[88],"product_tag":[],"class_list":{"0":"post-16210","1":"product","2":"type-product","3":"status-publish","4":"has-post-thumbnail","6":"product_cat-insecticides-00","8":"first","9":"instock","10":"shipping-taxable","11":"product-type-simple"},"yoast_head":"<!-- This site is optimized with the Yoast SEO plugin v25.6 - https:\/\/yoast.com\/wordpress\/plugins\/seo\/ -->\n<title>Insegar\u00ae - Profert<\/title>\n<meta name=\"robots\" content=\"index, follow, max-snippet:-1, max-image-preview:large, max-video-preview:-1\" \/>\n<link rel=\"canonical\" href=\"https:\/\/profert.dz\/fr\/index.php\/produit\/insegar\/\" \/>\n<meta property=\"og:locale\" content=\"fr_FR\" \/>\n<meta property=\"og:type\" content=\"article\" \/>\n<meta property=\"og:title\" content=\"Insegar\u00ae - Profert\" \/>\n<meta property=\"og:description\" content=\"Formulation : WG (granul\u00e9s dispersibles). Mati\u00e8re active : F\u00e9noxycarbe. Famille chimique : Pyridine-carboxamides. Concentration : 25%. Insegar\u00ae est un insecticide qui contient du F\u00e9noxycarbe. Insegar\u00ae perturbe le cycle biologique des insectes. Il bloque le d\u00e9veloppement embryonnaire et emp\u00eache la transformation des oeufs en larves. Insegar\u00ae agit par contact sur les oeufs et par ingestion sur les jeunes larves. Insegar\u00ae n\u2019est pas syst\u00e9mique mais il a une activit\u00e9 translaminaire. Utilisations et doses d\u2019emploi :\" \/>\n<meta property=\"og:url\" content=\"https:\/\/profert.dz\/fr\/index.php\/produit\/insegar\/\" \/>\n<meta property=\"og:site_name\" content=\"Profert\" \/>\n<meta property=\"article:modified_time\" content=\"2023-08-21T10:50:07+00:00\" \/>\n<meta property=\"og:image\" content=\"https:\/\/profert.dz\/fr\/wp-content\/uploads\/2018\/04\/Insegar\u00ae-1.jpg\" \/>\n\t<meta property=\"og:image:width\" content=\"720\" \/>\n\t<meta property=\"og:image:height\" content=\"658\" \/>\n\t<meta property=\"og:image:type\" content=\"image\/jpeg\" \/>\n<meta name=\"twitter:card\" content=\"summary_large_image\" \/>\n<script type=\"application\/ld+json\" class=\"yoast-schema-graph\">{\"@context\":\"https:\/\/schema.org\",\"@graph\":[{\"@type\":\"WebPage\",\"@id\":\"https:\/\/profert.dz\/fr\/index.php\/produit\/insegar\/\",\"url\":\"https:\/\/profert.dz\/fr\/index.php\/produit\/insegar\/\",\"name\":\"Insegar\u00ae - Profert\",\"isPartOf\":{\"@id\":\"https:\/\/profert.dz\/fr\/#website\"},\"primaryImageOfPage\":{\"@id\":\"https:\/\/profert.dz\/fr\/index.php\/produit\/insegar\/#primaryimage\"},\"image\":{\"@id\":\"https:\/\/profert.dz\/fr\/index.php\/produit\/insegar\/#primaryimage\"},\"thumbnailUrl\":\"https:\/\/profert.dz\/fr\/wp-content\/uploads\/2018\/04\/Insegar\u00ae-1.jpg\",\"datePublished\":\"2018-04-03T13:31:43+00:00\",\"dateModified\":\"2023-08-21T10:50:07+00:00\",\"breadcrumb\":{\"@id\":\"https:\/\/profert.dz\/fr\/index.php\/produit\/insegar\/#breadcrumb\"},\"inLanguage\":\"fr-FR\",\"potentialAction\":[{\"@type\":\"ReadAction\",\"target\":[\"https:\/\/profert.dz\/fr\/index.php\/produit\/insegar\/\"]}]},{\"@type\":\"ImageObject\",\"inLanguage\":\"fr-FR\",\"@id\":\"https:\/\/profert.dz\/fr\/index.php\/produit\/insegar\/#primaryimage\",\"url\":\"https:\/\/profert.dz\/fr\/wp-content\/uploads\/2018\/04\/Insegar\u00ae-1.jpg\",\"contentUrl\":\"https:\/\/profert.dz\/fr\/wp-content\/uploads\/2018\/04\/Insegar\u00ae-1.jpg\",\"width\":720,\"height\":658},{\"@type\":\"BreadcrumbList\",\"@id\":\"https:\/\/profert.dz\/fr\/index.php\/produit\/insegar\/#breadcrumb\",\"itemListElement\":[{\"@type\":\"ListItem\",\"position\":1,\"name\":\"Accueil\",\"item\":\"https:\/\/profert.dz\/fr\/\"},{\"@type\":\"ListItem\",\"position\":2,\"name\":\"Produits\",\"item\":\"https:\/\/profert.dz\/fr\/index.php\/boutique\/\"},{\"@type\":\"ListItem\",\"position\":3,\"name\":\"Insegar\u00ae\"}]},{\"@type\":\"WebSite\",\"@id\":\"https:\/\/profert.dz\/fr\/#website\",\"url\":\"https:\/\/profert.dz\/fr\/\",\"name\":\"Profert.dz\",\"description\":\"Agriculture Alg\u00e9rie\",\"potentialAction\":[{\"@type\":\"SearchAction\",\"target\":{\"@type\":\"EntryPoint\",\"urlTemplate\":\"https:\/\/profert.dz\/fr\/?s={search_term_string}\"},\"query-input\":{\"@type\":\"PropertyValueSpecification\",\"valueRequired\":true,\"valueName\":\"search_term_string\"}}],\"inLanguage\":\"fr-FR\"}]}<\/script>\n<!-- \/ Yoast SEO plugin. -->","yoast_head_json":{"title":"Insegar\u00ae - Profert","robots":{"index":"index","follow":"follow","max-snippet":"max-snippet:-1","max-image-preview":"max-image-preview:large","max-video-preview":"max-video-preview:-1"},"canonical":"https:\/\/profert.dz\/fr\/index.php\/produit\/insegar\/","og_locale":"fr_FR","og_type":"article","og_title":"Insegar\u00ae - Profert","og_description":"Formulation : WG (granul\u00e9s dispersibles). Mati\u00e8re active : F\u00e9noxycarbe. Famille chimique : Pyridine-carboxamides. Concentration : 25%. Insegar\u00ae est un insecticide qui contient du F\u00e9noxycarbe. Insegar\u00ae perturbe le cycle biologique des insectes. Il bloque le d\u00e9veloppement embryonnaire et emp\u00eache la transformation des oeufs en larves. Insegar\u00ae agit par contact sur les oeufs et par ingestion sur les jeunes larves. Insegar\u00ae n\u2019est pas syst\u00e9mique mais il a une activit\u00e9 translaminaire. Utilisations et doses d\u2019emploi :","og_url":"https:\/\/profert.dz\/fr\/index.php\/produit\/insegar\/","og_site_name":"Profert","article_modified_time":"2023-08-21T10:50:07+00:00","og_image":[{"width":720,"height":658,"url":"https:\/\/profert.dz\/fr\/wp-content\/uploads\/2018\/04\/Insegar\u00ae-1.jpg","type":"image\/jpeg"}],"twitter_card":"summary_large_image","schema":{"@context":"https:\/\/schema.org","@graph":[{"@type":"WebPage","@id":"https:\/\/profert.dz\/fr\/index.php\/produit\/insegar\/","url":"https:\/\/profert.dz\/fr\/index.php\/produit\/insegar\/","name":"Insegar\u00ae - Profert","isPartOf":{"@id":"https:\/\/profert.dz\/fr\/#website"},"primaryImageOfPage":{"@id":"https:\/\/profert.dz\/fr\/index.php\/produit\/insegar\/#primaryimage"},"image":{"@id":"https:\/\/profert.dz\/fr\/index.php\/produit\/insegar\/#primaryimage"},"thumbnailUrl":"https:\/\/profert.dz\/fr\/wp-content\/uploads\/2018\/04\/Insegar\u00ae-1.jpg","datePublished":"2018-04-03T13:31:43+00:00","dateModified":"2023-08-21T10:50:07+00:00","breadcrumb":{"@id":"https:\/\/profert.dz\/fr\/index.php\/produit\/insegar\/#breadcrumb"},"inLanguage":"fr-FR","potentialAction":[{"@type":"ReadAction","target":["https:\/\/profert.dz\/fr\/index.php\/produit\/insegar\/"]}]},{"@type":"ImageObject","inLanguage":"fr-FR","@id":"https:\/\/profert.dz\/fr\/index.php\/produit\/insegar\/#primaryimage","url":"https:\/\/profert.dz\/fr\/wp-content\/uploads\/2018\/04\/Insegar\u00ae-1.jpg","contentUrl":"https:\/\/profert.dz\/fr\/wp-content\/uploads\/2018\/04\/Insegar\u00ae-1.jpg","width":720,"height":658},{"@type":"BreadcrumbList","@id":"https:\/\/profert.dz\/fr\/index.php\/produit\/insegar\/#breadcrumb","itemListElement":[{"@type":"ListItem","position":1,"name":"Accueil","item":"https:\/\/profert.dz\/fr\/"},{"@type":"ListItem","position":2,"name":"Produits","item":"https:\/\/profert.dz\/fr\/index.php\/boutique\/"},{"@type":"ListItem","position":3,"name":"Insegar\u00ae"}]},{"@type":"WebSite","@id":"https:\/\/profert.dz\/fr\/#website","url":"https:\/\/profert.dz\/fr\/","name":"Profert.dz","description":"Agriculture Alg\u00e9rie","potentialAction":[{"@type":"SearchAction","target":{"@type":"EntryPoint","urlTemplate":"https:\/\/profert.dz\/fr\/?s={search_term_string}"},"query-input":{"@type":"PropertyValueSpecification","valueRequired":true,"valueName":"search_term_string"}}],"inLanguage":"fr-FR"}]}},"_links":{"self":[{"href":"https:\/\/profert.dz\/fr\/index.php\/wp-json\/wp\/v2\/product\/16210"}],"collection":[{"href":"https:\/\/profert.dz\/fr\/index.php\/wp-json\/wp\/v2\/product"}],"about":[{"href":"https:\/\/profert.dz\/fr\/index.php\/wp-json\/wp\/v2\/types\/product"}],"wp:featuredmedia":[{"embeddable":true,"href":"https:\/\/profert.dz\/fr\/index.php\/wp-json\/wp\/v2\/media\/16453"}],"wp:attachment":[{"href":"https:\/\/profert.dz\/fr\/index.php\/wp-json\/wp\/v2\/media?parent=16210"}],"wp:term":[{"taxonomy":"product_brand","embeddable":true,"href":"https:\/\/profert.dz\/fr\/index.php\/wp-json\/wp\/v2\/product_brand?post=16210"},{"taxonomy":"product_cat","embeddable":true,"href":"https:\/\/profert.dz\/fr\/index.php\/wp-json\/wp\/v2\/product_cat?post=16210"},{"taxonomy":"product_tag","embeddable":true,"href":"https:\/\/profert.dz\/fr\/index.php\/wp-json\/wp\/v2\/product_tag?post=16210"}],"curies":[{"name":"wp","href":"https:\/\/api.w.org\/{rel}","templated":true}]}}