{"id":16198,"date":"2018-04-03T12:53:35","date_gmt":"2018-04-03T10:53:35","guid":{"rendered":"http:\/\/profert.dz\/fr\/?post_type=product&#038;p=16198"},"modified":"2025-02-12T16:51:13","modified_gmt":"2025-02-12T15:51:13","slug":"thiovit-jet","status":"publish","type":"product","link":"https:\/\/profert.dz\/fr\/index.php\/produit\/thiovit-jet\/","title":{"rendered":"Thiovit<sup>\u00ae<\/sup>Jet"},"content":{"rendered":"","protected":false},"excerpt":{"rendered":"<p><strong>Cat\u00e9gorie :<\/strong> <span class=\"fontstyle0\">Extrait min\u00e9ral.<\/span><br \/>\n<strong>Composition :<\/strong> Soufre.<br \/>\n<strong>Concentration :<\/strong> 80 %.<br \/>\n<strong>Formulation :<\/strong>granul\u00e9s dispersibles (WG).<\/p>\n<p style=\"text-align: justify;\"><strong>Thiovit<sup>\u00ae<\/sup>Jet <\/strong>est un bio-fongicide et bio-acaricide compos\u00e9 de soufre. Il assure une bonne protection contre diverses esp\u00e8ces d\u2019o\u00efdium de plusieurs cultures, ainsi que, contre l&rsquo;excoriose, l&rsquo;\u00e9rinose et la tavelure.<br \/>\n<strong>Thiovit<sup>\u00ae<\/sup>Jet<\/strong> est aussi efficace contre les diff\u00e9rentes esp\u00e8ces d\u2019acariens.<\/p>\n<p style=\"text-align: justify;\"><strong>MODE D\u2019ACTION :<\/strong><\/p>\n<p style=\"text-align: justify;\"><strong>Thiovit<sup>\u00ae<\/sup>Jet <\/strong>agit de mani\u00e8re pr\u00e9ventive et curative par vapeur soufr\u00e9e, il offre une action multisite sur le pathog\u00e8ne, et un effet r\u00e9pulsif sur les acariens.<br \/>\n<strong>Thiovit<sup>\u00ae<\/sup>Jet<\/strong> poss\u00e8de un effet de choc, il permet de bloquer la progression de la maladie.<\/p>\n<p style=\"text-align: justify;\"><strong>USAGES ET DOSES RECOMMAND\u00c9S :<\/strong><\/p>\n<table style=\"width: 100%; border-collapse: collapse; margin-bottom: 20px; height: 120px;\" border=\"1\" cellpadding=\"5\">\n<thead>\n<tr style=\"height: 24px;\">\n<th style=\"vertical-align: middle; width: 33%; text-align: left; height: 24px;\"><strong>Cultures<\/strong><\/th>\n<th style=\"vertical-align: middle; width: 33%; text-align: left; height: 24px;\"><strong>Cibles<\/strong><\/th>\n<th style=\"vertical-align: middle; width: 33%; text-align: left; height: 24px;\"><strong>Doses<\/strong><\/th>\n<\/tr>\n<\/thead>\n<tbody>\n<tr style=\"height: 24px;\">\n<td style=\"vertical-align: middle; text-align: left; height: 24px;\">Arbres fruitiers \u00e0 p\u00e9pins<\/td>\n<td style=\"vertical-align: middle; text-align: left; height: 24px;\">Tavelure &#8211; O\u00efdium<\/td>\n<td style=\"vertical-align: middle; text-align: left; height: 24px;\">600 \u00e0 750 g\/hl<\/td>\n<\/tr>\n<tr style=\"height: 24px;\">\n<td style=\"vertical-align: middle; text-align: left; height: 24px;\">Arbres fruitiers \u00e0 noyaux<\/td>\n<td style=\"vertical-align: middle; text-align: left; height: 24px;\">O\u00efdium<\/td>\n<td style=\"vertical-align: middle; text-align: left; height: 24px;\">600 \u00e0 750 g\/hl<\/td>\n<\/tr>\n<tr style=\"height: 24px;\">\n<td style=\"vertical-align: middle; text-align: left; height: 24px;\">Cultures l\u00e9gumi\u00e8res<\/td>\n<td style=\"vertical-align: middle; text-align: left; height: 24px;\">O\u00efdium<\/td>\n<td style=\"vertical-align: middle; text-align: left; height: 24px;\">6 \u00e0 10 Kg\/ha<\/td>\n<\/tr>\n<tr style=\"height: 24px;\">\n<td style=\"vertical-align: middle; text-align: left; height: 24px;\">Vigne<\/td>\n<td style=\"vertical-align: middle; text-align: left; height: 24px;\">Acariose \u2013 Excoriose &#8211; O\u00efdium<\/td>\n<td style=\"vertical-align: middle; text-align: left; height: 24px;\">6 \u00e0 12,5 Kg\/h<\/td>\n<\/tr>\n<\/tbody>\n<\/table>\n<p style=\"text-align: justify;\"><strong>AVANTAGES :<\/strong><\/p>\n<p style=\"text-align: justify;\">\u2022<strong>Thiovit<sup>\u00ae<\/sup>Jet <\/strong>a une action multisite le mettant \u00e0 l&rsquo;abri de toute forme de r\u00e9sistance.<br \/>\n\u2022<strong>Thiovit<sup>\u00ae<\/sup>Jet <\/strong>est une nouvelle formulation qui ne g\u00e9n\u00e8re pas de poussi\u00e8res, il assure par cons\u00e9quent une s\u00e9curit\u00e9 appr\u00e9ciable pour l&rsquo;utilisateur.<br \/>\n\u2022<strong>Thiovit<sup>\u00ae<\/sup>Jet <\/strong>se m\u00e9lange facilement et se dissout imm\u00e9diatement dans l&rsquo;eau ; les cuves et les filtres des pulv\u00e9risateurs sont plus faciles \u00e0 nettoyer.<br \/>\n\u2022<strong>Thiovit<sup>\u00ae<\/sup>Jet <\/strong>poss\u00e8de une bonne r\u00e9manence.<\/p>\n<p style=\"text-align: justify;\"><strong>RECOMMANDATIONS :<\/strong><\/p>\n<p style=\"text-align: justify;\">\u2022 Ne pas pulv\u00e9riser <strong>Thiovit<sup>\u00ae<\/sup>Jet<\/strong> par temps chaud ou ensoleill\u00e9, en cas de s\u00e9cheresse prolong\u00e9e ou de croissance exponentielle.<br \/>\n\u2022 <strong>Thiovit<sup>\u00ae<\/sup>Jet <\/strong> peut provoquer des br\u00fblures en conditions d\u00e9favorables (plus de 28\u00b0 c sous abris) \u00e0 la dose de 400 g\/hl.<br \/>\n\u2022 Pour toutes les cultures, un d\u00e9lai avant r\u00e9colte (DAR) de 5 jours doit \u00eatre respect\u00e9 lors de l&rsquo;application<br \/>\nde <strong>Thiovit<sup>\u00ae<\/sup>Jet<\/strong>.<\/p>\n[wpdm_package id='26420']\n","protected":false},"featured_media":31374,"template":"","meta":[],"product_brand":[],"product_cat":[235,87],"product_tag":[],"class_list":{"0":"post-16198","1":"product","2":"type-product","3":"status-publish","4":"has-post-thumbnail","6":"product_cat-bio-insecticides-acaricides","7":"product_cat-fongicides-00","9":"first","10":"instock","11":"shipping-taxable","12":"product-type-simple"},"yoast_head":"<!-- This site is optimized with the Yoast SEO plugin v25.6 - https:\/\/yoast.com\/wordpress\/plugins\/seo\/ -->\n<title>Thiovit\u00aeJet - Profert<\/title>\n<meta name=\"robots\" content=\"index, follow, max-snippet:-1, max-image-preview:large, max-video-preview:-1\" \/>\n<link rel=\"canonical\" href=\"https:\/\/profert.dz\/fr\/index.php\/produit\/thiovit-jet\/\" \/>\n<meta property=\"og:locale\" content=\"fr_FR\" \/>\n<meta property=\"og:type\" content=\"article\" \/>\n<meta property=\"og:title\" content=\"Thiovit\u00aeJet - Profert\" \/>\n<meta property=\"og:description\" content=\"Cat\u00e9gorie : Extrait min\u00e9ral. Composition : Soufre. Concentration : 80 %. Formulation :granul\u00e9s dispersibles (WG). Thiovit\u00aeJet est un bio-fongicide et bio-acaricide compos\u00e9 de soufre. Il assure une bonne protection contre diverses esp\u00e8ces d\u2019o\u00efdium de plusieurs cultures, ainsi que, contre l&#039;excoriose, l&#039;\u00e9rinose et la tavelure. Thiovit\u00aeJet est aussi efficace contre les diff\u00e9rentes esp\u00e8ces d\u2019acariens. MODE D\u2019ACTION : Thiovit\u00aeJet agit de mani\u00e8re pr\u00e9ventive et curative par vapeur soufr\u00e9e, il offre une action multisite sur le pathog\u00e8ne, et un effet r\u00e9pulsif sur les acariens. Thiovit\u00aeJet poss\u00e8de un effet de choc, il permet de bloquer la progression de la maladie. USAGES ET DOSES RECOMMAND\u00c9S :     Cultures Cibles Doses     Arbres fruitiers \u00e0 p\u00e9pins Tavelure - O\u00efdium 600 \u00e0 750 g\/hl   Arbres fruitiers \u00e0 noyaux O\u00efdium 600 \u00e0 750 g\/hl   Cultures l\u00e9gumi\u00e8res O\u00efdium 6 \u00e0 10 Kg\/ha   Vigne Acariose \u2013 Excoriose - O\u00efdium 6 \u00e0 12,5 Kg\/h    AVANTAGES : \u2022Thiovit\u00aeJet a une action multisite le mettant \u00e0 l&#039;abri de toute forme de r\u00e9sistance. \u2022Thiovit\u00aeJet est une nouvelle formulation qui ne g\u00e9n\u00e8re pas de poussi\u00e8res, il assure par cons\u00e9quent une s\u00e9curit\u00e9 appr\u00e9ciable pour l&#039;utilisateur. \u2022Thiovit\u00aeJet se m\u00e9lange facilement et se dissout imm\u00e9diatement dans l&#039;eau ; les cuves et les filtres des pulv\u00e9risateurs sont plus faciles \u00e0 nettoyer. \u2022Thiovit\u00aeJet poss\u00e8de une bonne r\u00e9manence. RECOMMANDATIONS : \u2022 Ne pas pulv\u00e9riser Thiovit\u00aeJet par temps chaud ou ensoleill\u00e9, en cas de s\u00e9cheresse prolong\u00e9e ou de croissance exponentielle. \u2022 Thiovit\u00aeJet peut provoquer des br\u00fblures en conditions d\u00e9favorables (plus de 28\u00b0 c sous abris) \u00e0 la dose de 400 g\/hl. \u2022 Pour toutes les cultures, un d\u00e9lai avant r\u00e9colte (DAR) de 5 jours doit \u00eatre respect\u00e9 lors de l&#039;application de Thiovit\u00aeJet.\" \/>\n<meta property=\"og:url\" content=\"https:\/\/profert.dz\/fr\/index.php\/produit\/thiovit-jet\/\" \/>\n<meta property=\"og:site_name\" content=\"Profert\" \/>\n<meta property=\"article:modified_time\" content=\"2025-02-12T15:51:13+00:00\" \/>\n<meta property=\"og:image\" content=\"https:\/\/profert.dz\/fr\/wp-content\/uploads\/2018\/04\/god16.jpg\" \/>\n\t<meta property=\"og:image:width\" content=\"1667\" \/>\n\t<meta property=\"og:image:height\" content=\"1539\" \/>\n\t<meta property=\"og:image:type\" content=\"image\/jpeg\" \/>\n<meta name=\"twitter:card\" content=\"summary_large_image\" \/>\n<meta name=\"twitter:label1\" content=\"Dur\u00e9e de lecture estim\u00e9e\" \/>\n\t<meta name=\"twitter:data1\" content=\"1 minute\" \/>\n<script type=\"application\/ld+json\" class=\"yoast-schema-graph\">{\"@context\":\"https:\/\/schema.org\",\"@graph\":[{\"@type\":\"WebPage\",\"@id\":\"https:\/\/profert.dz\/fr\/index.php\/produit\/thiovit-jet\/\",\"url\":\"https:\/\/profert.dz\/fr\/index.php\/produit\/thiovit-jet\/\",\"name\":\"Thiovit\u00aeJet - Profert\",\"isPartOf\":{\"@id\":\"https:\/\/profert.dz\/fr\/#website\"},\"primaryImageOfPage\":{\"@id\":\"https:\/\/profert.dz\/fr\/index.php\/produit\/thiovit-jet\/#primaryimage\"},\"image\":{\"@id\":\"https:\/\/profert.dz\/fr\/index.php\/produit\/thiovit-jet\/#primaryimage\"},\"thumbnailUrl\":\"https:\/\/profert.dz\/fr\/wp-content\/uploads\/2018\/04\/god16.jpg\",\"datePublished\":\"2018-04-03T10:53:35+00:00\",\"dateModified\":\"2025-02-12T15:51:13+00:00\",\"breadcrumb\":{\"@id\":\"https:\/\/profert.dz\/fr\/index.php\/produit\/thiovit-jet\/#breadcrumb\"},\"inLanguage\":\"fr-FR\",\"potentialAction\":[{\"@type\":\"ReadAction\",\"target\":[\"https:\/\/profert.dz\/fr\/index.php\/produit\/thiovit-jet\/\"]}]},{\"@type\":\"ImageObject\",\"inLanguage\":\"fr-FR\",\"@id\":\"https:\/\/profert.dz\/fr\/index.php\/produit\/thiovit-jet\/#primaryimage\",\"url\":\"https:\/\/profert.dz\/fr\/wp-content\/uploads\/2018\/04\/god16.jpg\",\"contentUrl\":\"https:\/\/profert.dz\/fr\/wp-content\/uploads\/2018\/04\/god16.jpg\",\"width\":1667,\"height\":1539},{\"@type\":\"BreadcrumbList\",\"@id\":\"https:\/\/profert.dz\/fr\/index.php\/produit\/thiovit-jet\/#breadcrumb\",\"itemListElement\":[{\"@type\":\"ListItem\",\"position\":1,\"name\":\"Accueil\",\"item\":\"https:\/\/profert.dz\/fr\/\"},{\"@type\":\"ListItem\",\"position\":2,\"name\":\"Produits\",\"item\":\"https:\/\/profert.dz\/fr\/index.php\/boutique\/\"},{\"@type\":\"ListItem\",\"position\":3,\"name\":\"Thiovit\u00aeJet\"}]},{\"@type\":\"WebSite\",\"@id\":\"https:\/\/profert.dz\/fr\/#website\",\"url\":\"https:\/\/profert.dz\/fr\/\",\"name\":\"Profert.dz\",\"description\":\"Agriculture Alg\u00e9rie\",\"potentialAction\":[{\"@type\":\"SearchAction\",\"target\":{\"@type\":\"EntryPoint\",\"urlTemplate\":\"https:\/\/profert.dz\/fr\/?s={search_term_string}\"},\"query-input\":{\"@type\":\"PropertyValueSpecification\",\"valueRequired\":true,\"valueName\":\"search_term_string\"}}],\"inLanguage\":\"fr-FR\"}]}<\/script>\n<!-- \/ Yoast SEO plugin. -->","yoast_head_json":{"title":"Thiovit\u00aeJet - Profert","robots":{"index":"index","follow":"follow","max-snippet":"max-snippet:-1","max-image-preview":"max-image-preview:large","max-video-preview":"max-video-preview:-1"},"canonical":"https:\/\/profert.dz\/fr\/index.php\/produit\/thiovit-jet\/","og_locale":"fr_FR","og_type":"article","og_title":"Thiovit\u00aeJet - Profert","og_description":"Cat\u00e9gorie : Extrait min\u00e9ral. Composition : Soufre. Concentration : 80 %. Formulation :granul\u00e9s dispersibles (WG). Thiovit\u00aeJet est un bio-fongicide et bio-acaricide compos\u00e9 de soufre. Il assure une bonne protection contre diverses esp\u00e8ces d\u2019o\u00efdium de plusieurs cultures, ainsi que, contre l'excoriose, l'\u00e9rinose et la tavelure. Thiovit\u00aeJet est aussi efficace contre les diff\u00e9rentes esp\u00e8ces d\u2019acariens. MODE D\u2019ACTION : Thiovit\u00aeJet agit de mani\u00e8re pr\u00e9ventive et curative par vapeur soufr\u00e9e, il offre une action multisite sur le pathog\u00e8ne, et un effet r\u00e9pulsif sur les acariens. Thiovit\u00aeJet poss\u00e8de un effet de choc, il permet de bloquer la progression de la maladie. USAGES ET DOSES RECOMMAND\u00c9S :     Cultures Cibles Doses     Arbres fruitiers \u00e0 p\u00e9pins Tavelure - O\u00efdium 600 \u00e0 750 g\/hl   Arbres fruitiers \u00e0 noyaux O\u00efdium 600 \u00e0 750 g\/hl   Cultures l\u00e9gumi\u00e8res O\u00efdium 6 \u00e0 10 Kg\/ha   Vigne Acariose \u2013 Excoriose - O\u00efdium 6 \u00e0 12,5 Kg\/h    AVANTAGES : \u2022Thiovit\u00aeJet a une action multisite le mettant \u00e0 l'abri de toute forme de r\u00e9sistance. \u2022Thiovit\u00aeJet est une nouvelle formulation qui ne g\u00e9n\u00e8re pas de poussi\u00e8res, il assure par cons\u00e9quent une s\u00e9curit\u00e9 appr\u00e9ciable pour l'utilisateur. \u2022Thiovit\u00aeJet se m\u00e9lange facilement et se dissout imm\u00e9diatement dans l'eau ; les cuves et les filtres des pulv\u00e9risateurs sont plus faciles \u00e0 nettoyer. \u2022Thiovit\u00aeJet poss\u00e8de une bonne r\u00e9manence. RECOMMANDATIONS : \u2022 Ne pas pulv\u00e9riser Thiovit\u00aeJet par temps chaud ou ensoleill\u00e9, en cas de s\u00e9cheresse prolong\u00e9e ou de croissance exponentielle. \u2022 Thiovit\u00aeJet peut provoquer des br\u00fblures en conditions d\u00e9favorables (plus de 28\u00b0 c sous abris) \u00e0 la dose de 400 g\/hl. \u2022 Pour toutes les cultures, un d\u00e9lai avant r\u00e9colte (DAR) de 5 jours doit \u00eatre respect\u00e9 lors de l'application de Thiovit\u00aeJet.","og_url":"https:\/\/profert.dz\/fr\/index.php\/produit\/thiovit-jet\/","og_site_name":"Profert","article_modified_time":"2025-02-12T15:51:13+00:00","og_image":[{"width":1667,"height":1539,"url":"https:\/\/profert.dz\/fr\/wp-content\/uploads\/2018\/04\/god16.jpg","type":"image\/jpeg"}],"twitter_card":"summary_large_image","twitter_misc":{"Dur\u00e9e de lecture estim\u00e9e":"1 minute"},"schema":{"@context":"https:\/\/schema.org","@graph":[{"@type":"WebPage","@id":"https:\/\/profert.dz\/fr\/index.php\/produit\/thiovit-jet\/","url":"https:\/\/profert.dz\/fr\/index.php\/produit\/thiovit-jet\/","name":"Thiovit\u00aeJet - Profert","isPartOf":{"@id":"https:\/\/profert.dz\/fr\/#website"},"primaryImageOfPage":{"@id":"https:\/\/profert.dz\/fr\/index.php\/produit\/thiovit-jet\/#primaryimage"},"image":{"@id":"https:\/\/profert.dz\/fr\/index.php\/produit\/thiovit-jet\/#primaryimage"},"thumbnailUrl":"https:\/\/profert.dz\/fr\/wp-content\/uploads\/2018\/04\/god16.jpg","datePublished":"2018-04-03T10:53:35+00:00","dateModified":"2025-02-12T15:51:13+00:00","breadcrumb":{"@id":"https:\/\/profert.dz\/fr\/index.php\/produit\/thiovit-jet\/#breadcrumb"},"inLanguage":"fr-FR","potentialAction":[{"@type":"ReadAction","target":["https:\/\/profert.dz\/fr\/index.php\/produit\/thiovit-jet\/"]}]},{"@type":"ImageObject","inLanguage":"fr-FR","@id":"https:\/\/profert.dz\/fr\/index.php\/produit\/thiovit-jet\/#primaryimage","url":"https:\/\/profert.dz\/fr\/wp-content\/uploads\/2018\/04\/god16.jpg","contentUrl":"https:\/\/profert.dz\/fr\/wp-content\/uploads\/2018\/04\/god16.jpg","width":1667,"height":1539},{"@type":"BreadcrumbList","@id":"https:\/\/profert.dz\/fr\/index.php\/produit\/thiovit-jet\/#breadcrumb","itemListElement":[{"@type":"ListItem","position":1,"name":"Accueil","item":"https:\/\/profert.dz\/fr\/"},{"@type":"ListItem","position":2,"name":"Produits","item":"https:\/\/profert.dz\/fr\/index.php\/boutique\/"},{"@type":"ListItem","position":3,"name":"Thiovit\u00aeJet"}]},{"@type":"WebSite","@id":"https:\/\/profert.dz\/fr\/#website","url":"https:\/\/profert.dz\/fr\/","name":"Profert.dz","description":"Agriculture Alg\u00e9rie","potentialAction":[{"@type":"SearchAction","target":{"@type":"EntryPoint","urlTemplate":"https:\/\/profert.dz\/fr\/?s={search_term_string}"},"query-input":{"@type":"PropertyValueSpecification","valueRequired":true,"valueName":"search_term_string"}}],"inLanguage":"fr-FR"}]}},"_links":{"self":[{"href":"https:\/\/profert.dz\/fr\/index.php\/wp-json\/wp\/v2\/product\/16198"}],"collection":[{"href":"https:\/\/profert.dz\/fr\/index.php\/wp-json\/wp\/v2\/product"}],"about":[{"href":"https:\/\/profert.dz\/fr\/index.php\/wp-json\/wp\/v2\/types\/product"}],"wp:featuredmedia":[{"embeddable":true,"href":"https:\/\/profert.dz\/fr\/index.php\/wp-json\/wp\/v2\/media\/31374"}],"wp:attachment":[{"href":"https:\/\/profert.dz\/fr\/index.php\/wp-json\/wp\/v2\/media?parent=16198"}],"wp:term":[{"taxonomy":"product_brand","embeddable":true,"href":"https:\/\/profert.dz\/fr\/index.php\/wp-json\/wp\/v2\/product_brand?post=16198"},{"taxonomy":"product_cat","embeddable":true,"href":"https:\/\/profert.dz\/fr\/index.php\/wp-json\/wp\/v2\/product_cat?post=16198"},{"taxonomy":"product_tag","embeddable":true,"href":"https:\/\/profert.dz\/fr\/index.php\/wp-json\/wp\/v2\/product_tag?post=16198"}],"curies":[{"name":"wp","href":"https:\/\/api.w.org\/{rel}","templated":true}]}}