{"id":16195,"date":"2018-04-03T12:46:34","date_gmt":"2018-04-03T10:46:34","guid":{"rendered":"http:\/\/profert.dz\/fr\/?post_type=product&#038;p=16195"},"modified":"2023-08-22T16:30:08","modified_gmt":"2023-08-22T14:30:08","slug":"switch","status":"publish","type":"product","link":"https:\/\/profert.dz\/fr\/index.php\/produit\/switch\/","title":{"rendered":"Switch<sup>\u00ae<\/sup>"},"content":{"rendered":"","protected":false},"excerpt":{"rendered":"<p style=\"text-align: justify;\"><strong>Formulation :<\/strong> WG (granul\u00e9s dispersibles).<br \/>\n<strong>Mati\u00e8re active :<\/strong> Cyprodinil + Fludioxonil.<br \/>\n<strong>Famille chimique :<\/strong> Anilino- pyrimidines + Phenylpyrroles.<br \/>\n<strong>Concentration :<\/strong> 37.5% + 25 %.<\/p>\n<p style=\"text-align: justify;\"><strong>Switch<sup>\u00ae<\/sup><\/strong> est un fongicide associant deux mati\u00e8res actives: le Cyprodinil et le Fludioxonil.<br \/>\n<strong>Switch<sup>\u00ae<\/sup><\/strong> contient une mati\u00e8re active \u00e0 syst\u00e9mie locale et une seconde de contact, qui agissent chacune d\u2019une fa\u00e7on diff\u00e9rente contre le botrytis.<br \/>\n<strong>Switch<sup>\u00ae<\/sup><\/strong> est une combinaison de deux nouveaux m\u00e9canismes d\u2019action donnant une s\u00e9curit\u00e9 d\u2019efficacit\u00e9 durable.<\/p>\n<p style=\"text-align: justify;\"><strong>Utilisations et doses d\u2019emploi :<\/strong><\/p>\n<p style=\"text-align: justify;\"><img decoding=\"async\" class=\"alignnone size-full wp-image-16196\" src=\"http:\/\/profert.dz\/fr\/wp-content\/uploads\/2018\/04\/Switch\u00ae.jpg\" alt=\"\" width=\"500\" height=\"237\" srcset=\"https:\/\/profert.dz\/fr\/wp-content\/uploads\/2018\/04\/Switch\u00ae-120x57.jpg 120w, https:\/\/profert.dz\/fr\/wp-content\/uploads\/2018\/04\/Switch\u00ae-200x95.jpg 200w, https:\/\/profert.dz\/fr\/wp-content\/uploads\/2018\/04\/Switch\u00ae-300x142.jpg 300w, https:\/\/profert.dz\/fr\/wp-content\/uploads\/2018\/04\/Switch\u00ae-400x190.jpg 400w, https:\/\/profert.dz\/fr\/wp-content\/uploads\/2018\/04\/Switch\u00ae.jpg 500w\" sizes=\"(max-width: 500px) 100vw, 500px\" \/><\/p>\n[wpdm_package id='26421']\n","protected":false},"featured_media":16455,"template":"","meta":[],"product_brand":[],"product_cat":[87],"product_tag":[],"class_list":{"0":"post-16195","1":"product","2":"type-product","3":"status-publish","4":"has-post-thumbnail","6":"product_cat-fongicides-00","8":"first","9":"instock","10":"shipping-taxable","11":"product-type-simple"},"yoast_head":"<!-- This site is optimized with the Yoast SEO plugin v25.6 - https:\/\/yoast.com\/wordpress\/plugins\/seo\/ -->\n<title>Switch\u00ae - Profert<\/title>\n<meta name=\"robots\" content=\"index, follow, max-snippet:-1, max-image-preview:large, max-video-preview:-1\" \/>\n<link rel=\"canonical\" href=\"https:\/\/profert.dz\/fr\/index.php\/produit\/switch\/\" \/>\n<meta property=\"og:locale\" content=\"fr_FR\" \/>\n<meta property=\"og:type\" content=\"article\" \/>\n<meta property=\"og:title\" content=\"Switch\u00ae - Profert\" \/>\n<meta property=\"og:description\" content=\"Formulation : WG (granul\u00e9s dispersibles). Mati\u00e8re active : Cyprodinil + Fludioxonil. Famille chimique : Anilino- pyrimidines + Phenylpyrroles. Concentration : 37.5% + 25 %. Switch\u00ae est un fongicide associant deux mati\u00e8res actives: le Cyprodinil et le Fludioxonil. Switch\u00ae contient une mati\u00e8re active \u00e0 syst\u00e9mie locale et une seconde de contact, qui agissent chacune d\u2019une fa\u00e7on diff\u00e9rente contre le botrytis. Switch\u00ae est une combinaison de deux nouveaux m\u00e9canismes d\u2019action donnant une s\u00e9curit\u00e9 d\u2019efficacit\u00e9 durable. Utilisations et doses d\u2019emploi :\" \/>\n<meta property=\"og:url\" content=\"https:\/\/profert.dz\/fr\/index.php\/produit\/switch\/\" \/>\n<meta property=\"og:site_name\" content=\"Profert\" \/>\n<meta property=\"article:modified_time\" content=\"2023-08-22T14:30:08+00:00\" \/>\n<meta property=\"og:image\" content=\"https:\/\/profert.dz\/fr\/wp-content\/uploads\/2018\/04\/Switch\u00ae-1.jpg\" \/>\n\t<meta property=\"og:image:width\" content=\"720\" \/>\n\t<meta property=\"og:image:height\" content=\"658\" \/>\n\t<meta property=\"og:image:type\" content=\"image\/jpeg\" \/>\n<meta name=\"twitter:card\" content=\"summary_large_image\" \/>\n<script type=\"application\/ld+json\" class=\"yoast-schema-graph\">{\"@context\":\"https:\/\/schema.org\",\"@graph\":[{\"@type\":\"WebPage\",\"@id\":\"https:\/\/profert.dz\/fr\/index.php\/produit\/switch\/\",\"url\":\"https:\/\/profert.dz\/fr\/index.php\/produit\/switch\/\",\"name\":\"Switch\u00ae - Profert\",\"isPartOf\":{\"@id\":\"https:\/\/profert.dz\/fr\/#website\"},\"primaryImageOfPage\":{\"@id\":\"https:\/\/profert.dz\/fr\/index.php\/produit\/switch\/#primaryimage\"},\"image\":{\"@id\":\"https:\/\/profert.dz\/fr\/index.php\/produit\/switch\/#primaryimage\"},\"thumbnailUrl\":\"https:\/\/profert.dz\/fr\/wp-content\/uploads\/2018\/04\/Switch\u00ae-1.jpg\",\"datePublished\":\"2018-04-03T10:46:34+00:00\",\"dateModified\":\"2023-08-22T14:30:08+00:00\",\"breadcrumb\":{\"@id\":\"https:\/\/profert.dz\/fr\/index.php\/produit\/switch\/#breadcrumb\"},\"inLanguage\":\"fr-FR\",\"potentialAction\":[{\"@type\":\"ReadAction\",\"target\":[\"https:\/\/profert.dz\/fr\/index.php\/produit\/switch\/\"]}]},{\"@type\":\"ImageObject\",\"inLanguage\":\"fr-FR\",\"@id\":\"https:\/\/profert.dz\/fr\/index.php\/produit\/switch\/#primaryimage\",\"url\":\"https:\/\/profert.dz\/fr\/wp-content\/uploads\/2018\/04\/Switch\u00ae-1.jpg\",\"contentUrl\":\"https:\/\/profert.dz\/fr\/wp-content\/uploads\/2018\/04\/Switch\u00ae-1.jpg\",\"width\":720,\"height\":658},{\"@type\":\"BreadcrumbList\",\"@id\":\"https:\/\/profert.dz\/fr\/index.php\/produit\/switch\/#breadcrumb\",\"itemListElement\":[{\"@type\":\"ListItem\",\"position\":1,\"name\":\"Accueil\",\"item\":\"https:\/\/profert.dz\/fr\/\"},{\"@type\":\"ListItem\",\"position\":2,\"name\":\"Produits\",\"item\":\"https:\/\/profert.dz\/fr\/index.php\/boutique\/\"},{\"@type\":\"ListItem\",\"position\":3,\"name\":\"Switch\u00ae\"}]},{\"@type\":\"WebSite\",\"@id\":\"https:\/\/profert.dz\/fr\/#website\",\"url\":\"https:\/\/profert.dz\/fr\/\",\"name\":\"Profert.dz\",\"description\":\"Agriculture Alg\u00e9rie\",\"potentialAction\":[{\"@type\":\"SearchAction\",\"target\":{\"@type\":\"EntryPoint\",\"urlTemplate\":\"https:\/\/profert.dz\/fr\/?s={search_term_string}\"},\"query-input\":{\"@type\":\"PropertyValueSpecification\",\"valueRequired\":true,\"valueName\":\"search_term_string\"}}],\"inLanguage\":\"fr-FR\"}]}<\/script>\n<!-- \/ Yoast SEO plugin. -->","yoast_head_json":{"title":"Switch\u00ae - Profert","robots":{"index":"index","follow":"follow","max-snippet":"max-snippet:-1","max-image-preview":"max-image-preview:large","max-video-preview":"max-video-preview:-1"},"canonical":"https:\/\/profert.dz\/fr\/index.php\/produit\/switch\/","og_locale":"fr_FR","og_type":"article","og_title":"Switch\u00ae - Profert","og_description":"Formulation : WG (granul\u00e9s dispersibles). Mati\u00e8re active : Cyprodinil + Fludioxonil. Famille chimique : Anilino- pyrimidines + Phenylpyrroles. Concentration : 37.5% + 25 %. Switch\u00ae est un fongicide associant deux mati\u00e8res actives: le Cyprodinil et le Fludioxonil. Switch\u00ae contient une mati\u00e8re active \u00e0 syst\u00e9mie locale et une seconde de contact, qui agissent chacune d\u2019une fa\u00e7on diff\u00e9rente contre le botrytis. Switch\u00ae est une combinaison de deux nouveaux m\u00e9canismes d\u2019action donnant une s\u00e9curit\u00e9 d\u2019efficacit\u00e9 durable. Utilisations et doses d\u2019emploi :","og_url":"https:\/\/profert.dz\/fr\/index.php\/produit\/switch\/","og_site_name":"Profert","article_modified_time":"2023-08-22T14:30:08+00:00","og_image":[{"width":720,"height":658,"url":"https:\/\/profert.dz\/fr\/wp-content\/uploads\/2018\/04\/Switch\u00ae-1.jpg","type":"image\/jpeg"}],"twitter_card":"summary_large_image","schema":{"@context":"https:\/\/schema.org","@graph":[{"@type":"WebPage","@id":"https:\/\/profert.dz\/fr\/index.php\/produit\/switch\/","url":"https:\/\/profert.dz\/fr\/index.php\/produit\/switch\/","name":"Switch\u00ae - Profert","isPartOf":{"@id":"https:\/\/profert.dz\/fr\/#website"},"primaryImageOfPage":{"@id":"https:\/\/profert.dz\/fr\/index.php\/produit\/switch\/#primaryimage"},"image":{"@id":"https:\/\/profert.dz\/fr\/index.php\/produit\/switch\/#primaryimage"},"thumbnailUrl":"https:\/\/profert.dz\/fr\/wp-content\/uploads\/2018\/04\/Switch\u00ae-1.jpg","datePublished":"2018-04-03T10:46:34+00:00","dateModified":"2023-08-22T14:30:08+00:00","breadcrumb":{"@id":"https:\/\/profert.dz\/fr\/index.php\/produit\/switch\/#breadcrumb"},"inLanguage":"fr-FR","potentialAction":[{"@type":"ReadAction","target":["https:\/\/profert.dz\/fr\/index.php\/produit\/switch\/"]}]},{"@type":"ImageObject","inLanguage":"fr-FR","@id":"https:\/\/profert.dz\/fr\/index.php\/produit\/switch\/#primaryimage","url":"https:\/\/profert.dz\/fr\/wp-content\/uploads\/2018\/04\/Switch\u00ae-1.jpg","contentUrl":"https:\/\/profert.dz\/fr\/wp-content\/uploads\/2018\/04\/Switch\u00ae-1.jpg","width":720,"height":658},{"@type":"BreadcrumbList","@id":"https:\/\/profert.dz\/fr\/index.php\/produit\/switch\/#breadcrumb","itemListElement":[{"@type":"ListItem","position":1,"name":"Accueil","item":"https:\/\/profert.dz\/fr\/"},{"@type":"ListItem","position":2,"name":"Produits","item":"https:\/\/profert.dz\/fr\/index.php\/boutique\/"},{"@type":"ListItem","position":3,"name":"Switch\u00ae"}]},{"@type":"WebSite","@id":"https:\/\/profert.dz\/fr\/#website","url":"https:\/\/profert.dz\/fr\/","name":"Profert.dz","description":"Agriculture Alg\u00e9rie","potentialAction":[{"@type":"SearchAction","target":{"@type":"EntryPoint","urlTemplate":"https:\/\/profert.dz\/fr\/?s={search_term_string}"},"query-input":{"@type":"PropertyValueSpecification","valueRequired":true,"valueName":"search_term_string"}}],"inLanguage":"fr-FR"}]}},"_links":{"self":[{"href":"https:\/\/profert.dz\/fr\/index.php\/wp-json\/wp\/v2\/product\/16195"}],"collection":[{"href":"https:\/\/profert.dz\/fr\/index.php\/wp-json\/wp\/v2\/product"}],"about":[{"href":"https:\/\/profert.dz\/fr\/index.php\/wp-json\/wp\/v2\/types\/product"}],"wp:featuredmedia":[{"embeddable":true,"href":"https:\/\/profert.dz\/fr\/index.php\/wp-json\/wp\/v2\/media\/16455"}],"wp:attachment":[{"href":"https:\/\/profert.dz\/fr\/index.php\/wp-json\/wp\/v2\/media?parent=16195"}],"wp:term":[{"taxonomy":"product_brand","embeddable":true,"href":"https:\/\/profert.dz\/fr\/index.php\/wp-json\/wp\/v2\/product_brand?post=16195"},{"taxonomy":"product_cat","embeddable":true,"href":"https:\/\/profert.dz\/fr\/index.php\/wp-json\/wp\/v2\/product_cat?post=16195"},{"taxonomy":"product_tag","embeddable":true,"href":"https:\/\/profert.dz\/fr\/index.php\/wp-json\/wp\/v2\/product_tag?post=16195"}],"curies":[{"name":"wp","href":"https:\/\/api.w.org\/{rel}","templated":true}]}}