{"id":16190,"date":"2018-04-03T12:37:16","date_gmt":"2018-04-03T10:37:16","guid":{"rendered":"http:\/\/profert.dz\/fr\/?post_type=product&#038;p=16190"},"modified":"2023-08-22T16:08:05","modified_gmt":"2023-08-22T14:08:05","slug":"score","status":"publish","type":"product","link":"https:\/\/profert.dz\/fr\/index.php\/produit\/score\/","title":{"rendered":"Score<sup>\u00ae<\/sup>"},"content":{"rendered":"","protected":false},"excerpt":{"rendered":"<p><strong>Formulation :<\/strong> EC (concentr\u00e9 \u00e9mulsionnable).<br \/>\n<strong>Mati\u00e8re active :<\/strong> Difenoconazole.<br \/>\n<strong>Famille chimique :<\/strong> Triazoles.<br \/>\n<strong>Concentration :<\/strong> 250 g\/L.<\/p>\n<p><strong>Score<sup>\u00ae<\/sup><\/strong> est un fongicide \u00e0 action pr\u00e9ventive et curative.<br \/>\nLe Difeneconazole contenu dans <strong>Score<sup>\u00ae<\/sup> <\/strong>est absorb\u00e9 par les feuilles et les organes herbac\u00e9s des v\u00e9g\u00e9taux.<br \/>\n<strong>Score<sup>\u00ae<\/sup><\/strong> est dot\u00e9 de propri\u00e9t\u00e9 syst\u00e9mique, il est particuli\u00e8rement actif contre de nombreux champignons.<\/p>\n<p><strong>Utilisations et doses d\u2019emploi :<\/strong><br \/>\n<img decoding=\"async\" class=\"alignnone size-full wp-image-16193\" src=\"http:\/\/profert.dz\/fr\/wp-content\/uploads\/2018\/04\/Score\u00ae.jpg\" alt=\"\" width=\"500\" height=\"294\" srcset=\"https:\/\/profert.dz\/fr\/wp-content\/uploads\/2018\/04\/Score\u00ae-120x71.jpg 120w, https:\/\/profert.dz\/fr\/wp-content\/uploads\/2018\/04\/Score\u00ae-200x118.jpg 200w, https:\/\/profert.dz\/fr\/wp-content\/uploads\/2018\/04\/Score\u00ae-300x176.jpg 300w, https:\/\/profert.dz\/fr\/wp-content\/uploads\/2018\/04\/Score\u00ae-400x235.jpg 400w, https:\/\/profert.dz\/fr\/wp-content\/uploads\/2018\/04\/Score\u00ae.jpg 500w\" sizes=\"(max-width: 500px) 100vw, 500px\" \/><br \/>\n[wpdm_package id='26423']<\/p>\n","protected":false},"featured_media":16596,"template":"","meta":[],"product_brand":[],"product_cat":[87],"product_tag":[],"class_list":{"0":"post-16190","1":"product","2":"type-product","3":"status-publish","4":"has-post-thumbnail","6":"product_cat-fongicides-00","8":"first","9":"instock","10":"shipping-taxable","11":"product-type-simple"},"yoast_head":"<!-- This site is optimized with the Yoast SEO plugin v25.6 - https:\/\/yoast.com\/wordpress\/plugins\/seo\/ -->\n<title>Score\u00ae - Profert<\/title>\n<meta name=\"robots\" content=\"index, follow, max-snippet:-1, max-image-preview:large, max-video-preview:-1\" \/>\n<link rel=\"canonical\" href=\"https:\/\/profert.dz\/fr\/index.php\/produit\/score\/\" \/>\n<meta property=\"og:locale\" content=\"fr_FR\" \/>\n<meta property=\"og:type\" content=\"article\" \/>\n<meta property=\"og:title\" content=\"Score\u00ae - Profert\" \/>\n<meta property=\"og:description\" content=\"Formulation : EC (concentr\u00e9 \u00e9mulsionnable). Mati\u00e8re active : Difenoconazole. Famille chimique : Triazoles. Concentration : 250 g\/L.  Score\u00ae est un fongicide \u00e0 action pr\u00e9ventive et curative. Le Difeneconazole contenu dans Score\u00ae est absorb\u00e9 par les feuilles et les organes herbac\u00e9s des v\u00e9g\u00e9taux. Score\u00ae est dot\u00e9 de propri\u00e9t\u00e9 syst\u00e9mique, il est particuli\u00e8rement actif contre de nombreux champignons.  Utilisations et doses d\u2019emploi :\" \/>\n<meta property=\"og:url\" content=\"https:\/\/profert.dz\/fr\/index.php\/produit\/score\/\" \/>\n<meta property=\"og:site_name\" content=\"Profert\" \/>\n<meta property=\"article:modified_time\" content=\"2023-08-22T14:08:05+00:00\" \/>\n<meta property=\"og:image\" content=\"https:\/\/profert.dz\/fr\/wp-content\/uploads\/2018\/04\/Score.jpg\" \/>\n\t<meta property=\"og:image:width\" content=\"720\" \/>\n\t<meta property=\"og:image:height\" content=\"658\" \/>\n\t<meta property=\"og:image:type\" content=\"image\/jpeg\" \/>\n<meta name=\"twitter:card\" content=\"summary_large_image\" \/>\n<script type=\"application\/ld+json\" class=\"yoast-schema-graph\">{\"@context\":\"https:\/\/schema.org\",\"@graph\":[{\"@type\":\"WebPage\",\"@id\":\"https:\/\/profert.dz\/fr\/index.php\/produit\/score\/\",\"url\":\"https:\/\/profert.dz\/fr\/index.php\/produit\/score\/\",\"name\":\"Score\u00ae - Profert\",\"isPartOf\":{\"@id\":\"https:\/\/profert.dz\/fr\/#website\"},\"primaryImageOfPage\":{\"@id\":\"https:\/\/profert.dz\/fr\/index.php\/produit\/score\/#primaryimage\"},\"image\":{\"@id\":\"https:\/\/profert.dz\/fr\/index.php\/produit\/score\/#primaryimage\"},\"thumbnailUrl\":\"https:\/\/profert.dz\/fr\/wp-content\/uploads\/2018\/04\/Score.jpg\",\"datePublished\":\"2018-04-03T10:37:16+00:00\",\"dateModified\":\"2023-08-22T14:08:05+00:00\",\"breadcrumb\":{\"@id\":\"https:\/\/profert.dz\/fr\/index.php\/produit\/score\/#breadcrumb\"},\"inLanguage\":\"fr-FR\",\"potentialAction\":[{\"@type\":\"ReadAction\",\"target\":[\"https:\/\/profert.dz\/fr\/index.php\/produit\/score\/\"]}]},{\"@type\":\"ImageObject\",\"inLanguage\":\"fr-FR\",\"@id\":\"https:\/\/profert.dz\/fr\/index.php\/produit\/score\/#primaryimage\",\"url\":\"https:\/\/profert.dz\/fr\/wp-content\/uploads\/2018\/04\/Score.jpg\",\"contentUrl\":\"https:\/\/profert.dz\/fr\/wp-content\/uploads\/2018\/04\/Score.jpg\",\"width\":720,\"height\":658},{\"@type\":\"BreadcrumbList\",\"@id\":\"https:\/\/profert.dz\/fr\/index.php\/produit\/score\/#breadcrumb\",\"itemListElement\":[{\"@type\":\"ListItem\",\"position\":1,\"name\":\"Accueil\",\"item\":\"https:\/\/profert.dz\/fr\/\"},{\"@type\":\"ListItem\",\"position\":2,\"name\":\"Produits\",\"item\":\"https:\/\/profert.dz\/fr\/index.php\/boutique\/\"},{\"@type\":\"ListItem\",\"position\":3,\"name\":\"Score\u00ae\"}]},{\"@type\":\"WebSite\",\"@id\":\"https:\/\/profert.dz\/fr\/#website\",\"url\":\"https:\/\/profert.dz\/fr\/\",\"name\":\"Profert.dz\",\"description\":\"Agriculture Alg\u00e9rie\",\"potentialAction\":[{\"@type\":\"SearchAction\",\"target\":{\"@type\":\"EntryPoint\",\"urlTemplate\":\"https:\/\/profert.dz\/fr\/?s={search_term_string}\"},\"query-input\":{\"@type\":\"PropertyValueSpecification\",\"valueRequired\":true,\"valueName\":\"search_term_string\"}}],\"inLanguage\":\"fr-FR\"}]}<\/script>\n<!-- \/ Yoast SEO plugin. -->","yoast_head_json":{"title":"Score\u00ae - Profert","robots":{"index":"index","follow":"follow","max-snippet":"max-snippet:-1","max-image-preview":"max-image-preview:large","max-video-preview":"max-video-preview:-1"},"canonical":"https:\/\/profert.dz\/fr\/index.php\/produit\/score\/","og_locale":"fr_FR","og_type":"article","og_title":"Score\u00ae - Profert","og_description":"Formulation : EC (concentr\u00e9 \u00e9mulsionnable). Mati\u00e8re active : Difenoconazole. Famille chimique : Triazoles. Concentration : 250 g\/L.  Score\u00ae est un fongicide \u00e0 action pr\u00e9ventive et curative. Le Difeneconazole contenu dans Score\u00ae est absorb\u00e9 par les feuilles et les organes herbac\u00e9s des v\u00e9g\u00e9taux. Score\u00ae est dot\u00e9 de propri\u00e9t\u00e9 syst\u00e9mique, il est particuli\u00e8rement actif contre de nombreux champignons.  Utilisations et doses d\u2019emploi :","og_url":"https:\/\/profert.dz\/fr\/index.php\/produit\/score\/","og_site_name":"Profert","article_modified_time":"2023-08-22T14:08:05+00:00","og_image":[{"width":720,"height":658,"url":"https:\/\/profert.dz\/fr\/wp-content\/uploads\/2018\/04\/Score.jpg","type":"image\/jpeg"}],"twitter_card":"summary_large_image","schema":{"@context":"https:\/\/schema.org","@graph":[{"@type":"WebPage","@id":"https:\/\/profert.dz\/fr\/index.php\/produit\/score\/","url":"https:\/\/profert.dz\/fr\/index.php\/produit\/score\/","name":"Score\u00ae - Profert","isPartOf":{"@id":"https:\/\/profert.dz\/fr\/#website"},"primaryImageOfPage":{"@id":"https:\/\/profert.dz\/fr\/index.php\/produit\/score\/#primaryimage"},"image":{"@id":"https:\/\/profert.dz\/fr\/index.php\/produit\/score\/#primaryimage"},"thumbnailUrl":"https:\/\/profert.dz\/fr\/wp-content\/uploads\/2018\/04\/Score.jpg","datePublished":"2018-04-03T10:37:16+00:00","dateModified":"2023-08-22T14:08:05+00:00","breadcrumb":{"@id":"https:\/\/profert.dz\/fr\/index.php\/produit\/score\/#breadcrumb"},"inLanguage":"fr-FR","potentialAction":[{"@type":"ReadAction","target":["https:\/\/profert.dz\/fr\/index.php\/produit\/score\/"]}]},{"@type":"ImageObject","inLanguage":"fr-FR","@id":"https:\/\/profert.dz\/fr\/index.php\/produit\/score\/#primaryimage","url":"https:\/\/profert.dz\/fr\/wp-content\/uploads\/2018\/04\/Score.jpg","contentUrl":"https:\/\/profert.dz\/fr\/wp-content\/uploads\/2018\/04\/Score.jpg","width":720,"height":658},{"@type":"BreadcrumbList","@id":"https:\/\/profert.dz\/fr\/index.php\/produit\/score\/#breadcrumb","itemListElement":[{"@type":"ListItem","position":1,"name":"Accueil","item":"https:\/\/profert.dz\/fr\/"},{"@type":"ListItem","position":2,"name":"Produits","item":"https:\/\/profert.dz\/fr\/index.php\/boutique\/"},{"@type":"ListItem","position":3,"name":"Score\u00ae"}]},{"@type":"WebSite","@id":"https:\/\/profert.dz\/fr\/#website","url":"https:\/\/profert.dz\/fr\/","name":"Profert.dz","description":"Agriculture Alg\u00e9rie","potentialAction":[{"@type":"SearchAction","target":{"@type":"EntryPoint","urlTemplate":"https:\/\/profert.dz\/fr\/?s={search_term_string}"},"query-input":{"@type":"PropertyValueSpecification","valueRequired":true,"valueName":"search_term_string"}}],"inLanguage":"fr-FR"}]}},"_links":{"self":[{"href":"https:\/\/profert.dz\/fr\/index.php\/wp-json\/wp\/v2\/product\/16190"}],"collection":[{"href":"https:\/\/profert.dz\/fr\/index.php\/wp-json\/wp\/v2\/product"}],"about":[{"href":"https:\/\/profert.dz\/fr\/index.php\/wp-json\/wp\/v2\/types\/product"}],"wp:featuredmedia":[{"embeddable":true,"href":"https:\/\/profert.dz\/fr\/index.php\/wp-json\/wp\/v2\/media\/16596"}],"wp:attachment":[{"href":"https:\/\/profert.dz\/fr\/index.php\/wp-json\/wp\/v2\/media?parent=16190"}],"wp:term":[{"taxonomy":"product_brand","embeddable":true,"href":"https:\/\/profert.dz\/fr\/index.php\/wp-json\/wp\/v2\/product_brand?post=16190"},{"taxonomy":"product_cat","embeddable":true,"href":"https:\/\/profert.dz\/fr\/index.php\/wp-json\/wp\/v2\/product_cat?post=16190"},{"taxonomy":"product_tag","embeddable":true,"href":"https:\/\/profert.dz\/fr\/index.php\/wp-json\/wp\/v2\/product_tag?post=16190"}],"curies":[{"name":"wp","href":"https:\/\/api.w.org\/{rel}","templated":true}]}}