{"id":16182,"date":"2018-04-03T12:13:58","date_gmt":"2018-04-03T10:13:58","guid":{"rendered":"http:\/\/profert.dz\/fr\/?post_type=product&#038;p=16182"},"modified":"2025-01-20T10:11:03","modified_gmt":"2025-01-20T09:11:03","slug":"naturam-5","status":"publish","type":"product","link":"https:\/\/profert.dz\/fr\/index.php\/produit\/naturam-5\/","title":{"rendered":"Naturam<sup>\u00ae<\/sup> 5"},"content":{"rendered":"","protected":false},"excerpt":{"rendered":"<p style=\"text-align: justify;\"><strong>Formulation :<\/strong> SL (concentr\u00e9 soluble).<br \/>\n<strong>Mati\u00e8re active :<\/strong> Sulfate de cuivre + Acides amin\u00e9s.<br \/>\n<strong>La famille chimique :<\/strong> Cuivre + Acides amin\u00e9s.<br \/>\n<strong>Concentration :<\/strong> 5% + 3%.<\/p>\n<p style=\"text-align: justify;\"><strong>Naturam<sup>\u00ae<\/sup> 5<\/strong> est un produit contenant du Cuivre et des acides amin\u00e9s.<br \/>\nL\u2019association de ces mati\u00e8res permet \u00e0 <strong>Naturam<sup>\u00ae<\/sup> 5<\/strong> une efficacit\u00e9 \u00e9lev\u00e9e sur les mildious, le cycloconium et les bact\u00e9ries.<br \/>\nLes acides amin\u00e9s contenus dans <strong>Naturam<sup>\u00ae<\/sup> 5<\/strong> permettent la p\u00e9n\u00e9tration du cuivre dans le v\u00e9g\u00e9tal offrant ainsi une curativit\u00e9, un effet bact\u00e9ricide \u00e9lev\u00e9 et une reprise rapide du v\u00e9g\u00e9tal gr\u00e2ce \u00e0 l\u2019action des acides amin\u00e9s.<\/p>\n<p style=\"text-align: justify;\"><strong>Utilisations et doses d\u2019emploi :<\/strong><br \/>\n<img decoding=\"async\" class=\"alignnone wp-image-16405\" src=\"http:\/\/profert.dz\/fr\/wp-content\/uploads\/2018\/04\/Naturam\u00ae-5.jpg\" alt=\"\" width=\"450\" height=\"101\" srcset=\"https:\/\/profert.dz\/fr\/wp-content\/uploads\/2018\/04\/Naturam\u00ae-5-120x27.jpg 120w, https:\/\/profert.dz\/fr\/wp-content\/uploads\/2018\/04\/Naturam\u00ae-5-200x45.jpg 200w, https:\/\/profert.dz\/fr\/wp-content\/uploads\/2018\/04\/Naturam\u00ae-5-300x67.jpg 300w, https:\/\/profert.dz\/fr\/wp-content\/uploads\/2018\/04\/Naturam\u00ae-5-400x90.jpg 400w, https:\/\/profert.dz\/fr\/wp-content\/uploads\/2018\/04\/Naturam\u00ae-5.jpg 500w\" sizes=\"(max-width: 450px) 100vw, 450px\" \/><\/p>\n[wpdm_package id='26426']\n","protected":false},"featured_media":21367,"template":"","meta":[],"product_brand":[],"product_cat":[234,87],"product_tag":[],"class_list":{"0":"post-16182","1":"product","2":"type-product","3":"status-publish","4":"has-post-thumbnail","6":"product_cat-bio-fongicides","7":"product_cat-fongicides-00","9":"first","10":"instock","11":"shipping-taxable","12":"product-type-simple"},"yoast_head":"<!-- This site is optimized with the Yoast SEO plugin v25.6 - https:\/\/yoast.com\/wordpress\/plugins\/seo\/ -->\n<title>Naturam\u00ae 5 - Profert<\/title>\n<meta name=\"robots\" content=\"index, follow, max-snippet:-1, max-image-preview:large, max-video-preview:-1\" \/>\n<link rel=\"canonical\" href=\"https:\/\/profert.dz\/fr\/index.php\/produit\/naturam-5\/\" \/>\n<meta property=\"og:locale\" content=\"fr_FR\" \/>\n<meta property=\"og:type\" content=\"article\" \/>\n<meta property=\"og:title\" content=\"Naturam\u00ae 5 - Profert\" \/>\n<meta property=\"og:description\" content=\"Formulation : SL (concentr\u00e9 soluble). Mati\u00e8re active : Sulfate de cuivre + Acides amin\u00e9s. La famille chimique : Cuivre + Acides amin\u00e9s. Concentration : 5% + 3%. Naturam\u00ae 5 est un produit contenant du Cuivre et des acides amin\u00e9s. L\u2019association de ces mati\u00e8res permet \u00e0 Naturam\u00ae 5 une efficacit\u00e9 \u00e9lev\u00e9e sur les mildious, le cycloconium et les bact\u00e9ries. Les acides amin\u00e9s contenus dans Naturam\u00ae 5 permettent la p\u00e9n\u00e9tration du cuivre dans le v\u00e9g\u00e9tal offrant ainsi une curativit\u00e9, un effet bact\u00e9ricide \u00e9lev\u00e9 et une reprise rapide du v\u00e9g\u00e9tal gr\u00e2ce \u00e0 l\u2019action des acides amin\u00e9s. Utilisations et doses d\u2019emploi :\" \/>\n<meta property=\"og:url\" content=\"https:\/\/profert.dz\/fr\/index.php\/produit\/naturam-5\/\" \/>\n<meta property=\"og:site_name\" content=\"Profert\" \/>\n<meta property=\"article:modified_time\" content=\"2025-01-20T09:11:03+00:00\" \/>\n<meta property=\"og:image\" content=\"https:\/\/profert.dz\/fr\/wp-content\/uploads\/2018\/04\/Naturam-5.jpg\" \/>\n\t<meta property=\"og:image:width\" content=\"720\" \/>\n\t<meta property=\"og:image:height\" content=\"658\" \/>\n\t<meta property=\"og:image:type\" content=\"image\/jpeg\" \/>\n<meta name=\"twitter:card\" content=\"summary_large_image\" \/>\n<meta name=\"twitter:label1\" content=\"Dur\u00e9e de lecture estim\u00e9e\" \/>\n\t<meta name=\"twitter:data1\" content=\"1 minute\" \/>\n<script type=\"application\/ld+json\" class=\"yoast-schema-graph\">{\"@context\":\"https:\/\/schema.org\",\"@graph\":[{\"@type\":\"WebPage\",\"@id\":\"https:\/\/profert.dz\/fr\/index.php\/produit\/naturam-5\/\",\"url\":\"https:\/\/profert.dz\/fr\/index.php\/produit\/naturam-5\/\",\"name\":\"Naturam\u00ae 5 - Profert\",\"isPartOf\":{\"@id\":\"https:\/\/profert.dz\/fr\/#website\"},\"primaryImageOfPage\":{\"@id\":\"https:\/\/profert.dz\/fr\/index.php\/produit\/naturam-5\/#primaryimage\"},\"image\":{\"@id\":\"https:\/\/profert.dz\/fr\/index.php\/produit\/naturam-5\/#primaryimage\"},\"thumbnailUrl\":\"https:\/\/profert.dz\/fr\/wp-content\/uploads\/2018\/04\/Naturam-5.jpg\",\"datePublished\":\"2018-04-03T10:13:58+00:00\",\"dateModified\":\"2025-01-20T09:11:03+00:00\",\"breadcrumb\":{\"@id\":\"https:\/\/profert.dz\/fr\/index.php\/produit\/naturam-5\/#breadcrumb\"},\"inLanguage\":\"fr-FR\",\"potentialAction\":[{\"@type\":\"ReadAction\",\"target\":[\"https:\/\/profert.dz\/fr\/index.php\/produit\/naturam-5\/\"]}]},{\"@type\":\"ImageObject\",\"inLanguage\":\"fr-FR\",\"@id\":\"https:\/\/profert.dz\/fr\/index.php\/produit\/naturam-5\/#primaryimage\",\"url\":\"https:\/\/profert.dz\/fr\/wp-content\/uploads\/2018\/04\/Naturam-5.jpg\",\"contentUrl\":\"https:\/\/profert.dz\/fr\/wp-content\/uploads\/2018\/04\/Naturam-5.jpg\",\"width\":720,\"height\":658},{\"@type\":\"BreadcrumbList\",\"@id\":\"https:\/\/profert.dz\/fr\/index.php\/produit\/naturam-5\/#breadcrumb\",\"itemListElement\":[{\"@type\":\"ListItem\",\"position\":1,\"name\":\"Accueil\",\"item\":\"https:\/\/profert.dz\/fr\/\"},{\"@type\":\"ListItem\",\"position\":2,\"name\":\"Produits\",\"item\":\"https:\/\/profert.dz\/fr\/index.php\/boutique\/\"},{\"@type\":\"ListItem\",\"position\":3,\"name\":\"Naturam\u00ae 5\"}]},{\"@type\":\"WebSite\",\"@id\":\"https:\/\/profert.dz\/fr\/#website\",\"url\":\"https:\/\/profert.dz\/fr\/\",\"name\":\"Profert.dz\",\"description\":\"Agriculture Alg\u00e9rie\",\"potentialAction\":[{\"@type\":\"SearchAction\",\"target\":{\"@type\":\"EntryPoint\",\"urlTemplate\":\"https:\/\/profert.dz\/fr\/?s={search_term_string}\"},\"query-input\":{\"@type\":\"PropertyValueSpecification\",\"valueRequired\":true,\"valueName\":\"search_term_string\"}}],\"inLanguage\":\"fr-FR\"}]}<\/script>\n<!-- \/ Yoast SEO plugin. -->","yoast_head_json":{"title":"Naturam\u00ae 5 - Profert","robots":{"index":"index","follow":"follow","max-snippet":"max-snippet:-1","max-image-preview":"max-image-preview:large","max-video-preview":"max-video-preview:-1"},"canonical":"https:\/\/profert.dz\/fr\/index.php\/produit\/naturam-5\/","og_locale":"fr_FR","og_type":"article","og_title":"Naturam\u00ae 5 - Profert","og_description":"Formulation : SL (concentr\u00e9 soluble). Mati\u00e8re active : Sulfate de cuivre + Acides amin\u00e9s. La famille chimique : Cuivre + Acides amin\u00e9s. Concentration : 5% + 3%. Naturam\u00ae 5 est un produit contenant du Cuivre et des acides amin\u00e9s. L\u2019association de ces mati\u00e8res permet \u00e0 Naturam\u00ae 5 une efficacit\u00e9 \u00e9lev\u00e9e sur les mildious, le cycloconium et les bact\u00e9ries. Les acides amin\u00e9s contenus dans Naturam\u00ae 5 permettent la p\u00e9n\u00e9tration du cuivre dans le v\u00e9g\u00e9tal offrant ainsi une curativit\u00e9, un effet bact\u00e9ricide \u00e9lev\u00e9 et une reprise rapide du v\u00e9g\u00e9tal gr\u00e2ce \u00e0 l\u2019action des acides amin\u00e9s. Utilisations et doses d\u2019emploi :","og_url":"https:\/\/profert.dz\/fr\/index.php\/produit\/naturam-5\/","og_site_name":"Profert","article_modified_time":"2025-01-20T09:11:03+00:00","og_image":[{"width":720,"height":658,"url":"https:\/\/profert.dz\/fr\/wp-content\/uploads\/2018\/04\/Naturam-5.jpg","type":"image\/jpeg"}],"twitter_card":"summary_large_image","twitter_misc":{"Dur\u00e9e de lecture estim\u00e9e":"1 minute"},"schema":{"@context":"https:\/\/schema.org","@graph":[{"@type":"WebPage","@id":"https:\/\/profert.dz\/fr\/index.php\/produit\/naturam-5\/","url":"https:\/\/profert.dz\/fr\/index.php\/produit\/naturam-5\/","name":"Naturam\u00ae 5 - Profert","isPartOf":{"@id":"https:\/\/profert.dz\/fr\/#website"},"primaryImageOfPage":{"@id":"https:\/\/profert.dz\/fr\/index.php\/produit\/naturam-5\/#primaryimage"},"image":{"@id":"https:\/\/profert.dz\/fr\/index.php\/produit\/naturam-5\/#primaryimage"},"thumbnailUrl":"https:\/\/profert.dz\/fr\/wp-content\/uploads\/2018\/04\/Naturam-5.jpg","datePublished":"2018-04-03T10:13:58+00:00","dateModified":"2025-01-20T09:11:03+00:00","breadcrumb":{"@id":"https:\/\/profert.dz\/fr\/index.php\/produit\/naturam-5\/#breadcrumb"},"inLanguage":"fr-FR","potentialAction":[{"@type":"ReadAction","target":["https:\/\/profert.dz\/fr\/index.php\/produit\/naturam-5\/"]}]},{"@type":"ImageObject","inLanguage":"fr-FR","@id":"https:\/\/profert.dz\/fr\/index.php\/produit\/naturam-5\/#primaryimage","url":"https:\/\/profert.dz\/fr\/wp-content\/uploads\/2018\/04\/Naturam-5.jpg","contentUrl":"https:\/\/profert.dz\/fr\/wp-content\/uploads\/2018\/04\/Naturam-5.jpg","width":720,"height":658},{"@type":"BreadcrumbList","@id":"https:\/\/profert.dz\/fr\/index.php\/produit\/naturam-5\/#breadcrumb","itemListElement":[{"@type":"ListItem","position":1,"name":"Accueil","item":"https:\/\/profert.dz\/fr\/"},{"@type":"ListItem","position":2,"name":"Produits","item":"https:\/\/profert.dz\/fr\/index.php\/boutique\/"},{"@type":"ListItem","position":3,"name":"Naturam\u00ae 5"}]},{"@type":"WebSite","@id":"https:\/\/profert.dz\/fr\/#website","url":"https:\/\/profert.dz\/fr\/","name":"Profert.dz","description":"Agriculture Alg\u00e9rie","potentialAction":[{"@type":"SearchAction","target":{"@type":"EntryPoint","urlTemplate":"https:\/\/profert.dz\/fr\/?s={search_term_string}"},"query-input":{"@type":"PropertyValueSpecification","valueRequired":true,"valueName":"search_term_string"}}],"inLanguage":"fr-FR"}]}},"_links":{"self":[{"href":"https:\/\/profert.dz\/fr\/index.php\/wp-json\/wp\/v2\/product\/16182"}],"collection":[{"href":"https:\/\/profert.dz\/fr\/index.php\/wp-json\/wp\/v2\/product"}],"about":[{"href":"https:\/\/profert.dz\/fr\/index.php\/wp-json\/wp\/v2\/types\/product"}],"wp:featuredmedia":[{"embeddable":true,"href":"https:\/\/profert.dz\/fr\/index.php\/wp-json\/wp\/v2\/media\/21367"}],"wp:attachment":[{"href":"https:\/\/profert.dz\/fr\/index.php\/wp-json\/wp\/v2\/media?parent=16182"}],"wp:term":[{"taxonomy":"product_brand","embeddable":true,"href":"https:\/\/profert.dz\/fr\/index.php\/wp-json\/wp\/v2\/product_brand?post=16182"},{"taxonomy":"product_cat","embeddable":true,"href":"https:\/\/profert.dz\/fr\/index.php\/wp-json\/wp\/v2\/product_cat?post=16182"},{"taxonomy":"product_tag","embeddable":true,"href":"https:\/\/profert.dz\/fr\/index.php\/wp-json\/wp\/v2\/product_tag?post=16182"}],"curies":[{"name":"wp","href":"https:\/\/api.w.org\/{rel}","templated":true}]}}