{"id":16179,"date":"2018-04-03T12:01:30","date_gmt":"2018-04-03T10:01:30","guid":{"rendered":"http:\/\/profert.dz\/fr\/?post_type=product&#038;p=16179"},"modified":"2023-08-22T15:59:09","modified_gmt":"2023-08-22T13:59:09","slug":"mikal-flash","status":"publish","type":"product","link":"https:\/\/profert.dz\/fr\/index.php\/produit\/mikal-flash\/","title":{"rendered":"Mikal<sup>\u00ae<\/sup> Flash"},"content":{"rendered":"","protected":false},"excerpt":{"rendered":"<p style=\"text-align: justify;\"><strong>Formulation:<\/strong> WG (granul\u00e9s dispersibles).<br \/>\n<strong>Mati\u00e8re active :<\/strong> Fos\u00e9tyl-aluminium + Folpel.<br \/>\n<strong>La famille chimique :<\/strong> Phosphanates + Phtalamides.<br \/>\n<strong>Concentration :<\/strong> 500 gr\/kg + 250 gr\/kg.<\/p>\n<p style=\"text-align: justify;\"><strong>Mikal<sup>\u00ae<\/sup> Flash<\/strong> est un fongicide associant deux mati\u00e8res actives: le Fos\u00e9tylaluminium et le Folpel.<br \/>\nLe Fos\u00e9tyl-aluminium agit par syst\u00e9mie ascendante et descendante, il a une activit\u00e9 directe sur la maladie et indirecte en stimulant les d\u00e9fenses naturelles de la plante.<br \/>\nLe Folpel a une action pr\u00e9ventive. Il agit par contact sur la germination des spores.<\/p>\n<p style=\"text-align: justify;\"><strong>Utilisations et doses d\u2019emploi :<\/strong><br \/>\n<img decoding=\"async\" class=\"alignnone wp-image-16180\" src=\"http:\/\/profert.dz\/fr\/wp-content\/uploads\/2018\/04\/Mikal\u00ae-Flash.jpg\" alt=\"\" width=\"450\" height=\"62\" srcset=\"https:\/\/profert.dz\/fr\/wp-content\/uploads\/2018\/04\/Mikal\u00ae-Flash-120x17.jpg 120w, https:\/\/profert.dz\/fr\/wp-content\/uploads\/2018\/04\/Mikal\u00ae-Flash-200x28.jpg 200w, https:\/\/profert.dz\/fr\/wp-content\/uploads\/2018\/04\/Mikal\u00ae-Flash-300x41.jpg 300w, https:\/\/profert.dz\/fr\/wp-content\/uploads\/2018\/04\/Mikal\u00ae-Flash-400x55.jpg 400w, https:\/\/profert.dz\/fr\/wp-content\/uploads\/2018\/04\/Mikal\u00ae-Flash.jpg 500w\" sizes=\"(max-width: 450px) 100vw, 450px\" \/>\n<\/p>\n[wpdm_package id='26427']\n","protected":false},"featured_media":16469,"template":"","meta":[],"product_brand":[],"product_cat":[87],"product_tag":[],"class_list":{"0":"post-16179","1":"product","2":"type-product","3":"status-publish","4":"has-post-thumbnail","6":"product_cat-fongicides-00","8":"first","9":"instock","10":"shipping-taxable","11":"product-type-simple"},"yoast_head":"<!-- This site is optimized with the Yoast SEO plugin v25.6 - https:\/\/yoast.com\/wordpress\/plugins\/seo\/ -->\n<title>Mikal\u00ae Flash - Profert<\/title>\n<meta name=\"robots\" content=\"index, follow, max-snippet:-1, max-image-preview:large, max-video-preview:-1\" \/>\n<link rel=\"canonical\" href=\"https:\/\/profert.dz\/fr\/index.php\/produit\/mikal-flash\/\" \/>\n<meta property=\"og:locale\" content=\"fr_FR\" \/>\n<meta property=\"og:type\" content=\"article\" \/>\n<meta property=\"og:title\" content=\"Mikal\u00ae Flash - Profert\" \/>\n<meta property=\"og:description\" content=\"Formulation: WG (granul\u00e9s dispersibles). Mati\u00e8re active : Fos\u00e9tyl-aluminium + Folpel. La famille chimique : Phosphanates + Phtalamides. Concentration : 500 gr\/kg + 250 gr\/kg. Mikal\u00ae Flash est un fongicide associant deux mati\u00e8res actives: le Fos\u00e9tylaluminium et le Folpel. Le Fos\u00e9tyl-aluminium agit par syst\u00e9mie ascendante et descendante, il a une activit\u00e9 directe sur la maladie et indirecte en stimulant les d\u00e9fenses naturelles de la plante. Le Folpel a une action pr\u00e9ventive. Il agit par contact sur la germination des spores. Utilisations et doses d\u2019emploi :\" \/>\n<meta property=\"og:url\" content=\"https:\/\/profert.dz\/fr\/index.php\/produit\/mikal-flash\/\" \/>\n<meta property=\"og:site_name\" content=\"Profert\" \/>\n<meta property=\"article:modified_time\" content=\"2023-08-22T13:59:09+00:00\" \/>\n<meta property=\"og:image\" content=\"https:\/\/profert.dz\/fr\/wp-content\/uploads\/2018\/04\/Mikal\u00ae-Flash-1.jpg\" \/>\n\t<meta property=\"og:image:width\" content=\"720\" \/>\n\t<meta property=\"og:image:height\" content=\"658\" \/>\n\t<meta property=\"og:image:type\" content=\"image\/jpeg\" \/>\n<meta name=\"twitter:card\" content=\"summary_large_image\" \/>\n<script type=\"application\/ld+json\" class=\"yoast-schema-graph\">{\"@context\":\"https:\/\/schema.org\",\"@graph\":[{\"@type\":\"WebPage\",\"@id\":\"https:\/\/profert.dz\/fr\/index.php\/produit\/mikal-flash\/\",\"url\":\"https:\/\/profert.dz\/fr\/index.php\/produit\/mikal-flash\/\",\"name\":\"Mikal\u00ae Flash - Profert\",\"isPartOf\":{\"@id\":\"https:\/\/profert.dz\/fr\/#website\"},\"primaryImageOfPage\":{\"@id\":\"https:\/\/profert.dz\/fr\/index.php\/produit\/mikal-flash\/#primaryimage\"},\"image\":{\"@id\":\"https:\/\/profert.dz\/fr\/index.php\/produit\/mikal-flash\/#primaryimage\"},\"thumbnailUrl\":\"https:\/\/profert.dz\/fr\/wp-content\/uploads\/2018\/04\/Mikal\u00ae-Flash-1.jpg\",\"datePublished\":\"2018-04-03T10:01:30+00:00\",\"dateModified\":\"2023-08-22T13:59:09+00:00\",\"breadcrumb\":{\"@id\":\"https:\/\/profert.dz\/fr\/index.php\/produit\/mikal-flash\/#breadcrumb\"},\"inLanguage\":\"fr-FR\",\"potentialAction\":[{\"@type\":\"ReadAction\",\"target\":[\"https:\/\/profert.dz\/fr\/index.php\/produit\/mikal-flash\/\"]}]},{\"@type\":\"ImageObject\",\"inLanguage\":\"fr-FR\",\"@id\":\"https:\/\/profert.dz\/fr\/index.php\/produit\/mikal-flash\/#primaryimage\",\"url\":\"https:\/\/profert.dz\/fr\/wp-content\/uploads\/2018\/04\/Mikal\u00ae-Flash-1.jpg\",\"contentUrl\":\"https:\/\/profert.dz\/fr\/wp-content\/uploads\/2018\/04\/Mikal\u00ae-Flash-1.jpg\",\"width\":720,\"height\":658},{\"@type\":\"BreadcrumbList\",\"@id\":\"https:\/\/profert.dz\/fr\/index.php\/produit\/mikal-flash\/#breadcrumb\",\"itemListElement\":[{\"@type\":\"ListItem\",\"position\":1,\"name\":\"Accueil\",\"item\":\"https:\/\/profert.dz\/fr\/\"},{\"@type\":\"ListItem\",\"position\":2,\"name\":\"Produits\",\"item\":\"https:\/\/profert.dz\/fr\/index.php\/boutique\/\"},{\"@type\":\"ListItem\",\"position\":3,\"name\":\"Mikal\u00ae Flash\"}]},{\"@type\":\"WebSite\",\"@id\":\"https:\/\/profert.dz\/fr\/#website\",\"url\":\"https:\/\/profert.dz\/fr\/\",\"name\":\"Profert.dz\",\"description\":\"Agriculture Alg\u00e9rie\",\"potentialAction\":[{\"@type\":\"SearchAction\",\"target\":{\"@type\":\"EntryPoint\",\"urlTemplate\":\"https:\/\/profert.dz\/fr\/?s={search_term_string}\"},\"query-input\":{\"@type\":\"PropertyValueSpecification\",\"valueRequired\":true,\"valueName\":\"search_term_string\"}}],\"inLanguage\":\"fr-FR\"}]}<\/script>\n<!-- \/ Yoast SEO plugin. -->","yoast_head_json":{"title":"Mikal\u00ae Flash - Profert","robots":{"index":"index","follow":"follow","max-snippet":"max-snippet:-1","max-image-preview":"max-image-preview:large","max-video-preview":"max-video-preview:-1"},"canonical":"https:\/\/profert.dz\/fr\/index.php\/produit\/mikal-flash\/","og_locale":"fr_FR","og_type":"article","og_title":"Mikal\u00ae Flash - Profert","og_description":"Formulation: WG (granul\u00e9s dispersibles). Mati\u00e8re active : Fos\u00e9tyl-aluminium + Folpel. La famille chimique : Phosphanates + Phtalamides. Concentration : 500 gr\/kg + 250 gr\/kg. Mikal\u00ae Flash est un fongicide associant deux mati\u00e8res actives: le Fos\u00e9tylaluminium et le Folpel. Le Fos\u00e9tyl-aluminium agit par syst\u00e9mie ascendante et descendante, il a une activit\u00e9 directe sur la maladie et indirecte en stimulant les d\u00e9fenses naturelles de la plante. Le Folpel a une action pr\u00e9ventive. Il agit par contact sur la germination des spores. Utilisations et doses d\u2019emploi :","og_url":"https:\/\/profert.dz\/fr\/index.php\/produit\/mikal-flash\/","og_site_name":"Profert","article_modified_time":"2023-08-22T13:59:09+00:00","og_image":[{"width":720,"height":658,"url":"https:\/\/profert.dz\/fr\/wp-content\/uploads\/2018\/04\/Mikal\u00ae-Flash-1.jpg","type":"image\/jpeg"}],"twitter_card":"summary_large_image","schema":{"@context":"https:\/\/schema.org","@graph":[{"@type":"WebPage","@id":"https:\/\/profert.dz\/fr\/index.php\/produit\/mikal-flash\/","url":"https:\/\/profert.dz\/fr\/index.php\/produit\/mikal-flash\/","name":"Mikal\u00ae Flash - Profert","isPartOf":{"@id":"https:\/\/profert.dz\/fr\/#website"},"primaryImageOfPage":{"@id":"https:\/\/profert.dz\/fr\/index.php\/produit\/mikal-flash\/#primaryimage"},"image":{"@id":"https:\/\/profert.dz\/fr\/index.php\/produit\/mikal-flash\/#primaryimage"},"thumbnailUrl":"https:\/\/profert.dz\/fr\/wp-content\/uploads\/2018\/04\/Mikal\u00ae-Flash-1.jpg","datePublished":"2018-04-03T10:01:30+00:00","dateModified":"2023-08-22T13:59:09+00:00","breadcrumb":{"@id":"https:\/\/profert.dz\/fr\/index.php\/produit\/mikal-flash\/#breadcrumb"},"inLanguage":"fr-FR","potentialAction":[{"@type":"ReadAction","target":["https:\/\/profert.dz\/fr\/index.php\/produit\/mikal-flash\/"]}]},{"@type":"ImageObject","inLanguage":"fr-FR","@id":"https:\/\/profert.dz\/fr\/index.php\/produit\/mikal-flash\/#primaryimage","url":"https:\/\/profert.dz\/fr\/wp-content\/uploads\/2018\/04\/Mikal\u00ae-Flash-1.jpg","contentUrl":"https:\/\/profert.dz\/fr\/wp-content\/uploads\/2018\/04\/Mikal\u00ae-Flash-1.jpg","width":720,"height":658},{"@type":"BreadcrumbList","@id":"https:\/\/profert.dz\/fr\/index.php\/produit\/mikal-flash\/#breadcrumb","itemListElement":[{"@type":"ListItem","position":1,"name":"Accueil","item":"https:\/\/profert.dz\/fr\/"},{"@type":"ListItem","position":2,"name":"Produits","item":"https:\/\/profert.dz\/fr\/index.php\/boutique\/"},{"@type":"ListItem","position":3,"name":"Mikal\u00ae Flash"}]},{"@type":"WebSite","@id":"https:\/\/profert.dz\/fr\/#website","url":"https:\/\/profert.dz\/fr\/","name":"Profert.dz","description":"Agriculture Alg\u00e9rie","potentialAction":[{"@type":"SearchAction","target":{"@type":"EntryPoint","urlTemplate":"https:\/\/profert.dz\/fr\/?s={search_term_string}"},"query-input":{"@type":"PropertyValueSpecification","valueRequired":true,"valueName":"search_term_string"}}],"inLanguage":"fr-FR"}]}},"_links":{"self":[{"href":"https:\/\/profert.dz\/fr\/index.php\/wp-json\/wp\/v2\/product\/16179"}],"collection":[{"href":"https:\/\/profert.dz\/fr\/index.php\/wp-json\/wp\/v2\/product"}],"about":[{"href":"https:\/\/profert.dz\/fr\/index.php\/wp-json\/wp\/v2\/types\/product"}],"wp:featuredmedia":[{"embeddable":true,"href":"https:\/\/profert.dz\/fr\/index.php\/wp-json\/wp\/v2\/media\/16469"}],"wp:attachment":[{"href":"https:\/\/profert.dz\/fr\/index.php\/wp-json\/wp\/v2\/media?parent=16179"}],"wp:term":[{"taxonomy":"product_brand","embeddable":true,"href":"https:\/\/profert.dz\/fr\/index.php\/wp-json\/wp\/v2\/product_brand?post=16179"},{"taxonomy":"product_cat","embeddable":true,"href":"https:\/\/profert.dz\/fr\/index.php\/wp-json\/wp\/v2\/product_cat?post=16179"},{"taxonomy":"product_tag","embeddable":true,"href":"https:\/\/profert.dz\/fr\/index.php\/wp-json\/wp\/v2\/product_tag?post=16179"}],"curies":[{"name":"wp","href":"https:\/\/api.w.org\/{rel}","templated":true}]}}