{"id":16175,"date":"2018-04-03T11:44:31","date_gmt":"2018-04-03T09:44:31","guid":{"rendered":"http:\/\/profert.dz\/fr\/?post_type=product&#038;p=16175"},"modified":"2023-08-22T15:55:28","modified_gmt":"2023-08-22T13:55:28","slug":"chorus","status":"publish","type":"product","link":"https:\/\/profert.dz\/fr\/index.php\/produit\/chorus\/","title":{"rendered":"Chorus<sup>\u00ae<\/sup>"},"content":{"rendered":"","protected":false},"excerpt":{"rendered":"<p style=\"text-align: justify;\"><strong>Formulation :<\/strong> WG (granul\u00e9s dispersibles).<br \/>\n<strong>Mati\u00e8re active :<\/strong> Cyprodinil.<br \/>\n<strong>Famille chimique :<\/strong> Anilino-pyrimidines.<br \/>\n<strong>Concentration :<\/strong> 50%.<\/p>\n<p style=\"text-align: justify;\"><strong>Chorus<sup>\u00ae<\/sup><\/strong> est un produit syst\u00e9mique et de contact, \u00e0 la fois pr\u00e9ventif et curatif.<br \/>\n<strong>Chorus<sup>\u00ae<\/sup><\/strong> agit par contact en prot\u00e9geant le v\u00e9g\u00e9tal de l\u2019ext\u00e9rieur et en emp\u00eachant la p\u00e9n\u00e9tration de la spore dans la feuille.<br \/>\n<strong>Chorus<sup>\u00ae<\/sup><\/strong> p\u00e9n\u00e8tre dans le v\u00e9g\u00e9tal pour le prot\u00e9ger de l\u2019int\u00e9rieur, en inhibant la croissance du champignon.<\/p>\n<p style=\"text-align: justify;\"><strong>Utilisations et doses d\u2019emploi :<\/strong><br \/>\n<img decoding=\"async\" class=\"alignnone size-full wp-image-16176\" src=\"http:\/\/profert.dz\/fr\/wp-content\/uploads\/2018\/04\/Chorus\u00ae.jpg\" alt=\"\" width=\"500\" height=\"134\" srcset=\"https:\/\/profert.dz\/fr\/wp-content\/uploads\/2018\/04\/Chorus\u00ae-120x32.jpg 120w, https:\/\/profert.dz\/fr\/wp-content\/uploads\/2018\/04\/Chorus\u00ae-200x54.jpg 200w, https:\/\/profert.dz\/fr\/wp-content\/uploads\/2018\/04\/Chorus\u00ae-300x80.jpg 300w, https:\/\/profert.dz\/fr\/wp-content\/uploads\/2018\/04\/Chorus\u00ae-400x107.jpg 400w, https:\/\/profert.dz\/fr\/wp-content\/uploads\/2018\/04\/Chorus\u00ae.jpg 500w\" sizes=\"(max-width: 500px) 100vw, 500px\" \/>\n<\/p>\n[wpdm_package id='26429']\n","protected":false},"featured_media":16465,"template":"","meta":[],"product_brand":[],"product_cat":[87],"product_tag":[],"class_list":{"0":"post-16175","1":"product","2":"type-product","3":"status-publish","4":"has-post-thumbnail","6":"product_cat-fongicides-00","8":"first","9":"instock","10":"shipping-taxable","11":"product-type-simple"},"yoast_head":"<!-- This site is optimized with the Yoast SEO plugin v25.6 - https:\/\/yoast.com\/wordpress\/plugins\/seo\/ -->\n<title>Chorus\u00ae - Profert<\/title>\n<meta name=\"robots\" content=\"index, follow, max-snippet:-1, max-image-preview:large, max-video-preview:-1\" \/>\n<link rel=\"canonical\" href=\"https:\/\/profert.dz\/fr\/index.php\/produit\/chorus\/\" \/>\n<meta property=\"og:locale\" content=\"fr_FR\" \/>\n<meta property=\"og:type\" content=\"article\" \/>\n<meta property=\"og:title\" content=\"Chorus\u00ae - Profert\" \/>\n<meta property=\"og:description\" content=\"Formulation : WG (granul\u00e9s dispersibles). Mati\u00e8re active : Cyprodinil. Famille chimique : Anilino-pyrimidines. Concentration : 50%. Chorus\u00ae est un produit syst\u00e9mique et de contact, \u00e0 la fois pr\u00e9ventif et curatif. Chorus\u00ae agit par contact en prot\u00e9geant le v\u00e9g\u00e9tal de l\u2019ext\u00e9rieur et en emp\u00eachant la p\u00e9n\u00e9tration de la spore dans la feuille. Chorus\u00ae p\u00e9n\u00e8tre dans le v\u00e9g\u00e9tal pour le prot\u00e9ger de l\u2019int\u00e9rieur, en inhibant la croissance du champignon. Utilisations et doses d\u2019emploi :\" \/>\n<meta property=\"og:url\" content=\"https:\/\/profert.dz\/fr\/index.php\/produit\/chorus\/\" \/>\n<meta property=\"og:site_name\" content=\"Profert\" \/>\n<meta property=\"article:modified_time\" content=\"2023-08-22T13:55:28+00:00\" \/>\n<meta property=\"og:image\" content=\"https:\/\/profert.dz\/fr\/wp-content\/uploads\/2018\/04\/Chorus\u00ae-1.jpg\" \/>\n\t<meta property=\"og:image:width\" content=\"720\" \/>\n\t<meta property=\"og:image:height\" content=\"658\" \/>\n\t<meta property=\"og:image:type\" content=\"image\/jpeg\" \/>\n<meta name=\"twitter:card\" content=\"summary_large_image\" \/>\n<script type=\"application\/ld+json\" class=\"yoast-schema-graph\">{\"@context\":\"https:\/\/schema.org\",\"@graph\":[{\"@type\":\"WebPage\",\"@id\":\"https:\/\/profert.dz\/fr\/index.php\/produit\/chorus\/\",\"url\":\"https:\/\/profert.dz\/fr\/index.php\/produit\/chorus\/\",\"name\":\"Chorus\u00ae - Profert\",\"isPartOf\":{\"@id\":\"https:\/\/profert.dz\/fr\/#website\"},\"primaryImageOfPage\":{\"@id\":\"https:\/\/profert.dz\/fr\/index.php\/produit\/chorus\/#primaryimage\"},\"image\":{\"@id\":\"https:\/\/profert.dz\/fr\/index.php\/produit\/chorus\/#primaryimage\"},\"thumbnailUrl\":\"https:\/\/profert.dz\/fr\/wp-content\/uploads\/2018\/04\/Chorus\u00ae-1.jpg\",\"datePublished\":\"2018-04-03T09:44:31+00:00\",\"dateModified\":\"2023-08-22T13:55:28+00:00\",\"breadcrumb\":{\"@id\":\"https:\/\/profert.dz\/fr\/index.php\/produit\/chorus\/#breadcrumb\"},\"inLanguage\":\"fr-FR\",\"potentialAction\":[{\"@type\":\"ReadAction\",\"target\":[\"https:\/\/profert.dz\/fr\/index.php\/produit\/chorus\/\"]}]},{\"@type\":\"ImageObject\",\"inLanguage\":\"fr-FR\",\"@id\":\"https:\/\/profert.dz\/fr\/index.php\/produit\/chorus\/#primaryimage\",\"url\":\"https:\/\/profert.dz\/fr\/wp-content\/uploads\/2018\/04\/Chorus\u00ae-1.jpg\",\"contentUrl\":\"https:\/\/profert.dz\/fr\/wp-content\/uploads\/2018\/04\/Chorus\u00ae-1.jpg\",\"width\":720,\"height\":658},{\"@type\":\"BreadcrumbList\",\"@id\":\"https:\/\/profert.dz\/fr\/index.php\/produit\/chorus\/#breadcrumb\",\"itemListElement\":[{\"@type\":\"ListItem\",\"position\":1,\"name\":\"Accueil\",\"item\":\"https:\/\/profert.dz\/fr\/\"},{\"@type\":\"ListItem\",\"position\":2,\"name\":\"Produits\",\"item\":\"https:\/\/profert.dz\/fr\/index.php\/boutique\/\"},{\"@type\":\"ListItem\",\"position\":3,\"name\":\"Chorus\u00ae\"}]},{\"@type\":\"WebSite\",\"@id\":\"https:\/\/profert.dz\/fr\/#website\",\"url\":\"https:\/\/profert.dz\/fr\/\",\"name\":\"Profert.dz\",\"description\":\"Agriculture Alg\u00e9rie\",\"potentialAction\":[{\"@type\":\"SearchAction\",\"target\":{\"@type\":\"EntryPoint\",\"urlTemplate\":\"https:\/\/profert.dz\/fr\/?s={search_term_string}\"},\"query-input\":{\"@type\":\"PropertyValueSpecification\",\"valueRequired\":true,\"valueName\":\"search_term_string\"}}],\"inLanguage\":\"fr-FR\"}]}<\/script>\n<!-- \/ Yoast SEO plugin. -->","yoast_head_json":{"title":"Chorus\u00ae - Profert","robots":{"index":"index","follow":"follow","max-snippet":"max-snippet:-1","max-image-preview":"max-image-preview:large","max-video-preview":"max-video-preview:-1"},"canonical":"https:\/\/profert.dz\/fr\/index.php\/produit\/chorus\/","og_locale":"fr_FR","og_type":"article","og_title":"Chorus\u00ae - Profert","og_description":"Formulation : WG (granul\u00e9s dispersibles). Mati\u00e8re active : Cyprodinil. Famille chimique : Anilino-pyrimidines. Concentration : 50%. Chorus\u00ae est un produit syst\u00e9mique et de contact, \u00e0 la fois pr\u00e9ventif et curatif. Chorus\u00ae agit par contact en prot\u00e9geant le v\u00e9g\u00e9tal de l\u2019ext\u00e9rieur et en emp\u00eachant la p\u00e9n\u00e9tration de la spore dans la feuille. Chorus\u00ae p\u00e9n\u00e8tre dans le v\u00e9g\u00e9tal pour le prot\u00e9ger de l\u2019int\u00e9rieur, en inhibant la croissance du champignon. Utilisations et doses d\u2019emploi :","og_url":"https:\/\/profert.dz\/fr\/index.php\/produit\/chorus\/","og_site_name":"Profert","article_modified_time":"2023-08-22T13:55:28+00:00","og_image":[{"width":720,"height":658,"url":"https:\/\/profert.dz\/fr\/wp-content\/uploads\/2018\/04\/Chorus\u00ae-1.jpg","type":"image\/jpeg"}],"twitter_card":"summary_large_image","schema":{"@context":"https:\/\/schema.org","@graph":[{"@type":"WebPage","@id":"https:\/\/profert.dz\/fr\/index.php\/produit\/chorus\/","url":"https:\/\/profert.dz\/fr\/index.php\/produit\/chorus\/","name":"Chorus\u00ae - Profert","isPartOf":{"@id":"https:\/\/profert.dz\/fr\/#website"},"primaryImageOfPage":{"@id":"https:\/\/profert.dz\/fr\/index.php\/produit\/chorus\/#primaryimage"},"image":{"@id":"https:\/\/profert.dz\/fr\/index.php\/produit\/chorus\/#primaryimage"},"thumbnailUrl":"https:\/\/profert.dz\/fr\/wp-content\/uploads\/2018\/04\/Chorus\u00ae-1.jpg","datePublished":"2018-04-03T09:44:31+00:00","dateModified":"2023-08-22T13:55:28+00:00","breadcrumb":{"@id":"https:\/\/profert.dz\/fr\/index.php\/produit\/chorus\/#breadcrumb"},"inLanguage":"fr-FR","potentialAction":[{"@type":"ReadAction","target":["https:\/\/profert.dz\/fr\/index.php\/produit\/chorus\/"]}]},{"@type":"ImageObject","inLanguage":"fr-FR","@id":"https:\/\/profert.dz\/fr\/index.php\/produit\/chorus\/#primaryimage","url":"https:\/\/profert.dz\/fr\/wp-content\/uploads\/2018\/04\/Chorus\u00ae-1.jpg","contentUrl":"https:\/\/profert.dz\/fr\/wp-content\/uploads\/2018\/04\/Chorus\u00ae-1.jpg","width":720,"height":658},{"@type":"BreadcrumbList","@id":"https:\/\/profert.dz\/fr\/index.php\/produit\/chorus\/#breadcrumb","itemListElement":[{"@type":"ListItem","position":1,"name":"Accueil","item":"https:\/\/profert.dz\/fr\/"},{"@type":"ListItem","position":2,"name":"Produits","item":"https:\/\/profert.dz\/fr\/index.php\/boutique\/"},{"@type":"ListItem","position":3,"name":"Chorus\u00ae"}]},{"@type":"WebSite","@id":"https:\/\/profert.dz\/fr\/#website","url":"https:\/\/profert.dz\/fr\/","name":"Profert.dz","description":"Agriculture Alg\u00e9rie","potentialAction":[{"@type":"SearchAction","target":{"@type":"EntryPoint","urlTemplate":"https:\/\/profert.dz\/fr\/?s={search_term_string}"},"query-input":{"@type":"PropertyValueSpecification","valueRequired":true,"valueName":"search_term_string"}}],"inLanguage":"fr-FR"}]}},"_links":{"self":[{"href":"https:\/\/profert.dz\/fr\/index.php\/wp-json\/wp\/v2\/product\/16175"}],"collection":[{"href":"https:\/\/profert.dz\/fr\/index.php\/wp-json\/wp\/v2\/product"}],"about":[{"href":"https:\/\/profert.dz\/fr\/index.php\/wp-json\/wp\/v2\/types\/product"}],"wp:featuredmedia":[{"embeddable":true,"href":"https:\/\/profert.dz\/fr\/index.php\/wp-json\/wp\/v2\/media\/16465"}],"wp:attachment":[{"href":"https:\/\/profert.dz\/fr\/index.php\/wp-json\/wp\/v2\/media?parent=16175"}],"wp:term":[{"taxonomy":"product_brand","embeddable":true,"href":"https:\/\/profert.dz\/fr\/index.php\/wp-json\/wp\/v2\/product_brand?post=16175"},{"taxonomy":"product_cat","embeddable":true,"href":"https:\/\/profert.dz\/fr\/index.php\/wp-json\/wp\/v2\/product_cat?post=16175"},{"taxonomy":"product_tag","embeddable":true,"href":"https:\/\/profert.dz\/fr\/index.php\/wp-json\/wp\/v2\/product_tag?post=16175"}],"curies":[{"name":"wp","href":"https:\/\/api.w.org\/{rel}","templated":true}]}}