{"id":16173,"date":"2018-04-03T11:38:34","date_gmt":"2018-04-03T09:38:34","guid":{"rendered":"http:\/\/profert.dz\/fr\/?post_type=product&#038;p=16173"},"modified":"2023-08-22T15:50:11","modified_gmt":"2023-08-22T13:50:11","slug":"carial","status":"publish","type":"product","link":"https:\/\/profert.dz\/fr\/index.php\/produit\/carial\/","title":{"rendered":"Carial<sup>\u00ae<\/p>"},"content":{"rendered":"","protected":false},"excerpt":{"rendered":"<p style=\"text-align: justify;\"><strong>Formulation :<\/strong> WG (granul\u00e9s dispersibles).<br \/>\n<strong>Mati\u00e8re active :<\/strong> Mandipropamid + Oxychlorure de cuivre.<br \/>\n<strong>Famille chimique :<\/strong> Carboxylic acide amide + Cuivre.<br \/>\n<strong>Concentration :<\/strong> 25 g\/kg + 139.5 g\/kg.<\/p>\n<p style=\"text-align: justify;\"><strong>Carial <sup>\u00ae<\/sup><\/strong> est un fongicide associant deux mati\u00e8res actives: le Mandipropamid et l\u2019Oxychlorure de cuivre.<br \/>\nMandipropamid: efficacit\u00e9 pr\u00e9ventive sur la germination des spores associ\u00e9e \u00e0 une action curative sur le d\u00e9but de la phase d\u2019incubation (de 1 \u00e0 2 jours apr\u00e8s une pluie, au maximum 25 % de la p\u00e9riode d\u2019incubation).<br \/>\nOxychlorure de cuivre : le cuivre de l\u2019oxychlorure, associ\u00e9 au Mandipropamid, est un fongicide multi-sites pr\u00e9ventif qui agit par contact en perturbant les fonctions vitales du champignon.<\/p>\n<p style=\"text-align: justify;\"><strong>Utilisations et doses d\u2019emploi :<\/strong><br \/>\n<img decoding=\"async\" class=\"alignnone size-full wp-image-16304\" src=\"http:\/\/profert.dz\/fr\/wp-content\/uploads\/2018\/04\/Carial\u00ae.jpg\" alt=\"\" width=\"500\" height=\"47\" srcset=\"https:\/\/profert.dz\/fr\/wp-content\/uploads\/2018\/04\/Carial\u00ae-120x11.jpg 120w, https:\/\/profert.dz\/fr\/wp-content\/uploads\/2018\/04\/Carial\u00ae-200x19.jpg 200w, https:\/\/profert.dz\/fr\/wp-content\/uploads\/2018\/04\/Carial\u00ae-300x28.jpg 300w, https:\/\/profert.dz\/fr\/wp-content\/uploads\/2018\/04\/Carial\u00ae-400x38.jpg 400w, https:\/\/profert.dz\/fr\/wp-content\/uploads\/2018\/04\/Carial\u00ae.jpg 500w\" sizes=\"(max-width: 500px) 100vw, 500px\" \/><\/p>\n[wpdm_package id='26431']\n","protected":false},"featured_media":16466,"template":"","meta":[],"product_brand":[],"product_cat":[87],"product_tag":[],"class_list":{"0":"post-16173","1":"product","2":"type-product","3":"status-publish","4":"has-post-thumbnail","6":"product_cat-fongicides-00","8":"first","9":"instock","10":"shipping-taxable","11":"product-type-simple"},"yoast_head":"<!-- This site is optimized with the Yoast SEO plugin v25.6 - https:\/\/yoast.com\/wordpress\/plugins\/seo\/ -->\n<title>Carial\u00ae - Profert<\/title>\n<meta name=\"robots\" content=\"index, follow, max-snippet:-1, max-image-preview:large, max-video-preview:-1\" \/>\n<link rel=\"canonical\" href=\"https:\/\/profert.dz\/fr\/index.php\/produit\/carial\/\" \/>\n<meta property=\"og:locale\" content=\"fr_FR\" \/>\n<meta property=\"og:type\" content=\"article\" \/>\n<meta property=\"og:title\" content=\"Carial\u00ae - Profert\" \/>\n<meta property=\"og:description\" content=\"Formulation : WG (granul\u00e9s dispersibles). Mati\u00e8re active : Mandipropamid + Oxychlorure de cuivre. Famille chimique : Carboxylic acide amide + Cuivre. Concentration : 25 g\/kg + 139.5 g\/kg. Carial \u00ae est un fongicide associant deux mati\u00e8res actives: le Mandipropamid et l\u2019Oxychlorure de cuivre. Mandipropamid: efficacit\u00e9 pr\u00e9ventive sur la germination des spores associ\u00e9e \u00e0 une action curative sur le d\u00e9but de la phase d\u2019incubation (de 1 \u00e0 2 jours apr\u00e8s une pluie, au maximum 25 % de la p\u00e9riode d\u2019incubation). Oxychlorure de cuivre : le cuivre de l\u2019oxychlorure, associ\u00e9 au Mandipropamid, est un fongicide multi-sites pr\u00e9ventif qui agit par contact en perturbant les fonctions vitales du champignon. Utilisations et doses d\u2019emploi :\" \/>\n<meta property=\"og:url\" content=\"https:\/\/profert.dz\/fr\/index.php\/produit\/carial\/\" \/>\n<meta property=\"og:site_name\" content=\"Profert\" \/>\n<meta property=\"article:modified_time\" content=\"2023-08-22T13:50:11+00:00\" \/>\n<meta property=\"og:image\" content=\"https:\/\/profert.dz\/fr\/wp-content\/uploads\/2018\/04\/Carial-\u00ae.jpg\" \/>\n\t<meta property=\"og:image:width\" content=\"720\" \/>\n\t<meta property=\"og:image:height\" content=\"658\" \/>\n\t<meta property=\"og:image:type\" content=\"image\/jpeg\" \/>\n<meta name=\"twitter:card\" content=\"summary_large_image\" \/>\n<script type=\"application\/ld+json\" class=\"yoast-schema-graph\">{\"@context\":\"https:\/\/schema.org\",\"@graph\":[{\"@type\":\"WebPage\",\"@id\":\"https:\/\/profert.dz\/fr\/index.php\/produit\/carial\/\",\"url\":\"https:\/\/profert.dz\/fr\/index.php\/produit\/carial\/\",\"name\":\"Carial\u00ae - Profert\",\"isPartOf\":{\"@id\":\"https:\/\/profert.dz\/fr\/#website\"},\"primaryImageOfPage\":{\"@id\":\"https:\/\/profert.dz\/fr\/index.php\/produit\/carial\/#primaryimage\"},\"image\":{\"@id\":\"https:\/\/profert.dz\/fr\/index.php\/produit\/carial\/#primaryimage\"},\"thumbnailUrl\":\"https:\/\/profert.dz\/fr\/wp-content\/uploads\/2018\/04\/Carial-\u00ae.jpg\",\"datePublished\":\"2018-04-03T09:38:34+00:00\",\"dateModified\":\"2023-08-22T13:50:11+00:00\",\"breadcrumb\":{\"@id\":\"https:\/\/profert.dz\/fr\/index.php\/produit\/carial\/#breadcrumb\"},\"inLanguage\":\"fr-FR\",\"potentialAction\":[{\"@type\":\"ReadAction\",\"target\":[\"https:\/\/profert.dz\/fr\/index.php\/produit\/carial\/\"]}]},{\"@type\":\"ImageObject\",\"inLanguage\":\"fr-FR\",\"@id\":\"https:\/\/profert.dz\/fr\/index.php\/produit\/carial\/#primaryimage\",\"url\":\"https:\/\/profert.dz\/fr\/wp-content\/uploads\/2018\/04\/Carial-\u00ae.jpg\",\"contentUrl\":\"https:\/\/profert.dz\/fr\/wp-content\/uploads\/2018\/04\/Carial-\u00ae.jpg\",\"width\":720,\"height\":658},{\"@type\":\"BreadcrumbList\",\"@id\":\"https:\/\/profert.dz\/fr\/index.php\/produit\/carial\/#breadcrumb\",\"itemListElement\":[{\"@type\":\"ListItem\",\"position\":1,\"name\":\"Accueil\",\"item\":\"https:\/\/profert.dz\/fr\/\"},{\"@type\":\"ListItem\",\"position\":2,\"name\":\"Produits\",\"item\":\"https:\/\/profert.dz\/fr\/index.php\/boutique\/\"},{\"@type\":\"ListItem\",\"position\":3,\"name\":\"Carial\u00ae\"}]},{\"@type\":\"WebSite\",\"@id\":\"https:\/\/profert.dz\/fr\/#website\",\"url\":\"https:\/\/profert.dz\/fr\/\",\"name\":\"Profert.dz\",\"description\":\"Agriculture Alg\u00e9rie\",\"potentialAction\":[{\"@type\":\"SearchAction\",\"target\":{\"@type\":\"EntryPoint\",\"urlTemplate\":\"https:\/\/profert.dz\/fr\/?s={search_term_string}\"},\"query-input\":{\"@type\":\"PropertyValueSpecification\",\"valueRequired\":true,\"valueName\":\"search_term_string\"}}],\"inLanguage\":\"fr-FR\"}]}<\/script>\n<!-- \/ Yoast SEO plugin. -->","yoast_head_json":{"title":"Carial\u00ae - Profert","robots":{"index":"index","follow":"follow","max-snippet":"max-snippet:-1","max-image-preview":"max-image-preview:large","max-video-preview":"max-video-preview:-1"},"canonical":"https:\/\/profert.dz\/fr\/index.php\/produit\/carial\/","og_locale":"fr_FR","og_type":"article","og_title":"Carial\u00ae - Profert","og_description":"Formulation : WG (granul\u00e9s dispersibles). Mati\u00e8re active : Mandipropamid + Oxychlorure de cuivre. Famille chimique : Carboxylic acide amide + Cuivre. Concentration : 25 g\/kg + 139.5 g\/kg. Carial \u00ae est un fongicide associant deux mati\u00e8res actives: le Mandipropamid et l\u2019Oxychlorure de cuivre. Mandipropamid: efficacit\u00e9 pr\u00e9ventive sur la germination des spores associ\u00e9e \u00e0 une action curative sur le d\u00e9but de la phase d\u2019incubation (de 1 \u00e0 2 jours apr\u00e8s une pluie, au maximum 25 % de la p\u00e9riode d\u2019incubation). Oxychlorure de cuivre : le cuivre de l\u2019oxychlorure, associ\u00e9 au Mandipropamid, est un fongicide multi-sites pr\u00e9ventif qui agit par contact en perturbant les fonctions vitales du champignon. Utilisations et doses d\u2019emploi :","og_url":"https:\/\/profert.dz\/fr\/index.php\/produit\/carial\/","og_site_name":"Profert","article_modified_time":"2023-08-22T13:50:11+00:00","og_image":[{"width":720,"height":658,"url":"https:\/\/profert.dz\/fr\/wp-content\/uploads\/2018\/04\/Carial-\u00ae.jpg","type":"image\/jpeg"}],"twitter_card":"summary_large_image","schema":{"@context":"https:\/\/schema.org","@graph":[{"@type":"WebPage","@id":"https:\/\/profert.dz\/fr\/index.php\/produit\/carial\/","url":"https:\/\/profert.dz\/fr\/index.php\/produit\/carial\/","name":"Carial\u00ae - Profert","isPartOf":{"@id":"https:\/\/profert.dz\/fr\/#website"},"primaryImageOfPage":{"@id":"https:\/\/profert.dz\/fr\/index.php\/produit\/carial\/#primaryimage"},"image":{"@id":"https:\/\/profert.dz\/fr\/index.php\/produit\/carial\/#primaryimage"},"thumbnailUrl":"https:\/\/profert.dz\/fr\/wp-content\/uploads\/2018\/04\/Carial-\u00ae.jpg","datePublished":"2018-04-03T09:38:34+00:00","dateModified":"2023-08-22T13:50:11+00:00","breadcrumb":{"@id":"https:\/\/profert.dz\/fr\/index.php\/produit\/carial\/#breadcrumb"},"inLanguage":"fr-FR","potentialAction":[{"@type":"ReadAction","target":["https:\/\/profert.dz\/fr\/index.php\/produit\/carial\/"]}]},{"@type":"ImageObject","inLanguage":"fr-FR","@id":"https:\/\/profert.dz\/fr\/index.php\/produit\/carial\/#primaryimage","url":"https:\/\/profert.dz\/fr\/wp-content\/uploads\/2018\/04\/Carial-\u00ae.jpg","contentUrl":"https:\/\/profert.dz\/fr\/wp-content\/uploads\/2018\/04\/Carial-\u00ae.jpg","width":720,"height":658},{"@type":"BreadcrumbList","@id":"https:\/\/profert.dz\/fr\/index.php\/produit\/carial\/#breadcrumb","itemListElement":[{"@type":"ListItem","position":1,"name":"Accueil","item":"https:\/\/profert.dz\/fr\/"},{"@type":"ListItem","position":2,"name":"Produits","item":"https:\/\/profert.dz\/fr\/index.php\/boutique\/"},{"@type":"ListItem","position":3,"name":"Carial\u00ae"}]},{"@type":"WebSite","@id":"https:\/\/profert.dz\/fr\/#website","url":"https:\/\/profert.dz\/fr\/","name":"Profert.dz","description":"Agriculture Alg\u00e9rie","potentialAction":[{"@type":"SearchAction","target":{"@type":"EntryPoint","urlTemplate":"https:\/\/profert.dz\/fr\/?s={search_term_string}"},"query-input":{"@type":"PropertyValueSpecification","valueRequired":true,"valueName":"search_term_string"}}],"inLanguage":"fr-FR"}]}},"_links":{"self":[{"href":"https:\/\/profert.dz\/fr\/index.php\/wp-json\/wp\/v2\/product\/16173"}],"collection":[{"href":"https:\/\/profert.dz\/fr\/index.php\/wp-json\/wp\/v2\/product"}],"about":[{"href":"https:\/\/profert.dz\/fr\/index.php\/wp-json\/wp\/v2\/types\/product"}],"wp:featuredmedia":[{"embeddable":true,"href":"https:\/\/profert.dz\/fr\/index.php\/wp-json\/wp\/v2\/media\/16466"}],"wp:attachment":[{"href":"https:\/\/profert.dz\/fr\/index.php\/wp-json\/wp\/v2\/media?parent=16173"}],"wp:term":[{"taxonomy":"product_brand","embeddable":true,"href":"https:\/\/profert.dz\/fr\/index.php\/wp-json\/wp\/v2\/product_brand?post=16173"},{"taxonomy":"product_cat","embeddable":true,"href":"https:\/\/profert.dz\/fr\/index.php\/wp-json\/wp\/v2\/product_cat?post=16173"},{"taxonomy":"product_tag","embeddable":true,"href":"https:\/\/profert.dz\/fr\/index.php\/wp-json\/wp\/v2\/product_tag?post=16173"}],"curies":[{"name":"wp","href":"https:\/\/api.w.org\/{rel}","templated":true}]}}