{"id":16165,"date":"2018-04-03T10:46:24","date_gmt":"2018-04-03T08:46:24","guid":{"rendered":"http:\/\/profert.dz\/fr\/?post_type=product&#038;p=16165"},"modified":"2023-08-22T15:02:22","modified_gmt":"2023-08-22T13:02:22","slug":"sencor","status":"publish","type":"product","link":"https:\/\/profert.dz\/fr\/index.php\/produit\/sencor\/","title":{"rendered":"Sencor<sup>\u00ae<\/sup>"},"content":{"rendered":"","protected":false},"excerpt":{"rendered":"<p style=\"text-align: justify;\"><strong>Formulation :<\/strong> Suspension concentr\u00e9e (SC).<br \/>\n<strong>Mati\u00e8re active :<\/strong> Metribuzine.<br \/>\n<strong>Famille chimique :<\/strong> Tryazinones.<br \/>\n<strong>Concentration :<\/strong> 600g\/l.<\/p>\n<p style=\"text-align: justify;\"><strong>Sencor<sup>\u00ae<\/sup><\/strong> est un herbicide s\u00e9lectif qui contient de la Metribuzine.<br \/>\n<strong>Sencor<sup>\u00ae<\/sup><\/strong> est un herbicide \u00e0 large spectre avec effet foliaire et radiculaire, il est efficace contrae la majorit\u00e9 des gramin\u00e9es et des dicotyl\u00e9dones annuelles \u00e0 l\u2019exception du gaillet et des esp\u00e8ces vivaces.<\/p>\n<p style=\"text-align: justify;\"><strong>Utilisations et doses d\u2019emploi :<\/strong><br \/>\n<img decoding=\"async\" class=\"alignnone wp-image-22775\" src=\"http:\/\/profert.dz\/fr\/wp-content\/uploads\/2018\/04\/Tab-Sencor.jpg\" alt=\"\" width=\"450\" height=\"162\" srcset=\"https:\/\/profert.dz\/fr\/wp-content\/uploads\/2018\/04\/Tab-Sencor-120x43.jpg 120w, https:\/\/profert.dz\/fr\/wp-content\/uploads\/2018\/04\/Tab-Sencor-200x72.jpg 200w, https:\/\/profert.dz\/fr\/wp-content\/uploads\/2018\/04\/Tab-Sencor-300x108.jpg 300w, https:\/\/profert.dz\/fr\/wp-content\/uploads\/2018\/04\/Tab-Sencor-400x144.jpg 400w, https:\/\/profert.dz\/fr\/wp-content\/uploads\/2018\/04\/Tab-Sencor-500x180.jpg 500w, https:\/\/profert.dz\/fr\/wp-content\/uploads\/2018\/04\/Tab-Sencor-600x216.jpg 600w, https:\/\/profert.dz\/fr\/wp-content\/uploads\/2018\/04\/Tab-Sencor-700x252.jpg 700w, https:\/\/profert.dz\/fr\/wp-content\/uploads\/2018\/04\/Tab-Sencor-768x276.jpg 768w, https:\/\/profert.dz\/fr\/wp-content\/uploads\/2018\/04\/Tab-Sencor.jpg 800w\" sizes=\"(max-width: 450px) 100vw, 450px\" \/>\n<\/p>\n[wpdm_package id='26440']\n","protected":false},"featured_media":22781,"template":"","meta":[],"product_brand":[],"product_cat":[86],"product_tag":[],"class_list":{"0":"post-16165","1":"product","2":"type-product","3":"status-publish","4":"has-post-thumbnail","6":"product_cat-herbicides-00","8":"first","9":"instock","10":"shipping-taxable","11":"product-type-simple"},"yoast_head":"<!-- This site is optimized with the Yoast SEO plugin v25.6 - https:\/\/yoast.com\/wordpress\/plugins\/seo\/ -->\n<title>Sencor\u00ae - Profert<\/title>\n<meta name=\"robots\" content=\"index, follow, max-snippet:-1, max-image-preview:large, max-video-preview:-1\" \/>\n<link rel=\"canonical\" href=\"https:\/\/profert.dz\/fr\/index.php\/produit\/sencor\/\" \/>\n<meta property=\"og:locale\" content=\"fr_FR\" \/>\n<meta property=\"og:type\" content=\"article\" \/>\n<meta property=\"og:title\" content=\"Sencor\u00ae - Profert\" \/>\n<meta property=\"og:description\" content=\"Formulation : Suspension concentr\u00e9e (SC). Mati\u00e8re active : Metribuzine. Famille chimique : Tryazinones. Concentration : 600g\/l. Sencor\u00ae est un herbicide s\u00e9lectif qui contient de la Metribuzine. Sencor\u00ae est un herbicide \u00e0 large spectre avec effet foliaire et radiculaire, il est efficace contrae la majorit\u00e9 des gramin\u00e9es et des dicotyl\u00e9dones annuelles \u00e0 l\u2019exception du gaillet et des esp\u00e8ces vivaces. Utilisations et doses d\u2019emploi :\" \/>\n<meta property=\"og:url\" content=\"https:\/\/profert.dz\/fr\/index.php\/produit\/sencor\/\" \/>\n<meta property=\"og:site_name\" content=\"Profert\" \/>\n<meta property=\"article:modified_time\" content=\"2023-08-22T13:02:22+00:00\" \/>\n<meta property=\"og:image\" content=\"https:\/\/profert.dz\/fr\/wp-content\/uploads\/2018\/04\/Emballage-Sencor.jpg\" \/>\n\t<meta property=\"og:image:width\" content=\"720\" \/>\n\t<meta property=\"og:image:height\" content=\"658\" \/>\n\t<meta property=\"og:image:type\" content=\"image\/jpeg\" \/>\n<meta name=\"twitter:card\" content=\"summary_large_image\" \/>\n<script type=\"application\/ld+json\" class=\"yoast-schema-graph\">{\"@context\":\"https:\/\/schema.org\",\"@graph\":[{\"@type\":\"WebPage\",\"@id\":\"https:\/\/profert.dz\/fr\/index.php\/produit\/sencor\/\",\"url\":\"https:\/\/profert.dz\/fr\/index.php\/produit\/sencor\/\",\"name\":\"Sencor\u00ae - Profert\",\"isPartOf\":{\"@id\":\"https:\/\/profert.dz\/fr\/#website\"},\"primaryImageOfPage\":{\"@id\":\"https:\/\/profert.dz\/fr\/index.php\/produit\/sencor\/#primaryimage\"},\"image\":{\"@id\":\"https:\/\/profert.dz\/fr\/index.php\/produit\/sencor\/#primaryimage\"},\"thumbnailUrl\":\"https:\/\/profert.dz\/fr\/wp-content\/uploads\/2018\/04\/Emballage-Sencor.jpg\",\"datePublished\":\"2018-04-03T08:46:24+00:00\",\"dateModified\":\"2023-08-22T13:02:22+00:00\",\"breadcrumb\":{\"@id\":\"https:\/\/profert.dz\/fr\/index.php\/produit\/sencor\/#breadcrumb\"},\"inLanguage\":\"fr-FR\",\"potentialAction\":[{\"@type\":\"ReadAction\",\"target\":[\"https:\/\/profert.dz\/fr\/index.php\/produit\/sencor\/\"]}]},{\"@type\":\"ImageObject\",\"inLanguage\":\"fr-FR\",\"@id\":\"https:\/\/profert.dz\/fr\/index.php\/produit\/sencor\/#primaryimage\",\"url\":\"https:\/\/profert.dz\/fr\/wp-content\/uploads\/2018\/04\/Emballage-Sencor.jpg\",\"contentUrl\":\"https:\/\/profert.dz\/fr\/wp-content\/uploads\/2018\/04\/Emballage-Sencor.jpg\",\"width\":720,\"height\":658},{\"@type\":\"BreadcrumbList\",\"@id\":\"https:\/\/profert.dz\/fr\/index.php\/produit\/sencor\/#breadcrumb\",\"itemListElement\":[{\"@type\":\"ListItem\",\"position\":1,\"name\":\"Accueil\",\"item\":\"https:\/\/profert.dz\/fr\/\"},{\"@type\":\"ListItem\",\"position\":2,\"name\":\"Produits\",\"item\":\"https:\/\/profert.dz\/fr\/index.php\/boutique\/\"},{\"@type\":\"ListItem\",\"position\":3,\"name\":\"Sencor\u00ae\"}]},{\"@type\":\"WebSite\",\"@id\":\"https:\/\/profert.dz\/fr\/#website\",\"url\":\"https:\/\/profert.dz\/fr\/\",\"name\":\"Profert.dz\",\"description\":\"Agriculture Alg\u00e9rie\",\"potentialAction\":[{\"@type\":\"SearchAction\",\"target\":{\"@type\":\"EntryPoint\",\"urlTemplate\":\"https:\/\/profert.dz\/fr\/?s={search_term_string}\"},\"query-input\":{\"@type\":\"PropertyValueSpecification\",\"valueRequired\":true,\"valueName\":\"search_term_string\"}}],\"inLanguage\":\"fr-FR\"}]}<\/script>\n<!-- \/ Yoast SEO plugin. -->","yoast_head_json":{"title":"Sencor\u00ae - Profert","robots":{"index":"index","follow":"follow","max-snippet":"max-snippet:-1","max-image-preview":"max-image-preview:large","max-video-preview":"max-video-preview:-1"},"canonical":"https:\/\/profert.dz\/fr\/index.php\/produit\/sencor\/","og_locale":"fr_FR","og_type":"article","og_title":"Sencor\u00ae - Profert","og_description":"Formulation : Suspension concentr\u00e9e (SC). Mati\u00e8re active : Metribuzine. Famille chimique : Tryazinones. Concentration : 600g\/l. Sencor\u00ae est un herbicide s\u00e9lectif qui contient de la Metribuzine. Sencor\u00ae est un herbicide \u00e0 large spectre avec effet foliaire et radiculaire, il est efficace contrae la majorit\u00e9 des gramin\u00e9es et des dicotyl\u00e9dones annuelles \u00e0 l\u2019exception du gaillet et des esp\u00e8ces vivaces. Utilisations et doses d\u2019emploi :","og_url":"https:\/\/profert.dz\/fr\/index.php\/produit\/sencor\/","og_site_name":"Profert","article_modified_time":"2023-08-22T13:02:22+00:00","og_image":[{"width":720,"height":658,"url":"https:\/\/profert.dz\/fr\/wp-content\/uploads\/2018\/04\/Emballage-Sencor.jpg","type":"image\/jpeg"}],"twitter_card":"summary_large_image","schema":{"@context":"https:\/\/schema.org","@graph":[{"@type":"WebPage","@id":"https:\/\/profert.dz\/fr\/index.php\/produit\/sencor\/","url":"https:\/\/profert.dz\/fr\/index.php\/produit\/sencor\/","name":"Sencor\u00ae - Profert","isPartOf":{"@id":"https:\/\/profert.dz\/fr\/#website"},"primaryImageOfPage":{"@id":"https:\/\/profert.dz\/fr\/index.php\/produit\/sencor\/#primaryimage"},"image":{"@id":"https:\/\/profert.dz\/fr\/index.php\/produit\/sencor\/#primaryimage"},"thumbnailUrl":"https:\/\/profert.dz\/fr\/wp-content\/uploads\/2018\/04\/Emballage-Sencor.jpg","datePublished":"2018-04-03T08:46:24+00:00","dateModified":"2023-08-22T13:02:22+00:00","breadcrumb":{"@id":"https:\/\/profert.dz\/fr\/index.php\/produit\/sencor\/#breadcrumb"},"inLanguage":"fr-FR","potentialAction":[{"@type":"ReadAction","target":["https:\/\/profert.dz\/fr\/index.php\/produit\/sencor\/"]}]},{"@type":"ImageObject","inLanguage":"fr-FR","@id":"https:\/\/profert.dz\/fr\/index.php\/produit\/sencor\/#primaryimage","url":"https:\/\/profert.dz\/fr\/wp-content\/uploads\/2018\/04\/Emballage-Sencor.jpg","contentUrl":"https:\/\/profert.dz\/fr\/wp-content\/uploads\/2018\/04\/Emballage-Sencor.jpg","width":720,"height":658},{"@type":"BreadcrumbList","@id":"https:\/\/profert.dz\/fr\/index.php\/produit\/sencor\/#breadcrumb","itemListElement":[{"@type":"ListItem","position":1,"name":"Accueil","item":"https:\/\/profert.dz\/fr\/"},{"@type":"ListItem","position":2,"name":"Produits","item":"https:\/\/profert.dz\/fr\/index.php\/boutique\/"},{"@type":"ListItem","position":3,"name":"Sencor\u00ae"}]},{"@type":"WebSite","@id":"https:\/\/profert.dz\/fr\/#website","url":"https:\/\/profert.dz\/fr\/","name":"Profert.dz","description":"Agriculture Alg\u00e9rie","potentialAction":[{"@type":"SearchAction","target":{"@type":"EntryPoint","urlTemplate":"https:\/\/profert.dz\/fr\/?s={search_term_string}"},"query-input":{"@type":"PropertyValueSpecification","valueRequired":true,"valueName":"search_term_string"}}],"inLanguage":"fr-FR"}]}},"_links":{"self":[{"href":"https:\/\/profert.dz\/fr\/index.php\/wp-json\/wp\/v2\/product\/16165"}],"collection":[{"href":"https:\/\/profert.dz\/fr\/index.php\/wp-json\/wp\/v2\/product"}],"about":[{"href":"https:\/\/profert.dz\/fr\/index.php\/wp-json\/wp\/v2\/types\/product"}],"wp:featuredmedia":[{"embeddable":true,"href":"https:\/\/profert.dz\/fr\/index.php\/wp-json\/wp\/v2\/media\/22781"}],"wp:attachment":[{"href":"https:\/\/profert.dz\/fr\/index.php\/wp-json\/wp\/v2\/media?parent=16165"}],"wp:term":[{"taxonomy":"product_brand","embeddable":true,"href":"https:\/\/profert.dz\/fr\/index.php\/wp-json\/wp\/v2\/product_brand?post=16165"},{"taxonomy":"product_cat","embeddable":true,"href":"https:\/\/profert.dz\/fr\/index.php\/wp-json\/wp\/v2\/product_cat?post=16165"},{"taxonomy":"product_tag","embeddable":true,"href":"https:\/\/profert.dz\/fr\/index.php\/wp-json\/wp\/v2\/product_tag?post=16165"}],"curies":[{"name":"wp","href":"https:\/\/api.w.org\/{rel}","templated":true}]}}