{"id":16163,"date":"2018-04-03T10:38:18","date_gmt":"2018-04-03T08:38:18","guid":{"rendered":"http:\/\/profert.dz\/fr\/?post_type=product&#038;p=16163"},"modified":"2023-08-22T15:00:49","modified_gmt":"2023-08-22T13:00:49","slug":"prowl-aqua","status":"publish","type":"product","link":"https:\/\/profert.dz\/fr\/index.php\/produit\/prowl-aqua\/","title":{"rendered":"Prowl<sup>\u00ae<\/sup> Aqua"},"content":{"rendered":"","protected":false},"excerpt":{"rendered":"<p style=\"text-align: justify;\"><strong>Formulation :<\/strong> CS (suspension de capsules).<br \/>\n<strong>Mati\u00e8re active :<\/strong> Pendim\u00e9thaline.<br \/>\n<strong>Famille chimique :<\/strong> Toluidines.<br \/>\n<strong>Concentration :<\/strong> 455 g\/L.<\/p>\n<p style=\"text-align: justify;\"><strong>Prowl Aqua<sup>\u00ae<\/sup><\/strong> est un herbicide s\u00e9lectif, de post semis au post lev\u00e9e pr\u00e9coce, efficace sur de nombreuses adventices dicotyl\u00e9dones et gramin\u00e9es.<br \/>\n<strong>Prowl Aqua<sup>\u00ae<\/sup><\/strong> inhibe la division cellulaires emp\u00eachant la lev\u00e9e des graines germ\u00e9es et bloquant le d\u00e9veloppement de tr\u00e8s jeunes plantules.<br \/>\n<strong>Prowl Aqua<sup>\u00ae<\/sup><\/strong> agit au contact de l\u2019humidit\u00e9 du sol (pluie ou irrigation).<br \/>\nUn sol meuble et bien travaill\u00e9 est indispensable \u00e0 une efficacit\u00e9 optimum du produit.<\/p>\n<p style=\"text-align: justify;\"><strong>Utilisations et doses d\u2019emploi :<\/strong><br \/>\n<img decoding=\"async\" class=\"alignnone size-full wp-image-23274\" src=\"http:\/\/profert.dz\/fr\/wp-content\/uploads\/2018\/04\/Tableau-Prowl\u00ae-Aqua-Modifi.jpg\" alt=\"\" width=\"500\" height=\"141\" srcset=\"https:\/\/profert.dz\/fr\/wp-content\/uploads\/2018\/04\/Tableau-Prowl\u00ae-Aqua-Modifi-120x34.jpg 120w, https:\/\/profert.dz\/fr\/wp-content\/uploads\/2018\/04\/Tableau-Prowl\u00ae-Aqua-Modifi-200x56.jpg 200w, https:\/\/profert.dz\/fr\/wp-content\/uploads\/2018\/04\/Tableau-Prowl\u00ae-Aqua-Modifi-300x85.jpg 300w, https:\/\/profert.dz\/fr\/wp-content\/uploads\/2018\/04\/Tableau-Prowl\u00ae-Aqua-Modifi-400x113.jpg 400w, https:\/\/profert.dz\/fr\/wp-content\/uploads\/2018\/04\/Tableau-Prowl\u00ae-Aqua-Modifi.jpg 500w\" sizes=\"(max-width: 500px) 100vw, 500px\" \/><\/p>\n[wpdm_package id='26441']\n","protected":false},"featured_media":16440,"template":"","meta":[],"product_brand":[],"product_cat":[86],"product_tag":[],"class_list":{"0":"post-16163","1":"product","2":"type-product","3":"status-publish","4":"has-post-thumbnail","6":"product_cat-herbicides-00","8":"first","9":"instock","10":"shipping-taxable","11":"product-type-simple"},"yoast_head":"<!-- This site is optimized with the Yoast SEO plugin v25.6 - https:\/\/yoast.com\/wordpress\/plugins\/seo\/ -->\n<title>Prowl\u00ae Aqua - Profert<\/title>\n<meta name=\"robots\" content=\"index, follow, max-snippet:-1, max-image-preview:large, max-video-preview:-1\" \/>\n<link rel=\"canonical\" href=\"https:\/\/profert.dz\/fr\/index.php\/produit\/prowl-aqua\/\" \/>\n<meta property=\"og:locale\" content=\"fr_FR\" \/>\n<meta property=\"og:type\" content=\"article\" \/>\n<meta property=\"og:title\" content=\"Prowl\u00ae Aqua - Profert\" \/>\n<meta property=\"og:description\" content=\"Formulation : CS (suspension de capsules). Mati\u00e8re active : Pendim\u00e9thaline. Famille chimique : Toluidines. Concentration : 455 g\/L. Prowl Aqua\u00ae est un herbicide s\u00e9lectif, de post semis au post lev\u00e9e pr\u00e9coce, efficace sur de nombreuses adventices dicotyl\u00e9dones et gramin\u00e9es. Prowl Aqua\u00ae inhibe la division cellulaires emp\u00eachant la lev\u00e9e des graines germ\u00e9es et bloquant le d\u00e9veloppement de tr\u00e8s jeunes plantules. Prowl Aqua\u00ae agit au contact de l\u2019humidit\u00e9 du sol (pluie ou irrigation). Un sol meuble et bien travaill\u00e9 est indispensable \u00e0 une efficacit\u00e9 optimum du produit. Utilisations et doses d\u2019emploi :\" \/>\n<meta property=\"og:url\" content=\"https:\/\/profert.dz\/fr\/index.php\/produit\/prowl-aqua\/\" \/>\n<meta property=\"og:site_name\" content=\"Profert\" \/>\n<meta property=\"article:modified_time\" content=\"2023-08-22T13:00:49+00:00\" \/>\n<meta property=\"og:image\" content=\"https:\/\/profert.dz\/fr\/wp-content\/uploads\/2018\/04\/Prowl-Aqua.jpg\" \/>\n\t<meta property=\"og:image:width\" content=\"720\" \/>\n\t<meta property=\"og:image:height\" content=\"658\" \/>\n\t<meta property=\"og:image:type\" content=\"image\/jpeg\" \/>\n<meta name=\"twitter:card\" content=\"summary_large_image\" \/>\n<script type=\"application\/ld+json\" class=\"yoast-schema-graph\">{\"@context\":\"https:\/\/schema.org\",\"@graph\":[{\"@type\":\"WebPage\",\"@id\":\"https:\/\/profert.dz\/fr\/index.php\/produit\/prowl-aqua\/\",\"url\":\"https:\/\/profert.dz\/fr\/index.php\/produit\/prowl-aqua\/\",\"name\":\"Prowl\u00ae Aqua - Profert\",\"isPartOf\":{\"@id\":\"https:\/\/profert.dz\/fr\/#website\"},\"primaryImageOfPage\":{\"@id\":\"https:\/\/profert.dz\/fr\/index.php\/produit\/prowl-aqua\/#primaryimage\"},\"image\":{\"@id\":\"https:\/\/profert.dz\/fr\/index.php\/produit\/prowl-aqua\/#primaryimage\"},\"thumbnailUrl\":\"https:\/\/profert.dz\/fr\/wp-content\/uploads\/2018\/04\/Prowl-Aqua.jpg\",\"datePublished\":\"2018-04-03T08:38:18+00:00\",\"dateModified\":\"2023-08-22T13:00:49+00:00\",\"breadcrumb\":{\"@id\":\"https:\/\/profert.dz\/fr\/index.php\/produit\/prowl-aqua\/#breadcrumb\"},\"inLanguage\":\"fr-FR\",\"potentialAction\":[{\"@type\":\"ReadAction\",\"target\":[\"https:\/\/profert.dz\/fr\/index.php\/produit\/prowl-aqua\/\"]}]},{\"@type\":\"ImageObject\",\"inLanguage\":\"fr-FR\",\"@id\":\"https:\/\/profert.dz\/fr\/index.php\/produit\/prowl-aqua\/#primaryimage\",\"url\":\"https:\/\/profert.dz\/fr\/wp-content\/uploads\/2018\/04\/Prowl-Aqua.jpg\",\"contentUrl\":\"https:\/\/profert.dz\/fr\/wp-content\/uploads\/2018\/04\/Prowl-Aqua.jpg\",\"width\":720,\"height\":658},{\"@type\":\"BreadcrumbList\",\"@id\":\"https:\/\/profert.dz\/fr\/index.php\/produit\/prowl-aqua\/#breadcrumb\",\"itemListElement\":[{\"@type\":\"ListItem\",\"position\":1,\"name\":\"Accueil\",\"item\":\"https:\/\/profert.dz\/fr\/\"},{\"@type\":\"ListItem\",\"position\":2,\"name\":\"Produits\",\"item\":\"https:\/\/profert.dz\/fr\/index.php\/boutique\/\"},{\"@type\":\"ListItem\",\"position\":3,\"name\":\"Prowl\u00ae Aqua\"}]},{\"@type\":\"WebSite\",\"@id\":\"https:\/\/profert.dz\/fr\/#website\",\"url\":\"https:\/\/profert.dz\/fr\/\",\"name\":\"Profert.dz\",\"description\":\"Agriculture Alg\u00e9rie\",\"potentialAction\":[{\"@type\":\"SearchAction\",\"target\":{\"@type\":\"EntryPoint\",\"urlTemplate\":\"https:\/\/profert.dz\/fr\/?s={search_term_string}\"},\"query-input\":{\"@type\":\"PropertyValueSpecification\",\"valueRequired\":true,\"valueName\":\"search_term_string\"}}],\"inLanguage\":\"fr-FR\"}]}<\/script>\n<!-- \/ Yoast SEO plugin. -->","yoast_head_json":{"title":"Prowl\u00ae Aqua - Profert","robots":{"index":"index","follow":"follow","max-snippet":"max-snippet:-1","max-image-preview":"max-image-preview:large","max-video-preview":"max-video-preview:-1"},"canonical":"https:\/\/profert.dz\/fr\/index.php\/produit\/prowl-aqua\/","og_locale":"fr_FR","og_type":"article","og_title":"Prowl\u00ae Aqua - Profert","og_description":"Formulation : CS (suspension de capsules). Mati\u00e8re active : Pendim\u00e9thaline. Famille chimique : Toluidines. Concentration : 455 g\/L. Prowl Aqua\u00ae est un herbicide s\u00e9lectif, de post semis au post lev\u00e9e pr\u00e9coce, efficace sur de nombreuses adventices dicotyl\u00e9dones et gramin\u00e9es. Prowl Aqua\u00ae inhibe la division cellulaires emp\u00eachant la lev\u00e9e des graines germ\u00e9es et bloquant le d\u00e9veloppement de tr\u00e8s jeunes plantules. Prowl Aqua\u00ae agit au contact de l\u2019humidit\u00e9 du sol (pluie ou irrigation). Un sol meuble et bien travaill\u00e9 est indispensable \u00e0 une efficacit\u00e9 optimum du produit. Utilisations et doses d\u2019emploi :","og_url":"https:\/\/profert.dz\/fr\/index.php\/produit\/prowl-aqua\/","og_site_name":"Profert","article_modified_time":"2023-08-22T13:00:49+00:00","og_image":[{"width":720,"height":658,"url":"https:\/\/profert.dz\/fr\/wp-content\/uploads\/2018\/04\/Prowl-Aqua.jpg","type":"image\/jpeg"}],"twitter_card":"summary_large_image","schema":{"@context":"https:\/\/schema.org","@graph":[{"@type":"WebPage","@id":"https:\/\/profert.dz\/fr\/index.php\/produit\/prowl-aqua\/","url":"https:\/\/profert.dz\/fr\/index.php\/produit\/prowl-aqua\/","name":"Prowl\u00ae Aqua - Profert","isPartOf":{"@id":"https:\/\/profert.dz\/fr\/#website"},"primaryImageOfPage":{"@id":"https:\/\/profert.dz\/fr\/index.php\/produit\/prowl-aqua\/#primaryimage"},"image":{"@id":"https:\/\/profert.dz\/fr\/index.php\/produit\/prowl-aqua\/#primaryimage"},"thumbnailUrl":"https:\/\/profert.dz\/fr\/wp-content\/uploads\/2018\/04\/Prowl-Aqua.jpg","datePublished":"2018-04-03T08:38:18+00:00","dateModified":"2023-08-22T13:00:49+00:00","breadcrumb":{"@id":"https:\/\/profert.dz\/fr\/index.php\/produit\/prowl-aqua\/#breadcrumb"},"inLanguage":"fr-FR","potentialAction":[{"@type":"ReadAction","target":["https:\/\/profert.dz\/fr\/index.php\/produit\/prowl-aqua\/"]}]},{"@type":"ImageObject","inLanguage":"fr-FR","@id":"https:\/\/profert.dz\/fr\/index.php\/produit\/prowl-aqua\/#primaryimage","url":"https:\/\/profert.dz\/fr\/wp-content\/uploads\/2018\/04\/Prowl-Aqua.jpg","contentUrl":"https:\/\/profert.dz\/fr\/wp-content\/uploads\/2018\/04\/Prowl-Aqua.jpg","width":720,"height":658},{"@type":"BreadcrumbList","@id":"https:\/\/profert.dz\/fr\/index.php\/produit\/prowl-aqua\/#breadcrumb","itemListElement":[{"@type":"ListItem","position":1,"name":"Accueil","item":"https:\/\/profert.dz\/fr\/"},{"@type":"ListItem","position":2,"name":"Produits","item":"https:\/\/profert.dz\/fr\/index.php\/boutique\/"},{"@type":"ListItem","position":3,"name":"Prowl\u00ae Aqua"}]},{"@type":"WebSite","@id":"https:\/\/profert.dz\/fr\/#website","url":"https:\/\/profert.dz\/fr\/","name":"Profert.dz","description":"Agriculture Alg\u00e9rie","potentialAction":[{"@type":"SearchAction","target":{"@type":"EntryPoint","urlTemplate":"https:\/\/profert.dz\/fr\/?s={search_term_string}"},"query-input":{"@type":"PropertyValueSpecification","valueRequired":true,"valueName":"search_term_string"}}],"inLanguage":"fr-FR"}]}},"_links":{"self":[{"href":"https:\/\/profert.dz\/fr\/index.php\/wp-json\/wp\/v2\/product\/16163"}],"collection":[{"href":"https:\/\/profert.dz\/fr\/index.php\/wp-json\/wp\/v2\/product"}],"about":[{"href":"https:\/\/profert.dz\/fr\/index.php\/wp-json\/wp\/v2\/types\/product"}],"wp:featuredmedia":[{"embeddable":true,"href":"https:\/\/profert.dz\/fr\/index.php\/wp-json\/wp\/v2\/media\/16440"}],"wp:attachment":[{"href":"https:\/\/profert.dz\/fr\/index.php\/wp-json\/wp\/v2\/media?parent=16163"}],"wp:term":[{"taxonomy":"product_brand","embeddable":true,"href":"https:\/\/profert.dz\/fr\/index.php\/wp-json\/wp\/v2\/product_brand?post=16163"},{"taxonomy":"product_cat","embeddable":true,"href":"https:\/\/profert.dz\/fr\/index.php\/wp-json\/wp\/v2\/product_cat?post=16163"},{"taxonomy":"product_tag","embeddable":true,"href":"https:\/\/profert.dz\/fr\/index.php\/wp-json\/wp\/v2\/product_tag?post=16163"}],"curies":[{"name":"wp","href":"https:\/\/api.w.org\/{rel}","templated":true}]}}