{"id":15859,"date":"2018-03-25T11:56:02","date_gmt":"2018-03-25T09:56:02","guid":{"rendered":"http:\/\/profert.dz\/fr\/?post_type=product&#038;p=15859"},"modified":"2025-09-16T10:38:59","modified_gmt":"2025-09-16T08:38:59","slug":"ultraferro","status":"publish","type":"product","link":"https:\/\/profert.dz\/fr\/index.php\/produit\/ultraferro\/","title":{"rendered":"Ultraferro<sup>\u00ae<\/sup>"},"content":{"rendered":"","protected":false},"excerpt":{"rendered":"<h2 style=\"text-align: justify;\">L&#039;\u00e9quilibre entre l&#039;effet de choc et la persistance d&#039;action<\/h2>\n<p style=\"text-align: justify;\"><strong>COMPOSITION :<\/strong><br \/>\n6% de fer chelat\u00e9 \u00e0 l\u2019EDDHA.<br \/>\n<strong>FORMULATION :<\/strong><br \/>\nMicrogranul\u00e9 (MG).<\/p>\n<p style=\"text-align: justify;\"><strong>CARACT\u00c9RISTIQUES :<\/strong><br \/>\n<strong>Ultraferro<sup>\u00ae<\/sup><\/strong> contient 6% de Fer chelat\u00e9 \u00e0 l\u2019EDDHA avec 4,2% sous forme ortho-ortho et 1,8% sous forme para-ortho. Cette composition offre un \u00e9quilibre id\u00e9al entre effet de choc et persistance d\u2019action. Sa proportion \u00e9lev\u00e9e en ortho-ortho assure une r\u00e9sistance remarquable au lessivage. L\u2019agent ch\u00e9latant EDDHA r\u00e9siste plus longtemps aux d\u00e9gradations caus\u00e9es par le pH \u00e9lev\u00e9 du sol et par les fortes teneurs en calcaire actif.<br \/>\n<strong>Ultraferro<sup>\u00ae<\/sup><\/strong> est un produit stable dans un intervalle de pH compris entre 3 et 11.<br \/>\n<strong>Ultraferro<sup>\u00ae<\/sup><\/strong> pr\u00e9vient et corrige les carences en fer sur toutes les cultures.<br \/>\n<strong>Ultraferro<sup>\u00ae<\/sup><\/strong> est enti\u00e8rement soluble dans l\u2019eau.<\/p>\n<p style=\"text-align: justify;\"><strong>UTILISATION ET DOSES D\u2019EMPLOI :<\/strong><br \/>\n<img decoding=\"async\" class=\"alignnone wp-image-15878\" src=\"http:\/\/profert.dz\/fr\/wp-content\/uploads\/2018\/03\/Ultraferro\u00ae-00.jpg\" alt=\"\" width=\"400\" height=\"99\" srcset=\"https:\/\/profert.dz\/fr\/wp-content\/uploads\/2018\/03\/Ultraferro\u00ae-00-120x30.jpg 120w, https:\/\/profert.dz\/fr\/wp-content\/uploads\/2018\/03\/Ultraferro\u00ae-00-200x50.jpg 200w, https:\/\/profert.dz\/fr\/wp-content\/uploads\/2018\/03\/Ultraferro\u00ae-00-300x74.jpg 300w, https:\/\/profert.dz\/fr\/wp-content\/uploads\/2018\/03\/Ultraferro\u00ae-00-400x99.jpg 400w, https:\/\/profert.dz\/fr\/wp-content\/uploads\/2018\/03\/Ultraferro\u00ae-00.jpg 500w\" sizes=\"(max-width: 400px) 100vw, 400px\" \/><\/p>\n<p style=\"text-align: justify;\"><strong>COMPATIBILIT\u00c9 :<\/strong><br \/>\n<strong>Ultraferro<sup>\u00ae\u00a0<\/sup><\/strong>est compatible avec la plupart des engrais et produits phytosanitaires couramment utilis\u00e9s.<br \/>\nEffectuer un essai avant emploi.<\/p>\n","protected":false},"featured_media":15860,"template":"","meta":[],"product_brand":[],"product_cat":[80],"product_tag":[],"class_list":{"0":"post-15859","1":"product","2":"type-product","3":"status-publish","4":"has-post-thumbnail","6":"product_cat-oligoelements","8":"first","9":"instock","10":"shipping-taxable","11":"product-type-simple"},"yoast_head":"<!-- This site is optimized with the Yoast SEO plugin v25.6 - https:\/\/yoast.com\/wordpress\/plugins\/seo\/ -->\n<title>Ultraferro\u00ae - Profert<\/title>\n<meta name=\"robots\" content=\"index, follow, max-snippet:-1, max-image-preview:large, max-video-preview:-1\" \/>\n<link rel=\"canonical\" href=\"https:\/\/profert.dz\/fr\/index.php\/produit\/ultraferro\/\" \/>\n<meta property=\"og:locale\" content=\"fr_FR\" \/>\n<meta property=\"og:type\" content=\"article\" \/>\n<meta property=\"og:title\" content=\"Ultraferro\u00ae - Profert\" \/>\n<meta property=\"og:description\" content=\"L&#039;\u00e9quilibre entre l&#039;effet de choc et la persistance d&#039;action COMPOSITION : 6% de fer chelat\u00e9 \u00e0 l\u2019EDDHA. FORMULATION : Microgranul\u00e9 (MG). CARACT\u00c9RISTIQUES : Ultraferro\u00ae contient 6% de Fer chelat\u00e9 \u00e0 l\u2019EDDHA avec 4,2% sous forme ortho-ortho et 1,8% sous forme para-ortho. Cette composition offre un \u00e9quilibre id\u00e9al entre effet de choc et persistance d\u2019action. Sa proportion \u00e9lev\u00e9e en ortho-ortho assure une r\u00e9sistance remarquable au lessivage. L\u2019agent ch\u00e9latant EDDHA r\u00e9siste plus longtemps aux d\u00e9gradations caus\u00e9es par le pH \u00e9lev\u00e9 du sol et par les fortes teneurs en calcaire actif. Ultraferro\u00ae est un produit stable dans un intervalle de pH compris entre 3 et 11. Ultraferro\u00ae pr\u00e9vient et corrige les carences en fer sur toutes les cultures. Ultraferro\u00ae est enti\u00e8rement soluble dans l\u2019eau. UTILISATION ET DOSES D\u2019EMPLOI :  COMPATIBILIT\u00c9 : Ultraferro\u00ae\u00a0est compatible avec la plupart des engrais et produits phytosanitaires couramment utilis\u00e9s. Effectuer un essai avant emploi.\" \/>\n<meta property=\"og:url\" content=\"https:\/\/profert.dz\/fr\/index.php\/produit\/ultraferro\/\" \/>\n<meta property=\"og:site_name\" content=\"Profert\" \/>\n<meta property=\"article:modified_time\" content=\"2025-09-16T08:38:59+00:00\" \/>\n<meta property=\"og:image\" content=\"https:\/\/profert.dz\/fr\/wp-content\/uploads\/2018\/03\/Ultraferro.jpg\" \/>\n\t<meta property=\"og:image:width\" content=\"720\" \/>\n\t<meta property=\"og:image:height\" content=\"658\" \/>\n\t<meta property=\"og:image:type\" content=\"image\/jpeg\" \/>\n<meta name=\"twitter:card\" content=\"summary_large_image\" \/>\n<meta name=\"twitter:label1\" content=\"Dur\u00e9e de lecture estim\u00e9e\" \/>\n\t<meta name=\"twitter:data1\" content=\"1 minute\" \/>\n<script type=\"application\/ld+json\" class=\"yoast-schema-graph\">{\"@context\":\"https:\/\/schema.org\",\"@graph\":[{\"@type\":\"WebPage\",\"@id\":\"https:\/\/profert.dz\/fr\/index.php\/produit\/ultraferro\/\",\"url\":\"https:\/\/profert.dz\/fr\/index.php\/produit\/ultraferro\/\",\"name\":\"Ultraferro\u00ae - Profert\",\"isPartOf\":{\"@id\":\"https:\/\/profert.dz\/fr\/#website\"},\"primaryImageOfPage\":{\"@id\":\"https:\/\/profert.dz\/fr\/index.php\/produit\/ultraferro\/#primaryimage\"},\"image\":{\"@id\":\"https:\/\/profert.dz\/fr\/index.php\/produit\/ultraferro\/#primaryimage\"},\"thumbnailUrl\":\"https:\/\/profert.dz\/fr\/wp-content\/uploads\/2018\/03\/Ultraferro.jpg\",\"datePublished\":\"2018-03-25T09:56:02+00:00\",\"dateModified\":\"2025-09-16T08:38:59+00:00\",\"breadcrumb\":{\"@id\":\"https:\/\/profert.dz\/fr\/index.php\/produit\/ultraferro\/#breadcrumb\"},\"inLanguage\":\"fr-FR\",\"potentialAction\":[{\"@type\":\"ReadAction\",\"target\":[\"https:\/\/profert.dz\/fr\/index.php\/produit\/ultraferro\/\"]}]},{\"@type\":\"ImageObject\",\"inLanguage\":\"fr-FR\",\"@id\":\"https:\/\/profert.dz\/fr\/index.php\/produit\/ultraferro\/#primaryimage\",\"url\":\"https:\/\/profert.dz\/fr\/wp-content\/uploads\/2018\/03\/Ultraferro.jpg\",\"contentUrl\":\"https:\/\/profert.dz\/fr\/wp-content\/uploads\/2018\/03\/Ultraferro.jpg\",\"width\":720,\"height\":658},{\"@type\":\"BreadcrumbList\",\"@id\":\"https:\/\/profert.dz\/fr\/index.php\/produit\/ultraferro\/#breadcrumb\",\"itemListElement\":[{\"@type\":\"ListItem\",\"position\":1,\"name\":\"Accueil\",\"item\":\"https:\/\/profert.dz\/fr\/\"},{\"@type\":\"ListItem\",\"position\":2,\"name\":\"Produits\",\"item\":\"https:\/\/profert.dz\/fr\/index.php\/boutique\/\"},{\"@type\":\"ListItem\",\"position\":3,\"name\":\"Ultraferro\u00ae\"}]},{\"@type\":\"WebSite\",\"@id\":\"https:\/\/profert.dz\/fr\/#website\",\"url\":\"https:\/\/profert.dz\/fr\/\",\"name\":\"Profert.dz\",\"description\":\"Agriculture Alg\u00e9rie\",\"potentialAction\":[{\"@type\":\"SearchAction\",\"target\":{\"@type\":\"EntryPoint\",\"urlTemplate\":\"https:\/\/profert.dz\/fr\/?s={search_term_string}\"},\"query-input\":{\"@type\":\"PropertyValueSpecification\",\"valueRequired\":true,\"valueName\":\"search_term_string\"}}],\"inLanguage\":\"fr-FR\"}]}<\/script>\n<!-- \/ Yoast SEO plugin. -->","yoast_head_json":{"title":"Ultraferro\u00ae - Profert","robots":{"index":"index","follow":"follow","max-snippet":"max-snippet:-1","max-image-preview":"max-image-preview:large","max-video-preview":"max-video-preview:-1"},"canonical":"https:\/\/profert.dz\/fr\/index.php\/produit\/ultraferro\/","og_locale":"fr_FR","og_type":"article","og_title":"Ultraferro\u00ae - Profert","og_description":"L&#039;\u00e9quilibre entre l&#039;effet de choc et la persistance d&#039;action COMPOSITION : 6% de fer chelat\u00e9 \u00e0 l\u2019EDDHA. FORMULATION : Microgranul\u00e9 (MG). CARACT\u00c9RISTIQUES : Ultraferro\u00ae contient 6% de Fer chelat\u00e9 \u00e0 l\u2019EDDHA avec 4,2% sous forme ortho-ortho et 1,8% sous forme para-ortho. Cette composition offre un \u00e9quilibre id\u00e9al entre effet de choc et persistance d\u2019action. Sa proportion \u00e9lev\u00e9e en ortho-ortho assure une r\u00e9sistance remarquable au lessivage. L\u2019agent ch\u00e9latant EDDHA r\u00e9siste plus longtemps aux d\u00e9gradations caus\u00e9es par le pH \u00e9lev\u00e9 du sol et par les fortes teneurs en calcaire actif. Ultraferro\u00ae est un produit stable dans un intervalle de pH compris entre 3 et 11. Ultraferro\u00ae pr\u00e9vient et corrige les carences en fer sur toutes les cultures. Ultraferro\u00ae est enti\u00e8rement soluble dans l\u2019eau. UTILISATION ET DOSES D\u2019EMPLOI :  COMPATIBILIT\u00c9 : Ultraferro\u00ae\u00a0est compatible avec la plupart des engrais et produits phytosanitaires couramment utilis\u00e9s. Effectuer un essai avant emploi.","og_url":"https:\/\/profert.dz\/fr\/index.php\/produit\/ultraferro\/","og_site_name":"Profert","article_modified_time":"2025-09-16T08:38:59+00:00","og_image":[{"width":720,"height":658,"url":"https:\/\/profert.dz\/fr\/wp-content\/uploads\/2018\/03\/Ultraferro.jpg","type":"image\/jpeg"}],"twitter_card":"summary_large_image","twitter_misc":{"Dur\u00e9e de lecture estim\u00e9e":"1 minute"},"schema":{"@context":"https:\/\/schema.org","@graph":[{"@type":"WebPage","@id":"https:\/\/profert.dz\/fr\/index.php\/produit\/ultraferro\/","url":"https:\/\/profert.dz\/fr\/index.php\/produit\/ultraferro\/","name":"Ultraferro\u00ae - Profert","isPartOf":{"@id":"https:\/\/profert.dz\/fr\/#website"},"primaryImageOfPage":{"@id":"https:\/\/profert.dz\/fr\/index.php\/produit\/ultraferro\/#primaryimage"},"image":{"@id":"https:\/\/profert.dz\/fr\/index.php\/produit\/ultraferro\/#primaryimage"},"thumbnailUrl":"https:\/\/profert.dz\/fr\/wp-content\/uploads\/2018\/03\/Ultraferro.jpg","datePublished":"2018-03-25T09:56:02+00:00","dateModified":"2025-09-16T08:38:59+00:00","breadcrumb":{"@id":"https:\/\/profert.dz\/fr\/index.php\/produit\/ultraferro\/#breadcrumb"},"inLanguage":"fr-FR","potentialAction":[{"@type":"ReadAction","target":["https:\/\/profert.dz\/fr\/index.php\/produit\/ultraferro\/"]}]},{"@type":"ImageObject","inLanguage":"fr-FR","@id":"https:\/\/profert.dz\/fr\/index.php\/produit\/ultraferro\/#primaryimage","url":"https:\/\/profert.dz\/fr\/wp-content\/uploads\/2018\/03\/Ultraferro.jpg","contentUrl":"https:\/\/profert.dz\/fr\/wp-content\/uploads\/2018\/03\/Ultraferro.jpg","width":720,"height":658},{"@type":"BreadcrumbList","@id":"https:\/\/profert.dz\/fr\/index.php\/produit\/ultraferro\/#breadcrumb","itemListElement":[{"@type":"ListItem","position":1,"name":"Accueil","item":"https:\/\/profert.dz\/fr\/"},{"@type":"ListItem","position":2,"name":"Produits","item":"https:\/\/profert.dz\/fr\/index.php\/boutique\/"},{"@type":"ListItem","position":3,"name":"Ultraferro\u00ae"}]},{"@type":"WebSite","@id":"https:\/\/profert.dz\/fr\/#website","url":"https:\/\/profert.dz\/fr\/","name":"Profert.dz","description":"Agriculture Alg\u00e9rie","potentialAction":[{"@type":"SearchAction","target":{"@type":"EntryPoint","urlTemplate":"https:\/\/profert.dz\/fr\/?s={search_term_string}"},"query-input":{"@type":"PropertyValueSpecification","valueRequired":true,"valueName":"search_term_string"}}],"inLanguage":"fr-FR"}]}},"_links":{"self":[{"href":"https:\/\/profert.dz\/fr\/index.php\/wp-json\/wp\/v2\/product\/15859"}],"collection":[{"href":"https:\/\/profert.dz\/fr\/index.php\/wp-json\/wp\/v2\/product"}],"about":[{"href":"https:\/\/profert.dz\/fr\/index.php\/wp-json\/wp\/v2\/types\/product"}],"wp:featuredmedia":[{"embeddable":true,"href":"https:\/\/profert.dz\/fr\/index.php\/wp-json\/wp\/v2\/media\/15860"}],"wp:attachment":[{"href":"https:\/\/profert.dz\/fr\/index.php\/wp-json\/wp\/v2\/media?parent=15859"}],"wp:term":[{"taxonomy":"product_brand","embeddable":true,"href":"https:\/\/profert.dz\/fr\/index.php\/wp-json\/wp\/v2\/product_brand?post=15859"},{"taxonomy":"product_cat","embeddable":true,"href":"https:\/\/profert.dz\/fr\/index.php\/wp-json\/wp\/v2\/product_cat?post=15859"},{"taxonomy":"product_tag","embeddable":true,"href":"https:\/\/profert.dz\/fr\/index.php\/wp-json\/wp\/v2\/product_tag?post=15859"}],"curies":[{"name":"wp","href":"https:\/\/api.w.org\/{rel}","templated":true}]}}