{"id":15855,"date":"2018-03-25T11:20:03","date_gmt":"2018-03-25T09:20:03","guid":{"rendered":"http:\/\/profert.dz\/fr\/?post_type=product&#038;p=15855"},"modified":"2025-09-16T10:41:30","modified_gmt":"2025-09-16T08:41:30","slug":"tradebor","status":"publish","type":"product","link":"https:\/\/profert.dz\/fr\/index.php\/produit\/tradebor\/","title":{"rendered":"Tradebor<sup>\u00ae<\/sup>"},"content":{"rendered":"","protected":false},"excerpt":{"rendered":"<h2 style=\"text-align: justify;\">Boostez la fertilit\u00e9 de vos plantes<\/h2>\n<p style=\"text-align: justify;\"><strong>COMPOSITION :<\/strong><br \/>\nBore (B) : 11%.<br \/>\n<strong>FORMULATION :<\/strong><br \/>\nConcentr\u00e9 liquide (SL).<\/p>\n<p style=\"text-align: justify;\"><strong>CARACT\u00c9RISTIQUES :<\/strong><br \/>\n<strong>Tradebor<sup>\u00ae<\/sup><\/strong> est un produit liquide \u00e0 effet rapide sans pr\u00e9judice \u00e0 la feuille gr\u00e2ce \u00e0 sa composition en \u00e9thanolamine.<br \/>\n<strong>Tradebor<sup>\u00ae<\/sup><\/strong> est un produit \u00e0 forte teneur en bore. Il nourrit, il pr\u00e9vient et corrige les carences en bore.<br \/>\n<strong>Tradebor<sup>\u00ae<\/sup><\/strong> est recommand\u00e9 pour la nutrition en bore et la mise en r\u00e9serve des arbres fruitiers.<br \/>\n<strong>Tradebor<sup>\u00ae<\/sup><\/strong> am\u00e9liore la floraison, assure une bonne f\u00e9condation en augmentant la longueur du tube pollinique. Il favorise la croissance des fruits et renforce leur qualit\u00e9.<br \/>\n<strong>Tradebor<sup>\u00ae<\/sup><\/strong> est particuli\u00e8rement recommand\u00e9 en application foliaire.<\/p>\n<p style=\"text-align: justify;\"><strong>UTILISATION ET DOSES D\u2019EMPLOI :<\/strong><br \/>\n<img decoding=\"async\" class=\"alignnone wp-image-15879\" src=\"http:\/\/profert.dz\/fr\/wp-content\/uploads\/2018\/03\/Tradebor\u00ae-00.jpg\" alt=\"\" width=\"400\" height=\"166\" srcset=\"https:\/\/profert.dz\/fr\/wp-content\/uploads\/2018\/03\/Tradebor\u00ae-00-120x50.jpg 120w, https:\/\/profert.dz\/fr\/wp-content\/uploads\/2018\/03\/Tradebor\u00ae-00-200x83.jpg 200w, https:\/\/profert.dz\/fr\/wp-content\/uploads\/2018\/03\/Tradebor\u00ae-00-300x124.jpg 300w, https:\/\/profert.dz\/fr\/wp-content\/uploads\/2018\/03\/Tradebor\u00ae-00-400x166.jpg 400w, https:\/\/profert.dz\/fr\/wp-content\/uploads\/2018\/03\/Tradebor\u00ae-00.jpg 500w\" sizes=\"(max-width: 400px) 100vw, 400px\" \/><\/p>\n<p style=\"text-align: justify;\"><strong>COMPATIBILIT\u00c9 :<\/strong><br \/>\n<strong>Tradebor<sup>\u00ae<\/sup><\/strong> est compatible avec la plupart des engrais et produits phytosanitaires sauf les produits ayant une r\u00e9action alcaline.<br \/>\nEffectuer un essai avant emploi.<\/p>\n","protected":false},"featured_media":15866,"template":"","meta":[],"product_brand":[],"product_cat":[80],"product_tag":[],"class_list":{"0":"post-15855","1":"product","2":"type-product","3":"status-publish","4":"has-post-thumbnail","6":"product_cat-oligoelements","8":"first","9":"instock","10":"shipping-taxable","11":"product-type-simple"},"yoast_head":"<!-- This site is optimized with the Yoast SEO plugin v25.6 - https:\/\/yoast.com\/wordpress\/plugins\/seo\/ -->\n<title>Tradebor\u00ae - Profert<\/title>\n<meta name=\"robots\" content=\"index, follow, max-snippet:-1, max-image-preview:large, max-video-preview:-1\" \/>\n<link rel=\"canonical\" href=\"https:\/\/profert.dz\/fr\/index.php\/produit\/tradebor\/\" \/>\n<meta property=\"og:locale\" content=\"fr_FR\" \/>\n<meta property=\"og:type\" content=\"article\" \/>\n<meta property=\"og:title\" content=\"Tradebor\u00ae - Profert\" \/>\n<meta property=\"og:description\" content=\"Boostez la fertilit\u00e9 de vos plantes COMPOSITION : Bore (B) : 11%. FORMULATION : Concentr\u00e9 liquide (SL). CARACT\u00c9RISTIQUES : Tradebor\u00ae est un produit liquide \u00e0 effet rapide sans pr\u00e9judice \u00e0 la feuille gr\u00e2ce \u00e0 sa composition en \u00e9thanolamine. Tradebor\u00ae est un produit \u00e0 forte teneur en bore. Il nourrit, il pr\u00e9vient et corrige les carences en bore. Tradebor\u00ae est recommand\u00e9 pour la nutrition en bore et la mise en r\u00e9serve des arbres fruitiers. Tradebor\u00ae am\u00e9liore la floraison, assure une bonne f\u00e9condation en augmentant la longueur du tube pollinique. Il favorise la croissance des fruits et renforce leur qualit\u00e9. Tradebor\u00ae est particuli\u00e8rement recommand\u00e9 en application foliaire. UTILISATION ET DOSES D\u2019EMPLOI :  COMPATIBILIT\u00c9 : Tradebor\u00ae est compatible avec la plupart des engrais et produits phytosanitaires sauf les produits ayant une r\u00e9action alcaline. Effectuer un essai avant emploi.\" \/>\n<meta property=\"og:url\" content=\"https:\/\/profert.dz\/fr\/index.php\/produit\/tradebor\/\" \/>\n<meta property=\"og:site_name\" content=\"Profert\" \/>\n<meta property=\"article:modified_time\" content=\"2025-09-16T08:41:30+00:00\" \/>\n<meta property=\"og:image\" content=\"https:\/\/profert.dz\/fr\/wp-content\/uploads\/2018\/03\/\u062a\u0631\u0627\u062f\u0628\u0648\u0631.jpg\" \/>\n\t<meta property=\"og:image:width\" content=\"720\" \/>\n\t<meta property=\"og:image:height\" content=\"658\" \/>\n\t<meta property=\"og:image:type\" content=\"image\/jpeg\" \/>\n<meta name=\"twitter:card\" content=\"summary_large_image\" \/>\n<meta name=\"twitter:label1\" content=\"Dur\u00e9e de lecture estim\u00e9e\" \/>\n\t<meta name=\"twitter:data1\" content=\"1 minute\" \/>\n<script type=\"application\/ld+json\" class=\"yoast-schema-graph\">{\"@context\":\"https:\/\/schema.org\",\"@graph\":[{\"@type\":\"WebPage\",\"@id\":\"https:\/\/profert.dz\/fr\/index.php\/produit\/tradebor\/\",\"url\":\"https:\/\/profert.dz\/fr\/index.php\/produit\/tradebor\/\",\"name\":\"Tradebor\u00ae - Profert\",\"isPartOf\":{\"@id\":\"https:\/\/profert.dz\/fr\/#website\"},\"primaryImageOfPage\":{\"@id\":\"https:\/\/profert.dz\/fr\/index.php\/produit\/tradebor\/#primaryimage\"},\"image\":{\"@id\":\"https:\/\/profert.dz\/fr\/index.php\/produit\/tradebor\/#primaryimage\"},\"thumbnailUrl\":\"https:\/\/profert.dz\/fr\/wp-content\/uploads\/2018\/03\/\u062a\u0631\u0627\u062f\u0628\u0648\u0631.jpg\",\"datePublished\":\"2018-03-25T09:20:03+00:00\",\"dateModified\":\"2025-09-16T08:41:30+00:00\",\"breadcrumb\":{\"@id\":\"https:\/\/profert.dz\/fr\/index.php\/produit\/tradebor\/#breadcrumb\"},\"inLanguage\":\"fr-FR\",\"potentialAction\":[{\"@type\":\"ReadAction\",\"target\":[\"https:\/\/profert.dz\/fr\/index.php\/produit\/tradebor\/\"]}]},{\"@type\":\"ImageObject\",\"inLanguage\":\"fr-FR\",\"@id\":\"https:\/\/profert.dz\/fr\/index.php\/produit\/tradebor\/#primaryimage\",\"url\":\"https:\/\/profert.dz\/fr\/wp-content\/uploads\/2018\/03\/\u062a\u0631\u0627\u062f\u0628\u0648\u0631.jpg\",\"contentUrl\":\"https:\/\/profert.dz\/fr\/wp-content\/uploads\/2018\/03\/\u062a\u0631\u0627\u062f\u0628\u0648\u0631.jpg\",\"width\":720,\"height\":658},{\"@type\":\"BreadcrumbList\",\"@id\":\"https:\/\/profert.dz\/fr\/index.php\/produit\/tradebor\/#breadcrumb\",\"itemListElement\":[{\"@type\":\"ListItem\",\"position\":1,\"name\":\"Accueil\",\"item\":\"https:\/\/profert.dz\/fr\/\"},{\"@type\":\"ListItem\",\"position\":2,\"name\":\"Produits\",\"item\":\"https:\/\/profert.dz\/fr\/index.php\/boutique\/\"},{\"@type\":\"ListItem\",\"position\":3,\"name\":\"Tradebor\u00ae\"}]},{\"@type\":\"WebSite\",\"@id\":\"https:\/\/profert.dz\/fr\/#website\",\"url\":\"https:\/\/profert.dz\/fr\/\",\"name\":\"Profert.dz\",\"description\":\"Agriculture Alg\u00e9rie\",\"potentialAction\":[{\"@type\":\"SearchAction\",\"target\":{\"@type\":\"EntryPoint\",\"urlTemplate\":\"https:\/\/profert.dz\/fr\/?s={search_term_string}\"},\"query-input\":{\"@type\":\"PropertyValueSpecification\",\"valueRequired\":true,\"valueName\":\"search_term_string\"}}],\"inLanguage\":\"fr-FR\"}]}<\/script>\n<!-- \/ Yoast SEO plugin. -->","yoast_head_json":{"title":"Tradebor\u00ae - Profert","robots":{"index":"index","follow":"follow","max-snippet":"max-snippet:-1","max-image-preview":"max-image-preview:large","max-video-preview":"max-video-preview:-1"},"canonical":"https:\/\/profert.dz\/fr\/index.php\/produit\/tradebor\/","og_locale":"fr_FR","og_type":"article","og_title":"Tradebor\u00ae - Profert","og_description":"Boostez la fertilit\u00e9 de vos plantes COMPOSITION : Bore (B) : 11%. FORMULATION : Concentr\u00e9 liquide (SL). CARACT\u00c9RISTIQUES : Tradebor\u00ae est un produit liquide \u00e0 effet rapide sans pr\u00e9judice \u00e0 la feuille gr\u00e2ce \u00e0 sa composition en \u00e9thanolamine. Tradebor\u00ae est un produit \u00e0 forte teneur en bore. Il nourrit, il pr\u00e9vient et corrige les carences en bore. Tradebor\u00ae est recommand\u00e9 pour la nutrition en bore et la mise en r\u00e9serve des arbres fruitiers. Tradebor\u00ae am\u00e9liore la floraison, assure une bonne f\u00e9condation en augmentant la longueur du tube pollinique. Il favorise la croissance des fruits et renforce leur qualit\u00e9. Tradebor\u00ae est particuli\u00e8rement recommand\u00e9 en application foliaire. UTILISATION ET DOSES D\u2019EMPLOI :  COMPATIBILIT\u00c9 : Tradebor\u00ae est compatible avec la plupart des engrais et produits phytosanitaires sauf les produits ayant une r\u00e9action alcaline. Effectuer un essai avant emploi.","og_url":"https:\/\/profert.dz\/fr\/index.php\/produit\/tradebor\/","og_site_name":"Profert","article_modified_time":"2025-09-16T08:41:30+00:00","og_image":[{"width":720,"height":658,"url":"https:\/\/profert.dz\/fr\/wp-content\/uploads\/2018\/03\/\u062a\u0631\u0627\u062f\u0628\u0648\u0631.jpg","type":"image\/jpeg"}],"twitter_card":"summary_large_image","twitter_misc":{"Dur\u00e9e de lecture estim\u00e9e":"1 minute"},"schema":{"@context":"https:\/\/schema.org","@graph":[{"@type":"WebPage","@id":"https:\/\/profert.dz\/fr\/index.php\/produit\/tradebor\/","url":"https:\/\/profert.dz\/fr\/index.php\/produit\/tradebor\/","name":"Tradebor\u00ae - Profert","isPartOf":{"@id":"https:\/\/profert.dz\/fr\/#website"},"primaryImageOfPage":{"@id":"https:\/\/profert.dz\/fr\/index.php\/produit\/tradebor\/#primaryimage"},"image":{"@id":"https:\/\/profert.dz\/fr\/index.php\/produit\/tradebor\/#primaryimage"},"thumbnailUrl":"https:\/\/profert.dz\/fr\/wp-content\/uploads\/2018\/03\/\u062a\u0631\u0627\u062f\u0628\u0648\u0631.jpg","datePublished":"2018-03-25T09:20:03+00:00","dateModified":"2025-09-16T08:41:30+00:00","breadcrumb":{"@id":"https:\/\/profert.dz\/fr\/index.php\/produit\/tradebor\/#breadcrumb"},"inLanguage":"fr-FR","potentialAction":[{"@type":"ReadAction","target":["https:\/\/profert.dz\/fr\/index.php\/produit\/tradebor\/"]}]},{"@type":"ImageObject","inLanguage":"fr-FR","@id":"https:\/\/profert.dz\/fr\/index.php\/produit\/tradebor\/#primaryimage","url":"https:\/\/profert.dz\/fr\/wp-content\/uploads\/2018\/03\/\u062a\u0631\u0627\u062f\u0628\u0648\u0631.jpg","contentUrl":"https:\/\/profert.dz\/fr\/wp-content\/uploads\/2018\/03\/\u062a\u0631\u0627\u062f\u0628\u0648\u0631.jpg","width":720,"height":658},{"@type":"BreadcrumbList","@id":"https:\/\/profert.dz\/fr\/index.php\/produit\/tradebor\/#breadcrumb","itemListElement":[{"@type":"ListItem","position":1,"name":"Accueil","item":"https:\/\/profert.dz\/fr\/"},{"@type":"ListItem","position":2,"name":"Produits","item":"https:\/\/profert.dz\/fr\/index.php\/boutique\/"},{"@type":"ListItem","position":3,"name":"Tradebor\u00ae"}]},{"@type":"WebSite","@id":"https:\/\/profert.dz\/fr\/#website","url":"https:\/\/profert.dz\/fr\/","name":"Profert.dz","description":"Agriculture Alg\u00e9rie","potentialAction":[{"@type":"SearchAction","target":{"@type":"EntryPoint","urlTemplate":"https:\/\/profert.dz\/fr\/?s={search_term_string}"},"query-input":{"@type":"PropertyValueSpecification","valueRequired":true,"valueName":"search_term_string"}}],"inLanguage":"fr-FR"}]}},"_links":{"self":[{"href":"https:\/\/profert.dz\/fr\/index.php\/wp-json\/wp\/v2\/product\/15855"}],"collection":[{"href":"https:\/\/profert.dz\/fr\/index.php\/wp-json\/wp\/v2\/product"}],"about":[{"href":"https:\/\/profert.dz\/fr\/index.php\/wp-json\/wp\/v2\/types\/product"}],"wp:featuredmedia":[{"embeddable":true,"href":"https:\/\/profert.dz\/fr\/index.php\/wp-json\/wp\/v2\/media\/15866"}],"wp:attachment":[{"href":"https:\/\/profert.dz\/fr\/index.php\/wp-json\/wp\/v2\/media?parent=15855"}],"wp:term":[{"taxonomy":"product_brand","embeddable":true,"href":"https:\/\/profert.dz\/fr\/index.php\/wp-json\/wp\/v2\/product_brand?post=15855"},{"taxonomy":"product_cat","embeddable":true,"href":"https:\/\/profert.dz\/fr\/index.php\/wp-json\/wp\/v2\/product_cat?post=15855"},{"taxonomy":"product_tag","embeddable":true,"href":"https:\/\/profert.dz\/fr\/index.php\/wp-json\/wp\/v2\/product_tag?post=15855"}],"curies":[{"name":"wp","href":"https:\/\/api.w.org\/{rel}","templated":true}]}}