{"id":13484,"date":"2017-10-12T16:52:38","date_gmt":"2017-10-12T14:52:38","guid":{"rendered":"http:\/\/profert.dz\/fr\/?post_type=product&#038;p=13484"},"modified":"2023-08-22T14:56:01","modified_gmt":"2023-08-22T12:56:01","slug":"dialen-super","status":"publish","type":"product","link":"https:\/\/profert.dz\/fr\/index.php\/produit\/dialen-super\/","title":{"rendered":"Dialen<sup>\u00ae<\/sup> Super"},"content":{"rendered":"","protected":false},"excerpt":{"rendered":"<p style=\"text-align: justify;\"><strong>COMPOSITION<\/strong><br \/>\n344g\/L 2-4D + 120g\/L Dicamba.<br \/>\n<strong>Formulation<\/strong><br \/>\nSL (concentr\u00e9 soluble).<br \/>\n<strong>Dose d\u2019utilisation<\/strong><br \/>\n0.75 \u00e0 1 L\/ha.<\/p>\n<p style=\"text-align: justify;\"><strong>Dialen<sup>\u00ae<\/sup> Super<\/strong> est l\u2019association de deux substances auxiniques anti-dicotyl\u00e9dones compl\u00e9mentaires : le Dicamba et le 2-4D.<br \/>\nLe Dicamba se caract\u00e9rise par une action lente. Il est absorb\u00e9 par les feuilles et les racines puis transport\u00e9 dans la plante par la s\u00e8ve. Il atteint ainsi toutes les parties de la plante, inhibant toute possibilit\u00e9 de repousse.<br \/>\nLe 2-4D se caract\u00e9rise par une action rapide (effet de choc). Il est principalement absorb\u00e9 par les feuilles et r\u00e9parti dans l\u2019adventice par la s\u00e8ve.<br \/>\nD\u00e8s l\u2019application de <strong>Dialen<sup>\u00ae<\/sup> Super<\/strong>, la plante arr\u00eate de se nourrir et le d\u00e9veloppement des adventices est imm\u00e9diatement arr\u00eat\u00e9. Ces derni\u00e8res n\u2019exercent plus de concurrence sur la c\u00e9r\u00e9ale pour les \u00e9l\u00e9ments nutritifs.<br \/>\n<strong>Dialen<sup>\u00ae<\/sup> Super<\/strong> appartient au groupe des auxines qui n\u2019ont d\u00e9velopp\u00e9 aucun signe de r\u00e9sistance \u00e0 ce jour.<\/p>\n[wpdm_package id='26447']\n","protected":false},"featured_media":13485,"template":"","meta":[],"product_brand":[],"product_cat":[86],"product_tag":[],"class_list":{"0":"post-13484","1":"product","2":"type-product","3":"status-publish","4":"has-post-thumbnail","6":"product_cat-herbicides-00","8":"first","9":"instock","10":"shipping-taxable","11":"product-type-simple"},"yoast_head":"<!-- This site is optimized with the Yoast SEO plugin v25.6 - https:\/\/yoast.com\/wordpress\/plugins\/seo\/ -->\n<title>Dialen\u00ae Super - Profert<\/title>\n<meta name=\"robots\" content=\"index, follow, max-snippet:-1, max-image-preview:large, max-video-preview:-1\" \/>\n<link rel=\"canonical\" href=\"https:\/\/profert.dz\/fr\/index.php\/produit\/dialen-super\/\" \/>\n<meta property=\"og:locale\" content=\"fr_FR\" \/>\n<meta property=\"og:type\" content=\"article\" \/>\n<meta property=\"og:title\" content=\"Dialen\u00ae Super - Profert\" \/>\n<meta property=\"og:description\" content=\"COMPOSITION 344g\/L 2-4D + 120g\/L Dicamba. Formulation SL (concentr\u00e9 soluble). Dose d\u2019utilisation 0.75 \u00e0 1 L\/ha. Dialen\u00ae Super est l\u2019association de deux substances auxiniques anti-dicotyl\u00e9dones compl\u00e9mentaires : le Dicamba et le 2-4D. Le Dicamba se caract\u00e9rise par une action lente. Il est absorb\u00e9 par les feuilles et les racines puis transport\u00e9 dans la plante par la s\u00e8ve. Il atteint ainsi toutes les parties de la plante, inhibant toute possibilit\u00e9 de repousse. Le 2-4D se caract\u00e9rise par une action rapide (effet de choc). Il est principalement absorb\u00e9 par les feuilles et r\u00e9parti dans l\u2019adventice par la s\u00e8ve. D\u00e8s l\u2019application de Dialen\u00ae Super, la plante arr\u00eate de se nourrir et le d\u00e9veloppement des adventices est imm\u00e9diatement arr\u00eat\u00e9. Ces derni\u00e8res n\u2019exercent plus de concurrence sur la c\u00e9r\u00e9ale pour les \u00e9l\u00e9ments nutritifs. Dialen\u00ae Super appartient au groupe des auxines qui n\u2019ont d\u00e9velopp\u00e9 aucun signe de r\u00e9sistance \u00e0 ce jour.\" \/>\n<meta property=\"og:url\" content=\"https:\/\/profert.dz\/fr\/index.php\/produit\/dialen-super\/\" \/>\n<meta property=\"og:site_name\" content=\"Profert\" \/>\n<meta property=\"article:modified_time\" content=\"2023-08-22T12:56:01+00:00\" \/>\n<meta property=\"og:image\" content=\"https:\/\/profert.dz\/fr\/wp-content\/uploads\/2017\/10\/Dialen\u00ae-Super.jpg\" \/>\n\t<meta property=\"og:image:width\" content=\"720\" \/>\n\t<meta property=\"og:image:height\" content=\"658\" \/>\n\t<meta property=\"og:image:type\" content=\"image\/jpeg\" \/>\n<meta name=\"twitter:card\" content=\"summary_large_image\" \/>\n<script type=\"application\/ld+json\" class=\"yoast-schema-graph\">{\"@context\":\"https:\/\/schema.org\",\"@graph\":[{\"@type\":\"WebPage\",\"@id\":\"https:\/\/profert.dz\/fr\/index.php\/produit\/dialen-super\/\",\"url\":\"https:\/\/profert.dz\/fr\/index.php\/produit\/dialen-super\/\",\"name\":\"Dialen\u00ae Super - Profert\",\"isPartOf\":{\"@id\":\"https:\/\/profert.dz\/fr\/#website\"},\"primaryImageOfPage\":{\"@id\":\"https:\/\/profert.dz\/fr\/index.php\/produit\/dialen-super\/#primaryimage\"},\"image\":{\"@id\":\"https:\/\/profert.dz\/fr\/index.php\/produit\/dialen-super\/#primaryimage\"},\"thumbnailUrl\":\"https:\/\/profert.dz\/fr\/wp-content\/uploads\/2017\/10\/Dialen\u00ae-Super.jpg\",\"datePublished\":\"2017-10-12T14:52:38+00:00\",\"dateModified\":\"2023-08-22T12:56:01+00:00\",\"breadcrumb\":{\"@id\":\"https:\/\/profert.dz\/fr\/index.php\/produit\/dialen-super\/#breadcrumb\"},\"inLanguage\":\"fr-FR\",\"potentialAction\":[{\"@type\":\"ReadAction\",\"target\":[\"https:\/\/profert.dz\/fr\/index.php\/produit\/dialen-super\/\"]}]},{\"@type\":\"ImageObject\",\"inLanguage\":\"fr-FR\",\"@id\":\"https:\/\/profert.dz\/fr\/index.php\/produit\/dialen-super\/#primaryimage\",\"url\":\"https:\/\/profert.dz\/fr\/wp-content\/uploads\/2017\/10\/Dialen\u00ae-Super.jpg\",\"contentUrl\":\"https:\/\/profert.dz\/fr\/wp-content\/uploads\/2017\/10\/Dialen\u00ae-Super.jpg\",\"width\":720,\"height\":658},{\"@type\":\"BreadcrumbList\",\"@id\":\"https:\/\/profert.dz\/fr\/index.php\/produit\/dialen-super\/#breadcrumb\",\"itemListElement\":[{\"@type\":\"ListItem\",\"position\":1,\"name\":\"Accueil\",\"item\":\"https:\/\/profert.dz\/fr\/\"},{\"@type\":\"ListItem\",\"position\":2,\"name\":\"Produits\",\"item\":\"https:\/\/profert.dz\/fr\/index.php\/boutique\/\"},{\"@type\":\"ListItem\",\"position\":3,\"name\":\"Dialen\u00ae Super\"}]},{\"@type\":\"WebSite\",\"@id\":\"https:\/\/profert.dz\/fr\/#website\",\"url\":\"https:\/\/profert.dz\/fr\/\",\"name\":\"Profert.dz\",\"description\":\"Agriculture Alg\u00e9rie\",\"potentialAction\":[{\"@type\":\"SearchAction\",\"target\":{\"@type\":\"EntryPoint\",\"urlTemplate\":\"https:\/\/profert.dz\/fr\/?s={search_term_string}\"},\"query-input\":{\"@type\":\"PropertyValueSpecification\",\"valueRequired\":true,\"valueName\":\"search_term_string\"}}],\"inLanguage\":\"fr-FR\"}]}<\/script>\n<!-- \/ Yoast SEO plugin. -->","yoast_head_json":{"title":"Dialen\u00ae Super - Profert","robots":{"index":"index","follow":"follow","max-snippet":"max-snippet:-1","max-image-preview":"max-image-preview:large","max-video-preview":"max-video-preview:-1"},"canonical":"https:\/\/profert.dz\/fr\/index.php\/produit\/dialen-super\/","og_locale":"fr_FR","og_type":"article","og_title":"Dialen\u00ae Super - Profert","og_description":"COMPOSITION 344g\/L 2-4D + 120g\/L Dicamba. Formulation SL (concentr\u00e9 soluble). Dose d\u2019utilisation 0.75 \u00e0 1 L\/ha. Dialen\u00ae Super est l\u2019association de deux substances auxiniques anti-dicotyl\u00e9dones compl\u00e9mentaires : le Dicamba et le 2-4D. Le Dicamba se caract\u00e9rise par une action lente. Il est absorb\u00e9 par les feuilles et les racines puis transport\u00e9 dans la plante par la s\u00e8ve. Il atteint ainsi toutes les parties de la plante, inhibant toute possibilit\u00e9 de repousse. Le 2-4D se caract\u00e9rise par une action rapide (effet de choc). Il est principalement absorb\u00e9 par les feuilles et r\u00e9parti dans l\u2019adventice par la s\u00e8ve. D\u00e8s l\u2019application de Dialen\u00ae Super, la plante arr\u00eate de se nourrir et le d\u00e9veloppement des adventices est imm\u00e9diatement arr\u00eat\u00e9. Ces derni\u00e8res n\u2019exercent plus de concurrence sur la c\u00e9r\u00e9ale pour les \u00e9l\u00e9ments nutritifs. Dialen\u00ae Super appartient au groupe des auxines qui n\u2019ont d\u00e9velopp\u00e9 aucun signe de r\u00e9sistance \u00e0 ce jour.","og_url":"https:\/\/profert.dz\/fr\/index.php\/produit\/dialen-super\/","og_site_name":"Profert","article_modified_time":"2023-08-22T12:56:01+00:00","og_image":[{"width":720,"height":658,"url":"https:\/\/profert.dz\/fr\/wp-content\/uploads\/2017\/10\/Dialen\u00ae-Super.jpg","type":"image\/jpeg"}],"twitter_card":"summary_large_image","schema":{"@context":"https:\/\/schema.org","@graph":[{"@type":"WebPage","@id":"https:\/\/profert.dz\/fr\/index.php\/produit\/dialen-super\/","url":"https:\/\/profert.dz\/fr\/index.php\/produit\/dialen-super\/","name":"Dialen\u00ae Super - Profert","isPartOf":{"@id":"https:\/\/profert.dz\/fr\/#website"},"primaryImageOfPage":{"@id":"https:\/\/profert.dz\/fr\/index.php\/produit\/dialen-super\/#primaryimage"},"image":{"@id":"https:\/\/profert.dz\/fr\/index.php\/produit\/dialen-super\/#primaryimage"},"thumbnailUrl":"https:\/\/profert.dz\/fr\/wp-content\/uploads\/2017\/10\/Dialen\u00ae-Super.jpg","datePublished":"2017-10-12T14:52:38+00:00","dateModified":"2023-08-22T12:56:01+00:00","breadcrumb":{"@id":"https:\/\/profert.dz\/fr\/index.php\/produit\/dialen-super\/#breadcrumb"},"inLanguage":"fr-FR","potentialAction":[{"@type":"ReadAction","target":["https:\/\/profert.dz\/fr\/index.php\/produit\/dialen-super\/"]}]},{"@type":"ImageObject","inLanguage":"fr-FR","@id":"https:\/\/profert.dz\/fr\/index.php\/produit\/dialen-super\/#primaryimage","url":"https:\/\/profert.dz\/fr\/wp-content\/uploads\/2017\/10\/Dialen\u00ae-Super.jpg","contentUrl":"https:\/\/profert.dz\/fr\/wp-content\/uploads\/2017\/10\/Dialen\u00ae-Super.jpg","width":720,"height":658},{"@type":"BreadcrumbList","@id":"https:\/\/profert.dz\/fr\/index.php\/produit\/dialen-super\/#breadcrumb","itemListElement":[{"@type":"ListItem","position":1,"name":"Accueil","item":"https:\/\/profert.dz\/fr\/"},{"@type":"ListItem","position":2,"name":"Produits","item":"https:\/\/profert.dz\/fr\/index.php\/boutique\/"},{"@type":"ListItem","position":3,"name":"Dialen\u00ae Super"}]},{"@type":"WebSite","@id":"https:\/\/profert.dz\/fr\/#website","url":"https:\/\/profert.dz\/fr\/","name":"Profert.dz","description":"Agriculture Alg\u00e9rie","potentialAction":[{"@type":"SearchAction","target":{"@type":"EntryPoint","urlTemplate":"https:\/\/profert.dz\/fr\/?s={search_term_string}"},"query-input":{"@type":"PropertyValueSpecification","valueRequired":true,"valueName":"search_term_string"}}],"inLanguage":"fr-FR"}]}},"_links":{"self":[{"href":"https:\/\/profert.dz\/fr\/index.php\/wp-json\/wp\/v2\/product\/13484"}],"collection":[{"href":"https:\/\/profert.dz\/fr\/index.php\/wp-json\/wp\/v2\/product"}],"about":[{"href":"https:\/\/profert.dz\/fr\/index.php\/wp-json\/wp\/v2\/types\/product"}],"wp:featuredmedia":[{"embeddable":true,"href":"https:\/\/profert.dz\/fr\/index.php\/wp-json\/wp\/v2\/media\/13485"}],"wp:attachment":[{"href":"https:\/\/profert.dz\/fr\/index.php\/wp-json\/wp\/v2\/media?parent=13484"}],"wp:term":[{"taxonomy":"product_brand","embeddable":true,"href":"https:\/\/profert.dz\/fr\/index.php\/wp-json\/wp\/v2\/product_brand?post=13484"},{"taxonomy":"product_cat","embeddable":true,"href":"https:\/\/profert.dz\/fr\/index.php\/wp-json\/wp\/v2\/product_cat?post=13484"},{"taxonomy":"product_tag","embeddable":true,"href":"https:\/\/profert.dz\/fr\/index.php\/wp-json\/wp\/v2\/product_tag?post=13484"}],"curies":[{"name":"wp","href":"https:\/\/api.w.org\/{rel}","templated":true}]}}