{"id":13474,"date":"2017-10-13T16:00:41","date_gmt":"2017-10-13T14:00:41","guid":{"rendered":"http:\/\/profert.dz\/fr\/?post_type=product&#038;p=13474"},"modified":"2026-01-13T09:06:59","modified_gmt":"2026-01-13T08:06:59","slug":"pallas-45-od","status":"publish","type":"product","link":"https:\/\/profert.dz\/fr\/index.php\/produit\/pallas-45-od\/","title":{"rendered":"Pallas<sup>\u00ae<\/sup> 45 OD"},"content":{"rendered":"","protected":false},"excerpt":{"rendered":"<p><strong>COMPOSITION<\/strong><br \/>\n45g de Pyroxsulam<br \/>\n90 g de cloquintocet &#8211; mexyl<br \/>\n<strong>FORMULATION<\/strong><br \/>\nOD<br \/>\n<strong>DOSE D\u2019UTILISATION<\/strong><br \/>\n0,5L\/ha<\/p>\n<p style=\"text-align: justify;\"><strong>Pallas<sup>\u00ae<\/sup> 45 OD<\/strong> est un herbicide de post-\u00e9mergence des c\u00e9r\u00e9ales \u00e0 base de Pyroxsulam, une nouvelle mol\u00e9cule d\u00e9couverte et d\u00e9velopp\u00e9e par Dow AgroSciences.<br \/>\n<strong>Pallas<sup>\u00ae<\/sup> 45 OD<\/strong> contr\u00f4le la plupart des gramin\u00e9es des c\u00e9r\u00e9ales comme les bromes, ray-grass, phalaris et folles avoines.<br \/>\n<strong>Pallas<sup>\u00ae<\/sup> 45 OD<\/strong> contr\u00f4le de nombreuses dicotyl\u00e9dones comme le chardon, eavenelle, mauve, souci, gaillet, v\u00e9ronique, vesce,etc.<br \/>\n<strong>Pallas<sup>\u00ae<\/sup> 45 OD<\/strong> est caract\u00e9ris\u00e9 par:<br \/>\n\u2022 Un large spectre d\u2019adventices contr\u00f4l\u00e9es en un seul passage.<br \/>\n\u2022 Une excellente efficacit\u00e9 sur bromes.<br \/>\n\u2022 Excellente compatibilit\u00e9, large \u00e9ventail de m\u00e9langes.<br \/>\n\u2022 Une large fen\u00eatre d\u2019application, permettant de choisir les meilleures conditions de traitement aux champs.<br \/>\n\u2022 Libre rotation : aucune restriction sur les cultures suivantes.<br \/>\n<strong>Pallas<sup>\u00ae<\/sup> 45 OD<\/strong>, en association avec <strong>Mustang<sup>\u00ae<\/sup> 360 SE<\/strong>, permet d\u2019obtenir une tr\u00e8s grande efficacit\u00e9 sur la plupart des gramin\u00e9es et dicotyl\u00e9dones existantes en Alg\u00e9rie.<br \/>\n<strong>Pallas<sup>\u00ae<\/sup> 45 OD<\/strong>, en association avec <strong>Heliosol<sup>\u00ae<\/sup><\/strong>, permet un tr\u00e8s bon contr\u00f4le des bromes.<br \/>\n<strong>Pallas<sup>\u00ae<\/sup> 45 OD<\/strong>, en association avec <strong>Heliosol<sup>\u00ae<\/sup><\/strong> et <strong>Mustang<sup>\u00ae<\/sup> 360 SE<\/strong>,offre la plus belle solution qui permet d\u2019\u00e9liminer toutes les adventices (bromes, autres gramin\u00e9es, dicotyl\u00e9dones, m\u00eame les plus difficiles).<\/p>\n[wpdm_package id='26443']\n","protected":false},"featured_media":33815,"template":"","meta":[],"product_brand":[],"product_cat":[86],"product_tag":[],"class_list":{"0":"post-13474","1":"product","2":"type-product","3":"status-publish","4":"has-post-thumbnail","6":"product_cat-herbicides-00","8":"first","9":"instock","10":"shipping-taxable","11":"product-type-simple"},"yoast_head":"<!-- This site is optimized with the Yoast SEO plugin v25.6 - https:\/\/yoast.com\/wordpress\/plugins\/seo\/ -->\n<title>Pallas\u00ae 45 OD - Profert<\/title>\n<meta name=\"robots\" content=\"index, follow, max-snippet:-1, max-image-preview:large, max-video-preview:-1\" \/>\n<link rel=\"canonical\" href=\"https:\/\/profert.dz\/fr\/index.php\/produit\/pallas-45-od\/\" \/>\n<meta property=\"og:locale\" content=\"fr_FR\" \/>\n<meta property=\"og:type\" content=\"article\" \/>\n<meta property=\"og:title\" content=\"Pallas\u00ae 45 OD - Profert\" \/>\n<meta property=\"og:description\" content=\"COMPOSITION 45g de Pyroxsulam 90 g de cloquintocet - mexyl FORMULATION OD DOSE D\u2019UTILISATION 0,5L\/ha Pallas\u00ae 45 OD est un herbicide de post-\u00e9mergence des c\u00e9r\u00e9ales \u00e0 base de Pyroxsulam, une nouvelle mol\u00e9cule d\u00e9couverte et d\u00e9velopp\u00e9e par Dow AgroSciences. Pallas\u00ae 45 OD contr\u00f4le la plupart des gramin\u00e9es des c\u00e9r\u00e9ales comme les bromes, ray-grass, phalaris et folles avoines. Pallas\u00ae 45 OD contr\u00f4le de nombreuses dicotyl\u00e9dones comme le chardon, eavenelle, mauve, souci, gaillet, v\u00e9ronique, vesce,etc. Pallas\u00ae 45 OD est caract\u00e9ris\u00e9 par: \u2022 Un large spectre d\u2019adventices contr\u00f4l\u00e9es en un seul passage. \u2022 Une excellente efficacit\u00e9 sur bromes. \u2022 Excellente compatibilit\u00e9, large \u00e9ventail de m\u00e9langes. \u2022 Une large fen\u00eatre d\u2019application, permettant de choisir les meilleures conditions de traitement aux champs. \u2022 Libre rotation : aucune restriction sur les cultures suivantes. Pallas\u00ae 45 OD, en association avec Mustang\u00ae 360 SE, permet d\u2019obtenir une tr\u00e8s grande efficacit\u00e9 sur la plupart des gramin\u00e9es et dicotyl\u00e9dones existantes en Alg\u00e9rie. Pallas\u00ae 45 OD, en association avec Heliosol\u00ae, permet un tr\u00e8s bon contr\u00f4le des bromes. Pallas\u00ae 45 OD, en association avec Heliosol\u00ae et Mustang\u00ae 360 SE,offre la plus belle solution qui permet d\u2019\u00e9liminer toutes les adventices (bromes, autres gramin\u00e9es, dicotyl\u00e9dones, m\u00eame les plus difficiles).\" \/>\n<meta property=\"og:url\" content=\"https:\/\/profert.dz\/fr\/index.php\/produit\/pallas-45-od\/\" \/>\n<meta property=\"og:site_name\" content=\"Profert\" \/>\n<meta property=\"article:modified_time\" content=\"2026-01-13T08:06:59+00:00\" \/>\n<meta property=\"og:image\" content=\"https:\/\/profert.dz\/fr\/wp-content\/uploads\/2017\/10\/Pallas.png\" \/>\n\t<meta property=\"og:image:width\" content=\"940\" \/>\n\t<meta property=\"og:image:height\" content=\"788\" \/>\n\t<meta property=\"og:image:type\" content=\"image\/png\" \/>\n<meta name=\"twitter:card\" content=\"summary_large_image\" \/>\n<script type=\"application\/ld+json\" class=\"yoast-schema-graph\">{\"@context\":\"https:\/\/schema.org\",\"@graph\":[{\"@type\":\"WebPage\",\"@id\":\"https:\/\/profert.dz\/fr\/index.php\/produit\/pallas-45-od\/\",\"url\":\"https:\/\/profert.dz\/fr\/index.php\/produit\/pallas-45-od\/\",\"name\":\"Pallas\u00ae 45 OD - Profert\",\"isPartOf\":{\"@id\":\"https:\/\/profert.dz\/fr\/#website\"},\"primaryImageOfPage\":{\"@id\":\"https:\/\/profert.dz\/fr\/index.php\/produit\/pallas-45-od\/#primaryimage\"},\"image\":{\"@id\":\"https:\/\/profert.dz\/fr\/index.php\/produit\/pallas-45-od\/#primaryimage\"},\"thumbnailUrl\":\"https:\/\/profert.dz\/fr\/wp-content\/uploads\/2017\/10\/Pallas.png\",\"datePublished\":\"2017-10-13T14:00:41+00:00\",\"dateModified\":\"2026-01-13T08:06:59+00:00\",\"breadcrumb\":{\"@id\":\"https:\/\/profert.dz\/fr\/index.php\/produit\/pallas-45-od\/#breadcrumb\"},\"inLanguage\":\"fr-FR\",\"potentialAction\":[{\"@type\":\"ReadAction\",\"target\":[\"https:\/\/profert.dz\/fr\/index.php\/produit\/pallas-45-od\/\"]}]},{\"@type\":\"ImageObject\",\"inLanguage\":\"fr-FR\",\"@id\":\"https:\/\/profert.dz\/fr\/index.php\/produit\/pallas-45-od\/#primaryimage\",\"url\":\"https:\/\/profert.dz\/fr\/wp-content\/uploads\/2017\/10\/Pallas.png\",\"contentUrl\":\"https:\/\/profert.dz\/fr\/wp-content\/uploads\/2017\/10\/Pallas.png\",\"width\":940,\"height\":788},{\"@type\":\"BreadcrumbList\",\"@id\":\"https:\/\/profert.dz\/fr\/index.php\/produit\/pallas-45-od\/#breadcrumb\",\"itemListElement\":[{\"@type\":\"ListItem\",\"position\":1,\"name\":\"Accueil\",\"item\":\"https:\/\/profert.dz\/fr\/\"},{\"@type\":\"ListItem\",\"position\":2,\"name\":\"Produits\",\"item\":\"https:\/\/profert.dz\/fr\/index.php\/boutique\/\"},{\"@type\":\"ListItem\",\"position\":3,\"name\":\"Pallas\u00ae 45 OD\"}]},{\"@type\":\"WebSite\",\"@id\":\"https:\/\/profert.dz\/fr\/#website\",\"url\":\"https:\/\/profert.dz\/fr\/\",\"name\":\"Profert.dz\",\"description\":\"Agriculture Alg\u00e9rie\",\"potentialAction\":[{\"@type\":\"SearchAction\",\"target\":{\"@type\":\"EntryPoint\",\"urlTemplate\":\"https:\/\/profert.dz\/fr\/?s={search_term_string}\"},\"query-input\":{\"@type\":\"PropertyValueSpecification\",\"valueRequired\":true,\"valueName\":\"search_term_string\"}}],\"inLanguage\":\"fr-FR\"}]}<\/script>\n<!-- \/ Yoast SEO plugin. -->","yoast_head_json":{"title":"Pallas\u00ae 45 OD - Profert","robots":{"index":"index","follow":"follow","max-snippet":"max-snippet:-1","max-image-preview":"max-image-preview:large","max-video-preview":"max-video-preview:-1"},"canonical":"https:\/\/profert.dz\/fr\/index.php\/produit\/pallas-45-od\/","og_locale":"fr_FR","og_type":"article","og_title":"Pallas\u00ae 45 OD - Profert","og_description":"COMPOSITION 45g de Pyroxsulam 90 g de cloquintocet - mexyl FORMULATION OD DOSE D\u2019UTILISATION 0,5L\/ha Pallas\u00ae 45 OD est un herbicide de post-\u00e9mergence des c\u00e9r\u00e9ales \u00e0 base de Pyroxsulam, une nouvelle mol\u00e9cule d\u00e9couverte et d\u00e9velopp\u00e9e par Dow AgroSciences. Pallas\u00ae 45 OD contr\u00f4le la plupart des gramin\u00e9es des c\u00e9r\u00e9ales comme les bromes, ray-grass, phalaris et folles avoines. Pallas\u00ae 45 OD contr\u00f4le de nombreuses dicotyl\u00e9dones comme le chardon, eavenelle, mauve, souci, gaillet, v\u00e9ronique, vesce,etc. Pallas\u00ae 45 OD est caract\u00e9ris\u00e9 par: \u2022 Un large spectre d\u2019adventices contr\u00f4l\u00e9es en un seul passage. \u2022 Une excellente efficacit\u00e9 sur bromes. \u2022 Excellente compatibilit\u00e9, large \u00e9ventail de m\u00e9langes. \u2022 Une large fen\u00eatre d\u2019application, permettant de choisir les meilleures conditions de traitement aux champs. \u2022 Libre rotation : aucune restriction sur les cultures suivantes. Pallas\u00ae 45 OD, en association avec Mustang\u00ae 360 SE, permet d\u2019obtenir une tr\u00e8s grande efficacit\u00e9 sur la plupart des gramin\u00e9es et dicotyl\u00e9dones existantes en Alg\u00e9rie. Pallas\u00ae 45 OD, en association avec Heliosol\u00ae, permet un tr\u00e8s bon contr\u00f4le des bromes. Pallas\u00ae 45 OD, en association avec Heliosol\u00ae et Mustang\u00ae 360 SE,offre la plus belle solution qui permet d\u2019\u00e9liminer toutes les adventices (bromes, autres gramin\u00e9es, dicotyl\u00e9dones, m\u00eame les plus difficiles).","og_url":"https:\/\/profert.dz\/fr\/index.php\/produit\/pallas-45-od\/","og_site_name":"Profert","article_modified_time":"2026-01-13T08:06:59+00:00","og_image":[{"width":940,"height":788,"url":"https:\/\/profert.dz\/fr\/wp-content\/uploads\/2017\/10\/Pallas.png","type":"image\/png"}],"twitter_card":"summary_large_image","schema":{"@context":"https:\/\/schema.org","@graph":[{"@type":"WebPage","@id":"https:\/\/profert.dz\/fr\/index.php\/produit\/pallas-45-od\/","url":"https:\/\/profert.dz\/fr\/index.php\/produit\/pallas-45-od\/","name":"Pallas\u00ae 45 OD - Profert","isPartOf":{"@id":"https:\/\/profert.dz\/fr\/#website"},"primaryImageOfPage":{"@id":"https:\/\/profert.dz\/fr\/index.php\/produit\/pallas-45-od\/#primaryimage"},"image":{"@id":"https:\/\/profert.dz\/fr\/index.php\/produit\/pallas-45-od\/#primaryimage"},"thumbnailUrl":"https:\/\/profert.dz\/fr\/wp-content\/uploads\/2017\/10\/Pallas.png","datePublished":"2017-10-13T14:00:41+00:00","dateModified":"2026-01-13T08:06:59+00:00","breadcrumb":{"@id":"https:\/\/profert.dz\/fr\/index.php\/produit\/pallas-45-od\/#breadcrumb"},"inLanguage":"fr-FR","potentialAction":[{"@type":"ReadAction","target":["https:\/\/profert.dz\/fr\/index.php\/produit\/pallas-45-od\/"]}]},{"@type":"ImageObject","inLanguage":"fr-FR","@id":"https:\/\/profert.dz\/fr\/index.php\/produit\/pallas-45-od\/#primaryimage","url":"https:\/\/profert.dz\/fr\/wp-content\/uploads\/2017\/10\/Pallas.png","contentUrl":"https:\/\/profert.dz\/fr\/wp-content\/uploads\/2017\/10\/Pallas.png","width":940,"height":788},{"@type":"BreadcrumbList","@id":"https:\/\/profert.dz\/fr\/index.php\/produit\/pallas-45-od\/#breadcrumb","itemListElement":[{"@type":"ListItem","position":1,"name":"Accueil","item":"https:\/\/profert.dz\/fr\/"},{"@type":"ListItem","position":2,"name":"Produits","item":"https:\/\/profert.dz\/fr\/index.php\/boutique\/"},{"@type":"ListItem","position":3,"name":"Pallas\u00ae 45 OD"}]},{"@type":"WebSite","@id":"https:\/\/profert.dz\/fr\/#website","url":"https:\/\/profert.dz\/fr\/","name":"Profert.dz","description":"Agriculture Alg\u00e9rie","potentialAction":[{"@type":"SearchAction","target":{"@type":"EntryPoint","urlTemplate":"https:\/\/profert.dz\/fr\/?s={search_term_string}"},"query-input":{"@type":"PropertyValueSpecification","valueRequired":true,"valueName":"search_term_string"}}],"inLanguage":"fr-FR"}]}},"_links":{"self":[{"href":"https:\/\/profert.dz\/fr\/index.php\/wp-json\/wp\/v2\/product\/13474"}],"collection":[{"href":"https:\/\/profert.dz\/fr\/index.php\/wp-json\/wp\/v2\/product"}],"about":[{"href":"https:\/\/profert.dz\/fr\/index.php\/wp-json\/wp\/v2\/types\/product"}],"wp:featuredmedia":[{"embeddable":true,"href":"https:\/\/profert.dz\/fr\/index.php\/wp-json\/wp\/v2\/media\/33815"}],"wp:attachment":[{"href":"https:\/\/profert.dz\/fr\/index.php\/wp-json\/wp\/v2\/media?parent=13474"}],"wp:term":[{"taxonomy":"product_brand","embeddable":true,"href":"https:\/\/profert.dz\/fr\/index.php\/wp-json\/wp\/v2\/product_brand?post=13474"},{"taxonomy":"product_cat","embeddable":true,"href":"https:\/\/profert.dz\/fr\/index.php\/wp-json\/wp\/v2\/product_cat?post=13474"},{"taxonomy":"product_tag","embeddable":true,"href":"https:\/\/profert.dz\/fr\/index.php\/wp-json\/wp\/v2\/product_tag?post=13474"}],"curies":[{"name":"wp","href":"https:\/\/api.w.org\/{rel}","templated":true}]}}