{"id":13383,"date":"2017-09-27T12:12:04","date_gmt":"2017-09-27T10:12:04","guid":{"rendered":"http:\/\/profert.dz\/fr\/?post_type=product&#038;p=13383"},"modified":"2025-09-16T10:43:41","modified_gmt":"2025-09-16T08:43:41","slug":"tradecorp-ca","status":"publish","type":"product","link":"https:\/\/profert.dz\/fr\/index.php\/produit\/tradecorp-ca\/","title":{"rendered":"Tradecorp<sup>\u00ae<\/sup> Ca"},"content":{"rendered":"","protected":false},"excerpt":{"rendered":"<h2 style=\"text-align: justify;\">Adieu n\u00e9croses apicales et autres carences en Calcium<\/h2>\n<p style=\"text-align: justify;\"><strong>CARACT\u00c9RISTIQUES:<\/strong><br \/>\n<strong>Tradecorp<sup>\u00ae<\/sup><\/strong> Ca contient du calcium sous forme EDTA. L\u2019agent ch\u00e9latant EDTA permet \u00e0 l\u2019\u00e9l\u00e9ment nutritif d\u2019\u00eatre enti\u00e8rement assimilable et de mieux migrer dans les tissus de la plante.<br \/>\n<strong>Tradecorp<sup>\u00ae<\/sup><\/strong> Ca pr\u00e9vient et corrige les carences en calcium sur toutes les cultures.<br \/>\n<strong>Tradecorp<sup>\u00ae<\/sup><\/strong> Ca est un produit qui est stable entre pH 2 et 9. Le pH id\u00e9al pour l\u2019absorption du calcium est compris entre 5,5 et 7.<br \/>\n<strong>Tradecorp<sup>\u00ae<\/sup><\/strong> Ca contribue \u00e0 stabiliser les parois cellulaires et rend les tissus plus rigides et r\u00e9sistants.<\/p>\n<p style=\"text-align: justify;\"><strong>UTILISATION ET DOSES D\u2019EMPLOI:<\/strong><br \/>\n<img decoding=\"async\" class=\"alignnone wp-image-15880\" src=\"http:\/\/profert.dz\/fr\/wp-content\/uploads\/2017\/09\/Tradecorp\u00ae-Ca-00.jpg\" alt=\"\" width=\"400\" height=\"144\" srcset=\"https:\/\/profert.dz\/fr\/wp-content\/uploads\/2017\/09\/Tradecorp\u00ae-Ca-00-120x43.jpg 120w, https:\/\/profert.dz\/fr\/wp-content\/uploads\/2017\/09\/Tradecorp\u00ae-Ca-00-200x72.jpg 200w, https:\/\/profert.dz\/fr\/wp-content\/uploads\/2017\/09\/Tradecorp\u00ae-Ca-00-300x108.jpg 300w, https:\/\/profert.dz\/fr\/wp-content\/uploads\/2017\/09\/Tradecorp\u00ae-Ca-00-400x144.jpg 400w, https:\/\/profert.dz\/fr\/wp-content\/uploads\/2017\/09\/Tradecorp\u00ae-Ca-00.jpg 500w\" sizes=\"(max-width: 400px) 100vw, 400px\" \/><\/p>\n<p style=\"text-align: justify;\"><strong>COMPATIBILIT\u00c9:<\/strong><br \/>\n<strong>Tradecorp<sup>\u00ae<\/sup><\/strong> Ca est compatible avec la plupart des engrais et produits phytosanitaires. Ne pas m\u00e9langer avec des produits phosphat\u00e9s et les produits \u00e0 pH tr\u00e8s acides&lt;3.<br \/>\nIl est recommand\u00e9 d\u2019effectuer un test au pr\u00e9alable.<\/p>\n","protected":false},"featured_media":13446,"template":"","meta":[],"product_brand":[],"product_cat":[64,80],"product_tag":[],"class_list":{"0":"post-13383","1":"product","2":"type-product","3":"status-publish","4":"has-post-thumbnail","6":"product_cat-nutrition","7":"product_cat-oligoelements","9":"first","10":"instock","11":"shipping-taxable","12":"product-type-simple"},"yoast_head":"<!-- This site is optimized with the Yoast SEO plugin v25.6 - https:\/\/yoast.com\/wordpress\/plugins\/seo\/ -->\n<title>Tradecorp\u00ae Ca - Profert<\/title>\n<meta name=\"robots\" content=\"index, follow, max-snippet:-1, max-image-preview:large, max-video-preview:-1\" \/>\n<link rel=\"canonical\" href=\"https:\/\/profert.dz\/fr\/index.php\/produit\/tradecorp-ca\/\" \/>\n<meta property=\"og:locale\" content=\"fr_FR\" \/>\n<meta property=\"og:type\" content=\"article\" \/>\n<meta property=\"og:title\" content=\"Tradecorp\u00ae Ca - Profert\" \/>\n<meta property=\"og:description\" content=\"Adieu n\u00e9croses apicales et autres carences en Calcium CARACT\u00c9RISTIQUES: Tradecorp\u00ae Ca contient du calcium sous forme EDTA. L\u2019agent ch\u00e9latant EDTA permet \u00e0 l\u2019\u00e9l\u00e9ment nutritif d\u2019\u00eatre enti\u00e8rement assimilable et de mieux migrer dans les tissus de la plante. Tradecorp\u00ae Ca pr\u00e9vient et corrige les carences en calcium sur toutes les cultures. Tradecorp\u00ae Ca est un produit qui est stable entre pH 2 et 9. Le pH id\u00e9al pour l\u2019absorption du calcium est compris entre 5,5 et 7. Tradecorp\u00ae Ca contribue \u00e0 stabiliser les parois cellulaires et rend les tissus plus rigides et r\u00e9sistants. UTILISATION ET DOSES D\u2019EMPLOI:  COMPATIBILIT\u00c9: Tradecorp\u00ae Ca est compatible avec la plupart des engrais et produits phytosanitaires. Ne pas m\u00e9langer avec des produits phosphat\u00e9s et les produits \u00e0 pH tr\u00e8s acides&lt;3. Il est recommand\u00e9 d\u2019effectuer un test au pr\u00e9alable.\" \/>\n<meta property=\"og:url\" content=\"https:\/\/profert.dz\/fr\/index.php\/produit\/tradecorp-ca\/\" \/>\n<meta property=\"og:site_name\" content=\"Profert\" \/>\n<meta property=\"article:modified_time\" content=\"2025-09-16T08:43:41+00:00\" \/>\n<meta property=\"og:image\" content=\"https:\/\/profert.dz\/fr\/wp-content\/uploads\/2017\/09\/Tradecorp\u00ae-Ca-Comp-1.jpg\" \/>\n\t<meta property=\"og:image:width\" content=\"720\" \/>\n\t<meta property=\"og:image:height\" content=\"658\" \/>\n\t<meta property=\"og:image:type\" content=\"image\/jpeg\" \/>\n<meta name=\"twitter:card\" content=\"summary_large_image\" \/>\n<meta name=\"twitter:label1\" content=\"Dur\u00e9e de lecture estim\u00e9e\" \/>\n\t<meta name=\"twitter:data1\" content=\"1 minute\" \/>\n<script type=\"application\/ld+json\" class=\"yoast-schema-graph\">{\"@context\":\"https:\/\/schema.org\",\"@graph\":[{\"@type\":\"WebPage\",\"@id\":\"https:\/\/profert.dz\/fr\/index.php\/produit\/tradecorp-ca\/\",\"url\":\"https:\/\/profert.dz\/fr\/index.php\/produit\/tradecorp-ca\/\",\"name\":\"Tradecorp\u00ae Ca - Profert\",\"isPartOf\":{\"@id\":\"https:\/\/profert.dz\/fr\/#website\"},\"primaryImageOfPage\":{\"@id\":\"https:\/\/profert.dz\/fr\/index.php\/produit\/tradecorp-ca\/#primaryimage\"},\"image\":{\"@id\":\"https:\/\/profert.dz\/fr\/index.php\/produit\/tradecorp-ca\/#primaryimage\"},\"thumbnailUrl\":\"https:\/\/profert.dz\/fr\/wp-content\/uploads\/2017\/09\/Tradecorp\u00ae-Ca-Comp-1.jpg\",\"datePublished\":\"2017-09-27T10:12:04+00:00\",\"dateModified\":\"2025-09-16T08:43:41+00:00\",\"breadcrumb\":{\"@id\":\"https:\/\/profert.dz\/fr\/index.php\/produit\/tradecorp-ca\/#breadcrumb\"},\"inLanguage\":\"fr-FR\",\"potentialAction\":[{\"@type\":\"ReadAction\",\"target\":[\"https:\/\/profert.dz\/fr\/index.php\/produit\/tradecorp-ca\/\"]}]},{\"@type\":\"ImageObject\",\"inLanguage\":\"fr-FR\",\"@id\":\"https:\/\/profert.dz\/fr\/index.php\/produit\/tradecorp-ca\/#primaryimage\",\"url\":\"https:\/\/profert.dz\/fr\/wp-content\/uploads\/2017\/09\/Tradecorp\u00ae-Ca-Comp-1.jpg\",\"contentUrl\":\"https:\/\/profert.dz\/fr\/wp-content\/uploads\/2017\/09\/Tradecorp\u00ae-Ca-Comp-1.jpg\",\"width\":720,\"height\":658},{\"@type\":\"BreadcrumbList\",\"@id\":\"https:\/\/profert.dz\/fr\/index.php\/produit\/tradecorp-ca\/#breadcrumb\",\"itemListElement\":[{\"@type\":\"ListItem\",\"position\":1,\"name\":\"Accueil\",\"item\":\"https:\/\/profert.dz\/fr\/\"},{\"@type\":\"ListItem\",\"position\":2,\"name\":\"Produits\",\"item\":\"https:\/\/profert.dz\/fr\/index.php\/boutique\/\"},{\"@type\":\"ListItem\",\"position\":3,\"name\":\"Tradecorp\u00ae Ca\"}]},{\"@type\":\"WebSite\",\"@id\":\"https:\/\/profert.dz\/fr\/#website\",\"url\":\"https:\/\/profert.dz\/fr\/\",\"name\":\"Profert.dz\",\"description\":\"Agriculture Alg\u00e9rie\",\"potentialAction\":[{\"@type\":\"SearchAction\",\"target\":{\"@type\":\"EntryPoint\",\"urlTemplate\":\"https:\/\/profert.dz\/fr\/?s={search_term_string}\"},\"query-input\":{\"@type\":\"PropertyValueSpecification\",\"valueRequired\":true,\"valueName\":\"search_term_string\"}}],\"inLanguage\":\"fr-FR\"}]}<\/script>\n<!-- \/ Yoast SEO plugin. -->","yoast_head_json":{"title":"Tradecorp\u00ae Ca - Profert","robots":{"index":"index","follow":"follow","max-snippet":"max-snippet:-1","max-image-preview":"max-image-preview:large","max-video-preview":"max-video-preview:-1"},"canonical":"https:\/\/profert.dz\/fr\/index.php\/produit\/tradecorp-ca\/","og_locale":"fr_FR","og_type":"article","og_title":"Tradecorp\u00ae Ca - Profert","og_description":"Adieu n\u00e9croses apicales et autres carences en Calcium CARACT\u00c9RISTIQUES: Tradecorp\u00ae Ca contient du calcium sous forme EDTA. L\u2019agent ch\u00e9latant EDTA permet \u00e0 l\u2019\u00e9l\u00e9ment nutritif d\u2019\u00eatre enti\u00e8rement assimilable et de mieux migrer dans les tissus de la plante. Tradecorp\u00ae Ca pr\u00e9vient et corrige les carences en calcium sur toutes les cultures. Tradecorp\u00ae Ca est un produit qui est stable entre pH 2 et 9. Le pH id\u00e9al pour l\u2019absorption du calcium est compris entre 5,5 et 7. Tradecorp\u00ae Ca contribue \u00e0 stabiliser les parois cellulaires et rend les tissus plus rigides et r\u00e9sistants. UTILISATION ET DOSES D\u2019EMPLOI:  COMPATIBILIT\u00c9: Tradecorp\u00ae Ca est compatible avec la plupart des engrais et produits phytosanitaires. Ne pas m\u00e9langer avec des produits phosphat\u00e9s et les produits \u00e0 pH tr\u00e8s acides&lt;3. Il est recommand\u00e9 d\u2019effectuer un test au pr\u00e9alable.","og_url":"https:\/\/profert.dz\/fr\/index.php\/produit\/tradecorp-ca\/","og_site_name":"Profert","article_modified_time":"2025-09-16T08:43:41+00:00","og_image":[{"width":720,"height":658,"url":"https:\/\/profert.dz\/fr\/wp-content\/uploads\/2017\/09\/Tradecorp\u00ae-Ca-Comp-1.jpg","type":"image\/jpeg"}],"twitter_card":"summary_large_image","twitter_misc":{"Dur\u00e9e de lecture estim\u00e9e":"1 minute"},"schema":{"@context":"https:\/\/schema.org","@graph":[{"@type":"WebPage","@id":"https:\/\/profert.dz\/fr\/index.php\/produit\/tradecorp-ca\/","url":"https:\/\/profert.dz\/fr\/index.php\/produit\/tradecorp-ca\/","name":"Tradecorp\u00ae Ca - Profert","isPartOf":{"@id":"https:\/\/profert.dz\/fr\/#website"},"primaryImageOfPage":{"@id":"https:\/\/profert.dz\/fr\/index.php\/produit\/tradecorp-ca\/#primaryimage"},"image":{"@id":"https:\/\/profert.dz\/fr\/index.php\/produit\/tradecorp-ca\/#primaryimage"},"thumbnailUrl":"https:\/\/profert.dz\/fr\/wp-content\/uploads\/2017\/09\/Tradecorp\u00ae-Ca-Comp-1.jpg","datePublished":"2017-09-27T10:12:04+00:00","dateModified":"2025-09-16T08:43:41+00:00","breadcrumb":{"@id":"https:\/\/profert.dz\/fr\/index.php\/produit\/tradecorp-ca\/#breadcrumb"},"inLanguage":"fr-FR","potentialAction":[{"@type":"ReadAction","target":["https:\/\/profert.dz\/fr\/index.php\/produit\/tradecorp-ca\/"]}]},{"@type":"ImageObject","inLanguage":"fr-FR","@id":"https:\/\/profert.dz\/fr\/index.php\/produit\/tradecorp-ca\/#primaryimage","url":"https:\/\/profert.dz\/fr\/wp-content\/uploads\/2017\/09\/Tradecorp\u00ae-Ca-Comp-1.jpg","contentUrl":"https:\/\/profert.dz\/fr\/wp-content\/uploads\/2017\/09\/Tradecorp\u00ae-Ca-Comp-1.jpg","width":720,"height":658},{"@type":"BreadcrumbList","@id":"https:\/\/profert.dz\/fr\/index.php\/produit\/tradecorp-ca\/#breadcrumb","itemListElement":[{"@type":"ListItem","position":1,"name":"Accueil","item":"https:\/\/profert.dz\/fr\/"},{"@type":"ListItem","position":2,"name":"Produits","item":"https:\/\/profert.dz\/fr\/index.php\/boutique\/"},{"@type":"ListItem","position":3,"name":"Tradecorp\u00ae Ca"}]},{"@type":"WebSite","@id":"https:\/\/profert.dz\/fr\/#website","url":"https:\/\/profert.dz\/fr\/","name":"Profert.dz","description":"Agriculture Alg\u00e9rie","potentialAction":[{"@type":"SearchAction","target":{"@type":"EntryPoint","urlTemplate":"https:\/\/profert.dz\/fr\/?s={search_term_string}"},"query-input":{"@type":"PropertyValueSpecification","valueRequired":true,"valueName":"search_term_string"}}],"inLanguage":"fr-FR"}]}},"_links":{"self":[{"href":"https:\/\/profert.dz\/fr\/index.php\/wp-json\/wp\/v2\/product\/13383"}],"collection":[{"href":"https:\/\/profert.dz\/fr\/index.php\/wp-json\/wp\/v2\/product"}],"about":[{"href":"https:\/\/profert.dz\/fr\/index.php\/wp-json\/wp\/v2\/types\/product"}],"wp:featuredmedia":[{"embeddable":true,"href":"https:\/\/profert.dz\/fr\/index.php\/wp-json\/wp\/v2\/media\/13446"}],"wp:attachment":[{"href":"https:\/\/profert.dz\/fr\/index.php\/wp-json\/wp\/v2\/media?parent=13383"}],"wp:term":[{"taxonomy":"product_brand","embeddable":true,"href":"https:\/\/profert.dz\/fr\/index.php\/wp-json\/wp\/v2\/product_brand?post=13383"},{"taxonomy":"product_cat","embeddable":true,"href":"https:\/\/profert.dz\/fr\/index.php\/wp-json\/wp\/v2\/product_cat?post=13383"},{"taxonomy":"product_tag","embeddable":true,"href":"https:\/\/profert.dz\/fr\/index.php\/wp-json\/wp\/v2\/product_tag?post=13383"}],"curies":[{"name":"wp","href":"https:\/\/api.w.org\/{rel}","templated":true}]}}