{"id":13378,"date":"2017-09-25T17:09:38","date_gmt":"2017-09-25T15:09:38","guid":{"rendered":"http:\/\/profert.dz\/fr\/?post_type=product&#038;p=13378"},"modified":"2025-09-16T10:45:12","modified_gmt":"2025-09-16T08:45:12","slug":"tradecitrus","status":"publish","type":"product","link":"https:\/\/profert.dz\/fr\/index.php\/produit\/tradecitrus\/","title":{"rendered":"Tradecitrus<sup>\u00ae<\/sup>"},"content":{"rendered":"","protected":false},"excerpt":{"rendered":"<h2 style=\"text-align: justify;\">Il prend soin de vos agrumes<\/h2>\n<p style=\"text-align: justify;\"><strong>COMPOSITION :<\/strong><br \/>\n08% de Zinc (Zn) ch\u00e9lat\u00e9 \u00e0 l\u2019EDTA+06% de Mangan\u00e8se (Mn) ch\u00e9lat\u00e9 \u00e0 l\u2019EDTA<br \/>\n<strong>FORMULATION :<\/strong><br \/>\nMicrogranul\u00e9s (MG).<\/p>\n<p style=\"text-align: justify;\"><strong>CARACT\u00c9RISTIQUES:<\/strong><br \/>\n<strong>Tradecitrus<sup>\u00ae<\/sup><\/strong> est une formulation en Microgranul\u00e9s enti\u00e8rement solubles dans l\u2019eau jusqu\u2019\u00e0 200 g\/l.<br \/>\n<strong>Tradecitrus<sup>\u00ae<\/sup><\/strong> contient du zinc et mangan\u00e8se sous formes EDTA. L\u2019agent ch\u00e9latant EDTA permet \u00e0 l\u2019\u00e9l\u00e9ment nutritif d\u2019\u00eatre enti\u00e8rement assimilable et de mieux migrer dans les tissus de la plante.<br \/>\n<strong>Tradecitrus<sup>\u00ae<\/sup><\/strong> est un produit sp\u00e9cialement d\u00e9velopp\u00e9 pour les agrumes, l\u00e0 o\u00f9 les besoins et les carences en zinc et mangan\u00e8se se manifestent simultan\u00e9ment.<br \/>\n<strong>Tradecitrus<sup>\u00ae<\/sup><\/strong> pr\u00e9vient et corrige les carences en zinc et mangan\u00e8se sur toutes les cultures.<br \/>\n<strong>Tradecitrus<sup>\u00ae<\/sup><\/strong> est un produit stable entre pH 4 et 9.<br \/>\n<strong>Tradecitrus<sup>\u00ae<\/sup><\/strong> est une formulation en Microgranul\u00e9s enti\u00e8rement solubles dans l\u2019eau jusqu\u2019\u00e0 200 g\/l.<\/p>\n<p style=\"text-align: justify;\"><strong>UTILISATION ET DOSES D\u2019EMPLOI:<\/strong><br \/>\n<img decoding=\"async\" class=\"alignnone wp-image-15881\" src=\"http:\/\/profert.dz\/fr\/wp-content\/uploads\/2017\/09\/Tradecitrus\u00ae-00.jpg\" alt=\"\" width=\"400\" height=\"103\" srcset=\"https:\/\/profert.dz\/fr\/wp-content\/uploads\/2017\/09\/Tradecitrus\u00ae-00-120x31.jpg 120w, https:\/\/profert.dz\/fr\/wp-content\/uploads\/2017\/09\/Tradecitrus\u00ae-00-200x52.jpg 200w, https:\/\/profert.dz\/fr\/wp-content\/uploads\/2017\/09\/Tradecitrus\u00ae-00-300x77.jpg 300w, https:\/\/profert.dz\/fr\/wp-content\/uploads\/2017\/09\/Tradecitrus\u00ae-00-400x103.jpg 400w, https:\/\/profert.dz\/fr\/wp-content\/uploads\/2017\/09\/Tradecitrus\u00ae-00.jpg 500w\" sizes=\"(max-width: 400px) 100vw, 400px\" \/><\/p>\n<p style=\"text-align: justify;\"><strong>COMPATIBILIT\u00c9 :<\/strong><br \/>\n<strong>Tradecitrus<sup>\u00ae<\/sup><\/strong> est compatible avec la plupart des engrais et produits phytosanitaires.<br \/>\nNe pas m\u00e9langer avec les produits \u00e0 base d\u2019huiles et de soufre.<br \/>\nNe pas m\u00e9langer avec des produits \u00e0 pH tr\u00e8s acides &lt;3 tels que\u00a0<strong>Lower 7<sup>\u00ae<\/sup>.<\/strong><\/p>\n","protected":false},"featured_media":13441,"template":"","meta":[],"product_brand":[],"product_cat":[64,80],"product_tag":[],"class_list":{"0":"post-13378","1":"product","2":"type-product","3":"status-publish","4":"has-post-thumbnail","6":"product_cat-nutrition","7":"product_cat-oligoelements","9":"first","10":"instock","11":"shipping-taxable","12":"product-type-simple"},"yoast_head":"<!-- This site is optimized with the Yoast SEO plugin v25.6 - https:\/\/yoast.com\/wordpress\/plugins\/seo\/ -->\n<title>Tradecitrus\u00ae - Profert<\/title>\n<meta name=\"robots\" content=\"index, follow, max-snippet:-1, max-image-preview:large, max-video-preview:-1\" \/>\n<link rel=\"canonical\" href=\"https:\/\/profert.dz\/fr\/index.php\/produit\/tradecitrus\/\" \/>\n<meta property=\"og:locale\" content=\"fr_FR\" \/>\n<meta property=\"og:type\" content=\"article\" \/>\n<meta property=\"og:title\" content=\"Tradecitrus\u00ae - Profert\" \/>\n<meta property=\"og:description\" content=\"Il prend soin de vos agrumes COMPOSITION : 08% de Zinc (Zn) ch\u00e9lat\u00e9 \u00e0 l\u2019EDTA+06% de Mangan\u00e8se (Mn) ch\u00e9lat\u00e9 \u00e0 l\u2019EDTA FORMULATION : Microgranul\u00e9s (MG). CARACT\u00c9RISTIQUES: Tradecitrus\u00ae est une formulation en Microgranul\u00e9s enti\u00e8rement solubles dans l\u2019eau jusqu\u2019\u00e0 200 g\/l. Tradecitrus\u00ae contient du zinc et mangan\u00e8se sous formes EDTA. L\u2019agent ch\u00e9latant EDTA permet \u00e0 l\u2019\u00e9l\u00e9ment nutritif d\u2019\u00eatre enti\u00e8rement assimilable et de mieux migrer dans les tissus de la plante. Tradecitrus\u00ae est un produit sp\u00e9cialement d\u00e9velopp\u00e9 pour les agrumes, l\u00e0 o\u00f9 les besoins et les carences en zinc et mangan\u00e8se se manifestent simultan\u00e9ment. Tradecitrus\u00ae pr\u00e9vient et corrige les carences en zinc et mangan\u00e8se sur toutes les cultures. Tradecitrus\u00ae est un produit stable entre pH 4 et 9. Tradecitrus\u00ae est une formulation en Microgranul\u00e9s enti\u00e8rement solubles dans l\u2019eau jusqu\u2019\u00e0 200 g\/l. UTILISATION ET DOSES D\u2019EMPLOI:  COMPATIBILIT\u00c9 : Tradecitrus\u00ae est compatible avec la plupart des engrais et produits phytosanitaires. Ne pas m\u00e9langer avec les produits \u00e0 base d\u2019huiles et de soufre. Ne pas m\u00e9langer avec des produits \u00e0 pH tr\u00e8s acides &lt;3 tels que\u00a0Lower 7\u00ae.\" \/>\n<meta property=\"og:url\" content=\"https:\/\/profert.dz\/fr\/index.php\/produit\/tradecitrus\/\" \/>\n<meta property=\"og:site_name\" content=\"Profert\" \/>\n<meta property=\"article:modified_time\" content=\"2025-09-16T08:45:12+00:00\" \/>\n<meta property=\"og:image\" content=\"https:\/\/profert.dz\/fr\/wp-content\/uploads\/2017\/09\/Tradecitrus-Comp.jpg\" \/>\n\t<meta property=\"og:image:width\" content=\"720\" \/>\n\t<meta property=\"og:image:height\" content=\"658\" \/>\n\t<meta property=\"og:image:type\" content=\"image\/jpeg\" \/>\n<meta name=\"twitter:card\" content=\"summary_large_image\" \/>\n<meta name=\"twitter:label1\" content=\"Dur\u00e9e de lecture estim\u00e9e\" \/>\n\t<meta name=\"twitter:data1\" content=\"1 minute\" \/>\n<script type=\"application\/ld+json\" class=\"yoast-schema-graph\">{\"@context\":\"https:\/\/schema.org\",\"@graph\":[{\"@type\":\"WebPage\",\"@id\":\"https:\/\/profert.dz\/fr\/index.php\/produit\/tradecitrus\/\",\"url\":\"https:\/\/profert.dz\/fr\/index.php\/produit\/tradecitrus\/\",\"name\":\"Tradecitrus\u00ae - Profert\",\"isPartOf\":{\"@id\":\"https:\/\/profert.dz\/fr\/#website\"},\"primaryImageOfPage\":{\"@id\":\"https:\/\/profert.dz\/fr\/index.php\/produit\/tradecitrus\/#primaryimage\"},\"image\":{\"@id\":\"https:\/\/profert.dz\/fr\/index.php\/produit\/tradecitrus\/#primaryimage\"},\"thumbnailUrl\":\"https:\/\/profert.dz\/fr\/wp-content\/uploads\/2017\/09\/Tradecitrus-Comp.jpg\",\"datePublished\":\"2017-09-25T15:09:38+00:00\",\"dateModified\":\"2025-09-16T08:45:12+00:00\",\"breadcrumb\":{\"@id\":\"https:\/\/profert.dz\/fr\/index.php\/produit\/tradecitrus\/#breadcrumb\"},\"inLanguage\":\"fr-FR\",\"potentialAction\":[{\"@type\":\"ReadAction\",\"target\":[\"https:\/\/profert.dz\/fr\/index.php\/produit\/tradecitrus\/\"]}]},{\"@type\":\"ImageObject\",\"inLanguage\":\"fr-FR\",\"@id\":\"https:\/\/profert.dz\/fr\/index.php\/produit\/tradecitrus\/#primaryimage\",\"url\":\"https:\/\/profert.dz\/fr\/wp-content\/uploads\/2017\/09\/Tradecitrus-Comp.jpg\",\"contentUrl\":\"https:\/\/profert.dz\/fr\/wp-content\/uploads\/2017\/09\/Tradecitrus-Comp.jpg\",\"width\":720,\"height\":658},{\"@type\":\"BreadcrumbList\",\"@id\":\"https:\/\/profert.dz\/fr\/index.php\/produit\/tradecitrus\/#breadcrumb\",\"itemListElement\":[{\"@type\":\"ListItem\",\"position\":1,\"name\":\"Accueil\",\"item\":\"https:\/\/profert.dz\/fr\/\"},{\"@type\":\"ListItem\",\"position\":2,\"name\":\"Produits\",\"item\":\"https:\/\/profert.dz\/fr\/index.php\/boutique\/\"},{\"@type\":\"ListItem\",\"position\":3,\"name\":\"Tradecitrus\u00ae\"}]},{\"@type\":\"WebSite\",\"@id\":\"https:\/\/profert.dz\/fr\/#website\",\"url\":\"https:\/\/profert.dz\/fr\/\",\"name\":\"Profert.dz\",\"description\":\"Agriculture Alg\u00e9rie\",\"potentialAction\":[{\"@type\":\"SearchAction\",\"target\":{\"@type\":\"EntryPoint\",\"urlTemplate\":\"https:\/\/profert.dz\/fr\/?s={search_term_string}\"},\"query-input\":{\"@type\":\"PropertyValueSpecification\",\"valueRequired\":true,\"valueName\":\"search_term_string\"}}],\"inLanguage\":\"fr-FR\"}]}<\/script>\n<!-- \/ Yoast SEO plugin. -->","yoast_head_json":{"title":"Tradecitrus\u00ae - Profert","robots":{"index":"index","follow":"follow","max-snippet":"max-snippet:-1","max-image-preview":"max-image-preview:large","max-video-preview":"max-video-preview:-1"},"canonical":"https:\/\/profert.dz\/fr\/index.php\/produit\/tradecitrus\/","og_locale":"fr_FR","og_type":"article","og_title":"Tradecitrus\u00ae - Profert","og_description":"Il prend soin de vos agrumes COMPOSITION : 08% de Zinc (Zn) ch\u00e9lat\u00e9 \u00e0 l\u2019EDTA+06% de Mangan\u00e8se (Mn) ch\u00e9lat\u00e9 \u00e0 l\u2019EDTA FORMULATION : Microgranul\u00e9s (MG). CARACT\u00c9RISTIQUES: Tradecitrus\u00ae est une formulation en Microgranul\u00e9s enti\u00e8rement solubles dans l\u2019eau jusqu\u2019\u00e0 200 g\/l. Tradecitrus\u00ae contient du zinc et mangan\u00e8se sous formes EDTA. L\u2019agent ch\u00e9latant EDTA permet \u00e0 l\u2019\u00e9l\u00e9ment nutritif d\u2019\u00eatre enti\u00e8rement assimilable et de mieux migrer dans les tissus de la plante. Tradecitrus\u00ae est un produit sp\u00e9cialement d\u00e9velopp\u00e9 pour les agrumes, l\u00e0 o\u00f9 les besoins et les carences en zinc et mangan\u00e8se se manifestent simultan\u00e9ment. Tradecitrus\u00ae pr\u00e9vient et corrige les carences en zinc et mangan\u00e8se sur toutes les cultures. Tradecitrus\u00ae est un produit stable entre pH 4 et 9. Tradecitrus\u00ae est une formulation en Microgranul\u00e9s enti\u00e8rement solubles dans l\u2019eau jusqu\u2019\u00e0 200 g\/l. UTILISATION ET DOSES D\u2019EMPLOI:  COMPATIBILIT\u00c9 : Tradecitrus\u00ae est compatible avec la plupart des engrais et produits phytosanitaires. Ne pas m\u00e9langer avec les produits \u00e0 base d\u2019huiles et de soufre. Ne pas m\u00e9langer avec des produits \u00e0 pH tr\u00e8s acides &lt;3 tels que\u00a0Lower 7\u00ae.","og_url":"https:\/\/profert.dz\/fr\/index.php\/produit\/tradecitrus\/","og_site_name":"Profert","article_modified_time":"2025-09-16T08:45:12+00:00","og_image":[{"width":720,"height":658,"url":"https:\/\/profert.dz\/fr\/wp-content\/uploads\/2017\/09\/Tradecitrus-Comp.jpg","type":"image\/jpeg"}],"twitter_card":"summary_large_image","twitter_misc":{"Dur\u00e9e de lecture estim\u00e9e":"1 minute"},"schema":{"@context":"https:\/\/schema.org","@graph":[{"@type":"WebPage","@id":"https:\/\/profert.dz\/fr\/index.php\/produit\/tradecitrus\/","url":"https:\/\/profert.dz\/fr\/index.php\/produit\/tradecitrus\/","name":"Tradecitrus\u00ae - Profert","isPartOf":{"@id":"https:\/\/profert.dz\/fr\/#website"},"primaryImageOfPage":{"@id":"https:\/\/profert.dz\/fr\/index.php\/produit\/tradecitrus\/#primaryimage"},"image":{"@id":"https:\/\/profert.dz\/fr\/index.php\/produit\/tradecitrus\/#primaryimage"},"thumbnailUrl":"https:\/\/profert.dz\/fr\/wp-content\/uploads\/2017\/09\/Tradecitrus-Comp.jpg","datePublished":"2017-09-25T15:09:38+00:00","dateModified":"2025-09-16T08:45:12+00:00","breadcrumb":{"@id":"https:\/\/profert.dz\/fr\/index.php\/produit\/tradecitrus\/#breadcrumb"},"inLanguage":"fr-FR","potentialAction":[{"@type":"ReadAction","target":["https:\/\/profert.dz\/fr\/index.php\/produit\/tradecitrus\/"]}]},{"@type":"ImageObject","inLanguage":"fr-FR","@id":"https:\/\/profert.dz\/fr\/index.php\/produit\/tradecitrus\/#primaryimage","url":"https:\/\/profert.dz\/fr\/wp-content\/uploads\/2017\/09\/Tradecitrus-Comp.jpg","contentUrl":"https:\/\/profert.dz\/fr\/wp-content\/uploads\/2017\/09\/Tradecitrus-Comp.jpg","width":720,"height":658},{"@type":"BreadcrumbList","@id":"https:\/\/profert.dz\/fr\/index.php\/produit\/tradecitrus\/#breadcrumb","itemListElement":[{"@type":"ListItem","position":1,"name":"Accueil","item":"https:\/\/profert.dz\/fr\/"},{"@type":"ListItem","position":2,"name":"Produits","item":"https:\/\/profert.dz\/fr\/index.php\/boutique\/"},{"@type":"ListItem","position":3,"name":"Tradecitrus\u00ae"}]},{"@type":"WebSite","@id":"https:\/\/profert.dz\/fr\/#website","url":"https:\/\/profert.dz\/fr\/","name":"Profert.dz","description":"Agriculture Alg\u00e9rie","potentialAction":[{"@type":"SearchAction","target":{"@type":"EntryPoint","urlTemplate":"https:\/\/profert.dz\/fr\/?s={search_term_string}"},"query-input":{"@type":"PropertyValueSpecification","valueRequired":true,"valueName":"search_term_string"}}],"inLanguage":"fr-FR"}]}},"_links":{"self":[{"href":"https:\/\/profert.dz\/fr\/index.php\/wp-json\/wp\/v2\/product\/13378"}],"collection":[{"href":"https:\/\/profert.dz\/fr\/index.php\/wp-json\/wp\/v2\/product"}],"about":[{"href":"https:\/\/profert.dz\/fr\/index.php\/wp-json\/wp\/v2\/types\/product"}],"wp:featuredmedia":[{"embeddable":true,"href":"https:\/\/profert.dz\/fr\/index.php\/wp-json\/wp\/v2\/media\/13441"}],"wp:attachment":[{"href":"https:\/\/profert.dz\/fr\/index.php\/wp-json\/wp\/v2\/media?parent=13378"}],"wp:term":[{"taxonomy":"product_brand","embeddable":true,"href":"https:\/\/profert.dz\/fr\/index.php\/wp-json\/wp\/v2\/product_brand?post=13378"},{"taxonomy":"product_cat","embeddable":true,"href":"https:\/\/profert.dz\/fr\/index.php\/wp-json\/wp\/v2\/product_cat?post=13378"},{"taxonomy":"product_tag","embeddable":true,"href":"https:\/\/profert.dz\/fr\/index.php\/wp-json\/wp\/v2\/product_tag?post=13378"}],"curies":[{"name":"wp","href":"https:\/\/api.w.org\/{rel}","templated":true}]}}