{"id":13304,"date":"2017-09-20T12:40:18","date_gmt":"2017-09-20T10:40:18","guid":{"rendered":"http:\/\/profert.dz\/fr\/?post_type=product&#038;p=13304"},"modified":"2025-09-16T09:24:19","modified_gmt":"2025-09-16T07:24:19","slug":"greenfer-energy","status":"publish","type":"product","link":"https:\/\/profert.dz\/fr\/index.php\/produit\/greenfer-energy\/","title":{"rendered":"GreenFer Energy<sup>\u00ae<\/sup>"},"content":{"rendered":"","protected":false},"excerpt":{"rendered":"<h2>Am\u00e9lioration du sol, pr\u00e9vention et correction de la chlorose en fer<\/h2>\n<p><strong>COMPOSITION :<\/strong><br \/>\nExtraits humiques : 21%.<br \/>\n&#8211; Acides humiques : 17%.<br \/>\n&#8211; Acides fulviques : 4%.<br \/>\n4% de Fer (Fe) ch\u00e9lat\u00e9 \u00e0 l\u2019EDDHA<br \/>\n<strong>FORMULATION :<\/strong><br \/>\nGranul\u00e9s dispersibles (WG).<\/p>\n<p style=\"text-align: justify;\"><strong>CARACT\u00c9RISTIQUES:<\/strong><br \/>\n<strong>GreenFer Energy<sup>\u00ae<\/sup><\/strong> se pr\u00e9sente sous forme de granul\u00e9s dispersibles (WG) tr\u00e8s solubles dans l\u2019eau.<br \/>\n<strong>GreenFer Energy<sup>\u00ae<\/sup><\/strong> est un produit unique, il combine l\u2019effet du fer ch\u00e9lat\u00e9 \u00e0 l\u2019EDDHA et de l\u2019acide humique.<br \/>\n<strong>GreenFer Energy<sup>\u00ae<\/sup><\/strong> pr\u00e9vient et corrige la chlorose ferrique dans tous les types du sol.<br \/>\n<strong>GreenFer Energy<sup>\u00ae<\/sup><\/strong> am\u00e9liore la structure du sol, sa porosit\u00e9 et sa capacit\u00e9 \u00e0 retenir et \u00e9changer les \u00e9l\u00e9ments nutritifs avec les racines.<br \/>\n<strong>GreenFer Energy<sup>\u00ae<\/sup><\/strong> a un fort pouvoir de ch\u00e9lation gr\u00e2ce \u00e0 l\u2019acide humique. Il am\u00e9liore la disponibilit\u00e9 et l\u2019efficacit\u00e9 des engrais NPK<br \/>\net des oligo-\u00e9l\u00e9ments.<\/p>\n<p style=\"text-align: justify;\"><strong>UTILISATION ET DOSES D\u2019EMPLOI:<\/strong><br \/>\n<img decoding=\"async\" class=\"alignnone wp-image-15882\" src=\"http:\/\/profert.dz\/fr\/wp-content\/uploads\/2017\/09\/GreenFer-Energy\u00ae-00.jpg\" alt=\"\" width=\"400\" height=\"132\" srcset=\"https:\/\/profert.dz\/fr\/wp-content\/uploads\/2017\/09\/GreenFer-Energy\u00ae-00-120x40.jpg 120w, https:\/\/profert.dz\/fr\/wp-content\/uploads\/2017\/09\/GreenFer-Energy\u00ae-00-200x66.jpg 200w, https:\/\/profert.dz\/fr\/wp-content\/uploads\/2017\/09\/GreenFer-Energy\u00ae-00-300x99.jpg 300w, https:\/\/profert.dz\/fr\/wp-content\/uploads\/2017\/09\/GreenFer-Energy\u00ae-00-400x132.jpg 400w, https:\/\/profert.dz\/fr\/wp-content\/uploads\/2017\/09\/GreenFer-Energy\u00ae-00.jpg 500w\" sizes=\"(max-width: 400px) 100vw, 400px\" \/><\/p>\n<p style=\"text-align: justify;\"><strong>COMPATIBILIT\u00c9:<\/strong><br \/>\n<strong>GreenFer Energy<sup>\u00ae<\/sup><\/strong> est compatible avec la plupart des engrais et produits phytosanitaires sauf les huiles min\u00e9rales, le nitrate de calcium et les produits acides.<br \/>\nEffectuer un essai avant emploi.<\/p>\n","protected":false},"featured_media":13435,"template":"","meta":[],"product_brand":[],"product_cat":[65],"product_tag":[],"class_list":{"0":"post-13304","1":"product","2":"type-product","3":"status-publish","4":"has-post-thumbnail","6":"product_cat-acideshmiques","8":"first","9":"instock","10":"shipping-taxable","11":"product-type-simple"},"yoast_head":"<!-- This site is optimized with the Yoast SEO plugin v25.6 - https:\/\/yoast.com\/wordpress\/plugins\/seo\/ -->\n<title>GreenFer Energy\u00ae - Profert<\/title>\n<meta name=\"robots\" content=\"index, follow, max-snippet:-1, max-image-preview:large, max-video-preview:-1\" \/>\n<link rel=\"canonical\" href=\"https:\/\/profert.dz\/fr\/index.php\/produit\/greenfer-energy\/\" \/>\n<meta property=\"og:locale\" content=\"fr_FR\" \/>\n<meta property=\"og:type\" content=\"article\" \/>\n<meta property=\"og:title\" content=\"GreenFer Energy\u00ae - Profert\" \/>\n<meta property=\"og:description\" content=\"Am\u00e9lioration du sol, pr\u00e9vention et correction de la chlorose en fer COMPOSITION : Extraits humiques : 21%. - Acides humiques : 17%. - Acides fulviques : 4%. 4% de Fer (Fe) ch\u00e9lat\u00e9 \u00e0 l\u2019EDDHA FORMULATION : Granul\u00e9s dispersibles (WG). CARACT\u00c9RISTIQUES: GreenFer Energy\u00ae se pr\u00e9sente sous forme de granul\u00e9s dispersibles (WG) tr\u00e8s solubles dans l\u2019eau. GreenFer Energy\u00ae est un produit unique, il combine l\u2019effet du fer ch\u00e9lat\u00e9 \u00e0 l\u2019EDDHA et de l\u2019acide humique. GreenFer Energy\u00ae pr\u00e9vient et corrige la chlorose ferrique dans tous les types du sol. GreenFer Energy\u00ae am\u00e9liore la structure du sol, sa porosit\u00e9 et sa capacit\u00e9 \u00e0 retenir et \u00e9changer les \u00e9l\u00e9ments nutritifs avec les racines. GreenFer Energy\u00ae a un fort pouvoir de ch\u00e9lation gr\u00e2ce \u00e0 l\u2019acide humique. Il am\u00e9liore la disponibilit\u00e9 et l\u2019efficacit\u00e9 des engrais NPK et des oligo-\u00e9l\u00e9ments. UTILISATION ET DOSES D\u2019EMPLOI:  COMPATIBILIT\u00c9: GreenFer Energy\u00ae est compatible avec la plupart des engrais et produits phytosanitaires sauf les huiles min\u00e9rales, le nitrate de calcium et les produits acides. Effectuer un essai avant emploi.\" \/>\n<meta property=\"og:url\" content=\"https:\/\/profert.dz\/fr\/index.php\/produit\/greenfer-energy\/\" \/>\n<meta property=\"og:site_name\" content=\"Profert\" \/>\n<meta property=\"article:modified_time\" content=\"2025-09-16T07:24:19+00:00\" \/>\n<meta property=\"og:image\" content=\"https:\/\/profert.dz\/fr\/wp-content\/uploads\/2017\/09\/Green-fer-energy-comp.jpg\" \/>\n\t<meta property=\"og:image:width\" content=\"720\" \/>\n\t<meta property=\"og:image:height\" content=\"658\" \/>\n\t<meta property=\"og:image:type\" content=\"image\/jpeg\" \/>\n<meta name=\"twitter:card\" content=\"summary_large_image\" \/>\n<meta name=\"twitter:label1\" content=\"Dur\u00e9e de lecture estim\u00e9e\" \/>\n\t<meta name=\"twitter:data1\" content=\"1 minute\" \/>\n<script type=\"application\/ld+json\" class=\"yoast-schema-graph\">{\"@context\":\"https:\/\/schema.org\",\"@graph\":[{\"@type\":\"WebPage\",\"@id\":\"https:\/\/profert.dz\/fr\/index.php\/produit\/greenfer-energy\/\",\"url\":\"https:\/\/profert.dz\/fr\/index.php\/produit\/greenfer-energy\/\",\"name\":\"GreenFer Energy\u00ae - Profert\",\"isPartOf\":{\"@id\":\"https:\/\/profert.dz\/fr\/#website\"},\"primaryImageOfPage\":{\"@id\":\"https:\/\/profert.dz\/fr\/index.php\/produit\/greenfer-energy\/#primaryimage\"},\"image\":{\"@id\":\"https:\/\/profert.dz\/fr\/index.php\/produit\/greenfer-energy\/#primaryimage\"},\"thumbnailUrl\":\"https:\/\/profert.dz\/fr\/wp-content\/uploads\/2017\/09\/Green-fer-energy-comp.jpg\",\"datePublished\":\"2017-09-20T10:40:18+00:00\",\"dateModified\":\"2025-09-16T07:24:19+00:00\",\"breadcrumb\":{\"@id\":\"https:\/\/profert.dz\/fr\/index.php\/produit\/greenfer-energy\/#breadcrumb\"},\"inLanguage\":\"fr-FR\",\"potentialAction\":[{\"@type\":\"ReadAction\",\"target\":[\"https:\/\/profert.dz\/fr\/index.php\/produit\/greenfer-energy\/\"]}]},{\"@type\":\"ImageObject\",\"inLanguage\":\"fr-FR\",\"@id\":\"https:\/\/profert.dz\/fr\/index.php\/produit\/greenfer-energy\/#primaryimage\",\"url\":\"https:\/\/profert.dz\/fr\/wp-content\/uploads\/2017\/09\/Green-fer-energy-comp.jpg\",\"contentUrl\":\"https:\/\/profert.dz\/fr\/wp-content\/uploads\/2017\/09\/Green-fer-energy-comp.jpg\",\"width\":720,\"height\":658},{\"@type\":\"BreadcrumbList\",\"@id\":\"https:\/\/profert.dz\/fr\/index.php\/produit\/greenfer-energy\/#breadcrumb\",\"itemListElement\":[{\"@type\":\"ListItem\",\"position\":1,\"name\":\"Accueil\",\"item\":\"https:\/\/profert.dz\/fr\/\"},{\"@type\":\"ListItem\",\"position\":2,\"name\":\"Produits\",\"item\":\"https:\/\/profert.dz\/fr\/index.php\/boutique\/\"},{\"@type\":\"ListItem\",\"position\":3,\"name\":\"GreenFer Energy\u00ae\"}]},{\"@type\":\"WebSite\",\"@id\":\"https:\/\/profert.dz\/fr\/#website\",\"url\":\"https:\/\/profert.dz\/fr\/\",\"name\":\"Profert.dz\",\"description\":\"Agriculture Alg\u00e9rie\",\"potentialAction\":[{\"@type\":\"SearchAction\",\"target\":{\"@type\":\"EntryPoint\",\"urlTemplate\":\"https:\/\/profert.dz\/fr\/?s={search_term_string}\"},\"query-input\":{\"@type\":\"PropertyValueSpecification\",\"valueRequired\":true,\"valueName\":\"search_term_string\"}}],\"inLanguage\":\"fr-FR\"}]}<\/script>\n<!-- \/ Yoast SEO plugin. -->","yoast_head_json":{"title":"GreenFer Energy\u00ae - Profert","robots":{"index":"index","follow":"follow","max-snippet":"max-snippet:-1","max-image-preview":"max-image-preview:large","max-video-preview":"max-video-preview:-1"},"canonical":"https:\/\/profert.dz\/fr\/index.php\/produit\/greenfer-energy\/","og_locale":"fr_FR","og_type":"article","og_title":"GreenFer Energy\u00ae - Profert","og_description":"Am\u00e9lioration du sol, pr\u00e9vention et correction de la chlorose en fer COMPOSITION : Extraits humiques : 21%. - Acides humiques : 17%. - Acides fulviques : 4%. 4% de Fer (Fe) ch\u00e9lat\u00e9 \u00e0 l\u2019EDDHA FORMULATION : Granul\u00e9s dispersibles (WG). CARACT\u00c9RISTIQUES: GreenFer Energy\u00ae se pr\u00e9sente sous forme de granul\u00e9s dispersibles (WG) tr\u00e8s solubles dans l\u2019eau. GreenFer Energy\u00ae est un produit unique, il combine l\u2019effet du fer ch\u00e9lat\u00e9 \u00e0 l\u2019EDDHA et de l\u2019acide humique. GreenFer Energy\u00ae pr\u00e9vient et corrige la chlorose ferrique dans tous les types du sol. GreenFer Energy\u00ae am\u00e9liore la structure du sol, sa porosit\u00e9 et sa capacit\u00e9 \u00e0 retenir et \u00e9changer les \u00e9l\u00e9ments nutritifs avec les racines. GreenFer Energy\u00ae a un fort pouvoir de ch\u00e9lation gr\u00e2ce \u00e0 l\u2019acide humique. Il am\u00e9liore la disponibilit\u00e9 et l\u2019efficacit\u00e9 des engrais NPK et des oligo-\u00e9l\u00e9ments. UTILISATION ET DOSES D\u2019EMPLOI:  COMPATIBILIT\u00c9: GreenFer Energy\u00ae est compatible avec la plupart des engrais et produits phytosanitaires sauf les huiles min\u00e9rales, le nitrate de calcium et les produits acides. Effectuer un essai avant emploi.","og_url":"https:\/\/profert.dz\/fr\/index.php\/produit\/greenfer-energy\/","og_site_name":"Profert","article_modified_time":"2025-09-16T07:24:19+00:00","og_image":[{"width":720,"height":658,"url":"https:\/\/profert.dz\/fr\/wp-content\/uploads\/2017\/09\/Green-fer-energy-comp.jpg","type":"image\/jpeg"}],"twitter_card":"summary_large_image","twitter_misc":{"Dur\u00e9e de lecture estim\u00e9e":"1 minute"},"schema":{"@context":"https:\/\/schema.org","@graph":[{"@type":"WebPage","@id":"https:\/\/profert.dz\/fr\/index.php\/produit\/greenfer-energy\/","url":"https:\/\/profert.dz\/fr\/index.php\/produit\/greenfer-energy\/","name":"GreenFer Energy\u00ae - Profert","isPartOf":{"@id":"https:\/\/profert.dz\/fr\/#website"},"primaryImageOfPage":{"@id":"https:\/\/profert.dz\/fr\/index.php\/produit\/greenfer-energy\/#primaryimage"},"image":{"@id":"https:\/\/profert.dz\/fr\/index.php\/produit\/greenfer-energy\/#primaryimage"},"thumbnailUrl":"https:\/\/profert.dz\/fr\/wp-content\/uploads\/2017\/09\/Green-fer-energy-comp.jpg","datePublished":"2017-09-20T10:40:18+00:00","dateModified":"2025-09-16T07:24:19+00:00","breadcrumb":{"@id":"https:\/\/profert.dz\/fr\/index.php\/produit\/greenfer-energy\/#breadcrumb"},"inLanguage":"fr-FR","potentialAction":[{"@type":"ReadAction","target":["https:\/\/profert.dz\/fr\/index.php\/produit\/greenfer-energy\/"]}]},{"@type":"ImageObject","inLanguage":"fr-FR","@id":"https:\/\/profert.dz\/fr\/index.php\/produit\/greenfer-energy\/#primaryimage","url":"https:\/\/profert.dz\/fr\/wp-content\/uploads\/2017\/09\/Green-fer-energy-comp.jpg","contentUrl":"https:\/\/profert.dz\/fr\/wp-content\/uploads\/2017\/09\/Green-fer-energy-comp.jpg","width":720,"height":658},{"@type":"BreadcrumbList","@id":"https:\/\/profert.dz\/fr\/index.php\/produit\/greenfer-energy\/#breadcrumb","itemListElement":[{"@type":"ListItem","position":1,"name":"Accueil","item":"https:\/\/profert.dz\/fr\/"},{"@type":"ListItem","position":2,"name":"Produits","item":"https:\/\/profert.dz\/fr\/index.php\/boutique\/"},{"@type":"ListItem","position":3,"name":"GreenFer Energy\u00ae"}]},{"@type":"WebSite","@id":"https:\/\/profert.dz\/fr\/#website","url":"https:\/\/profert.dz\/fr\/","name":"Profert.dz","description":"Agriculture Alg\u00e9rie","potentialAction":[{"@type":"SearchAction","target":{"@type":"EntryPoint","urlTemplate":"https:\/\/profert.dz\/fr\/?s={search_term_string}"},"query-input":{"@type":"PropertyValueSpecification","valueRequired":true,"valueName":"search_term_string"}}],"inLanguage":"fr-FR"}]}},"_links":{"self":[{"href":"https:\/\/profert.dz\/fr\/index.php\/wp-json\/wp\/v2\/product\/13304"}],"collection":[{"href":"https:\/\/profert.dz\/fr\/index.php\/wp-json\/wp\/v2\/product"}],"about":[{"href":"https:\/\/profert.dz\/fr\/index.php\/wp-json\/wp\/v2\/types\/product"}],"wp:featuredmedia":[{"embeddable":true,"href":"https:\/\/profert.dz\/fr\/index.php\/wp-json\/wp\/v2\/media\/13435"}],"wp:attachment":[{"href":"https:\/\/profert.dz\/fr\/index.php\/wp-json\/wp\/v2\/media?parent=13304"}],"wp:term":[{"taxonomy":"product_brand","embeddable":true,"href":"https:\/\/profert.dz\/fr\/index.php\/wp-json\/wp\/v2\/product_brand?post=13304"},{"taxonomy":"product_cat","embeddable":true,"href":"https:\/\/profert.dz\/fr\/index.php\/wp-json\/wp\/v2\/product_cat?post=13304"},{"taxonomy":"product_tag","embeddable":true,"href":"https:\/\/profert.dz\/fr\/index.php\/wp-json\/wp\/v2\/product_tag?post=13304"}],"curies":[{"name":"wp","href":"https:\/\/api.w.org\/{rel}","templated":true}]}}