{"id":13277,"date":"2017-09-19T12:34:09","date_gmt":"2017-09-19T10:34:09","guid":{"rendered":"http:\/\/profert.dz\/fr\/?post_type=product&#038;p=13277"},"modified":"2025-09-16T09:25:49","modified_gmt":"2025-09-16T07:25:49","slug":"humistar-wg","status":"publish","type":"product","link":"https:\/\/profert.dz\/fr\/index.php\/produit\/humistar-wg\/","title":{"rendered":"Humistar WG<sup>\u00ae<\/sup>"},"content":{"rendered":"","protected":false},"excerpt":{"rendered":"<h2>Booster la fertilit\u00e9 du sol<\/h2>\n<p><strong>COMPOSITION :<\/strong><br \/>\nExtraits humiques : 65%.<br \/>\n&#8211; Acides humiques : 53%.<br \/>\n&#8211; Acides fulviques : 12%.<br \/>\n<strong>FORMULATION :<\/strong><br \/>\nGranul\u00e9s dispersibles (WG).<\/p>\n<p style=\"text-align: justify;\"><strong>CARACT\u00c9RISTIQUES:<\/strong><br \/>\n<strong>Humistar<sup>\u00ae<\/sup> WG<\/strong> est un produit naturel \u00e0 base d\u2019acides humiques et fulviques, extraits de la L\u00e9onardite am\u00e9ricaine.<br \/>\n<strong>Humistar<sup>\u00ae<\/sup> WG<\/strong> am\u00e9liore la structure du sol en favorisant son a\u00e9ration et la r\u00e9tention en eau.<br \/>\n<strong>Humistar<sup>\u00ae<\/sup> WG<\/strong> stimule la vie microbienne.<br \/>\n<strong>Humistar<sup>\u00ae<\/sup> WG<\/strong> accentue la croissance et le d\u00e9veloppement racinaire.<br \/>\n<strong>Humistar<sup>\u00ae<\/sup> WG<\/strong> entre directement dans la composition du complexe argilo-humique, il augmente la capacit\u00e9 de stocker et d\u2019\u00e9changer, avec les racines de la plante, les \u00e9l\u00e9ments nutritifs apport\u00e9s sous forme d\u2019engrais chimiques. Il permet ainsi de r\u00e9duire consid\u00e9rablement les pertes par lessivage, lixiviation et volatilisation.<br \/>\n<strong>Humistar<sup>\u00ae<\/sup> WG<\/strong> agit comme agent ch\u00e9latant dans le sol et favorise l\u2019assimilation rapide des \u00e9l\u00e9ments nutritifs par les racines.<\/p>\n<p><strong>UTILISATION ET DOSES D\u2019EMPLOI:<\/strong><br \/>\n<img decoding=\"async\" class=\"alignnone wp-image-15884\" src=\"http:\/\/profert.dz\/fr\/wp-content\/uploads\/2017\/09\/Humistar-WG\u00ae-00.jpg\" alt=\"\" width=\"400\" height=\"118\" srcset=\"https:\/\/profert.dz\/fr\/wp-content\/uploads\/2017\/09\/Humistar-WG\u00ae-00-120x36.jpg 120w, https:\/\/profert.dz\/fr\/wp-content\/uploads\/2017\/09\/Humistar-WG\u00ae-00-200x59.jpg 200w, https:\/\/profert.dz\/fr\/wp-content\/uploads\/2017\/09\/Humistar-WG\u00ae-00-300x89.jpg 300w, https:\/\/profert.dz\/fr\/wp-content\/uploads\/2017\/09\/Humistar-WG\u00ae-00-400x118.jpg 400w, https:\/\/profert.dz\/fr\/wp-content\/uploads\/2017\/09\/Humistar-WG\u00ae-00.jpg 500w\" sizes=\"(max-width: 400px) 100vw, 400px\" \/><\/p>\n<p><strong>COMPATIBILIT\u00c9:<\/strong><br \/>\n<strong>Humistar<sup>\u00ae<\/sup> WG<\/strong> est compatible avec la plupart des engrais et produits phytosanitaires sauf les huiles min\u00e9rales, les nitrates de calcium et les produits acides.<\/p>\n","protected":false},"featured_media":13447,"template":"","meta":[],"product_brand":[],"product_cat":[65],"product_tag":[],"class_list":{"0":"post-13277","1":"product","2":"type-product","3":"status-publish","4":"has-post-thumbnail","6":"product_cat-acideshmiques","8":"first","9":"instock","10":"downloadable","11":"shipping-taxable","12":"product-type-simple"},"yoast_head":"<!-- This site is optimized with the Yoast SEO plugin v25.6 - https:\/\/yoast.com\/wordpress\/plugins\/seo\/ -->\n<title>Humistar WG\u00ae - Profert<\/title>\n<meta name=\"robots\" content=\"index, follow, max-snippet:-1, max-image-preview:large, max-video-preview:-1\" \/>\n<link rel=\"canonical\" href=\"https:\/\/profert.dz\/fr\/index.php\/produit\/humistar-wg\/\" \/>\n<meta property=\"og:locale\" content=\"fr_FR\" \/>\n<meta property=\"og:type\" content=\"article\" \/>\n<meta property=\"og:title\" content=\"Humistar WG\u00ae - Profert\" \/>\n<meta property=\"og:description\" content=\"Booster la fertilit\u00e9 du sol COMPOSITION : Extraits humiques : 65%. - Acides humiques : 53%. - Acides fulviques : 12%. FORMULATION : Granul\u00e9s dispersibles (WG). CARACT\u00c9RISTIQUES: Humistar\u00ae WG est un produit naturel \u00e0 base d\u2019acides humiques et fulviques, extraits de la L\u00e9onardite am\u00e9ricaine. Humistar\u00ae WG am\u00e9liore la structure du sol en favorisant son a\u00e9ration et la r\u00e9tention en eau. Humistar\u00ae WG stimule la vie microbienne. Humistar\u00ae WG accentue la croissance et le d\u00e9veloppement racinaire. Humistar\u00ae WG entre directement dans la composition du complexe argilo-humique, il augmente la capacit\u00e9 de stocker et d\u2019\u00e9changer, avec les racines de la plante, les \u00e9l\u00e9ments nutritifs apport\u00e9s sous forme d\u2019engrais chimiques. Il permet ainsi de r\u00e9duire consid\u00e9rablement les pertes par lessivage, lixiviation et volatilisation. Humistar\u00ae WG agit comme agent ch\u00e9latant dans le sol et favorise l\u2019assimilation rapide des \u00e9l\u00e9ments nutritifs par les racines. UTILISATION ET DOSES D\u2019EMPLOI:   COMPATIBILIT\u00c9: Humistar\u00ae WG est compatible avec la plupart des engrais et produits phytosanitaires sauf les huiles min\u00e9rales, les nitrates de calcium et les produits acides.\" \/>\n<meta property=\"og:url\" content=\"https:\/\/profert.dz\/fr\/index.php\/produit\/humistar-wg\/\" \/>\n<meta property=\"og:site_name\" content=\"Profert\" \/>\n<meta property=\"article:modified_time\" content=\"2025-09-16T07:25:49+00:00\" \/>\n<meta property=\"og:image\" content=\"https:\/\/profert.dz\/fr\/wp-content\/uploads\/2017\/09\/lower7-1.jpg\" \/>\n\t<meta property=\"og:image:width\" content=\"720\" \/>\n\t<meta property=\"og:image:height\" content=\"658\" \/>\n\t<meta property=\"og:image:type\" content=\"image\/jpeg\" \/>\n<meta name=\"twitter:card\" content=\"summary_large_image\" \/>\n<meta name=\"twitter:label1\" content=\"Dur\u00e9e de lecture estim\u00e9e\" \/>\n\t<meta name=\"twitter:data1\" content=\"1 minute\" \/>\n<script type=\"application\/ld+json\" class=\"yoast-schema-graph\">{\"@context\":\"https:\/\/schema.org\",\"@graph\":[{\"@type\":\"WebPage\",\"@id\":\"https:\/\/profert.dz\/fr\/index.php\/produit\/humistar-wg\/\",\"url\":\"https:\/\/profert.dz\/fr\/index.php\/produit\/humistar-wg\/\",\"name\":\"Humistar WG\u00ae - Profert\",\"isPartOf\":{\"@id\":\"https:\/\/profert.dz\/fr\/#website\"},\"primaryImageOfPage\":{\"@id\":\"https:\/\/profert.dz\/fr\/index.php\/produit\/humistar-wg\/#primaryimage\"},\"image\":{\"@id\":\"https:\/\/profert.dz\/fr\/index.php\/produit\/humistar-wg\/#primaryimage\"},\"thumbnailUrl\":\"https:\/\/profert.dz\/fr\/wp-content\/uploads\/2017\/09\/lower7-1.jpg\",\"datePublished\":\"2017-09-19T10:34:09+00:00\",\"dateModified\":\"2025-09-16T07:25:49+00:00\",\"breadcrumb\":{\"@id\":\"https:\/\/profert.dz\/fr\/index.php\/produit\/humistar-wg\/#breadcrumb\"},\"inLanguage\":\"fr-FR\",\"potentialAction\":[{\"@type\":\"ReadAction\",\"target\":[\"https:\/\/profert.dz\/fr\/index.php\/produit\/humistar-wg\/\"]}]},{\"@type\":\"ImageObject\",\"inLanguage\":\"fr-FR\",\"@id\":\"https:\/\/profert.dz\/fr\/index.php\/produit\/humistar-wg\/#primaryimage\",\"url\":\"https:\/\/profert.dz\/fr\/wp-content\/uploads\/2017\/09\/lower7-1.jpg\",\"contentUrl\":\"https:\/\/profert.dz\/fr\/wp-content\/uploads\/2017\/09\/lower7-1.jpg\",\"width\":720,\"height\":658},{\"@type\":\"BreadcrumbList\",\"@id\":\"https:\/\/profert.dz\/fr\/index.php\/produit\/humistar-wg\/#breadcrumb\",\"itemListElement\":[{\"@type\":\"ListItem\",\"position\":1,\"name\":\"Accueil\",\"item\":\"https:\/\/profert.dz\/fr\/\"},{\"@type\":\"ListItem\",\"position\":2,\"name\":\"Produits\",\"item\":\"https:\/\/profert.dz\/fr\/index.php\/boutique\/\"},{\"@type\":\"ListItem\",\"position\":3,\"name\":\"Humistar WG\u00ae\"}]},{\"@type\":\"WebSite\",\"@id\":\"https:\/\/profert.dz\/fr\/#website\",\"url\":\"https:\/\/profert.dz\/fr\/\",\"name\":\"Profert.dz\",\"description\":\"Agriculture Alg\u00e9rie\",\"potentialAction\":[{\"@type\":\"SearchAction\",\"target\":{\"@type\":\"EntryPoint\",\"urlTemplate\":\"https:\/\/profert.dz\/fr\/?s={search_term_string}\"},\"query-input\":{\"@type\":\"PropertyValueSpecification\",\"valueRequired\":true,\"valueName\":\"search_term_string\"}}],\"inLanguage\":\"fr-FR\"}]}<\/script>\n<!-- \/ Yoast SEO plugin. -->","yoast_head_json":{"title":"Humistar WG\u00ae - Profert","robots":{"index":"index","follow":"follow","max-snippet":"max-snippet:-1","max-image-preview":"max-image-preview:large","max-video-preview":"max-video-preview:-1"},"canonical":"https:\/\/profert.dz\/fr\/index.php\/produit\/humistar-wg\/","og_locale":"fr_FR","og_type":"article","og_title":"Humistar WG\u00ae - Profert","og_description":"Booster la fertilit\u00e9 du sol COMPOSITION : Extraits humiques : 65%. - Acides humiques : 53%. - Acides fulviques : 12%. FORMULATION : Granul\u00e9s dispersibles (WG). CARACT\u00c9RISTIQUES: Humistar\u00ae WG est un produit naturel \u00e0 base d\u2019acides humiques et fulviques, extraits de la L\u00e9onardite am\u00e9ricaine. Humistar\u00ae WG am\u00e9liore la structure du sol en favorisant son a\u00e9ration et la r\u00e9tention en eau. Humistar\u00ae WG stimule la vie microbienne. Humistar\u00ae WG accentue la croissance et le d\u00e9veloppement racinaire. Humistar\u00ae WG entre directement dans la composition du complexe argilo-humique, il augmente la capacit\u00e9 de stocker et d\u2019\u00e9changer, avec les racines de la plante, les \u00e9l\u00e9ments nutritifs apport\u00e9s sous forme d\u2019engrais chimiques. Il permet ainsi de r\u00e9duire consid\u00e9rablement les pertes par lessivage, lixiviation et volatilisation. Humistar\u00ae WG agit comme agent ch\u00e9latant dans le sol et favorise l\u2019assimilation rapide des \u00e9l\u00e9ments nutritifs par les racines. UTILISATION ET DOSES D\u2019EMPLOI:   COMPATIBILIT\u00c9: Humistar\u00ae WG est compatible avec la plupart des engrais et produits phytosanitaires sauf les huiles min\u00e9rales, les nitrates de calcium et les produits acides.","og_url":"https:\/\/profert.dz\/fr\/index.php\/produit\/humistar-wg\/","og_site_name":"Profert","article_modified_time":"2025-09-16T07:25:49+00:00","og_image":[{"width":720,"height":658,"url":"https:\/\/profert.dz\/fr\/wp-content\/uploads\/2017\/09\/lower7-1.jpg","type":"image\/jpeg"}],"twitter_card":"summary_large_image","twitter_misc":{"Dur\u00e9e de lecture estim\u00e9e":"1 minute"},"schema":{"@context":"https:\/\/schema.org","@graph":[{"@type":"WebPage","@id":"https:\/\/profert.dz\/fr\/index.php\/produit\/humistar-wg\/","url":"https:\/\/profert.dz\/fr\/index.php\/produit\/humistar-wg\/","name":"Humistar WG\u00ae - Profert","isPartOf":{"@id":"https:\/\/profert.dz\/fr\/#website"},"primaryImageOfPage":{"@id":"https:\/\/profert.dz\/fr\/index.php\/produit\/humistar-wg\/#primaryimage"},"image":{"@id":"https:\/\/profert.dz\/fr\/index.php\/produit\/humistar-wg\/#primaryimage"},"thumbnailUrl":"https:\/\/profert.dz\/fr\/wp-content\/uploads\/2017\/09\/lower7-1.jpg","datePublished":"2017-09-19T10:34:09+00:00","dateModified":"2025-09-16T07:25:49+00:00","breadcrumb":{"@id":"https:\/\/profert.dz\/fr\/index.php\/produit\/humistar-wg\/#breadcrumb"},"inLanguage":"fr-FR","potentialAction":[{"@type":"ReadAction","target":["https:\/\/profert.dz\/fr\/index.php\/produit\/humistar-wg\/"]}]},{"@type":"ImageObject","inLanguage":"fr-FR","@id":"https:\/\/profert.dz\/fr\/index.php\/produit\/humistar-wg\/#primaryimage","url":"https:\/\/profert.dz\/fr\/wp-content\/uploads\/2017\/09\/lower7-1.jpg","contentUrl":"https:\/\/profert.dz\/fr\/wp-content\/uploads\/2017\/09\/lower7-1.jpg","width":720,"height":658},{"@type":"BreadcrumbList","@id":"https:\/\/profert.dz\/fr\/index.php\/produit\/humistar-wg\/#breadcrumb","itemListElement":[{"@type":"ListItem","position":1,"name":"Accueil","item":"https:\/\/profert.dz\/fr\/"},{"@type":"ListItem","position":2,"name":"Produits","item":"https:\/\/profert.dz\/fr\/index.php\/boutique\/"},{"@type":"ListItem","position":3,"name":"Humistar WG\u00ae"}]},{"@type":"WebSite","@id":"https:\/\/profert.dz\/fr\/#website","url":"https:\/\/profert.dz\/fr\/","name":"Profert.dz","description":"Agriculture Alg\u00e9rie","potentialAction":[{"@type":"SearchAction","target":{"@type":"EntryPoint","urlTemplate":"https:\/\/profert.dz\/fr\/?s={search_term_string}"},"query-input":{"@type":"PropertyValueSpecification","valueRequired":true,"valueName":"search_term_string"}}],"inLanguage":"fr-FR"}]}},"_links":{"self":[{"href":"https:\/\/profert.dz\/fr\/index.php\/wp-json\/wp\/v2\/product\/13277"}],"collection":[{"href":"https:\/\/profert.dz\/fr\/index.php\/wp-json\/wp\/v2\/product"}],"about":[{"href":"https:\/\/profert.dz\/fr\/index.php\/wp-json\/wp\/v2\/types\/product"}],"wp:featuredmedia":[{"embeddable":true,"href":"https:\/\/profert.dz\/fr\/index.php\/wp-json\/wp\/v2\/media\/13447"}],"wp:attachment":[{"href":"https:\/\/profert.dz\/fr\/index.php\/wp-json\/wp\/v2\/media?parent=13277"}],"wp:term":[{"taxonomy":"product_brand","embeddable":true,"href":"https:\/\/profert.dz\/fr\/index.php\/wp-json\/wp\/v2\/product_brand?post=13277"},{"taxonomy":"product_cat","embeddable":true,"href":"https:\/\/profert.dz\/fr\/index.php\/wp-json\/wp\/v2\/product_cat?post=13277"},{"taxonomy":"product_tag","embeddable":true,"href":"https:\/\/profert.dz\/fr\/index.php\/wp-json\/wp\/v2\/product_tag?post=13277"}],"curies":[{"name":"wp","href":"https:\/\/api.w.org\/{rel}","templated":true}]}}