{"id":12551,"date":"2017-08-01T10:28:07","date_gmt":"2017-08-01T08:28:07","guid":{"rendered":"http:\/\/profert.dz\/fr\/?page_id=12551"},"modified":"2024-07-14T12:52:43","modified_gmt":"2024-07-14T10:52:43","slug":"telechargements","status":"publish","type":"page","link":"https:\/\/profert.dz\/fr\/index.php\/telechargements\/","title":{"rendered":"T\u00e9l\u00e9chargements"},"content":{"rendered":"<p><div class=\"fusion-fullwidth fullwidth-box fusion-builder-row-1 nonhundred-percent-fullwidth non-hundred-percent-height-scrolling\" style=\"--awb-border-radius-top-left:0px;--awb-border-radius-top-right:0px;--awb-border-radius-bottom-right:0px;--awb-border-radius-bottom-left:0px;--awb-flex-wrap:wrap;\" ><div class=\"fusion-builder-row fusion-row\"><div class=\"fusion-layout-column fusion_builder_column fusion-builder-column-0 fusion_builder_column_1_2 1_2 fusion-one-half fusion-column-first\" style=\"--awb-padding-top:10px;--awb-padding-right:20px;--awb-padding-bottom:10px;--awb-padding-left:20px;--awb-bg-size:cover;--awb-border-color:#d1d1d1;--awb-border-top:1px;--awb-border-right:1px;--awb-border-bottom:1px;--awb-border-left:1px;--awb-border-style:solid;width:50%;width:calc(50% - ( ( 4% ) * 0.5 ) );margin-right: 4%;\"><div class=\"fusion-column-wrapper fusion-flex-column-wrapper-legacy\"><div class=\"fusion-title title fusion-title-1 sep-underline sep-solid fusion-title-text fusion-title-size-three\"><h3 class=\"fusion-title-heading title-heading-left fusion-responsive-typography-calculated\" style=\"font-family:&quot;Inter&quot;;font-style:normal;font-weight:500;margin:0;--fontSize:17;--minFontSize:17;line-height:1.41;\">LISTES DES MATI\u00c8RES ET-OU PRODUITS CHIMIQUES R\u00c9GLEMENT\u00c9S OBJET DE LA DEMANDE 2018<\/h3><\/div><div class=\"awb-gallery-wrapper awb-gallery-wrapper-1 button-span-no\"><div style=\"margin:-5px;--awb-bordersize:0px;\" class=\"fusion-gallery fusion-gallery-container fusion-grid-2 fusion-columns-total-2 fusion-gallery-layout-grid fusion-gallery-1\"><div style=\"padding:5px;\" class=\"fusion-grid-column fusion-gallery-column fusion-gallery-column-2 hover-type-zoomin\"><div class=\"fusion-gallery-image\"><a href=\"https:\/\/profert.dz\/fr\/wp-content\/uploads\/2017\/08\/LISTES-DES-MATIERES-ET-OU-PRODUITS-CHIMIQUES-REGLEMENTES-OBJET-DE-LA-DEMANDE-2018-1.jpg\" target=\"_self\"><img decoding=\"async\" src=\"https:\/\/profert.dz\/fr\/wp-content\/uploads\/2017\/08\/LISTES-DES-MATIERES-ET-OU-PRODUITS-CHIMIQUES-REGLEMENTES-OBJET-DE-LA-DEMANDE-2018-1.jpg\" width=\"600\" height=\"818\" alt=\"\" title=\"LISTES DES MATIERES ET-OU PRODUITS CHIMIQUES REGLEMENTES OBJET DE LA DEMANDE 2018-1\" aria-label=\"LISTES DES MATIERES ET-OU PRODUITS CHIMIQUES REGLEMENTES OBJET DE LA DEMANDE 2018-1\" class=\"img-responsive wp-image-18115\" srcset=\"https:\/\/profert.dz\/fr\/wp-content\/uploads\/2017\/08\/LISTES-DES-MATIERES-ET-OU-PRODUITS-CHIMIQUES-REGLEMENTES-OBJET-DE-LA-DEMANDE-2018-1-200x273.jpg 200w, https:\/\/profert.dz\/fr\/wp-content\/uploads\/2017\/08\/LISTES-DES-MATIERES-ET-OU-PRODUITS-CHIMIQUES-REGLEMENTES-OBJET-DE-LA-DEMANDE-2018-1-400x545.jpg 400w, https:\/\/profert.dz\/fr\/wp-content\/uploads\/2017\/08\/LISTES-DES-MATIERES-ET-OU-PRODUITS-CHIMIQUES-REGLEMENTES-OBJET-DE-LA-DEMANDE-2018-1.jpg 600w\" sizes=\"(min-width: 2200px) 100vw, (min-width: 732px) 598px, (min-width: 640px) 732px, \" \/><\/a><\/div><\/div><div style=\"padding:5px;\" class=\"fusion-grid-column fusion-gallery-column fusion-gallery-column-2 hover-type-zoomin\"><div class=\"fusion-gallery-image\"><a href=\"https:\/\/profert.dz\/fr\/wp-content\/uploads\/2017\/08\/LISTES-DES-MATIERES-ET-OU-PRODUITS-CHIMIQUES-REGLEMENTES-OBJET-DE-LA-DEMANDE-2018-2-Page02.jpg\" target=\"_self\"><img decoding=\"async\" src=\"https:\/\/profert.dz\/fr\/wp-content\/uploads\/2017\/08\/LISTES-DES-MATIERES-ET-OU-PRODUITS-CHIMIQUES-REGLEMENTES-OBJET-DE-LA-DEMANDE-2018-2-Page02.jpg\" width=\"600\" height=\"854\" alt=\"\" title=\"LISTES DES MATIERES ET-OU PRODUITS CHIMIQUES REGLEMENTES OBJET DE LA DEMANDE 2018-2-Page02\" aria-label=\"LISTES DES MATIERES ET-OU PRODUITS CHIMIQUES REGLEMENTES OBJET DE LA DEMANDE 2018-2-Page02\" class=\"img-responsive wp-image-18117\" srcset=\"https:\/\/profert.dz\/fr\/wp-content\/uploads\/2017\/08\/LISTES-DES-MATIERES-ET-OU-PRODUITS-CHIMIQUES-REGLEMENTES-OBJET-DE-LA-DEMANDE-2018-2-Page02-200x285.jpg 200w, https:\/\/profert.dz\/fr\/wp-content\/uploads\/2017\/08\/LISTES-DES-MATIERES-ET-OU-PRODUITS-CHIMIQUES-REGLEMENTES-OBJET-DE-LA-DEMANDE-2018-2-Page02-400x569.jpg 400w, https:\/\/profert.dz\/fr\/wp-content\/uploads\/2017\/08\/LISTES-DES-MATIERES-ET-OU-PRODUITS-CHIMIQUES-REGLEMENTES-OBJET-DE-LA-DEMANDE-2018-2-Page02.jpg 600w\" sizes=\"(min-width: 2200px) 100vw, (min-width: 732px) 598px, (min-width: 640px) 732px, \" \/><\/a><\/div><\/div><div class=\"clearfix\"><\/div><\/div><\/div><div class=\"fusion-sep-clear\"><\/div><div class=\"fusion-separator fusion-full-width-sep\" style=\"margin-left: auto;margin-right: auto;margin-top:30px;width:100%;\"><\/div><div class=\"fusion-sep-clear\"><\/div><div class=\"fusion-text fusion-text-1\"><div class='w3eden'><img decoding=\"async\" class=\"wpdm_icon\" alt=\"Ic\u00f4ne\" src=\"https:\/\/profert.dz\/fr\/wp-content\/plugins\/download-manager\/assets\/file-type-icons\/pdf.svg\" \/>\n<a class='wpdm-download-link download-on-click btn btn-secondary '  rel='nofollow' href='#' data-downloadurl=\"https:\/\/profert.dz\/fr\/index.php\/download\/listes-des-matieres-et-ou-produits-chimiques-reglementes-objet-de-la-demande-2018\/?wpdmdl=27467&refresh=6a08bfc7a9fad1778958279\">T\u00e9l\u00e9charger<\/a><\/div>\n<\/div><div class=\"fusion-clearfix\"><\/div><\/div><\/div><div class=\"fusion-layout-column fusion_builder_column fusion-builder-column-1 fusion_builder_column_1_2 1_2 fusion-one-half fusion-column-last\" style=\"--awb-padding-top:10px;--awb-padding-right:20px;--awb-padding-bottom:10px;--awb-padding-left:20px;--awb-bg-size:cover;--awb-border-color:#d1d1d1;--awb-border-top:1px;--awb-border-right:1px;--awb-border-bottom:1px;--awb-border-left:1px;--awb-border-style:solid;width:50%;width:calc(50% - ( ( 4% ) * 0.5 ) );\"><div class=\"fusion-column-wrapper fusion-flex-column-wrapper-legacy\"><div class=\"fusion-title title fusion-title-2 sep-underline sep-solid fusion-title-text fusion-title-size-three\"><h3 class=\"fusion-title-heading title-heading-left fusion-responsive-typography-calculated\" style=\"font-family:&quot;Inter&quot;;font-style:normal;font-weight:500;margin:0;--fontSize:17;--minFontSize:17;line-height:1.41;\">LISTES DES PRODUITS PROFERT SPA SOUMIS A L&rsquo;AUTORISATION DU MINIST\u00c8RE DE L&rsquo;ENERGIE ET DES MINES 2018<\/h3><\/div><div class=\"awb-gallery-wrapper awb-gallery-wrapper-2 button-span-no\"><div style=\"margin:-5px;--awb-bordersize:0px;\" class=\"fusion-gallery fusion-gallery-container fusion-grid-2 fusion-columns-total-2 fusion-gallery-layout-grid fusion-gallery-2\"><div style=\"padding:5px;\" class=\"fusion-grid-column fusion-gallery-column fusion-gallery-column-2 hover-type-zoomin\"><div class=\"fusion-gallery-image\"><a href=\"https:\/\/profert.dz\/fr\/wp-content\/uploads\/2017\/08\/LISTES-DES-PRODUITS-PROFERT-SPA-SOUMIS-A-LAUTORISATION-DU-MINISTERE-DE-LENERGIE-ET-DES-MINES-2018-1-Page01.jpg\" target=\"_self\"><img decoding=\"async\" src=\"https:\/\/profert.dz\/fr\/wp-content\/uploads\/2017\/08\/LISTES-DES-PRODUITS-PROFERT-SPA-SOUMIS-A-LAUTORISATION-DU-MINISTERE-DE-LENERGIE-ET-DES-MINES-2018-1-Page01.jpg\" width=\"600\" height=\"875\" alt=\"\" title=\"LISTES DES PRODUITS PROFERT SPA SOUMIS A L&rsquo;AUTORISATION DU MINISTERE DE L&rsquo;ENERGIE ET DES MINES 2018-1-Page01\" aria-label=\"LISTES DES PRODUITS PROFERT SPA SOUMIS A L&rsquo;AUTORISATION DU MINISTERE DE L&rsquo;ENERGIE ET DES MINES 2018-1-Page01\" class=\"img-responsive wp-image-18124\" srcset=\"https:\/\/profert.dz\/fr\/wp-content\/uploads\/2017\/08\/LISTES-DES-PRODUITS-PROFERT-SPA-SOUMIS-A-LAUTORISATION-DU-MINISTERE-DE-LENERGIE-ET-DES-MINES-2018-1-Page01-200x292.jpg 200w, https:\/\/profert.dz\/fr\/wp-content\/uploads\/2017\/08\/LISTES-DES-PRODUITS-PROFERT-SPA-SOUMIS-A-LAUTORISATION-DU-MINISTERE-DE-LENERGIE-ET-DES-MINES-2018-1-Page01-400x583.jpg 400w, https:\/\/profert.dz\/fr\/wp-content\/uploads\/2017\/08\/LISTES-DES-PRODUITS-PROFERT-SPA-SOUMIS-A-LAUTORISATION-DU-MINISTERE-DE-LENERGIE-ET-DES-MINES-2018-1-Page01.jpg 600w\" sizes=\"(min-width: 2200px) 100vw, (min-width: 732px) 598px, (min-width: 640px) 732px, \" \/><\/a><\/div><\/div><div style=\"padding:5px;\" class=\"fusion-grid-column fusion-gallery-column fusion-gallery-column-2 hover-type-zoomin\"><div class=\"fusion-gallery-image\"><a href=\"https:\/\/profert.dz\/fr\/wp-content\/uploads\/2017\/08\/LISTES-DES-PRODUITS-PROFERT-SPA-SOUMIS-A-LAUTORISATION-DU-MINISTERE-DE-LENERGIE-ET-DES-MINES-2018-2-page02.jpg\" target=\"_self\"><img decoding=\"async\" src=\"https:\/\/profert.dz\/fr\/wp-content\/uploads\/2017\/08\/LISTES-DES-PRODUITS-PROFERT-SPA-SOUMIS-A-LAUTORISATION-DU-MINISTERE-DE-LENERGIE-ET-DES-MINES-2018-2-page02.jpg\" width=\"600\" height=\"654\" alt=\"\" title=\"LISTES DES PRODUITS PROFERT SPA SOUMIS A L&rsquo;AUTORISATION DU MINISTERE DE L&rsquo;ENERGIE ET DES MINES 2018-2-page02\" aria-label=\"LISTES DES PRODUITS PROFERT SPA SOUMIS A L&rsquo;AUTORISATION DU MINISTERE DE L&rsquo;ENERGIE ET DES MINES 2018-2-page02\" class=\"img-responsive wp-image-18125\" srcset=\"https:\/\/profert.dz\/fr\/wp-content\/uploads\/2017\/08\/LISTES-DES-PRODUITS-PROFERT-SPA-SOUMIS-A-LAUTORISATION-DU-MINISTERE-DE-LENERGIE-ET-DES-MINES-2018-2-page02-200x218.jpg 200w, https:\/\/profert.dz\/fr\/wp-content\/uploads\/2017\/08\/LISTES-DES-PRODUITS-PROFERT-SPA-SOUMIS-A-LAUTORISATION-DU-MINISTERE-DE-LENERGIE-ET-DES-MINES-2018-2-page02-400x436.jpg 400w, https:\/\/profert.dz\/fr\/wp-content\/uploads\/2017\/08\/LISTES-DES-PRODUITS-PROFERT-SPA-SOUMIS-A-LAUTORISATION-DU-MINISTERE-DE-LENERGIE-ET-DES-MINES-2018-2-page02.jpg 600w\" sizes=\"(min-width: 2200px) 100vw, (min-width: 732px) 598px, (min-width: 640px) 732px, \" \/><\/a><\/div><\/div><div class=\"clearfix\"><\/div><\/div><\/div><div class=\"fusion-text fusion-text-2\"><div class='w3eden'><img decoding=\"async\" class=\"wpdm_icon\" alt=\"Ic\u00f4ne\" src=\"https:\/\/profert.dz\/fr\/wp-content\/plugins\/download-manager\/assets\/file-type-icons\/pdf.svg\" \/>\n<a class='wpdm-download-link download-on-click btn btn-secondary '  rel='nofollow' href='#' data-downloadurl=\"https:\/\/profert.dz\/fr\/index.php\/download\/listes-des-produits-profert-spa-soumis-a-autorisation-du-ministere-energie-et-des-mines-2018\/?wpdmdl=27468&refresh=6a08bfc7b4bba1778958279\">T\u00e9l\u00e9charger<\/a><\/div>\n<\/div><div class=\"fusion-clearfix\"><\/div><\/div><\/div><\/div><\/div><div class=\"fusion-fullwidth fullwidth-box fusion-builder-row-2 nonhundred-percent-fullwidth non-hundred-percent-height-scrolling\" style=\"--awb-border-radius-top-left:0px;--awb-border-radius-top-right:0px;--awb-border-radius-bottom-right:0px;--awb-border-radius-bottom-left:0px;--awb-flex-wrap:wrap;\" ><div class=\"fusion-builder-row fusion-row\"><div class=\"fusion-layout-column fusion_builder_column fusion-builder-column-2 fusion_builder_column_1_1 1_1 fusion-one-full fusion-column-first fusion-column-last\" style=\"--awb-bg-size:cover;\"><div class=\"fusion-column-wrapper fusion-flex-column-wrapper-legacy\"><div class=\"fusion-sep-clear\"><\/div><div class=\"fusion-separator fusion-full-width-sep\" style=\"margin-left: auto;margin-right: auto;margin-top:30px;margin-bottom:30px;width:100%;\"><div class=\"fusion-separator-border sep-shadow\" style=\"--awb-height:20px;--awb-amount:20px;background:radial-gradient(ellipse at 50% -50% , #e0dede 0px, rgba(255, 255, 255, 0) 80%) repeat scroll 0 0 rgba(0, 0, 0, 0);background:-webkit-radial-gradient(ellipse at 50% -50% , #e0dede 0px, rgba(255, 255, 255, 0) 80%) repeat scroll 0 0 rgba(0, 0, 0, 0);background:-moz-radial-gradient(ellipse at 50% -50% , #e0dede 0px, rgba(255, 255, 255, 0) 80%) repeat scroll 0 0 rgba(0, 0, 0, 0);background:-o-radial-gradient(ellipse at 50% -50% , #e0dede 0px, rgba(255, 255, 255, 0) 80%) repeat scroll 0 0 rgba(0, 0, 0, 0);\"><\/div><\/div><div class=\"fusion-sep-clear\"><\/div><div class=\"fusion-clearfix\"><\/div><\/div><\/div><div class=\"fusion-layout-column fusion_builder_column fusion-builder-column-3 fusion_builder_column_1_2 1_2 fusion-one-half fusion-column-first\" style=\"--awb-padding-top:10px;--awb-padding-right:20px;--awb-padding-bottom:10px;--awb-padding-left:20px;--awb-bg-size:cover;--awb-border-color:#d1d1d1;--awb-border-top:1px;--awb-border-right:1px;--awb-border-bottom:1px;--awb-border-left:1px;--awb-border-style:solid;width:50%;width:calc(50% - ( ( 4% ) * 0.5 ) );margin-right: 4%;\"><div class=\"fusion-column-wrapper fusion-flex-column-wrapper-legacy\"><div class=\"fusion-title title fusion-title-3 sep-underline sep-solid fusion-title-text fusion-title-size-three\"><h3 class=\"fusion-title-heading title-heading-left fusion-responsive-typography-calculated\" style=\"font-family:&quot;Inter&quot;;font-style:normal;font-weight:500;margin:0;--fontSize:17;--minFontSize:17;line-height:1.41;\">FICHE DE RENSEIGNEMENTS ANALYSE DE SOL<\/h3><\/div><div class=\"awb-gallery-wrapper awb-gallery-wrapper-3 button-span-no\"><div style=\"margin:-5px;--awb-bordersize:0px;\" class=\"fusion-gallery fusion-gallery-container fusion-grid-1 fusion-columns-total-1 fusion-gallery-layout-grid fusion-gallery-3\"><div style=\"padding:5px;\" class=\"fusion-grid-column fusion-gallery-column fusion-gallery-column-1 hover-type-zoomin\"><div class=\"fusion-gallery-image\"><a href=\"https:\/\/profert.dz\/fr\/wp-content\/uploads\/2017\/08\/Fiche-de-renseignements-Analyse-de-sol.jpg\" target=\"_self\"><img decoding=\"async\" src=\"https:\/\/profert.dz\/fr\/wp-content\/uploads\/2017\/08\/Fiche-de-renseignements-Analyse-de-sol.jpg\" width=\"600\" height=\"841\" alt=\"\" title=\"Fiche de renseignements-Analyse de sol\" aria-label=\"Fiche de renseignements-Analyse de sol\" class=\"img-responsive wp-image-18243\" srcset=\"https:\/\/profert.dz\/fr\/wp-content\/uploads\/2017\/08\/Fiche-de-renseignements-Analyse-de-sol-200x280.jpg 200w, https:\/\/profert.dz\/fr\/wp-content\/uploads\/2017\/08\/Fiche-de-renseignements-Analyse-de-sol-400x561.jpg 400w, https:\/\/profert.dz\/fr\/wp-content\/uploads\/2017\/08\/Fiche-de-renseignements-Analyse-de-sol.jpg 600w\" sizes=\"(min-width: 2200px) 100vw, (min-width: 640px) 1200px, \" \/><\/a><\/div><\/div><div class=\"clearfix\"><\/div><\/div><\/div><div class=\"fusion-text fusion-text-3\"><div class='w3eden'><img decoding=\"async\" class=\"wpdm_icon\" alt=\"Ic\u00f4ne\" src=\"https:\/\/profert.dz\/fr\/wp-content\/plugins\/download-manager\/assets\/file-type-icons\/pdf.svg\" \/>\n<a class='wpdm-download-link download-on-click btn btn-secondary '  rel='nofollow' href='#' data-downloadurl=\"https:\/\/profert.dz\/fr\/index.php\/download\/fiche-de-renseignements-analyse-de-sol\/?wpdmdl=27469&refresh=6a08bfc7bdaf91778958279\">T\u00e9l\u00e9charger<\/a><\/div>\n<\/div><div class=\"fusion-clearfix\"><\/div><\/div><\/div><div class=\"fusion-layout-column fusion_builder_column fusion-builder-column-4 fusion_builder_column_1_2 1_2 fusion-one-half fusion-column-last\" style=\"--awb-padding-top:10px;--awb-padding-right:20px;--awb-padding-bottom:10px;--awb-padding-left:20px;--awb-bg-size:cover;--awb-border-color:#d1d1d1;--awb-border-top:1px;--awb-border-right:1px;--awb-border-bottom:1px;--awb-border-left:1px;--awb-border-style:solid;width:50%;width:calc(50% - ( ( 4% ) * 0.5 ) );\"><div class=\"fusion-column-wrapper fusion-flex-column-wrapper-legacy\"><div class=\"fusion-title title fusion-title-4 sep-underline sep-solid fusion-title-text fusion-title-size-three\"><h3 class=\"fusion-title-heading title-heading-left fusion-responsive-typography-calculated\" style=\"font-family:&quot;Inter&quot;;font-style:normal;font-weight:500;margin:0;--fontSize:17;--minFontSize:17;line-height:1.41;\">DOSSIER A FOURNIR POUR L&rsquo;ACQUISITION DES PRODUITS R\u00c9GLEMENT\u00c9S PROFERT<\/h3><\/div><div class=\"awb-gallery-wrapper awb-gallery-wrapper-4 button-span-no\"><div style=\"margin:-5px;--awb-bordersize:0px;\" class=\"fusion-gallery fusion-gallery-container fusion-grid-1 fusion-columns-total-1 fusion-gallery-layout-grid fusion-gallery-4\"><div style=\"padding:5px;\" class=\"fusion-grid-column fusion-gallery-column fusion-gallery-column-1 hover-type-zoomin\"><div class=\"fusion-gallery-image\"><a href=\"https:\/\/profert.dz\/fr\/wp-content\/uploads\/2017\/08\/DOSSIER-A-FOURNIR-POUR-LACQUISITION-DES-PRODUITS-REGLEMENTES-PROFERT.jpg\" target=\"_self\"><img decoding=\"async\" src=\"https:\/\/profert.dz\/fr\/wp-content\/uploads\/2017\/08\/DOSSIER-A-FOURNIR-POUR-LACQUISITION-DES-PRODUITS-REGLEMENTES-PROFERT.jpg\" width=\"900\" height=\"695\" alt=\"\" title=\"DOSSIER A FOURNIR POUR L&rsquo;ACQUISITION DES PRODUITS REGLEMENTES PROFERT\" aria-label=\"DOSSIER A FOURNIR POUR L&rsquo;ACQUISITION DES PRODUITS REGLEMENTES PROFERT\" class=\"img-responsive wp-image-18279\" srcset=\"https:\/\/profert.dz\/fr\/wp-content\/uploads\/2017\/08\/DOSSIER-A-FOURNIR-POUR-LACQUISITION-DES-PRODUITS-REGLEMENTES-PROFERT-200x154.jpg 200w, https:\/\/profert.dz\/fr\/wp-content\/uploads\/2017\/08\/DOSSIER-A-FOURNIR-POUR-LACQUISITION-DES-PRODUITS-REGLEMENTES-PROFERT-400x309.jpg 400w, https:\/\/profert.dz\/fr\/wp-content\/uploads\/2017\/08\/DOSSIER-A-FOURNIR-POUR-LACQUISITION-DES-PRODUITS-REGLEMENTES-PROFERT-600x463.jpg 600w, https:\/\/profert.dz\/fr\/wp-content\/uploads\/2017\/08\/DOSSIER-A-FOURNIR-POUR-LACQUISITION-DES-PRODUITS-REGLEMENTES-PROFERT-800x618.jpg 800w, https:\/\/profert.dz\/fr\/wp-content\/uploads\/2017\/08\/DOSSIER-A-FOURNIR-POUR-LACQUISITION-DES-PRODUITS-REGLEMENTES-PROFERT.jpg 900w\" sizes=\"(min-width: 2200px) 100vw, (min-width: 640px) 1200px, \" \/><\/a><\/div><\/div><div class=\"clearfix\"><\/div><\/div><\/div><div class=\"fusion-text fusion-text-4\"><div class='w3eden'><img decoding=\"async\" class=\"wpdm_icon\" alt=\"Ic\u00f4ne\" src=\"https:\/\/profert.dz\/fr\/wp-content\/plugins\/download-manager\/assets\/file-type-icons\/pdf.svg\" \/>\n<a class='wpdm-download-link download-on-click btn btn-secondary '  rel='nofollow' href='#' data-downloadurl=\"https:\/\/profert.dz\/fr\/index.php\/download\/dossier-a-fournir-pour-l-acquisition-des-produits-reglementes-profert\/?wpdmdl=27470&refresh=6a08bfc7c668d1778958279\">T\u00e9l\u00e9charger<\/a><\/div>\n<\/div><div class=\"fusion-clearfix\"><\/div><\/div><\/div><\/div><\/div><div class=\"fusion-fullwidth fullwidth-box fusion-builder-row-3 fusion-flex-container has-pattern-background has-mask-background nonhundred-percent-fullwidth non-hundred-percent-height-scrolling\" style=\"--awb-border-radius-top-left:0px;--awb-border-radius-top-right:0px;--awb-border-radius-bottom-right:0px;--awb-border-radius-bottom-left:0px;--awb-flex-wrap:wrap;\" ><div class=\"fusion-builder-row fusion-row fusion-flex-align-items-flex-start fusion-flex-content-wrap\" style=\"max-width:1248px;margin-left: calc(-4% \/ 2 );margin-right: calc(-4% \/ 2 );\"><div class=\"fusion-layout-column fusion_builder_column fusion-builder-column-5 fusion_builder_column_1_1 1_1 fusion-flex-column\" style=\"--awb-bg-size:cover;--awb-width-large:100%;--awb-margin-top-large:0px;--awb-spacing-right-large:1.92%;--awb-margin-bottom-large:20px;--awb-spacing-left-large:1.92%;--awb-width-medium:100%;--awb-order-medium:0;--awb-spacing-right-medium:1.92%;--awb-spacing-left-medium:1.92%;--awb-width-small:100%;--awb-order-small:0;--awb-spacing-right-small:1.92%;--awb-spacing-left-small:1.92%;\"><div class=\"fusion-column-wrapper fusion-column-has-shadow fusion-flex-justify-content-flex-start fusion-content-layout-column\"><div class=\"fusion-separator fusion-full-width-sep\" style=\"align-self: center;margin-left: auto;margin-right: auto;margin-top:55px;width:100%;\"><\/div><\/div><\/div><\/div><\/div><\/p>\n","protected":false},"excerpt":{"rendered":"","protected":false},"author":1,"featured_media":0,"parent":0,"menu_order":0,"comment_status":"closed","ping_status":"closed","template":"100-width.php","meta":{"footnotes":""},"class_list":["post-12551","page","type-page","status-publish","hentry"],"yoast_head":"<!-- This site is optimized with the Yoast SEO plugin v25.6 - https:\/\/yoast.com\/wordpress\/plugins\/seo\/ -->\n<title>T\u00e9l\u00e9chargements - Agriculture Alg\u00e9rie<\/title>\n<meta name=\"robots\" content=\"index, follow, max-snippet:-1, max-image-preview:large, max-video-preview:-1\" \/>\n<link rel=\"canonical\" href=\"https:\/\/profert.dz\/fr\/index.php\/telechargements\/\" \/>\n<meta property=\"og:locale\" content=\"fr_FR\" \/>\n<meta property=\"og:type\" content=\"article\" \/>\n<meta property=\"og:title\" content=\"T\u00e9l\u00e9chargements - Agriculture Alg\u00e9rie\" \/>\n<meta property=\"og:url\" content=\"https:\/\/profert.dz\/fr\/index.php\/telechargements\/\" \/>\n<meta property=\"og:site_name\" content=\"Profert\" \/>\n<meta property=\"article:modified_time\" content=\"2024-07-14T10:52:43+00:00\" \/>\n<meta property=\"og:image\" content=\"https:\/\/profert.dz\/fr\/wp-content\/uploads\/2024\/09\/Actualite-Site-Web.jpg\" \/>\n\t<meta property=\"og:image:width\" content=\"350\" \/>\n\t<meta property=\"og:image:height\" content=\"163\" \/>\n\t<meta property=\"og:image:type\" content=\"image\/jpeg\" \/>\n<meta name=\"twitter:card\" content=\"summary_large_image\" \/>\n<meta name=\"twitter:label1\" content=\"Dur\u00e9e de lecture estim\u00e9e\" \/>\n\t<meta name=\"twitter:data1\" content=\"15 minutes\" \/>\n<script type=\"application\/ld+json\" class=\"yoast-schema-graph\">{\"@context\":\"https:\/\/schema.org\",\"@graph\":[{\"@type\":\"WebPage\",\"@id\":\"https:\/\/profert.dz\/fr\/index.php\/telechargements\/\",\"url\":\"https:\/\/profert.dz\/fr\/index.php\/telechargements\/\",\"name\":\"T\u00e9l\u00e9chargements - Agriculture Alg\u00e9rie\",\"isPartOf\":{\"@id\":\"https:\/\/profert.dz\/fr\/#website\"},\"datePublished\":\"2017-08-01T08:28:07+00:00\",\"dateModified\":\"2024-07-14T10:52:43+00:00\",\"breadcrumb\":{\"@id\":\"https:\/\/profert.dz\/fr\/index.php\/telechargements\/#breadcrumb\"},\"inLanguage\":\"fr-FR\",\"potentialAction\":[{\"@type\":\"ReadAction\",\"target\":[\"https:\/\/profert.dz\/fr\/index.php\/telechargements\/\"]}]},{\"@type\":\"BreadcrumbList\",\"@id\":\"https:\/\/profert.dz\/fr\/index.php\/telechargements\/#breadcrumb\",\"itemListElement\":[{\"@type\":\"ListItem\",\"position\":1,\"name\":\"Accueil\",\"item\":\"https:\/\/profert.dz\/fr\/\"},{\"@type\":\"ListItem\",\"position\":2,\"name\":\"T\u00e9l\u00e9chargements\"}]},{\"@type\":\"WebSite\",\"@id\":\"https:\/\/profert.dz\/fr\/#website\",\"url\":\"https:\/\/profert.dz\/fr\/\",\"name\":\"Profert.dz\",\"description\":\"Agriculture Alg\u00e9rie\",\"potentialAction\":[{\"@type\":\"SearchAction\",\"target\":{\"@type\":\"EntryPoint\",\"urlTemplate\":\"https:\/\/profert.dz\/fr\/?s={search_term_string}\"},\"query-input\":{\"@type\":\"PropertyValueSpecification\",\"valueRequired\":true,\"valueName\":\"search_term_string\"}}],\"inLanguage\":\"fr-FR\"}]}<\/script>\n<!-- \/ Yoast SEO plugin. -->","yoast_head_json":{"title":"T\u00e9l\u00e9chargements - Agriculture Alg\u00e9rie","robots":{"index":"index","follow":"follow","max-snippet":"max-snippet:-1","max-image-preview":"max-image-preview:large","max-video-preview":"max-video-preview:-1"},"canonical":"https:\/\/profert.dz\/fr\/index.php\/telechargements\/","og_locale":"fr_FR","og_type":"article","og_title":"T\u00e9l\u00e9chargements - Agriculture Alg\u00e9rie","og_url":"https:\/\/profert.dz\/fr\/index.php\/telechargements\/","og_site_name":"Profert","article_modified_time":"2024-07-14T10:52:43+00:00","og_image":[{"width":350,"height":163,"url":"https:\/\/profert.dz\/fr\/wp-content\/uploads\/2024\/09\/Actualite-Site-Web.jpg","type":"image\/jpeg"}],"twitter_card":"summary_large_image","twitter_misc":{"Dur\u00e9e de lecture estim\u00e9e":"15 minutes"},"schema":{"@context":"https:\/\/schema.org","@graph":[{"@type":"WebPage","@id":"https:\/\/profert.dz\/fr\/index.php\/telechargements\/","url":"https:\/\/profert.dz\/fr\/index.php\/telechargements\/","name":"T\u00e9l\u00e9chargements - Agriculture Alg\u00e9rie","isPartOf":{"@id":"https:\/\/profert.dz\/fr\/#website"},"datePublished":"2017-08-01T08:28:07+00:00","dateModified":"2024-07-14T10:52:43+00:00","breadcrumb":{"@id":"https:\/\/profert.dz\/fr\/index.php\/telechargements\/#breadcrumb"},"inLanguage":"fr-FR","potentialAction":[{"@type":"ReadAction","target":["https:\/\/profert.dz\/fr\/index.php\/telechargements\/"]}]},{"@type":"BreadcrumbList","@id":"https:\/\/profert.dz\/fr\/index.php\/telechargements\/#breadcrumb","itemListElement":[{"@type":"ListItem","position":1,"name":"Accueil","item":"https:\/\/profert.dz\/fr\/"},{"@type":"ListItem","position":2,"name":"T\u00e9l\u00e9chargements"}]},{"@type":"WebSite","@id":"https:\/\/profert.dz\/fr\/#website","url":"https:\/\/profert.dz\/fr\/","name":"Profert.dz","description":"Agriculture Alg\u00e9rie","potentialAction":[{"@type":"SearchAction","target":{"@type":"EntryPoint","urlTemplate":"https:\/\/profert.dz\/fr\/?s={search_term_string}"},"query-input":{"@type":"PropertyValueSpecification","valueRequired":true,"valueName":"search_term_string"}}],"inLanguage":"fr-FR"}]}},"_links":{"self":[{"href":"https:\/\/profert.dz\/fr\/index.php\/wp-json\/wp\/v2\/pages\/12551"}],"collection":[{"href":"https:\/\/profert.dz\/fr\/index.php\/wp-json\/wp\/v2\/pages"}],"about":[{"href":"https:\/\/profert.dz\/fr\/index.php\/wp-json\/wp\/v2\/types\/page"}],"author":[{"embeddable":true,"href":"https:\/\/profert.dz\/fr\/index.php\/wp-json\/wp\/v2\/users\/1"}],"replies":[{"embeddable":true,"href":"https:\/\/profert.dz\/fr\/index.php\/wp-json\/wp\/v2\/comments?post=12551"}],"version-history":[{"count":85,"href":"https:\/\/profert.dz\/fr\/index.php\/wp-json\/wp\/v2\/pages\/12551\/revisions"}],"predecessor-version":[{"id":30062,"href":"https:\/\/profert.dz\/fr\/index.php\/wp-json\/wp\/v2\/pages\/12551\/revisions\/30062"}],"wp:attachment":[{"href":"https:\/\/profert.dz\/fr\/index.php\/wp-json\/wp\/v2\/media?parent=12551"}],"curies":[{"name":"wp","href":"https:\/\/api.w.org\/{rel}","templated":true}]}}