{"id":17258,"date":"2019-09-26T11:53:16","date_gmt":"2019-09-26T09:53:16","guid":{"rendered":"http:\/\/profert.dz\/ar\/?page_id=17258"},"modified":"2020-01-30T09:51:18","modified_gmt":"2020-01-30T08:51:18","slug":"%d9%85%d8%ac%d9%85%d8%b9-%d8%a8%d8%b1%d9%88%d9%81%d8%a7%d8%aa","status":"publish","type":"page","link":"https:\/\/profert.dz\/ar\/?page_id=17258","title":{"rendered":"\ufb6c\u0631\u0627\u0648 \u0623\u0644\u062c\u064a\u0631\u064a\u0627"},"content":{"rendered":"<div class=\"fusion-fullwidth fullwidth-box fusion-builder-row-1 nonhundred-percent-fullwidth non-hundred-percent-height-scrolling\" style=\"--awb-border-radius-top-left:0px;--awb-border-radius-top-right:0px;--awb-border-radius-bottom-right:0px;--awb-border-radius-bottom-left:0px;--awb-flex-wrap:wrap;\" ><div class=\"fusion-builder-row fusion-row\"><div class=\"fusion-layout-column fusion_builder_column fusion-builder-column-0 fusion_builder_column_1_2 1_2 fusion-one-half fusion-column-first\" style=\"--awb-bg-size:cover;width:50%;width:calc(50% - ( ( 4% ) * 0.5 ) );margin-right: 4%;\"><div class=\"fusion-column-wrapper fusion-flex-column-wrapper-legacy\"><div class=\"fusion-text fusion-text-1\"><h2 style=\"text-align: justify;\">Communiqu\u00e9<\/h2>\n<p style=\"text-align: justify;\">Nous sommes heureux d\u2019informer l\u2019ensemble de nos partenaires que le groupe Profert, \u00e0 travers sa filiale <strong>Profert agri<\/strong>, a acquis une participation majoritaire dans la p\u00e9pini\u00e8re <strong>Grow Algeria<\/strong>. Cette p\u00e9pini\u00e8re a \u00e9t\u00e9 cr\u00e9\u00e9e par des partenaires alg\u00e9riens, Tunisiens et Hollandais.<strong> Profert agri<\/strong> a acquis la participation du partenaire alg\u00e9rien.<\/p>\n<p style=\"text-align: justify;\">Le groupe Hollandais <strong>Grow<\/strong> est connu pour \u00eatre un des leaders en Hollande dans la production de plants maraichers et le partenaire Tunisien, le<strong> Groupe Hortimag<\/strong>, est leader en Tunisie dans la production du plant maraicher.<\/p>\n<p style=\"text-align: justify;\">Cette acquisition fait partie de la strat\u00e9gie de diversification. Cette strat\u00e9gie, qui sera d\u00e9clin\u00e9e \u00e0 travers sa filiale <strong>Profert agri<\/strong>, vise \u00e0 faire du groupe<strong> Profert<\/strong> un op\u00e9rateur important dans la production de produits agricoles destin\u00e9s principalement \u00e0 l\u2019export.<\/p>\n<p style=\"text-align: justify;\">Plusieurs projets ont \u00e9t\u00e9 identifi\u00e9s et certains sont, d\u2019ores et d\u00e9j\u00e0, en phase de r\u00e9alisation.<\/p>\n<p style=\"text-align: justify;\">Nous croyons que l\u2019agriculture deviendra le poumon essentiel de l\u2019\u00e9conomie alg\u00e9rienne et nous sommes engag\u00e9s, en amont et en aval, \u00e0 participer \u00e0 ce d\u00e9veloppement.<\/p>\n<p style=\"text-align: justify;\"><strong>La direction<\/strong><\/p>\n<\/div><div class=\"fusion-clearfix\"><\/div><\/div><\/div><div class=\"fusion-layout-column fusion_builder_column fusion-builder-column-1 fusion_builder_column_1_2 1_2 fusion-one-half fusion-column-last\" style=\"--awb-bg-size:cover;width:50%;width:calc(50% - ( ( 4% ) * 0.5 ) );\"><div class=\"fusion-column-wrapper fusion-flex-column-wrapper-legacy\"><div class=\"fusion-text fusion-text-2\"><h2 style=\"text-align: right;\"><strong>\u0628\u064a\u0627\u0646<\/strong><\/h2>\n<p dir=\"RTL\" style=\"text-align: justify;\">\u064a\u0633\u0631\u0646\u0627 \u0623\u0646 \u0646\u064f\u0639\u0644\u0645 \u062c\u0645\u064a\u0639 \u0634\u0631\u0643\u0627\u0626\u0646\u0627 \u0623\u0646 \u0645\u062c\u0645\u0639 <strong>\u0628\u0631\u0648\u0641\u0627\u0631\u062a<\/strong> \u0645\u0646 \u062e\u0644\u0627\u0644 \u0634\u0631\u0643\u062a\u0647\u0627 \u0627\u0644\u0641\u0631\u0639\u064a\u0629 <strong>\u0628\u0631\u0648\u0641\u0627\u0631\u062a \u0623\ufb6c\u0631\u064a<\/strong>\u060c \u062a\u062d\u0635\u0644\u062a \u0639\u0644\u0649 \u0627\u0644\u062d\u0635\u0629 \u0627\u0644\u0643\u0628\u0631\u0649 \u0645\u0646 \u0645\u0634\u062a\u0644\u0629 <strong>\ufb6c\u0631\u0627\u0648 \u0623\u0644\u062c\u064a\u0631\u064a\u0627<\/strong>\u060c \u062a\u0645 \u0625\u0646\u0634\u0627\u0621 \u0647\u0630\u0647 \u0627\u0644\u0645\u0634\u062a\u0644\u0629 \u0645\u0646 \u0642\u0628\u0644 \u0634\u0631\u0643\u0627\u0621 \u062c\u0632\u0627\u0626\u0631\u064a\u064a\u0646\u060c \u062a\u0648\u0646\u0633\u064a\u064a\u0646 \u0648 \u0647\u0648\u0644\u0627\u0646\u062f\u064a\u064a\u0646.<strong> \u0628\u0631\u0648\u0641\u0627\u0631\u062a \u0623\ufb6c\u0631\u064a<\/strong> \u062a\u062d\u0635\u0644\u062a \u0639\u0644\u0649 \u062d\u0635\u0629 \u0627\u0644\u0634\u0631\u064a\u0643 \u0627\u0644\u062c\u0632\u0627\u0626\u0631\u064a.<\/p>\n<p dir=\"RTL\" style=\"text-align: justify;\">\u0627\u0644\u0645\u062c\u0645\u0639 <strong>\u0627\u0644\u0647\u0648\u0644\u0627\u0646\u062f\u064a \ufb6c\u0631\u0627\u0648<\/strong> \u0645\u0639\u0631\u0648\u0641 \u0628\u0631\u064a\u0627\u062f\u062a\u0647 \u0641\u064a \u0625\u0646\u062a\u0627\u062c \u0634\u062a\u0644\u0627\u062a \u0627\u0644\u062e\u0636\u0631\u0648\u0627\u062a \u0641\u064a \u0647\u0648\u0644\u0627\u0646\u062f\u0627 \u0648 \u0627\u0644\u0634\u0631\u064a\u0643 \u0627\u0644\u062a\u0648\u0646\u0633\u064a\u060c <strong>\u0627\u0644\u0645\u062c\u0645\u0639 \u0647\u0648\u0631\u062a\u064a\u0645\u0627\ufb6b<\/strong>\u060c \u0631\u0627\u0626\u062f \u0641\u064a \u0625\u0646\u062a\u0627\u062c \u0634\u062a\u0644\u0627\u062a \u0627\u0644\u062e\u0636\u0631\u0648\u0627\u062a \u0641\u064a \u062a\u0648\u0646\u0633.<\/p>\n<p dir=\"RTL\" style=\"text-align: justify;\">\u0647\u0630\u0627 \u0627\u0644\u0645\u0643\u0633\u0628 \u064a\u0646\u062f\u0631\u062c \u0636\u0645\u0646 \u0627\u0633\u062a\u0631\u0627\u062a\u064a\u062c\u064a\u0629 \u0627\u0644\u062a\u0646\u0648\u064a\u0639. \u062a\u0647\u062f\u0641 \u0647\u0630\u0647 \u0627\u0644\u0625\u0633\u062a\u0631\u0627\u062a\u064a\u062c\u064a\u0629 \u0645\u0646 \u062e\u0644\u0627\u0644 \u0627\u0644\u0634\u0631\u0643\u0629 \u0627\u0644\u0641\u0631\u0639\u064a\u0629<strong> \u0628\u0631\u0648\u0641\u0627\u0631\u062a \u0623\ufb6c\u0631\u064a<\/strong> \u0625\u0644\u0649 \u062c\u0639\u0644 <strong>\u0645\u062c\u0645\u0639 \u0628\u0631\u0648\u0641\u0627\u0631\u062a<\/strong> \u0639\u0627\u0645\u0644 \u0645\u0647\u0645 \u0641\u064a \u0625\u0646\u062a\u0627\u062c \u0627\u0644\u0645\u0646\u062a\u062c\u0627\u062a \u0627\u0644\u0632\u0631\u0627\u0639\u064a\u0629 \u0627\u0644\u0645\u0648\u062c\u0647\u0629 \u0644\u0644\u062a\u0635\u062f\u064a\u0631.<\/p>\n<p dir=\"RTL\" style=\"text-align: justify;\">\u0645\u0634\u0627\u0631\u064a\u0639 \u0639\u062f\u0629 \u062a\u0645 \u062a\u062d\u062f\u064a\u062f\u0647\u0627\u060c \u0628\u064a\u0646\u0645\u0627 \u0627\u0644\u0628\u0639\u0636 \u0645\u0646\u0647\u0627 \u0648\u0635\u0644\u062a \u0625\u0644\u0649 \u0637\u0648\u0631 \u0627\u0644\u0625\u0646\u062c\u0627\u0632.<\/p>\n<p dir=\"RTL\" style=\"text-align: justify;\">\u0646\u0639\u062a\u0642\u062f \u0623\u0646 \u0627\u0644\u0632\u0631\u0627\u0639\u0629 \u0633\u062a\u0635\u0628\u062d \u0627\u0644\u0631\u0626\u0629 \u0627\u0644\u0623\u0633\u0627\u0633\u064a\u0629 \u0644\u0644\u0625\u0642\u062a\u0635\u0627\u062f \u0627\u0644\u062c\u0632\u0627\u0626\u0631\u064a \u0648 \u0646\u062d\u0646 \u0645\u0644\u062a\u0632\u0645\u0648\u0646 \u0645\u0646 \u0627\u0644\u0645\u0646\u0628\u0639 \u0625\u0644\u0649 \u0627\u0644\u0645\u0635\u0628 \u0639\u0644\u0649 \u0627\u0644\u0645\u0634\u0627\u0631\u0643\u0629 \u0641\u064a \u0647\u0630\u0627 \u0627\u0644\u062a\u0637\u0648\u0631.<\/p>\n<p dir=\"RTL\" style=\"text-align: justify;\"><strong>\u0627\u0644\u0625\u062f\u0627\u0631\u0629<\/strong><\/p>\n<\/div><div class=\"fusion-clearfix\"><\/div><\/div><\/div><div class=\"fusion-layout-column fusion_builder_column fusion-builder-column-2 fusion_builder_column_1_1 1_1 fusion-one-full fusion-column-first fusion-column-last\" style=\"--awb-bg-size:cover;\"><div class=\"fusion-column-wrapper fusion-flex-column-wrapper-legacy\"><div class=\"fusion-title title fusion-title-1 fusion-title-text fusion-title-size-two\"><div class=\"title-sep-container\"><div class=\"title-sep sep-single sep-solid\" style=\"border-color:#e0dede;\"><\/div><\/div><span class=\"awb-title-spacer\"><\/span><h2 class=\"fusion-title-heading title-heading-right fusion-responsive-typography-calculated\" style=\"margin:0;--fontSize:22;line-height:1.5;\">\u0645\u0634\u062a\u0644\u0629\u00a0\ufb6c\u0631\u0627\u0648 \u0623\u0644\u062c\u064a\u0631\u064a\u0627<\/h2><\/div><div class=\"fusion-image-carousel fusion-image-carousel-auto fusion-image-carousel-1 lightbox-enabled\"><div class=\"awb-carousel awb-swiper awb-swiper-carousel\" data-autoplay=\"yes\" data-columns=\"3\" data-itemmargin=\"13\" data-itemwidth=\"180\" data-touchscroll=\"no\" data-imagesize=\"auto\" style=\"--awb-columns:3;\"><div class=\"swiper-wrapper awb-image-carousel-wrapper fusion-flex-align-items-center\"><div class=\"swiper-slide\"><div class=\"fusion-carousel-item-wrapper\"><div class=\"fusion-image-wrapper hover-type-none\"><a data-rel=\"iLightbox[image_carousel_1]\" href=\"http:\/\/profert.dz\/ar\/wp-content\/uploads\/2019\/09\/001-300x225.jpg\" target=\"_self\"><img decoding=\"async\" src=\"http:\/\/profert.dz\/ar\/wp-content\/uploads\/2019\/09\/001-300x225.jpg\" alt=\"\"\/><\/a><\/div><\/div><\/div><div class=\"swiper-slide\"><div class=\"fusion-carousel-item-wrapper\"><div class=\"fusion-image-wrapper hover-type-none\"><a data-rel=\"iLightbox[image_carousel_1]\" href=\"http:\/\/profert.dz\/ar\/wp-content\/uploads\/2019\/09\/002-300x225.jpg\" target=\"_self\"><img decoding=\"async\" src=\"http:\/\/profert.dz\/ar\/wp-content\/uploads\/2019\/09\/002-300x225.jpg\" alt=\"\"\/><\/a><\/div><\/div><\/div><div class=\"swiper-slide\"><div class=\"fusion-carousel-item-wrapper\"><div class=\"fusion-image-wrapper hover-type-none\"><a data-rel=\"iLightbox[image_carousel_1]\" href=\"http:\/\/profert.dz\/ar\/wp-content\/uploads\/2019\/09\/003-300x225.jpg\" target=\"_self\"><img decoding=\"async\" src=\"http:\/\/profert.dz\/ar\/wp-content\/uploads\/2019\/09\/003-300x225.jpg\" alt=\"\"\/><\/a><\/div><\/div><\/div><div class=\"swiper-slide\"><div class=\"fusion-carousel-item-wrapper\"><div class=\"fusion-image-wrapper hover-type-none\"><a data-rel=\"iLightbox[image_carousel_1]\" href=\"http:\/\/profert.dz\/ar\/wp-content\/uploads\/2019\/09\/005-300x225.jpg\" target=\"_self\"><img decoding=\"async\" src=\"http:\/\/profert.dz\/ar\/wp-content\/uploads\/2019\/09\/005-300x225.jpg\" alt=\"\"\/><\/a><\/div><\/div><\/div><div class=\"swiper-slide\"><div class=\"fusion-carousel-item-wrapper\"><div class=\"fusion-image-wrapper hover-type-none\"><a data-rel=\"iLightbox[image_carousel_1]\" href=\"http:\/\/profert.dz\/ar\/wp-content\/uploads\/2019\/09\/007-300x225.jpg\" target=\"_self\"><img decoding=\"async\" src=\"http:\/\/profert.dz\/ar\/wp-content\/uploads\/2019\/09\/007-300x225.jpg\" alt=\"\"\/><\/a><\/div><\/div><\/div><div class=\"swiper-slide\"><div class=\"fusion-carousel-item-wrapper\"><div class=\"fusion-image-wrapper hover-type-none\"><a data-rel=\"iLightbox[image_carousel_1]\" href=\"http:\/\/profert.dz\/ar\/wp-content\/uploads\/2019\/09\/008-300x225.jpg\" target=\"_self\"><img decoding=\"async\" src=\"http:\/\/profert.dz\/ar\/wp-content\/uploads\/2019\/09\/008-300x225.jpg\" alt=\"\"\/><\/a><\/div><\/div><\/div><div class=\"swiper-slide\"><div class=\"fusion-carousel-item-wrapper\"><div class=\"fusion-image-wrapper hover-type-none\"><a data-rel=\"iLightbox[image_carousel_1]\" href=\"http:\/\/profert.dz\/ar\/wp-content\/uploads\/2019\/09\/009-300x225.jpg\" target=\"_self\"><img decoding=\"async\" src=\"http:\/\/profert.dz\/ar\/wp-content\/uploads\/2019\/09\/009-300x225.jpg\" alt=\"\"\/><\/a><\/div><\/div><\/div><div class=\"swiper-slide\"><div class=\"fusion-carousel-item-wrapper\"><div class=\"fusion-image-wrapper hover-type-none\"><a data-rel=\"iLightbox[image_carousel_1]\" href=\"http:\/\/profert.dz\/ar\/wp-content\/uploads\/2019\/09\/11-300x225.jpg\" target=\"_self\"><img decoding=\"async\" src=\"http:\/\/profert.dz\/ar\/wp-content\/uploads\/2019\/09\/11-300x225.jpg\" alt=\"\"\/><\/a><\/div><\/div><\/div><div class=\"swiper-slide\"><div class=\"fusion-carousel-item-wrapper\"><div class=\"fusion-image-wrapper hover-type-none\"><a data-rel=\"iLightbox[image_carousel_1]\" href=\"http:\/\/profert.dz\/ar\/wp-content\/uploads\/2019\/09\/12-300x225.jpg\" target=\"_self\"><img decoding=\"async\" src=\"http:\/\/profert.dz\/ar\/wp-content\/uploads\/2019\/09\/12-300x225.jpg\" alt=\"\"\/><\/a><\/div><\/div><\/div><div class=\"swiper-slide\"><div class=\"fusion-carousel-item-wrapper\"><div class=\"fusion-image-wrapper hover-type-none\"><a data-rel=\"iLightbox[image_carousel_1]\" href=\"http:\/\/profert.dz\/ar\/wp-content\/uploads\/2019\/09\/13-300x225.jpg\" target=\"_self\"><img decoding=\"async\" src=\"http:\/\/profert.dz\/ar\/wp-content\/uploads\/2019\/09\/13-300x225.jpg\" alt=\"\"\/><\/a><\/div><\/div><\/div><div class=\"swiper-slide\"><div class=\"fusion-carousel-item-wrapper\"><div class=\"fusion-image-wrapper hover-type-none\"><a data-rel=\"iLightbox[image_carousel_1]\" href=\"http:\/\/profert.dz\/ar\/wp-content\/uploads\/2019\/09\/14-300x225.jpg\" target=\"_self\"><img decoding=\"async\" src=\"http:\/\/profert.dz\/ar\/wp-content\/uploads\/2019\/09\/14-300x225.jpg\" alt=\"\"\/><\/a><\/div><\/div><\/div><div class=\"swiper-slide\"><div class=\"fusion-carousel-item-wrapper\"><div class=\"fusion-image-wrapper hover-type-none\"><a data-rel=\"iLightbox[image_carousel_1]\" href=\"http:\/\/profert.dz\/ar\/wp-content\/uploads\/2019\/09\/15-300x225.jpg\" target=\"_self\"><img decoding=\"async\" src=\"http:\/\/profert.dz\/ar\/wp-content\/uploads\/2019\/09\/15-300x225.jpg\" alt=\"\"\/><\/a><\/div><\/div><\/div><div class=\"swiper-slide\"><div class=\"fusion-carousel-item-wrapper\"><div class=\"fusion-image-wrapper hover-type-none\"><a data-rel=\"iLightbox[image_carousel_1]\" href=\"http:\/\/profert.dz\/ar\/wp-content\/uploads\/2019\/09\/16-300x225.jpg\" target=\"_self\"><img decoding=\"async\" src=\"http:\/\/profert.dz\/ar\/wp-content\/uploads\/2019\/09\/16-300x225.jpg\" alt=\"\"\/><\/a><\/div><\/div><\/div><\/div><div class=\"awb-swiper-button awb-swiper-button-prev\"><i class=\"awb-icon-angle-left\" aria-hidden=\"true\"><\/i><\/div><div class=\"awb-swiper-button awb-swiper-button-next\"><i class=\"awb-icon-angle-right\" aria-hidden=\"true\"><\/i><\/div><\/div><\/div><div class=\"fusion-clearfix\"><\/div><\/div><\/div><\/div><\/div>\n","protected":false},"excerpt":{"rendered":"","protected":false},"author":1,"featured_media":0,"parent":0,"menu_order":0,"comment_status":"closed","ping_status":"closed","template":"","meta":{"_bbp_topic_count":0,"_bbp_reply_count":0,"_bbp_total_topic_count":0,"_bbp_total_reply_count":0,"_bbp_voice_count":0,"_bbp_anonymous_reply_count":0,"_bbp_topic_count_hidden":0,"_bbp_reply_count_hidden":0,"_bbp_forum_subforum_count":0,"footnotes":""},"class_list":["post-17258","page","type-page","status-publish","hentry"],"yoast_head":"<!-- This site is optimized with the Yoast SEO plugin v25.5 - https:\/\/yoast.com\/wordpress\/plugins\/seo\/ -->\n<title>\ufb6c\u0631\u0627\u0648 \u0623\u0644\u062c\u064a\u0631\u064a\u0627 - \u0627\u0644\u0632\u0631\u0627\u0639\u0629 \u0641\u064a \u0627\u0644\u062c\u0632\u0627\u0626\u0631<\/title>\n<meta name=\"robots\" content=\"index, follow, max-snippet:-1, max-image-preview:large, max-video-preview:-1\" \/>\n<link rel=\"canonical\" href=\"https:\/\/profert.dz\/ar\/?page_id=17258\" \/>\n<meta property=\"og:locale\" content=\"fr_FR\" \/>\n<meta property=\"og:type\" content=\"article\" \/>\n<meta property=\"og:title\" content=\"\ufb6c\u0631\u0627\u0648 \u0623\u0644\u062c\u064a\u0631\u064a\u0627 - \u0627\u0644\u0632\u0631\u0627\u0639\u0629 \u0641\u064a \u0627\u0644\u062c\u0632\u0627\u0626\u0631\" \/>\n<meta property=\"og:url\" content=\"https:\/\/profert.dz\/ar\/?page_id=17258\" \/>\n<meta property=\"og:site_name\" content=\"\u0628\u0631\u0648\u0641\u0627\u0631\u062a \u0640 \u0627\u0644\u0632\u0631\u0627\u0639\u0629 \u0641\u064a \u0627\u0644\u062c\u0632\u0627\u0626\u0631\" \/>\n<meta property=\"article:publisher\" content=\"https:\/\/www.facebook.com\/Profert.SPA\/?_rdc=1&amp;_rdr\" \/>\n<meta property=\"article:modified_time\" content=\"2020-01-30T08:51:18+00:00\" \/>\n<meta property=\"og:image\" content=\"https:\/\/profert.dz\/ar\/wp-content\/uploads\/2024\/09\/Actualite-Site-Web.jpg\" \/>\n\t<meta property=\"og:image:width\" content=\"350\" \/>\n\t<meta property=\"og:image:height\" content=\"163\" \/>\n\t<meta property=\"og:image:type\" content=\"image\/jpeg\" \/>\n<meta name=\"twitter:card\" content=\"summary_large_image\" \/>\n<meta name=\"twitter:label1\" content=\"Dur\u00e9e de lecture estim\u00e9e\" \/>\n\t<meta name=\"twitter:data1\" content=\"4 minutes\" \/>\n<script type=\"application\/ld+json\" class=\"yoast-schema-graph\">{\"@context\":\"https:\/\/schema.org\",\"@graph\":[{\"@type\":\"WebPage\",\"@id\":\"https:\/\/profert.dz\/ar\/?page_id=17258\",\"url\":\"https:\/\/profert.dz\/ar\/?page_id=17258\",\"name\":\"\ufb6c\u0631\u0627\u0648 \u0623\u0644\u062c\u064a\u0631\u064a\u0627 - \u0627\u0644\u0632\u0631\u0627\u0639\u0629 \u0641\u064a \u0627\u0644\u062c\u0632\u0627\u0626\u0631\",\"isPartOf\":{\"@id\":\"https:\/\/profert.dz\/ar\/#website\"},\"datePublished\":\"2019-09-26T09:53:16+00:00\",\"dateModified\":\"2020-01-30T08:51:18+00:00\",\"breadcrumb\":{\"@id\":\"https:\/\/profert.dz\/ar\/?page_id=17258#breadcrumb\"},\"inLanguage\":\"fr-FR\",\"potentialAction\":[{\"@type\":\"ReadAction\",\"target\":[\"https:\/\/profert.dz\/ar\/?page_id=17258\"]}]},{\"@type\":\"BreadcrumbList\",\"@id\":\"https:\/\/profert.dz\/ar\/?page_id=17258#breadcrumb\",\"itemListElement\":[{\"@type\":\"ListItem\",\"position\":1,\"name\":\"Accueil\",\"item\":\"https:\/\/profert.dz\/ar\/\"},{\"@type\":\"ListItem\",\"position\":2,\"name\":\"\ufb6c\u0631\u0627\u0648 \u0623\u0644\u062c\u064a\u0631\u064a\u0627\"}]},{\"@type\":\"WebSite\",\"@id\":\"https:\/\/profert.dz\/ar\/#website\",\"url\":\"https:\/\/profert.dz\/ar\/\",\"name\":\"profert.dz\",\"description\":\"\u0627\u0644\u0632\u0631\u0627\u0639\u0629 \u0641\u064a \u0627\u0644\u062c\u0632\u0627\u0626\u0631\",\"potentialAction\":[{\"@type\":\"SearchAction\",\"target\":{\"@type\":\"EntryPoint\",\"urlTemplate\":\"https:\/\/profert.dz\/ar\/?s={search_term_string}\"},\"query-input\":{\"@type\":\"PropertyValueSpecification\",\"valueRequired\":true,\"valueName\":\"search_term_string\"}}],\"inLanguage\":\"fr-FR\"}]}<\/script>\n<!-- \/ Yoast SEO plugin. -->","yoast_head_json":{"title":"\ufb6c\u0631\u0627\u0648 \u0623\u0644\u062c\u064a\u0631\u064a\u0627 - \u0627\u0644\u0632\u0631\u0627\u0639\u0629 \u0641\u064a \u0627\u0644\u062c\u0632\u0627\u0626\u0631","robots":{"index":"index","follow":"follow","max-snippet":"max-snippet:-1","max-image-preview":"max-image-preview:large","max-video-preview":"max-video-preview:-1"},"canonical":"https:\/\/profert.dz\/ar\/?page_id=17258","og_locale":"fr_FR","og_type":"article","og_title":"\ufb6c\u0631\u0627\u0648 \u0623\u0644\u062c\u064a\u0631\u064a\u0627 - \u0627\u0644\u0632\u0631\u0627\u0639\u0629 \u0641\u064a \u0627\u0644\u062c\u0632\u0627\u0626\u0631","og_url":"https:\/\/profert.dz\/ar\/?page_id=17258","og_site_name":"\u0628\u0631\u0648\u0641\u0627\u0631\u062a \u0640 \u0627\u0644\u0632\u0631\u0627\u0639\u0629 \u0641\u064a \u0627\u0644\u062c\u0632\u0627\u0626\u0631","article_publisher":"https:\/\/www.facebook.com\/Profert.SPA\/?_rdc=1&_rdr","article_modified_time":"2020-01-30T08:51:18+00:00","og_image":[{"width":350,"height":163,"url":"https:\/\/profert.dz\/ar\/wp-content\/uploads\/2024\/09\/Actualite-Site-Web.jpg","type":"image\/jpeg"}],"twitter_card":"summary_large_image","twitter_misc":{"Dur\u00e9e de lecture estim\u00e9e":"4 minutes"},"schema":{"@context":"https:\/\/schema.org","@graph":[{"@type":"WebPage","@id":"https:\/\/profert.dz\/ar\/?page_id=17258","url":"https:\/\/profert.dz\/ar\/?page_id=17258","name":"\ufb6c\u0631\u0627\u0648 \u0623\u0644\u062c\u064a\u0631\u064a\u0627 - \u0627\u0644\u0632\u0631\u0627\u0639\u0629 \u0641\u064a \u0627\u0644\u062c\u0632\u0627\u0626\u0631","isPartOf":{"@id":"https:\/\/profert.dz\/ar\/#website"},"datePublished":"2019-09-26T09:53:16+00:00","dateModified":"2020-01-30T08:51:18+00:00","breadcrumb":{"@id":"https:\/\/profert.dz\/ar\/?page_id=17258#breadcrumb"},"inLanguage":"fr-FR","potentialAction":[{"@type":"ReadAction","target":["https:\/\/profert.dz\/ar\/?page_id=17258"]}]},{"@type":"BreadcrumbList","@id":"https:\/\/profert.dz\/ar\/?page_id=17258#breadcrumb","itemListElement":[{"@type":"ListItem","position":1,"name":"Accueil","item":"https:\/\/profert.dz\/ar\/"},{"@type":"ListItem","position":2,"name":"\ufb6c\u0631\u0627\u0648 \u0623\u0644\u062c\u064a\u0631\u064a\u0627"}]},{"@type":"WebSite","@id":"https:\/\/profert.dz\/ar\/#website","url":"https:\/\/profert.dz\/ar\/","name":"profert.dz","description":"\u0627\u0644\u0632\u0631\u0627\u0639\u0629 \u0641\u064a \u0627\u0644\u062c\u0632\u0627\u0626\u0631","potentialAction":[{"@type":"SearchAction","target":{"@type":"EntryPoint","urlTemplate":"https:\/\/profert.dz\/ar\/?s={search_term_string}"},"query-input":{"@type":"PropertyValueSpecification","valueRequired":true,"valueName":"search_term_string"}}],"inLanguage":"fr-FR"}]}},"_links":{"self":[{"href":"https:\/\/profert.dz\/ar\/index.php?rest_route=\/wp\/v2\/pages\/17258"}],"collection":[{"href":"https:\/\/profert.dz\/ar\/index.php?rest_route=\/wp\/v2\/pages"}],"about":[{"href":"https:\/\/profert.dz\/ar\/index.php?rest_route=\/wp\/v2\/types\/page"}],"author":[{"embeddable":true,"href":"https:\/\/profert.dz\/ar\/index.php?rest_route=\/wp\/v2\/users\/1"}],"replies":[{"embeddable":true,"href":"https:\/\/profert.dz\/ar\/index.php?rest_route=%2Fwp%2Fv2%2Fcomments&post=17258"}],"version-history":[{"count":16,"href":"https:\/\/profert.dz\/ar\/index.php?rest_route=\/wp\/v2\/pages\/17258\/revisions"}],"predecessor-version":[{"id":17319,"href":"https:\/\/profert.dz\/ar\/index.php?rest_route=\/wp\/v2\/pages\/17258\/revisions\/17319"}],"wp:attachment":[{"href":"https:\/\/profert.dz\/ar\/index.php?rest_route=%2Fwp%2Fv2%2Fmedia&parent=17258"}],"curies":[{"name":"wp","href":"https:\/\/api.w.org\/{rel}","templated":true}]}}